{"id":1576,"date":"2025-05-21T06:10:50","date_gmt":"2025-05-21T06:10:50","guid":{"rendered":"https:\/\/luzdentalcare.com\/product\/ustni-voda-a-cistici-pena-na-rovnatka\/"},"modified":"2026-04-07T09:15:49","modified_gmt":"2026-04-07T09:15:49","slug":"ustni-voda-a-cistici-pena-na-rovnatka-b2b","status":"publish","type":"product","link":"https:\/\/luzdentalcare.com\/cs\/product\/ustni-voda-a-cistici-pena-na-rovnatka-b2b\/","title":{"rendered":"\u00dastn\u00ed voda a \u010distic\u00ed p\u011bna na rovn\u00e1tka"},"content":{"rendered":"<p>N\u00e1\u0161 p\u0159\u00edb\u011bh<\/p>\n<p>Rovn\u00e1tka by m\u011bla b\u00fdt sv\u011b\u017e\u00ed a \u010dist\u00e1 \u2013 bez nep\u0159\u00edjemn\u00e9 chuti nebo podr\u00e1\u017ed\u011bn\u00ed. \u00dastn\u00ed voda a p\u011bna L\u016aZ odstra\u0148uj\u00ed plak, bojuj\u00ed s bakteriemi a udr\u017euj\u00ed sv\u011b\u017e\u00ed dech \u2013 tak\u017ee se po ka\u017ed\u00e9m j\u00eddle c\u00edt\u00edte sebev\u011bdom\u011b.<\/p>\n","protected":false},"excerpt":{"rendered":"<p>N\u00e1\u0161 p\u0159\u00edb\u011bh Rovn\u00e1tka by m\u011bla b\u00fdt sv\u011b\u017e\u00ed a \u010dist\u00e1 \u2013 bez nep\u0159\u00edjemn\u00e9 chuti nebo podr\u00e1\u017ed\u011bn\u00ed. \u00dastn\u00ed voda a p\u011bna L\u016aZ odstra\u0148uj\u00ed plak, bojuj\u00ed s bakteriemi a udr\u017euj\u00ed sv\u011b\u017e\u00ed dech \u2013 tak\u017ee se po ka\u017ed\u00e9m j\u00eddle c\u00edt\u00edte sebev\u011bdom\u011b.<\/p>\n","protected":false},"featured_media":1577,"comment_status":"closed","ping_status":"closed","template":"","meta":{"_acf_changed":false},"product_brand":[],"product_cat":[119],"product_tag":[],"class_list":{"0":"post-1576","1":"product","2":"type-product","3":"status-publish","4":"has-post-thumbnail","6":"product_cat-b2b","8":"first","9":"instock","10":"shipping-taxable","11":"purchasable","12":"product-type-simple"},"acf":[],"yoast_head":"<!-- This site is optimized with the Yoast SEO plugin v27.3 - https:\/\/yoast.com\/product\/yoast-seo-wordpress\/ -->\n<title>\u00dastn\u00ed voda a \u010distic\u00ed p\u011bna na rovn\u00e1tka - Luz Dental Care<\/title>\n<meta name=\"description\" content=\"Rovn\u00e1tka by m\u011bla b\u00fdt sv\u011b\u017e\u00ed a \u010dist\u00e1 \u2013 bez \u0161patn\u00e9 chuti nebo podr\u00e1\u017ed\u011bn\u00ed. \u00dastn\u00ed voda a p\u011bna L\u016aZ odstra\u0148uj\u00ed plak, bojuj\u00ed s bakteriemi a udr\u017euj\u00ed sv\u011b\u017e\u00ed dech.\" \/>\n<meta name=\"robots\" content=\"index, follow, max-snippet:-1, max-image-preview:large, max-video-preview:-1\" \/>\n<link rel=\"canonical\" href=\"https:\/\/luzdentalcare.com\/cs\/product\/ustni-voda-a-cistici-pena-na-rovnatka-b2b\/\" \/>\n<meta property=\"og:locale\" content=\"cs_CZ\" \/>\n<meta property=\"og:type\" content=\"article\" \/>\n<meta property=\"og:title\" content=\"\u00dastn\u00ed voda a \u010distic\u00ed p\u011bna na rovn\u00e1tka - Luz Dental Care\" \/>\n<meta property=\"og:description\" content=\"Rovn\u00e1tka by m\u011bla b\u00fdt sv\u011b\u017e\u00ed a \u010dist\u00e1 \u2013 bez \u0161patn\u00e9 chuti nebo podr\u00e1\u017ed\u011bn\u00ed. \u00dastn\u00ed voda a p\u011bna L\u016aZ odstra\u0148uj\u00ed plak, bojuj\u00ed s bakteriemi a udr\u017euj\u00ed sv\u011b\u017e\u00ed dech.\" \/>\n<meta property=\"og:url\" content=\"https:\/\/luzdentalcare.com\/cs\/product\/ustni-voda-a-cistici-pena-na-rovnatka-b2b\/\" \/>\n<meta property=\"og:site_name\" content=\"Luz Dental Care\" \/>\n<meta property=\"article:modified_time\" content=\"2026-04-07T09:15:49+00:00\" \/>\n<meta property=\"og:image\" content=\"https:\/\/luzdentalcare.com\/wp-content\/uploads\/2025\/05\/Mouth-Rinse-and-Aligner-Cleaning-Foam.webp\" \/>\n\t<meta property=\"og:image:width\" content=\"960\" \/>\n\t<meta property=\"og:image:height\" content=\"960\" \/>\n\t<meta property=\"og:image:type\" content=\"image\/webp\" \/>\n<meta name=\"twitter:card\" content=\"summary_large_image\" \/>\n<meta name=\"twitter:label1\" content=\"Odhadovan\u00e1 doba \u010dten\u00ed\" \/>\n\t<meta name=\"twitter:data1\" content=\"1 minuta\" \/>\n<script type=\"application\/ld+json\" class=\"yoast-schema-graph\">{\"@context\":\"https:\\\/\\\/schema.org\",\"@graph\":[{\"@type\":\"WebPage\",\"@id\":\"https:\\\/\\\/luzdentalcare.com\\\/cs\\\/product\\\/ustni-voda-a-cistici-pena-na-rovnatka-b2b\\\/\",\"url\":\"https:\\\/\\\/luzdentalcare.com\\\/cs\\\/product\\\/ustni-voda-a-cistici-pena-na-rovnatka-b2b\\\/\",\"name\":\"\u00dastn\u00ed voda a \u010distic\u00ed p\u011bna na rovn\u00e1tka - Luz Dental Care\",\"isPartOf\":{\"@id\":\"https:\\\/\\\/luzdentalcare.com\\\/cs\\\/#website\"},\"primaryImageOfPage\":{\"@id\":\"https:\\\/\\\/luzdentalcare.com\\\/cs\\\/product\\\/ustni-voda-a-cistici-pena-na-rovnatka-b2b\\\/#primaryimage\"},\"image\":{\"@id\":\"https:\\\/\\\/luzdentalcare.com\\\/cs\\\/product\\\/ustni-voda-a-cistici-pena-na-rovnatka-b2b\\\/#primaryimage\"},\"thumbnailUrl\":\"https:\\\/\\\/luzdentalcare.com\\\/wp-content\\\/uploads\\\/2025\\\/05\\\/Mouth-Rinse-and-Aligner-Cleaning-Foam.webp\",\"datePublished\":\"2025-05-21T06:10:50+00:00\",\"dateModified\":\"2026-04-07T09:15:49+00:00\",\"description\":\"Rovn\u00e1tka by m\u011bla b\u00fdt sv\u011b\u017e\u00ed a \u010dist\u00e1 \u2013 bez \u0161patn\u00e9 chuti nebo podr\u00e1\u017ed\u011bn\u00ed. \u00dastn\u00ed voda a p\u011bna L\u016aZ odstra\u0148uj\u00ed plak, bojuj\u00ed s bakteriemi a udr\u017euj\u00ed sv\u011b\u017e\u00ed dech.\",\"breadcrumb\":{\"@id\":\"https:\\\/\\\/luzdentalcare.com\\\/cs\\\/product\\\/ustni-voda-a-cistici-pena-na-rovnatka-b2b\\\/#breadcrumb\"},\"inLanguage\":\"cs\",\"potentialAction\":[{\"@type\":\"ReadAction\",\"target\":[\"https:\\\/\\\/luzdentalcare.com\\\/cs\\\/product\\\/ustni-voda-a-cistici-pena-na-rovnatka-b2b\\\/\"]}]},{\"@type\":\"ImageObject\",\"inLanguage\":\"cs\",\"@id\":\"https:\\\/\\\/luzdentalcare.com\\\/cs\\\/product\\\/ustni-voda-a-cistici-pena-na-rovnatka-b2b\\\/#primaryimage\",\"url\":\"https:\\\/\\\/luzdentalcare.com\\\/wp-content\\\/uploads\\\/2025\\\/05\\\/Mouth-Rinse-and-Aligner-Cleaning-Foam.webp\",\"contentUrl\":\"https:\\\/\\\/luzdentalcare.com\\\/wp-content\\\/uploads\\\/2025\\\/05\\\/Mouth-Rinse-and-Aligner-Cleaning-Foam.webp\",\"width\":960,\"height\":960,\"caption\":\"Mouth Rinse and Aligner Cleaning Foam\"},{\"@type\":\"BreadcrumbList\",\"@id\":\"https:\\\/\\\/luzdentalcare.com\\\/cs\\\/product\\\/ustni-voda-a-cistici-pena-na-rovnatka-b2b\\\/#breadcrumb\",\"itemListElement\":[{\"@type\":\"ListItem\",\"position\":1,\"name\":\"Home\",\"item\":\"https:\\\/\\\/luzdentalcare.com\\\/cs\\\/domovska-stranka\\\/\"},{\"@type\":\"ListItem\",\"position\":2,\"name\":\"Produkty\",\"item\":\"https:\\\/\\\/luzdentalcare.com\\\/produkty\\\/\"},{\"@type\":\"ListItem\",\"position\":3,\"name\":\"\u00dastn\u00ed voda a \u010distic\u00ed p\u011bna na rovn\u00e1tka\"}]},{\"@type\":\"WebSite\",\"@id\":\"https:\\\/\\\/luzdentalcare.com\\\/cs\\\/#website\",\"url\":\"https:\\\/\\\/luzdentalcare.com\\\/cs\\\/\",\"name\":\"LUZ Dental Care\",\"description\":\"Just another WordPress site\",\"publisher\":{\"@id\":\"https:\\\/\\\/luzdentalcare.com\\\/cs\\\/#organization\"},\"potentialAction\":[{\"@type\":\"SearchAction\",\"target\":{\"@type\":\"EntryPoint\",\"urlTemplate\":\"https:\\\/\\\/luzdentalcare.com\\\/cs\\\/?s={search_term_string}\"},\"query-input\":{\"@type\":\"PropertyValueSpecification\",\"valueRequired\":true,\"valueName\":\"search_term_string\"}}],\"inLanguage\":\"cs\"},{\"@type\":\"Organization\",\"@id\":\"https:\\\/\\\/luzdentalcare.com\\\/cs\\\/#organization\",\"name\":\"LUZ Dental Care\",\"url\":\"https:\\\/\\\/luzdentalcare.com\\\/cs\\\/\",\"logo\":{\"@type\":\"ImageObject\",\"inLanguage\":\"cs\",\"@id\":\"https:\\\/\\\/luzdentalcare.com\\\/cs\\\/#\\\/schema\\\/logo\\\/image\\\/\",\"url\":\"https:\\\/\\\/luzdentalcare.com\\\/wp-content\\\/uploads\\\/2025\\\/05\\\/Logos.webp\",\"contentUrl\":\"https:\\\/\\\/luzdentalcare.com\\\/wp-content\\\/uploads\\\/2025\\\/05\\\/Logos.webp\",\"width\":184,\"height\":108,\"caption\":\"LUZ Dental Care\"},\"image\":{\"@id\":\"https:\\\/\\\/luzdentalcare.com\\\/cs\\\/#\\\/schema\\\/logo\\\/image\\\/\"}}]}<\/script>\n<!-- \/ Yoast SEO plugin. -->","yoast_head_json":{"title":"\u00dastn\u00ed voda a \u010distic\u00ed p\u011bna na rovn\u00e1tka - Luz Dental Care","description":"Rovn\u00e1tka by m\u011bla b\u00fdt sv\u011b\u017e\u00ed a \u010dist\u00e1 \u2013 bez \u0161patn\u00e9 chuti nebo podr\u00e1\u017ed\u011bn\u00ed. \u00dastn\u00ed voda a p\u011bna L\u016aZ odstra\u0148uj\u00ed plak, bojuj\u00ed s bakteriemi a udr\u017euj\u00ed sv\u011b\u017e\u00ed dech.","robots":{"index":"index","follow":"follow","max-snippet":"max-snippet:-1","max-image-preview":"max-image-preview:large","max-video-preview":"max-video-preview:-1"},"canonical":"https:\/\/luzdentalcare.com\/cs\/product\/ustni-voda-a-cistici-pena-na-rovnatka-b2b\/","og_locale":"cs_CZ","og_type":"article","og_title":"\u00dastn\u00ed voda a \u010distic\u00ed p\u011bna na rovn\u00e1tka - Luz Dental Care","og_description":"Rovn\u00e1tka by m\u011bla b\u00fdt sv\u011b\u017e\u00ed a \u010dist\u00e1 \u2013 bez \u0161patn\u00e9 chuti nebo podr\u00e1\u017ed\u011bn\u00ed. \u00dastn\u00ed voda a p\u011bna L\u016aZ odstra\u0148uj\u00ed plak, bojuj\u00ed s bakteriemi a udr\u017euj\u00ed sv\u011b\u017e\u00ed dech.","og_url":"https:\/\/luzdentalcare.com\/cs\/product\/ustni-voda-a-cistici-pena-na-rovnatka-b2b\/","og_site_name":"Luz Dental Care","article_modified_time":"2026-04-07T09:15:49+00:00","og_image":[{"width":960,"height":960,"url":"https:\/\/luzdentalcare.com\/wp-content\/uploads\/2025\/05\/Mouth-Rinse-and-Aligner-Cleaning-Foam.webp","type":"image\/webp"}],"twitter_card":"summary_large_image","twitter_misc":{"Odhadovan\u00e1 doba \u010dten\u00ed":"1 minuta"},"schema":{"@context":"https:\/\/schema.org","@graph":[{"@type":"WebPage","@id":"https:\/\/luzdentalcare.com\/cs\/product\/ustni-voda-a-cistici-pena-na-rovnatka-b2b\/","url":"https:\/\/luzdentalcare.com\/cs\/product\/ustni-voda-a-cistici-pena-na-rovnatka-b2b\/","name":"\u00dastn\u00ed voda a \u010distic\u00ed p\u011bna na rovn\u00e1tka - Luz Dental Care","isPartOf":{"@id":"https:\/\/luzdentalcare.com\/cs\/#website"},"primaryImageOfPage":{"@id":"https:\/\/luzdentalcare.com\/cs\/product\/ustni-voda-a-cistici-pena-na-rovnatka-b2b\/#primaryimage"},"image":{"@id":"https:\/\/luzdentalcare.com\/cs\/product\/ustni-voda-a-cistici-pena-na-rovnatka-b2b\/#primaryimage"},"thumbnailUrl":"https:\/\/luzdentalcare.com\/wp-content\/uploads\/2025\/05\/Mouth-Rinse-and-Aligner-Cleaning-Foam.webp","datePublished":"2025-05-21T06:10:50+00:00","dateModified":"2026-04-07T09:15:49+00:00","description":"Rovn\u00e1tka by m\u011bla b\u00fdt sv\u011b\u017e\u00ed a \u010dist\u00e1 \u2013 bez \u0161patn\u00e9 chuti nebo podr\u00e1\u017ed\u011bn\u00ed. \u00dastn\u00ed voda a p\u011bna L\u016aZ odstra\u0148uj\u00ed plak, bojuj\u00ed s bakteriemi a udr\u017euj\u00ed sv\u011b\u017e\u00ed dech.","breadcrumb":{"@id":"https:\/\/luzdentalcare.com\/cs\/product\/ustni-voda-a-cistici-pena-na-rovnatka-b2b\/#breadcrumb"},"inLanguage":"cs","potentialAction":[{"@type":"ReadAction","target":["https:\/\/luzdentalcare.com\/cs\/product\/ustni-voda-a-cistici-pena-na-rovnatka-b2b\/"]}]},{"@type":"ImageObject","inLanguage":"cs","@id":"https:\/\/luzdentalcare.com\/cs\/product\/ustni-voda-a-cistici-pena-na-rovnatka-b2b\/#primaryimage","url":"https:\/\/luzdentalcare.com\/wp-content\/uploads\/2025\/05\/Mouth-Rinse-and-Aligner-Cleaning-Foam.webp","contentUrl":"https:\/\/luzdentalcare.com\/wp-content\/uploads\/2025\/05\/Mouth-Rinse-and-Aligner-Cleaning-Foam.webp","width":960,"height":960,"caption":"Mouth Rinse and Aligner Cleaning Foam"},{"@type":"BreadcrumbList","@id":"https:\/\/luzdentalcare.com\/cs\/product\/ustni-voda-a-cistici-pena-na-rovnatka-b2b\/#breadcrumb","itemListElement":[{"@type":"ListItem","position":1,"name":"Home","item":"https:\/\/luzdentalcare.com\/cs\/domovska-stranka\/"},{"@type":"ListItem","position":2,"name":"Produkty","item":"https:\/\/luzdentalcare.com\/produkty\/"},{"@type":"ListItem","position":3,"name":"\u00dastn\u00ed voda a \u010distic\u00ed p\u011bna na rovn\u00e1tka"}]},{"@type":"WebSite","@id":"https:\/\/luzdentalcare.com\/cs\/#website","url":"https:\/\/luzdentalcare.com\/cs\/","name":"LUZ Dental Care","description":"Just another WordPress site","publisher":{"@id":"https:\/\/luzdentalcare.com\/cs\/#organization"},"potentialAction":[{"@type":"SearchAction","target":{"@type":"EntryPoint","urlTemplate":"https:\/\/luzdentalcare.com\/cs\/?s={search_term_string}"},"query-input":{"@type":"PropertyValueSpecification","valueRequired":true,"valueName":"search_term_string"}}],"inLanguage":"cs"},{"@type":"Organization","@id":"https:\/\/luzdentalcare.com\/cs\/#organization","name":"LUZ Dental Care","url":"https:\/\/luzdentalcare.com\/cs\/","logo":{"@type":"ImageObject","inLanguage":"cs","@id":"https:\/\/luzdentalcare.com\/cs\/#\/schema\/logo\/image\/","url":"https:\/\/luzdentalcare.com\/wp-content\/uploads\/2025\/05\/Logos.webp","contentUrl":"https:\/\/luzdentalcare.com\/wp-content\/uploads\/2025\/05\/Logos.webp","width":184,"height":108,"caption":"LUZ Dental Care"},"image":{"@id":"https:\/\/luzdentalcare.com\/cs\/#\/schema\/logo\/image\/"}}]}},"_links":{"self":[{"href":"https:\/\/luzdentalcare.com\/cs\/wp-json\/wp\/v2\/product\/1576","targetHints":{"allow":["GET"]}}],"collection":[{"href":"https:\/\/luzdentalcare.com\/cs\/wp-json\/wp\/v2\/product"}],"about":[{"href":"https:\/\/luzdentalcare.com\/cs\/wp-json\/wp\/v2\/types\/product"}],"replies":[{"embeddable":true,"href":"https:\/\/luzdentalcare.com\/cs\/wp-json\/wp\/v2\/comments?post=1576"}],"wp:featuredmedia":[{"embeddable":true,"href":"https:\/\/luzdentalcare.com\/cs\/wp-json\/wp\/v2\/media\/1577"}],"wp:attachment":[{"href":"https:\/\/luzdentalcare.com\/cs\/wp-json\/wp\/v2\/media?parent=1576"}],"wp:term":[{"taxonomy":"product_brand","embeddable":true,"href":"https:\/\/luzdentalcare.com\/cs\/wp-json\/wp\/v2\/product_brand?post=1576"},{"taxonomy":"product_cat","embeddable":true,"href":"https:\/\/luzdentalcare.com\/cs\/wp-json\/wp\/v2\/product_cat?post=1576"},{"taxonomy":"product_tag","embeddable":true,"href":"https:\/\/luzdentalcare.com\/cs\/wp-json\/wp\/v2\/product_tag?post=1576"}],"curies":[{"name":"wp","href":"https:\/\/api.w.org\/{rel}","templated":true}]}}