{"id":1579,"date":"2025-05-22T03:06:28","date_gmt":"2025-05-22T03:06:28","guid":{"rendered":"https:\/\/luzdentalcare.com\/product\/ortodonticka-zubni-pasta\/"},"modified":"2026-04-07T09:19:56","modified_gmt":"2026-04-07T09:19:56","slug":"ortodonticka-zubni-pasta-b2b","status":"publish","type":"product","link":"https:\/\/luzdentalcare.com\/cs\/product\/ortodonticka-zubni-pasta-b2b\/","title":{"rendered":"Ortodontick\u00e1 zubn\u00ed pasta"},"content":{"rendered":"<p>N\u00e1\u0161 p\u0159\u00edb\u011bh<\/p>\n<p>Rovn\u00e1tka, neviditeln\u00e1 rovn\u00e1tka a attachmenty zvy\u0161uj\u00ed riziko zubn\u00edho kazu, plaku a podr\u00e1\u017ed\u011bn\u00ed. Zubn\u00ed pasta L\u016aZ je navr\u017eena pro pacienty s rovn\u00e1tky \u2013 obsahuje 1448 ppm fluoridu, hydroxyapatit a xylitol pro pos\u00edlen\u00ed skloviny, ochranu p\u0159ed kazem a sv\u011b\u017e\u00ed, \u010dist\u00fd pocit v \u00fastech.<\/p>\n","protected":false},"excerpt":{"rendered":"<p>N\u00e1\u0161 p\u0159\u00edb\u011bh Rovn\u00e1tka, neviditeln\u00e1 rovn\u00e1tka a attachmenty zvy\u0161uj\u00ed riziko zubn\u00edho kazu, plaku a podr\u00e1\u017ed\u011bn\u00ed. Zubn\u00ed pasta L\u016aZ je navr\u017eena pro pacienty s rovn\u00e1tky \u2013 obsahuje 1448 ppm fluoridu, hydroxyapatit a xylitol pro pos\u00edlen\u00ed skloviny, ochranu p\u0159ed kazem a sv\u011b\u017e\u00ed, \u010dist\u00fd pocit v \u00fastech.<\/p>\n","protected":false},"featured_media":1580,"comment_status":"closed","ping_status":"closed","template":"","meta":{"_acf_changed":false},"product_brand":[],"product_cat":[119],"product_tag":[],"class_list":{"0":"post-1579","1":"product","2":"type-product","3":"status-publish","4":"has-post-thumbnail","6":"product_cat-b2b","8":"first","9":"instock","10":"shipping-taxable","11":"purchasable","12":"product-type-simple"},"acf":[],"yoast_head":"<!-- This site is optimized with the Yoast SEO plugin v27.3 - https:\/\/yoast.com\/product\/yoast-seo-wordpress\/ -->\n<title>Ortodontick\u00e1 zubn\u00ed pasta - Luz Dental Care<\/title>\n<meta name=\"description\" content=\"Zubn\u00ed pasta L\u016aZ chr\u00e1n\u00ed nositele rovn\u00e1tek d\u00edky 1448 ppm fluoridu, hydroxyapatitu a xylitolu \u2013 bojuje proti kazu, posiluje sklovinu a zaji\u0161\u0165uje sv\u011b\u017e\u00ed dech.\" \/>\n<meta name=\"robots\" content=\"index, follow, max-snippet:-1, max-image-preview:large, max-video-preview:-1\" \/>\n<link rel=\"canonical\" href=\"https:\/\/luzdentalcare.com\/cs\/product\/ortodonticka-zubni-pasta-b2b\/\" \/>\n<meta property=\"og:locale\" content=\"cs_CZ\" \/>\n<meta property=\"og:type\" content=\"article\" \/>\n<meta property=\"og:title\" content=\"Ortodontick\u00e1 zubn\u00ed pasta - Luz Dental Care\" \/>\n<meta property=\"og:description\" content=\"Zubn\u00ed pasta L\u016aZ chr\u00e1n\u00ed nositele rovn\u00e1tek d\u00edky 1448 ppm fluoridu, hydroxyapatitu a xylitolu \u2013 bojuje proti kazu, posiluje sklovinu a zaji\u0161\u0165uje sv\u011b\u017e\u00ed dech.\" \/>\n<meta property=\"og:url\" content=\"https:\/\/luzdentalcare.com\/cs\/product\/ortodonticka-zubni-pasta-b2b\/\" \/>\n<meta property=\"og:site_name\" content=\"Luz Dental Care\" \/>\n<meta property=\"article:modified_time\" content=\"2026-04-07T09:19:56+00:00\" \/>\n<meta property=\"og:image\" content=\"https:\/\/luzdentalcare.com\/wp-content\/uploads\/2025\/05\/Orthodontic-Toothpaste.webp\" \/>\n\t<meta property=\"og:image:width\" content=\"960\" \/>\n\t<meta property=\"og:image:height\" content=\"960\" \/>\n\t<meta property=\"og:image:type\" content=\"image\/webp\" \/>\n<meta name=\"twitter:card\" content=\"summary_large_image\" \/>\n<meta name=\"twitter:label1\" content=\"Odhadovan\u00e1 doba \u010dten\u00ed\" \/>\n\t<meta name=\"twitter:data1\" content=\"1 minuta\" \/>\n<script type=\"application\/ld+json\" class=\"yoast-schema-graph\">{\"@context\":\"https:\\\/\\\/schema.org\",\"@graph\":[{\"@type\":\"WebPage\",\"@id\":\"https:\\\/\\\/luzdentalcare.com\\\/cs\\\/product\\\/ortodonticka-zubni-pasta-b2b\\\/\",\"url\":\"https:\\\/\\\/luzdentalcare.com\\\/cs\\\/product\\\/ortodonticka-zubni-pasta-b2b\\\/\",\"name\":\"Ortodontick\u00e1 zubn\u00ed pasta - Luz Dental Care\",\"isPartOf\":{\"@id\":\"https:\\\/\\\/luzdentalcare.com\\\/cs\\\/#website\"},\"primaryImageOfPage\":{\"@id\":\"https:\\\/\\\/luzdentalcare.com\\\/cs\\\/product\\\/ortodonticka-zubni-pasta-b2b\\\/#primaryimage\"},\"image\":{\"@id\":\"https:\\\/\\\/luzdentalcare.com\\\/cs\\\/product\\\/ortodonticka-zubni-pasta-b2b\\\/#primaryimage\"},\"thumbnailUrl\":\"https:\\\/\\\/luzdentalcare.com\\\/wp-content\\\/uploads\\\/2025\\\/05\\\/Orthodontic-Toothpaste.webp\",\"datePublished\":\"2025-05-22T03:06:28+00:00\",\"dateModified\":\"2026-04-07T09:19:56+00:00\",\"description\":\"Zubn\u00ed pasta L\u016aZ chr\u00e1n\u00ed nositele rovn\u00e1tek d\u00edky 1448 ppm fluoridu, hydroxyapatitu a xylitolu \u2013 bojuje proti kazu, posiluje sklovinu a zaji\u0161\u0165uje sv\u011b\u017e\u00ed dech.\",\"breadcrumb\":{\"@id\":\"https:\\\/\\\/luzdentalcare.com\\\/cs\\\/product\\\/ortodonticka-zubni-pasta-b2b\\\/#breadcrumb\"},\"inLanguage\":\"cs\",\"potentialAction\":[{\"@type\":\"ReadAction\",\"target\":[\"https:\\\/\\\/luzdentalcare.com\\\/cs\\\/product\\\/ortodonticka-zubni-pasta-b2b\\\/\"]}]},{\"@type\":\"ImageObject\",\"inLanguage\":\"cs\",\"@id\":\"https:\\\/\\\/luzdentalcare.com\\\/cs\\\/product\\\/ortodonticka-zubni-pasta-b2b\\\/#primaryimage\",\"url\":\"https:\\\/\\\/luzdentalcare.com\\\/wp-content\\\/uploads\\\/2025\\\/05\\\/Orthodontic-Toothpaste.webp\",\"contentUrl\":\"https:\\\/\\\/luzdentalcare.com\\\/wp-content\\\/uploads\\\/2025\\\/05\\\/Orthodontic-Toothpaste.webp\",\"width\":960,\"height\":960,\"caption\":\"Orthodontic Toothpaste\"},{\"@type\":\"BreadcrumbList\",\"@id\":\"https:\\\/\\\/luzdentalcare.com\\\/cs\\\/product\\\/ortodonticka-zubni-pasta-b2b\\\/#breadcrumb\",\"itemListElement\":[{\"@type\":\"ListItem\",\"position\":1,\"name\":\"Home\",\"item\":\"https:\\\/\\\/luzdentalcare.com\\\/cs\\\/domovska-stranka\\\/\"},{\"@type\":\"ListItem\",\"position\":2,\"name\":\"Produkty\",\"item\":\"https:\\\/\\\/luzdentalcare.com\\\/produkty\\\/\"},{\"@type\":\"ListItem\",\"position\":3,\"name\":\"Ortodontick\u00e1 zubn\u00ed pasta\"}]},{\"@type\":\"WebSite\",\"@id\":\"https:\\\/\\\/luzdentalcare.com\\\/cs\\\/#website\",\"url\":\"https:\\\/\\\/luzdentalcare.com\\\/cs\\\/\",\"name\":\"LUZ Dental Care\",\"description\":\"Just another WordPress site\",\"publisher\":{\"@id\":\"https:\\\/\\\/luzdentalcare.com\\\/cs\\\/#organization\"},\"potentialAction\":[{\"@type\":\"SearchAction\",\"target\":{\"@type\":\"EntryPoint\",\"urlTemplate\":\"https:\\\/\\\/luzdentalcare.com\\\/cs\\\/?s={search_term_string}\"},\"query-input\":{\"@type\":\"PropertyValueSpecification\",\"valueRequired\":true,\"valueName\":\"search_term_string\"}}],\"inLanguage\":\"cs\"},{\"@type\":\"Organization\",\"@id\":\"https:\\\/\\\/luzdentalcare.com\\\/cs\\\/#organization\",\"name\":\"LUZ Dental Care\",\"url\":\"https:\\\/\\\/luzdentalcare.com\\\/cs\\\/\",\"logo\":{\"@type\":\"ImageObject\",\"inLanguage\":\"cs\",\"@id\":\"https:\\\/\\\/luzdentalcare.com\\\/cs\\\/#\\\/schema\\\/logo\\\/image\\\/\",\"url\":\"https:\\\/\\\/luzdentalcare.com\\\/wp-content\\\/uploads\\\/2025\\\/05\\\/Logos.webp\",\"contentUrl\":\"https:\\\/\\\/luzdentalcare.com\\\/wp-content\\\/uploads\\\/2025\\\/05\\\/Logos.webp\",\"width\":184,\"height\":108,\"caption\":\"LUZ Dental Care\"},\"image\":{\"@id\":\"https:\\\/\\\/luzdentalcare.com\\\/cs\\\/#\\\/schema\\\/logo\\\/image\\\/\"}}]}<\/script>\n<!-- \/ Yoast SEO plugin. -->","yoast_head_json":{"title":"Ortodontick\u00e1 zubn\u00ed pasta - Luz Dental Care","description":"Zubn\u00ed pasta L\u016aZ chr\u00e1n\u00ed nositele rovn\u00e1tek d\u00edky 1448 ppm fluoridu, hydroxyapatitu a xylitolu \u2013 bojuje proti kazu, posiluje sklovinu a zaji\u0161\u0165uje sv\u011b\u017e\u00ed dech.","robots":{"index":"index","follow":"follow","max-snippet":"max-snippet:-1","max-image-preview":"max-image-preview:large","max-video-preview":"max-video-preview:-1"},"canonical":"https:\/\/luzdentalcare.com\/cs\/product\/ortodonticka-zubni-pasta-b2b\/","og_locale":"cs_CZ","og_type":"article","og_title":"Ortodontick\u00e1 zubn\u00ed pasta - Luz Dental Care","og_description":"Zubn\u00ed pasta L\u016aZ chr\u00e1n\u00ed nositele rovn\u00e1tek d\u00edky 1448 ppm fluoridu, hydroxyapatitu a xylitolu \u2013 bojuje proti kazu, posiluje sklovinu a zaji\u0161\u0165uje sv\u011b\u017e\u00ed dech.","og_url":"https:\/\/luzdentalcare.com\/cs\/product\/ortodonticka-zubni-pasta-b2b\/","og_site_name":"Luz Dental Care","article_modified_time":"2026-04-07T09:19:56+00:00","og_image":[{"width":960,"height":960,"url":"https:\/\/luzdentalcare.com\/wp-content\/uploads\/2025\/05\/Orthodontic-Toothpaste.webp","type":"image\/webp"}],"twitter_card":"summary_large_image","twitter_misc":{"Odhadovan\u00e1 doba \u010dten\u00ed":"1 minuta"},"schema":{"@context":"https:\/\/schema.org","@graph":[{"@type":"WebPage","@id":"https:\/\/luzdentalcare.com\/cs\/product\/ortodonticka-zubni-pasta-b2b\/","url":"https:\/\/luzdentalcare.com\/cs\/product\/ortodonticka-zubni-pasta-b2b\/","name":"Ortodontick\u00e1 zubn\u00ed pasta - Luz Dental Care","isPartOf":{"@id":"https:\/\/luzdentalcare.com\/cs\/#website"},"primaryImageOfPage":{"@id":"https:\/\/luzdentalcare.com\/cs\/product\/ortodonticka-zubni-pasta-b2b\/#primaryimage"},"image":{"@id":"https:\/\/luzdentalcare.com\/cs\/product\/ortodonticka-zubni-pasta-b2b\/#primaryimage"},"thumbnailUrl":"https:\/\/luzdentalcare.com\/wp-content\/uploads\/2025\/05\/Orthodontic-Toothpaste.webp","datePublished":"2025-05-22T03:06:28+00:00","dateModified":"2026-04-07T09:19:56+00:00","description":"Zubn\u00ed pasta L\u016aZ chr\u00e1n\u00ed nositele rovn\u00e1tek d\u00edky 1448 ppm fluoridu, hydroxyapatitu a xylitolu \u2013 bojuje proti kazu, posiluje sklovinu a zaji\u0161\u0165uje sv\u011b\u017e\u00ed dech.","breadcrumb":{"@id":"https:\/\/luzdentalcare.com\/cs\/product\/ortodonticka-zubni-pasta-b2b\/#breadcrumb"},"inLanguage":"cs","potentialAction":[{"@type":"ReadAction","target":["https:\/\/luzdentalcare.com\/cs\/product\/ortodonticka-zubni-pasta-b2b\/"]}]},{"@type":"ImageObject","inLanguage":"cs","@id":"https:\/\/luzdentalcare.com\/cs\/product\/ortodonticka-zubni-pasta-b2b\/#primaryimage","url":"https:\/\/luzdentalcare.com\/wp-content\/uploads\/2025\/05\/Orthodontic-Toothpaste.webp","contentUrl":"https:\/\/luzdentalcare.com\/wp-content\/uploads\/2025\/05\/Orthodontic-Toothpaste.webp","width":960,"height":960,"caption":"Orthodontic Toothpaste"},{"@type":"BreadcrumbList","@id":"https:\/\/luzdentalcare.com\/cs\/product\/ortodonticka-zubni-pasta-b2b\/#breadcrumb","itemListElement":[{"@type":"ListItem","position":1,"name":"Home","item":"https:\/\/luzdentalcare.com\/cs\/domovska-stranka\/"},{"@type":"ListItem","position":2,"name":"Produkty","item":"https:\/\/luzdentalcare.com\/produkty\/"},{"@type":"ListItem","position":3,"name":"Ortodontick\u00e1 zubn\u00ed pasta"}]},{"@type":"WebSite","@id":"https:\/\/luzdentalcare.com\/cs\/#website","url":"https:\/\/luzdentalcare.com\/cs\/","name":"LUZ Dental Care","description":"Just another WordPress site","publisher":{"@id":"https:\/\/luzdentalcare.com\/cs\/#organization"},"potentialAction":[{"@type":"SearchAction","target":{"@type":"EntryPoint","urlTemplate":"https:\/\/luzdentalcare.com\/cs\/?s={search_term_string}"},"query-input":{"@type":"PropertyValueSpecification","valueRequired":true,"valueName":"search_term_string"}}],"inLanguage":"cs"},{"@type":"Organization","@id":"https:\/\/luzdentalcare.com\/cs\/#organization","name":"LUZ Dental Care","url":"https:\/\/luzdentalcare.com\/cs\/","logo":{"@type":"ImageObject","inLanguage":"cs","@id":"https:\/\/luzdentalcare.com\/cs\/#\/schema\/logo\/image\/","url":"https:\/\/luzdentalcare.com\/wp-content\/uploads\/2025\/05\/Logos.webp","contentUrl":"https:\/\/luzdentalcare.com\/wp-content\/uploads\/2025\/05\/Logos.webp","width":184,"height":108,"caption":"LUZ Dental Care"},"image":{"@id":"https:\/\/luzdentalcare.com\/cs\/#\/schema\/logo\/image\/"}}]}},"_links":{"self":[{"href":"https:\/\/luzdentalcare.com\/cs\/wp-json\/wp\/v2\/product\/1579","targetHints":{"allow":["GET"]}}],"collection":[{"href":"https:\/\/luzdentalcare.com\/cs\/wp-json\/wp\/v2\/product"}],"about":[{"href":"https:\/\/luzdentalcare.com\/cs\/wp-json\/wp\/v2\/types\/product"}],"replies":[{"embeddable":true,"href":"https:\/\/luzdentalcare.com\/cs\/wp-json\/wp\/v2\/comments?post=1579"}],"wp:featuredmedia":[{"embeddable":true,"href":"https:\/\/luzdentalcare.com\/cs\/wp-json\/wp\/v2\/media\/1580"}],"wp:attachment":[{"href":"https:\/\/luzdentalcare.com\/cs\/wp-json\/wp\/v2\/media?parent=1579"}],"wp:term":[{"taxonomy":"product_brand","embeddable":true,"href":"https:\/\/luzdentalcare.com\/cs\/wp-json\/wp\/v2\/product_brand?post=1579"},{"taxonomy":"product_cat","embeddable":true,"href":"https:\/\/luzdentalcare.com\/cs\/wp-json\/wp\/v2\/product_cat?post=1579"},{"taxonomy":"product_tag","embeddable":true,"href":"https:\/\/luzdentalcare.com\/cs\/wp-json\/wp\/v2\/product_tag?post=1579"}],"curies":[{"name":"wp","href":"https:\/\/api.w.org\/{rel}","templated":true}]}}