{"id":893,"date":"2025-05-21T05:52:35","date_gmt":"2025-05-21T05:52:35","guid":{"rendered":"https:\/\/luzdentalcare.com\/laufzeit-und-bedingungen\/"},"modified":"2025-10-21T03:24:19","modified_gmt":"2025-10-21T03:24:19","slug":"laufzeit-und-bedingungen","status":"publish","type":"page","link":"https:\/\/luzdentalcare.com\/de\/laufzeit-und-bedingungen\/","title":{"rendered":"Impressum"},"content":{"rendered":"\t\t<div data-elementor-type=\"wp-page\" data-elementor-id=\"893\" class=\"elementor elementor-893 elementor-75\" data-elementor-post-type=\"page\">\n\t\t\t\t<div class=\"elementor-element elementor-element-e7301aa e-con-full e-flex e-con e-parent\" data-id=\"e7301aa\" data-element_type=\"container\" data-e-type=\"container\" data-settings=\"{&quot;background_background&quot;:&quot;classic&quot;}\">\n\t\t<div class=\"elementor-element elementor-element-5295301 e-con-full e-flex e-con e-child\" data-id=\"5295301\" data-element_type=\"container\" data-e-type=\"container\" data-settings=\"{&quot;background_background&quot;:&quot;classic&quot;}\">\n\t\t\t\t<div class=\"elementor-element elementor-element-95cb004 elementor-hidden-desktop elementor-hidden-tablet elementor-widget elementor-widget-spacer\" data-id=\"95cb004\" data-element_type=\"widget\" data-e-type=\"widget\" data-widget_type=\"spacer.default\">\n\t\t\t\t<div class=\"elementor-widget-container\">\n\t\t\t\t\t\t\t<div class=\"elementor-spacer\">\n\t\t\t<div class=\"elementor-spacer-inner\"><\/div>\n\t\t<\/div>\n\t\t\t\t\t\t<\/div>\n\t\t\t\t<\/div>\n\t\t\t\t<\/div>\n\t\t<div class=\"elementor-element elementor-element-e379de4 e-con-full mi-container-right e-flex e-con e-child\" data-id=\"e379de4\" data-element_type=\"container\" data-e-type=\"container\" id=\"mi-container-right\">\n\t\t<div class=\"elementor-element elementor-element-d7a6f94 e-con-full e-flex e-con e-child\" data-id=\"d7a6f94\" data-element_type=\"container\" data-e-type=\"container\">\n\t\t\t\t<div class=\"elementor-element elementor-element-d332a7c elementor-widget elementor-widget-heading\" data-id=\"d332a7c\" data-element_type=\"widget\" data-e-type=\"widget\" data-widget_type=\"heading.default\">\n\t\t\t\t<div class=\"elementor-widget-container\">\n\t\t\t\t\t<h1 class=\"elementor-heading-title elementor-size-default\">Impressum \/ Rechtliche Hinweise <\/h1>\t\t\t\t<\/div>\n\t\t\t\t<\/div>\n\t\t\t\t<\/div>\n\t\t\t\t<\/div>\n\t\t\t\t<\/div>\n\t\t<div class=\"elementor-element elementor-element-2c87cf6 e-flex e-con-boxed e-con e-parent\" data-id=\"2c87cf6\" data-element_type=\"container\" data-e-type=\"container\">\n\t\t\t\t\t<div class=\"e-con-inner\">\n\t\t<div class=\"elementor-element elementor-element-6e8f6fc e-con-full e-flex e-con e-child\" data-id=\"6e8f6fc\" data-element_type=\"container\" data-e-type=\"container\">\n\t\t\t\t<div class=\"elementor-element elementor-element-d488572 elementor-toc--content-ellipsis mi-table-of-content elementor-widget elementor-widget-table-of-contents\" data-id=\"d488572\" data-element_type=\"widget\" data-e-type=\"widget\" data-settings=\"{&quot;container&quot;:&quot;#table-of-content&quot;,&quot;exclude_headings_by_selector&quot;:[],&quot;no_headings_message&quot;:&quot;No headings were found on this page.&quot;,&quot;marker_view&quot;:&quot;bullets&quot;,&quot;icon&quot;:{&quot;value&quot;:&quot;&quot;,&quot;library&quot;:&quot;&quot;},&quot;sticky&quot;:&quot;top&quot;,&quot;sticky_offset&quot;:80,&quot;sticky_parent&quot;:&quot;yes&quot;,&quot;headings_by_tags&quot;:[&quot;h2&quot;,&quot;h3&quot;,&quot;h4&quot;,&quot;h5&quot;,&quot;h6&quot;],&quot;hierarchical_view&quot;:&quot;yes&quot;,&quot;min_height&quot;:{&quot;unit&quot;:&quot;px&quot;,&quot;size&quot;:&quot;&quot;,&quot;sizes&quot;:[]},&quot;min_height_tablet&quot;:{&quot;unit&quot;:&quot;px&quot;,&quot;size&quot;:&quot;&quot;,&quot;sizes&quot;:[]},&quot;min_height_mobile&quot;:{&quot;unit&quot;:&quot;px&quot;,&quot;size&quot;:&quot;&quot;,&quot;sizes&quot;:[]},&quot;sticky_on&quot;:[&quot;desktop&quot;,&quot;tablet&quot;,&quot;mobile&quot;],&quot;sticky_effects_offset&quot;:0,&quot;sticky_anchor_link_offset&quot;:0}\" data-widget_type=\"table-of-contents.default\">\n\t\t\t\t<div class=\"elementor-widget-container\">\n\t\t\t\t\t\t\t\t\t<div id=\"elementor-toc__d488572\" class=\"elementor-toc__body\">\n\t\t\t<div class=\"elementor-toc__spinner-container\">\n\t\t\t\t<svg class=\"elementor-toc__spinner eicon-animation-spin e-font-icon-svg e-eicon-loading\" aria-hidden=\"true\" viewBox=\"0 0 1000 1000\" xmlns=\"http:\/\/www.w3.org\/2000\/svg\"><path d=\"M500 975V858C696 858 858 696 858 500S696 142 500 142 142 304 142 500H25C25 237 238 25 500 25S975 237 975 500 763 975 500 975Z\"><\/path><\/svg>\t\t\t<\/div>\n\t\t<\/div>\n\t\t\t\t\t\t<\/div>\n\t\t\t\t<\/div>\n\t\t\t\t<\/div>\n\t\t<div class=\"elementor-element elementor-element-a081943 e-con-full mi-table-of-content e-flex e-con e-child\" data-id=\"a081943\" data-element_type=\"container\" data-e-type=\"container\" id=\"table-of-content\">\n\t\t<div class=\"elementor-element elementor-element-8ed061f e-con-full e-flex e-con e-child\" data-id=\"8ed061f\" data-element_type=\"container\" data-e-type=\"container\">\n\t\t\t\t<div class=\"elementor-element elementor-element-bc8eb52 elementor-widget elementor-widget-heading\" data-id=\"bc8eb52\" data-element_type=\"widget\" data-e-type=\"widget\" data-widget_type=\"heading.default\">\n\t\t\t\t<div class=\"elementor-widget-container\">\n\t\t\t\t\t<h2 class=\"elementor-heading-title elementor-size-default\"> Website-Inhaberin \/ Verantwortlich f\u00fcr den Inhalt:<\/h2>\t\t\t\t<\/div>\n\t\t\t\t<\/div>\n\t\t\t\t<div class=\"elementor-element elementor-element-16a9604 elementor-widget elementor-widget-text-editor\" data-id=\"16a9604\" data-element_type=\"widget\" data-e-type=\"widget\" data-widget_type=\"text-editor.default\">\n\t\t\t\t<div class=\"elementor-widget-container\">\n\t\t\t\t\t\t\t\t\t<p><strong>Website-Inhaberin \/ Verantwortlich f\u00fcr den Inhalt:<\/strong><br>Zivile Neverauskiene<br><strong>Firmenname:<\/strong> MB &#8222;ProOrtho&#8220;<br><strong>Handelsregisternummer: <\/strong>307090971<br><strong>Firmensitz:<\/strong><br>K. Vanag\u0117lio g. 3<br>LT-02102 Vilnius<br>Lithuania<br><strong>E-Mail:<\/strong> <a href=\"mailto:info@luzdentalcare.com\">info@luzdentalcare.com<\/a><\/p>\t\t\t\t\t\t\t\t<\/div>\n\t\t\t\t<\/div>\n\t\t\t\t<\/div>\n\t\t<div class=\"elementor-element elementor-element-ef27c88 e-con-full e-flex e-con e-child\" data-id=\"ef27c88\" data-element_type=\"container\" data-e-type=\"container\">\n\t\t\t\t<div class=\"elementor-element elementor-element-33c2479 elementor-widget elementor-widget-heading\" data-id=\"33c2479\" data-element_type=\"widget\" data-e-type=\"widget\" data-widget_type=\"heading.default\">\n\t\t\t\t<div class=\"elementor-widget-container\">\n\t\t\t\t\t<h2 class=\"elementor-heading-title elementor-size-default\">Rechtlicher Hinweis:<\/h2>\t\t\t\t<\/div>\n\t\t\t\t<\/div>\n\t\t\t\t<div class=\"elementor-element elementor-element-ab256ae elementor-widget elementor-widget-text-editor\" data-id=\"ab256ae\" data-element_type=\"widget\" data-e-type=\"widget\" data-widget_type=\"text-editor.default\">\n\t\t\t\t<div class=\"elementor-widget-container\">\n\t\t\t\t\t\t\t\t\t<p><span style=\"font-weight: 400;\">LuzDentalCare.com ist ein Onlineshop der von MB &#8222;ProOrtho&#8220; betrieben wird. Wir bieten Direktverkauf \u00fcber diese Website innerhalb Litauens an. F\u00fcr Kunden in anderen europ\u00e4ischen L\u00e4ndern bietet diese Website Informationen und Weiterleitungen zu unseren offiziellen Handelspartnern.<\/span><\/p><p><span style=\"font-weight: 400;\">Verantwortlich gem\u00e4\u00df \u00a7 5 TMG \/ EU E-Commerce-Richtlinien: Zivile Neverauskiene<\/span><\/p>\t\t\t\t\t\t\t\t<\/div>\n\t\t\t\t<\/div>\n\t\t\t\t<\/div>\n\t\t<div class=\"elementor-element elementor-element-b0111b1 e-con-full e-flex e-con e-child\" data-id=\"b0111b1\" data-element_type=\"container\" data-e-type=\"container\">\n\t\t\t\t<div class=\"elementor-element elementor-element-7bcc2c2 elementor-widget elementor-widget-heading\" data-id=\"7bcc2c2\" data-element_type=\"widget\" data-e-type=\"widget\" data-widget_type=\"heading.default\">\n\t\t\t\t<div class=\"elementor-widget-container\">\n\t\t\t\t\t<h2 class=\"elementor-heading-title elementor-size-default\">Markeninhaber:<\/h2>\t\t\t\t<\/div>\n\t\t\t\t<\/div>\n\t\t\t\t<div class=\"elementor-element elementor-element-0dc2498 elementor-widget elementor-widget-text-editor\" data-id=\"0dc2498\" data-element_type=\"widget\" data-e-type=\"widget\" data-widget_type=\"text-editor.default\">\n\t\t\t\t<div class=\"elementor-widget-container\">\n\t\t\t\t\t\t\t\t\t<p>L\u016aZ ist eine eingetragene Marke der Europ\u00e4ischen Union (Nr. 019141518).<br>Inhaberin: \u017divil\u0117 Neverauskien\u0117, Papil\u0117n\u0173 2, 06224 Vilnius, Litauen.<\/p>\t\t\t\t\t\t\t\t<\/div>\n\t\t\t\t<\/div>\n\t\t\t\t<\/div>\n\t\t\t\t<\/div>\n\t\t\t\t\t<\/div>\n\t\t\t\t<\/div>\n\t\t<div class=\"elementor-element elementor-element-82ae458 e-con-full e-flex e-con e-parent\" data-id=\"82ae458\" data-element_type=\"container\" data-e-type=\"container\">\n\t\t\t\t<div class=\"elementor-element elementor-element-234dc75 elementor-widget elementor-widget-template\" data-id=\"234dc75\" data-element_type=\"widget\" data-e-type=\"widget\" data-widget_type=\"template.default\">\n\t\t\t\t<div class=\"elementor-widget-container\">\n\t\t\t\t\t\t\t<div class=\"elementor-template\">\n\t\t\t\t\t<div data-elementor-type=\"container\" data-elementor-id=\"903\" class=\"elementor elementor-903 elementor-434 elementor-434\" data-elementor-post-type=\"elementor_library\">\n\t\t\t\t<div class=\"elementor-element elementor-element-7e20149e e-flex e-con-boxed e-con e-parent\" data-id=\"7e20149e\" data-element_type=\"container\" data-e-type=\"container\" data-settings=\"{&quot;background_background&quot;:&quot;classic&quot;}\">\n\t\t\t\t\t<div class=\"e-con-inner\">\n\t\t<div class=\"elementor-element elementor-element-73e89a06 e-con-full e-flex e-con e-child\" data-id=\"73e89a06\" data-element_type=\"container\" data-e-type=\"container\">\n\t\t\t\t<div class=\"elementor-element elementor-element-9b0c39e elementor-headline--style-highlight elementor-widget elementor-widget-animated-headline\" data-id=\"9b0c39e\" data-element_type=\"widget\" data-e-type=\"widget\" data-settings=\"{&quot;marker&quot;:&quot;underline&quot;,&quot;highlighted_text&quot;:&quot;Ihrer Routine?&quot;,&quot;headline_style&quot;:&quot;highlight&quot;,&quot;highlight_animation_duration&quot;:1200}\" data-widget_type=\"animated-headline.default\">\n\t\t\t\t<div class=\"elementor-widget-container\">\n\t\t\t\t\t\t\t<h2 class=\"elementor-headline\">\n\t\t\t\t\t<span class=\"elementor-headline-plain-text elementor-headline-text-wrapper\">Bereit zur Auffrischung  <\/span>\n\t\t\t\t<span class=\"elementor-headline-dynamic-wrapper elementor-headline-text-wrapper\">\n\t\t\t\t\t<span class=\"elementor-headline-dynamic-text elementor-headline-text-active\">Ihrer Routine?<\/span>\n\t\t\t\t<\/span>\n\t\t\t\t<\/h2>\n\t\t\t\t\t\t<\/div>\n\t\t\t\t<\/div>\n\t\t\t\t<div class=\"elementor-element elementor-element-4cf744d elementor-widget elementor-widget-text-editor\" data-id=\"4cf744d\" data-element_type=\"widget\" data-e-type=\"widget\" data-widget_type=\"text-editor.default\">\n\t\t\t\t<div class=\"elementor-widget-container\">\n\t\t\t\t\t\t\t\t\t<p>L\u016aZ Dental Care ist mehr als Zahnpasta und Schaum &#8211; es ist ein t\u00e4gliches Ritual f\u00fcr einen sauberen Mund, ein strahlendes L\u00e4cheln und ein ges\u00fcnderes Leben. Ob Sie zu Hause putzen oder sich unterwegs auffrischen, unsere einfachen, wissenschaftlich fundierten L\u00f6sungen machen die Mundpflege einfach, effektiv und angenehm. <\/p>\t\t\t\t\t\t\t\t<\/div>\n\t\t\t\t<\/div>\n\t\t\t\t<div class=\"elementor-element elementor-element-61a3775f elementor-widget elementor-widget-button\" data-id=\"61a3775f\" data-element_type=\"widget\" data-e-type=\"widget\" data-widget_type=\"button.default\">\n\t\t\t\t<div class=\"elementor-widget-container\">\n\t\t\t\t\t\t\t\t\t<div class=\"elementor-button-wrapper\">\n\t\t\t\t\t<a class=\"elementor-button elementor-button-link elementor-size-sm\" href=\"#elementor-action%3Aaction%3Dpopup%3Aopen%26settings%3DeyJpZCI6OTA3LCJ0b2dnbGUiOmZhbHNlfQ%3D%3D\">\n\t\t\t\t\t\t<span class=\"elementor-button-content-wrapper\">\n\t\t\t\t\t\t<span class=\"elementor-button-icon\">\n\t\t\t\t<svg xmlns=\"http:\/\/www.w3.org\/2000\/svg\" width=\"20\" height=\"20\" viewBox=\"0 0 20 20\" fill=\"none\"><path d=\"M3.125 10H16.875\" stroke=\"currentColor\" stroke-width=\"1.2\" stroke-linecap=\"round\" stroke-linejoin=\"round\"><\/path><path d=\"M11.25 4.375L16.875 10L11.25 15.625\" stroke=\"currentColor\" stroke-width=\"1.2\" stroke-linecap=\"round\" stroke-linejoin=\"round\"><\/path><\/svg>\t\t\t<\/span>\n\t\t\t\t\t\t\t\t\t<span class=\"elementor-button-text\">Kontakt aufnehmen<\/span>\n\t\t\t\t\t<\/span>\n\t\t\t\t\t<\/a>\n\t\t\t\t<\/div>\n\t\t\t\t\t\t\t\t<\/div>\n\t\t\t\t<\/div>\n\t\t\t\t<\/div>\n\t\t\t\t<div class=\"elementor-element elementor-element-28c8ea71 elementor-widget elementor-widget-image\" data-id=\"28c8ea71\" data-element_type=\"widget\" data-e-type=\"widget\" data-widget_type=\"image.default\">\n\t\t\t\t<div class=\"elementor-widget-container\">\n\t\t\t\t\t\t\t\t\t\t\t\t\t\t\t<img fetchpriority=\"high\" decoding=\"async\" width=\"800\" height=\"997\" src=\"https:\/\/luzdentalcare.com\/wp-content\/uploads\/2025\/05\/CTA-822x1024.webp\" class=\"attachment-large size-large wp-image-649\" alt=\"CTA\" srcset=\"https:\/\/luzdentalcare.com\/wp-content\/uploads\/2025\/05\/CTA-822x1024.webp 822w, https:\/\/luzdentalcare.com\/wp-content\/uploads\/2025\/05\/CTA-241x300.webp 241w, https:\/\/luzdentalcare.com\/wp-content\/uploads\/2025\/05\/CTA-768x957.webp 768w, https:\/\/luzdentalcare.com\/wp-content\/uploads\/2025\/05\/CTA-600x747.webp 600w, https:\/\/luzdentalcare.com\/wp-content\/uploads\/2025\/05\/CTA.webp 880w\" sizes=\"(max-width: 800px) 100vw, 800px\" \/>\t\t\t\t\t\t\t\t\t\t\t\t\t\t\t<\/div>\n\t\t\t\t<\/div>\n\t\t\t\t\t<\/div>\n\t\t\t\t<\/div>\n\t\t\t\t<\/div>\n\t\t\t\t<\/div>\n\t\t\t\t\t\t<\/div>\n\t\t\t\t<\/div>\n\t\t\t\t<\/div>\n\t\t\t\t<\/div>\n\t\t","protected":false},"excerpt":{"rendered":"<p>Impressum \/ Rechtliche Hinweise Website-Inhaberin \/ Verantwortlich f\u00fcr den Inhalt: Website-Inhaberin \/ Verantwortlich f\u00fcr den Inhalt:Zivile NeverauskieneFirmenname: MB &#8222;ProOrtho&#8220;Handelsregisternummer: 307090971Firmensitz:K. Vanag\u0117lio g. 3LT-02102 VilniusLithuaniaE-Mail: info@luzdentalcare.com Rechtlicher Hinweis: LuzDentalCare.com ist ein Onlineshop der von MB &#8222;ProOrtho&#8220; betrieben wird. Wir bieten Direktverkauf \u00fcber diese Website innerhalb Litauens an. F\u00fcr Kunden in anderen europ\u00e4ischen L\u00e4ndern bietet diese Website [&hellip;]<\/p>\n","protected":false},"author":1,"featured_media":0,"parent":0,"menu_order":0,"comment_status":"closed","ping_status":"closed","template":"elementor_header_footer","meta":{"_acf_changed":false,"footnotes":""},"class_list":["post-893","page","type-page","status-publish","hentry"],"acf":[],"yoast_head":"<!-- This site is optimized with the Yoast SEO plugin v27.3 - https:\/\/yoast.com\/product\/yoast-seo-wordpress\/ -->\n<title>Impressum - Luz Dental Care<\/title>\n<meta name=\"robots\" content=\"index, follow, max-snippet:-1, max-image-preview:large, max-video-preview:-1\" \/>\n<link rel=\"canonical\" href=\"https:\/\/luzdentalcare.com\/de\/laufzeit-und-bedingungen\/\" \/>\n<meta property=\"og:locale\" content=\"de_DE\" \/>\n<meta property=\"og:type\" content=\"article\" \/>\n<meta property=\"og:title\" content=\"Impressum - Luz Dental Care\" \/>\n<meta property=\"og:description\" content=\"Impressum \/ Rechtliche Hinweise Website-Inhaberin \/ Verantwortlich f\u00fcr den Inhalt: Website-Inhaberin \/ Verantwortlich f\u00fcr den Inhalt:Zivile NeverauskieneFirmenname: MB &#8222;ProOrtho&#8220;Handelsregisternummer: 307090971Firmensitz:K. Vanag\u0117lio g. 3LT-02102 VilniusLithuaniaE-Mail: info@luzdentalcare.com Rechtlicher Hinweis: LuzDentalCare.com ist ein Onlineshop der von MB &#8222;ProOrtho&#8220; betrieben wird. Wir bieten Direktverkauf \u00fcber diese Website innerhalb Litauens an. F\u00fcr Kunden in anderen europ\u00e4ischen L\u00e4ndern bietet diese Website [&hellip;]\" \/>\n<meta property=\"og:url\" content=\"https:\/\/luzdentalcare.com\/de\/laufzeit-und-bedingungen\/\" \/>\n<meta property=\"og:site_name\" content=\"Luz Dental Care\" \/>\n<meta property=\"article:modified_time\" content=\"2025-10-21T03:24:19+00:00\" \/>\n<meta name=\"twitter:card\" content=\"summary_large_image\" \/>\n<script type=\"application\/ld+json\" class=\"yoast-schema-graph\">{\"@context\":\"https:\\\/\\\/schema.org\",\"@graph\":[{\"@type\":\"WebPage\",\"@id\":\"https:\\\/\\\/luzdentalcare.com\\\/de\\\/laufzeit-und-bedingungen\\\/\",\"url\":\"https:\\\/\\\/luzdentalcare.com\\\/de\\\/laufzeit-und-bedingungen\\\/\",\"name\":\"Impressum - Luz Dental Care\",\"isPartOf\":{\"@id\":\"https:\\\/\\\/luzdentalcare.com\\\/de\\\/#website\"},\"datePublished\":\"2025-05-21T05:52:35+00:00\",\"dateModified\":\"2025-10-21T03:24:19+00:00\",\"breadcrumb\":{\"@id\":\"https:\\\/\\\/luzdentalcare.com\\\/de\\\/laufzeit-und-bedingungen\\\/#breadcrumb\"},\"inLanguage\":\"de\",\"potentialAction\":[{\"@type\":\"ReadAction\",\"target\":[\"https:\\\/\\\/luzdentalcare.com\\\/de\\\/laufzeit-und-bedingungen\\\/\"]}]},{\"@type\":\"BreadcrumbList\",\"@id\":\"https:\\\/\\\/luzdentalcare.com\\\/de\\\/laufzeit-und-bedingungen\\\/#breadcrumb\",\"itemListElement\":[{\"@type\":\"ListItem\",\"position\":1,\"name\":\"Home\",\"item\":\"https:\\\/\\\/luzdentalcare.com\\\/de\\\/homepage\\\/\"},{\"@type\":\"ListItem\",\"position\":2,\"name\":\"Impressum\"}]},{\"@type\":\"WebSite\",\"@id\":\"https:\\\/\\\/luzdentalcare.com\\\/de\\\/#website\",\"url\":\"https:\\\/\\\/luzdentalcare.com\\\/de\\\/\",\"name\":\"LUZ Dental Care\",\"description\":\"Just another WordPress site\",\"publisher\":{\"@id\":\"https:\\\/\\\/luzdentalcare.com\\\/de\\\/#organization\"},\"potentialAction\":[{\"@type\":\"SearchAction\",\"target\":{\"@type\":\"EntryPoint\",\"urlTemplate\":\"https:\\\/\\\/luzdentalcare.com\\\/de\\\/?s={search_term_string}\"},\"query-input\":{\"@type\":\"PropertyValueSpecification\",\"valueRequired\":true,\"valueName\":\"search_term_string\"}}],\"inLanguage\":\"de\"},{\"@type\":\"Organization\",\"@id\":\"https:\\\/\\\/luzdentalcare.com\\\/de\\\/#organization\",\"name\":\"LUZ Dental Care\",\"url\":\"https:\\\/\\\/luzdentalcare.com\\\/de\\\/\",\"logo\":{\"@type\":\"ImageObject\",\"inLanguage\":\"de\",\"@id\":\"https:\\\/\\\/luzdentalcare.com\\\/de\\\/#\\\/schema\\\/logo\\\/image\\\/\",\"url\":\"https:\\\/\\\/luzdentalcare.com\\\/wp-content\\\/uploads\\\/2025\\\/05\\\/Logos.webp\",\"contentUrl\":\"https:\\\/\\\/luzdentalcare.com\\\/wp-content\\\/uploads\\\/2025\\\/05\\\/Logos.webp\",\"width\":184,\"height\":108,\"caption\":\"LUZ Dental Care\"},\"image\":{\"@id\":\"https:\\\/\\\/luzdentalcare.com\\\/de\\\/#\\\/schema\\\/logo\\\/image\\\/\"}}]}<\/script>\n<!-- \/ Yoast SEO plugin. -->","yoast_head_json":{"title":"Impressum - Luz Dental Care","robots":{"index":"index","follow":"follow","max-snippet":"max-snippet:-1","max-image-preview":"max-image-preview:large","max-video-preview":"max-video-preview:-1"},"canonical":"https:\/\/luzdentalcare.com\/de\/laufzeit-und-bedingungen\/","og_locale":"de_DE","og_type":"article","og_title":"Impressum - Luz Dental Care","og_description":"Impressum \/ Rechtliche Hinweise Website-Inhaberin \/ Verantwortlich f\u00fcr den Inhalt: Website-Inhaberin \/ Verantwortlich f\u00fcr den Inhalt:Zivile NeverauskieneFirmenname: MB &#8222;ProOrtho&#8220;Handelsregisternummer: 307090971Firmensitz:K. Vanag\u0117lio g. 3LT-02102 VilniusLithuaniaE-Mail: info@luzdentalcare.com Rechtlicher Hinweis: LuzDentalCare.com ist ein Onlineshop der von MB &#8222;ProOrtho&#8220; betrieben wird. Wir bieten Direktverkauf \u00fcber diese Website innerhalb Litauens an. F\u00fcr Kunden in anderen europ\u00e4ischen L\u00e4ndern bietet diese Website [&hellip;]","og_url":"https:\/\/luzdentalcare.com\/de\/laufzeit-und-bedingungen\/","og_site_name":"Luz Dental Care","article_modified_time":"2025-10-21T03:24:19+00:00","twitter_card":"summary_large_image","schema":{"@context":"https:\/\/schema.org","@graph":[{"@type":"WebPage","@id":"https:\/\/luzdentalcare.com\/de\/laufzeit-und-bedingungen\/","url":"https:\/\/luzdentalcare.com\/de\/laufzeit-und-bedingungen\/","name":"Impressum - Luz Dental Care","isPartOf":{"@id":"https:\/\/luzdentalcare.com\/de\/#website"},"datePublished":"2025-05-21T05:52:35+00:00","dateModified":"2025-10-21T03:24:19+00:00","breadcrumb":{"@id":"https:\/\/luzdentalcare.com\/de\/laufzeit-und-bedingungen\/#breadcrumb"},"inLanguage":"de","potentialAction":[{"@type":"ReadAction","target":["https:\/\/luzdentalcare.com\/de\/laufzeit-und-bedingungen\/"]}]},{"@type":"BreadcrumbList","@id":"https:\/\/luzdentalcare.com\/de\/laufzeit-und-bedingungen\/#breadcrumb","itemListElement":[{"@type":"ListItem","position":1,"name":"Home","item":"https:\/\/luzdentalcare.com\/de\/homepage\/"},{"@type":"ListItem","position":2,"name":"Impressum"}]},{"@type":"WebSite","@id":"https:\/\/luzdentalcare.com\/de\/#website","url":"https:\/\/luzdentalcare.com\/de\/","name":"LUZ Dental Care","description":"Just another WordPress site","publisher":{"@id":"https:\/\/luzdentalcare.com\/de\/#organization"},"potentialAction":[{"@type":"SearchAction","target":{"@type":"EntryPoint","urlTemplate":"https:\/\/luzdentalcare.com\/de\/?s={search_term_string}"},"query-input":{"@type":"PropertyValueSpecification","valueRequired":true,"valueName":"search_term_string"}}],"inLanguage":"de"},{"@type":"Organization","@id":"https:\/\/luzdentalcare.com\/de\/#organization","name":"LUZ Dental Care","url":"https:\/\/luzdentalcare.com\/de\/","logo":{"@type":"ImageObject","inLanguage":"de","@id":"https:\/\/luzdentalcare.com\/de\/#\/schema\/logo\/image\/","url":"https:\/\/luzdentalcare.com\/wp-content\/uploads\/2025\/05\/Logos.webp","contentUrl":"https:\/\/luzdentalcare.com\/wp-content\/uploads\/2025\/05\/Logos.webp","width":184,"height":108,"caption":"LUZ Dental Care"},"image":{"@id":"https:\/\/luzdentalcare.com\/de\/#\/schema\/logo\/image\/"}}]}},"_links":{"self":[{"href":"https:\/\/luzdentalcare.com\/de\/wp-json\/wp\/v2\/pages\/893","targetHints":{"allow":["GET"]}}],"collection":[{"href":"https:\/\/luzdentalcare.com\/de\/wp-json\/wp\/v2\/pages"}],"about":[{"href":"https:\/\/luzdentalcare.com\/de\/wp-json\/wp\/v2\/types\/page"}],"author":[{"embeddable":true,"href":"https:\/\/luzdentalcare.com\/de\/wp-json\/wp\/v2\/users\/1"}],"replies":[{"embeddable":true,"href":"https:\/\/luzdentalcare.com\/de\/wp-json\/wp\/v2\/comments?post=893"}],"version-history":[{"count":8,"href":"https:\/\/luzdentalcare.com\/de\/wp-json\/wp\/v2\/pages\/893\/revisions"}],"predecessor-version":[{"id":1938,"href":"https:\/\/luzdentalcare.com\/de\/wp-json\/wp\/v2\/pages\/893\/revisions\/1938"}],"wp:attachment":[{"href":"https:\/\/luzdentalcare.com\/de\/wp-json\/wp\/v2\/media?parent=893"}],"curies":[{"name":"wp","href":"https:\/\/api.w.org\/{rel}","templated":true}]}}