{"id":943,"date":"2025-05-21T06:10:50","date_gmt":"2025-05-21T06:10:50","guid":{"rendered":"https:\/\/luzdentalcare.com\/product\/mundspuelung-und-aligner-reinigungsschaum\/"},"modified":"2026-04-07T09:16:53","modified_gmt":"2026-04-07T09:16:53","slug":"mundspuelung-und-aligner-reinigungsschaum-b2b","status":"publish","type":"product","link":"https:\/\/luzdentalcare.com\/de\/product\/mundspuelung-und-aligner-reinigungsschaum-b2b\/","title":{"rendered":"Mundsp\u00fclung und Aligner-Reinigungsschaum"},"content":{"rendered":"<p>Unsere Geschichte<\/p>\n<p>Zahnspangen, Aligner und Attachments erh\u00f6hen das Risiko von Karies, Plaque und Irritationen. L\u016aZ Zahnpasta wurde f\u00fcr kieferorthop\u00e4dische Patienten entwickelt und enth\u00e4lt 1448 ppm Fluorid, Hydroxylapatit und Xylitol, um den Zahnschmelz zu st\u00e4rken, Karies zu bek\u00e4mpfen und Ihren Mund frisch und sauber zu halten.<\/p>\n","protected":false},"excerpt":{"rendered":"<p>Unsere Geschichte Zahnspangen, Aligner und Attachments erh\u00f6hen das Risiko von Karies, Plaque und Irritationen. L\u016aZ Zahnpasta wurde f\u00fcr kieferorthop\u00e4dische Patienten entwickelt und enth\u00e4lt 1448 ppm Fluorid, Hydroxylapatit und Xylitol, um den Zahnschmelz zu st\u00e4rken, Karies zu bek\u00e4mpfen und Ihren Mund frisch und sauber zu halten.<\/p>\n","protected":false},"featured_media":673,"comment_status":"closed","ping_status":"closed","template":"","meta":{"_acf_changed":false},"product_brand":[],"product_cat":[121],"product_tag":[],"class_list":{"0":"post-943","1":"product","2":"type-product","3":"status-publish","4":"has-post-thumbnail","6":"product_cat-b2b","8":"first","9":"instock","10":"shipping-taxable","11":"purchasable","12":"product-type-simple"},"acf":[],"yoast_head":"<!-- This site is optimized with the Yoast SEO plugin v27.3 - https:\/\/yoast.com\/product\/yoast-seo-wordpress\/ -->\n<title>Mundsp\u00fclung und Aligner-Reinigungsschaum - Luz Dental Care<\/title>\n<meta name=\"description\" content=\"Aligner sollten sich frisch und sauber anf\u00fchlen - ohne schlechten Geschmack oder Irritationen. Le rince-bouche et la mousse L\u016aZ \u00e9liminent la plaque dentaire, combattent les bact\u00e9ries et pr\u00e9servent la fra\u00eecheur de l&#039;haleine.\" \/>\n<meta name=\"robots\" content=\"index, follow, max-snippet:-1, max-image-preview:large, max-video-preview:-1\" \/>\n<link rel=\"canonical\" href=\"https:\/\/luzdentalcare.com\/de\/product\/mundspuelung-und-aligner-reinigungsschaum-b2b\/\" \/>\n<meta property=\"og:locale\" content=\"de_DE\" \/>\n<meta property=\"og:type\" content=\"article\" \/>\n<meta property=\"og:title\" content=\"Mundsp\u00fclung und Aligner-Reinigungsschaum - Luz Dental Care\" \/>\n<meta property=\"og:description\" content=\"Aligner sollten sich frisch und sauber anf\u00fchlen - ohne schlechten Geschmack oder Irritationen. Le rince-bouche et la mousse L\u016aZ \u00e9liminent la plaque dentaire, combattent les bact\u00e9ries et pr\u00e9servent la fra\u00eecheur de l&#039;haleine.\" \/>\n<meta property=\"og:url\" content=\"https:\/\/luzdentalcare.com\/de\/product\/mundspuelung-und-aligner-reinigungsschaum-b2b\/\" \/>\n<meta property=\"og:site_name\" content=\"Luz Dental Care\" \/>\n<meta property=\"article:modified_time\" content=\"2026-04-07T09:16:53+00:00\" \/>\n<meta property=\"og:image\" content=\"https:\/\/luzdentalcare.com\/wp-content\/uploads\/2025\/05\/Mouth-Rinse-and-Aligner-Cleaning-Foam.webp\" \/>\n\t<meta property=\"og:image:width\" content=\"960\" \/>\n\t<meta property=\"og:image:height\" content=\"960\" \/>\n\t<meta property=\"og:image:type\" content=\"image\/webp\" \/>\n<meta name=\"twitter:card\" content=\"summary_large_image\" \/>\n<meta name=\"twitter:label1\" content=\"Gesch\u00e4tzte Lesezeit\" \/>\n\t<meta name=\"twitter:data1\" content=\"1\u00a0Minute\" \/>\n<script type=\"application\/ld+json\" class=\"yoast-schema-graph\">{\"@context\":\"https:\\\/\\\/schema.org\",\"@graph\":[{\"@type\":\"WebPage\",\"@id\":\"https:\\\/\\\/luzdentalcare.com\\\/de\\\/product\\\/mundspuelung-und-aligner-reinigungsschaum-b2b\\\/\",\"url\":\"https:\\\/\\\/luzdentalcare.com\\\/de\\\/product\\\/mundspuelung-und-aligner-reinigungsschaum-b2b\\\/\",\"name\":\"Mundsp\u00fclung und Aligner-Reinigungsschaum - Luz Dental Care\",\"isPartOf\":{\"@id\":\"https:\\\/\\\/luzdentalcare.com\\\/de\\\/#website\"},\"primaryImageOfPage\":{\"@id\":\"https:\\\/\\\/luzdentalcare.com\\\/de\\\/product\\\/mundspuelung-und-aligner-reinigungsschaum-b2b\\\/#primaryimage\"},\"image\":{\"@id\":\"https:\\\/\\\/luzdentalcare.com\\\/de\\\/product\\\/mundspuelung-und-aligner-reinigungsschaum-b2b\\\/#primaryimage\"},\"thumbnailUrl\":\"https:\\\/\\\/luzdentalcare.com\\\/wp-content\\\/uploads\\\/2025\\\/05\\\/Mouth-Rinse-and-Aligner-Cleaning-Foam.webp\",\"datePublished\":\"2025-05-21T06:10:50+00:00\",\"dateModified\":\"2026-04-07T09:16:53+00:00\",\"description\":\"Aligner sollten sich frisch und sauber anf\u00fchlen - ohne schlechten Geschmack oder Irritationen. Le rince-bouche et la mousse L\u016aZ \u00e9liminent la plaque dentaire, combattent les bact\u00e9ries et pr\u00e9servent la fra\u00eecheur de l'haleine.\",\"breadcrumb\":{\"@id\":\"https:\\\/\\\/luzdentalcare.com\\\/de\\\/product\\\/mundspuelung-und-aligner-reinigungsschaum-b2b\\\/#breadcrumb\"},\"inLanguage\":\"de\",\"potentialAction\":[{\"@type\":\"ReadAction\",\"target\":[\"https:\\\/\\\/luzdentalcare.com\\\/de\\\/product\\\/mundspuelung-und-aligner-reinigungsschaum-b2b\\\/\"]}]},{\"@type\":\"ImageObject\",\"inLanguage\":\"de\",\"@id\":\"https:\\\/\\\/luzdentalcare.com\\\/de\\\/product\\\/mundspuelung-und-aligner-reinigungsschaum-b2b\\\/#primaryimage\",\"url\":\"https:\\\/\\\/luzdentalcare.com\\\/wp-content\\\/uploads\\\/2025\\\/05\\\/Mouth-Rinse-and-Aligner-Cleaning-Foam.webp\",\"contentUrl\":\"https:\\\/\\\/luzdentalcare.com\\\/wp-content\\\/uploads\\\/2025\\\/05\\\/Mouth-Rinse-and-Aligner-Cleaning-Foam.webp\",\"width\":960,\"height\":960,\"caption\":\"Mouth Rinse and Aligner Cleaning Foam\"},{\"@type\":\"BreadcrumbList\",\"@id\":\"https:\\\/\\\/luzdentalcare.com\\\/de\\\/product\\\/mundspuelung-und-aligner-reinigungsschaum-b2b\\\/#breadcrumb\",\"itemListElement\":[{\"@type\":\"ListItem\",\"position\":1,\"name\":\"Home\",\"item\":\"https:\\\/\\\/luzdentalcare.com\\\/de\\\/homepage\\\/\"},{\"@type\":\"ListItem\",\"position\":2,\"name\":\"Produkte\",\"item\":\"https:\\\/\\\/luzdentalcare.com\\\/produkte\\\/\"},{\"@type\":\"ListItem\",\"position\":3,\"name\":\"Mundsp\u00fclung und Aligner-Reinigungsschaum\"}]},{\"@type\":\"WebSite\",\"@id\":\"https:\\\/\\\/luzdentalcare.com\\\/de\\\/#website\",\"url\":\"https:\\\/\\\/luzdentalcare.com\\\/de\\\/\",\"name\":\"LUZ Dental Care\",\"description\":\"Just another WordPress site\",\"publisher\":{\"@id\":\"https:\\\/\\\/luzdentalcare.com\\\/de\\\/#organization\"},\"potentialAction\":[{\"@type\":\"SearchAction\",\"target\":{\"@type\":\"EntryPoint\",\"urlTemplate\":\"https:\\\/\\\/luzdentalcare.com\\\/de\\\/?s={search_term_string}\"},\"query-input\":{\"@type\":\"PropertyValueSpecification\",\"valueRequired\":true,\"valueName\":\"search_term_string\"}}],\"inLanguage\":\"de\"},{\"@type\":\"Organization\",\"@id\":\"https:\\\/\\\/luzdentalcare.com\\\/de\\\/#organization\",\"name\":\"LUZ Dental Care\",\"url\":\"https:\\\/\\\/luzdentalcare.com\\\/de\\\/\",\"logo\":{\"@type\":\"ImageObject\",\"inLanguage\":\"de\",\"@id\":\"https:\\\/\\\/luzdentalcare.com\\\/de\\\/#\\\/schema\\\/logo\\\/image\\\/\",\"url\":\"https:\\\/\\\/luzdentalcare.com\\\/wp-content\\\/uploads\\\/2025\\\/05\\\/Logos.webp\",\"contentUrl\":\"https:\\\/\\\/luzdentalcare.com\\\/wp-content\\\/uploads\\\/2025\\\/05\\\/Logos.webp\",\"width\":184,\"height\":108,\"caption\":\"LUZ Dental Care\"},\"image\":{\"@id\":\"https:\\\/\\\/luzdentalcare.com\\\/de\\\/#\\\/schema\\\/logo\\\/image\\\/\"}}]}<\/script>\n<!-- \/ Yoast SEO plugin. -->","yoast_head_json":{"title":"Mundsp\u00fclung und Aligner-Reinigungsschaum - Luz Dental Care","description":"Aligner sollten sich frisch und sauber anf\u00fchlen - ohne schlechten Geschmack oder Irritationen. Le rince-bouche et la mousse L\u016aZ \u00e9liminent la plaque dentaire, combattent les bact\u00e9ries et pr\u00e9servent la fra\u00eecheur de l'haleine.","robots":{"index":"index","follow":"follow","max-snippet":"max-snippet:-1","max-image-preview":"max-image-preview:large","max-video-preview":"max-video-preview:-1"},"canonical":"https:\/\/luzdentalcare.com\/de\/product\/mundspuelung-und-aligner-reinigungsschaum-b2b\/","og_locale":"de_DE","og_type":"article","og_title":"Mundsp\u00fclung und Aligner-Reinigungsschaum - Luz Dental Care","og_description":"Aligner sollten sich frisch und sauber anf\u00fchlen - ohne schlechten Geschmack oder Irritationen. Le rince-bouche et la mousse L\u016aZ \u00e9liminent la plaque dentaire, combattent les bact\u00e9ries et pr\u00e9servent la fra\u00eecheur de l'haleine.","og_url":"https:\/\/luzdentalcare.com\/de\/product\/mundspuelung-und-aligner-reinigungsschaum-b2b\/","og_site_name":"Luz Dental Care","article_modified_time":"2026-04-07T09:16:53+00:00","og_image":[{"width":960,"height":960,"url":"https:\/\/luzdentalcare.com\/wp-content\/uploads\/2025\/05\/Mouth-Rinse-and-Aligner-Cleaning-Foam.webp","type":"image\/webp"}],"twitter_card":"summary_large_image","twitter_misc":{"Gesch\u00e4tzte Lesezeit":"1\u00a0Minute"},"schema":{"@context":"https:\/\/schema.org","@graph":[{"@type":"WebPage","@id":"https:\/\/luzdentalcare.com\/de\/product\/mundspuelung-und-aligner-reinigungsschaum-b2b\/","url":"https:\/\/luzdentalcare.com\/de\/product\/mundspuelung-und-aligner-reinigungsschaum-b2b\/","name":"Mundsp\u00fclung und Aligner-Reinigungsschaum - Luz Dental Care","isPartOf":{"@id":"https:\/\/luzdentalcare.com\/de\/#website"},"primaryImageOfPage":{"@id":"https:\/\/luzdentalcare.com\/de\/product\/mundspuelung-und-aligner-reinigungsschaum-b2b\/#primaryimage"},"image":{"@id":"https:\/\/luzdentalcare.com\/de\/product\/mundspuelung-und-aligner-reinigungsschaum-b2b\/#primaryimage"},"thumbnailUrl":"https:\/\/luzdentalcare.com\/wp-content\/uploads\/2025\/05\/Mouth-Rinse-and-Aligner-Cleaning-Foam.webp","datePublished":"2025-05-21T06:10:50+00:00","dateModified":"2026-04-07T09:16:53+00:00","description":"Aligner sollten sich frisch und sauber anf\u00fchlen - ohne schlechten Geschmack oder Irritationen. Le rince-bouche et la mousse L\u016aZ \u00e9liminent la plaque dentaire, combattent les bact\u00e9ries et pr\u00e9servent la fra\u00eecheur de l'haleine.","breadcrumb":{"@id":"https:\/\/luzdentalcare.com\/de\/product\/mundspuelung-und-aligner-reinigungsschaum-b2b\/#breadcrumb"},"inLanguage":"de","potentialAction":[{"@type":"ReadAction","target":["https:\/\/luzdentalcare.com\/de\/product\/mundspuelung-und-aligner-reinigungsschaum-b2b\/"]}]},{"@type":"ImageObject","inLanguage":"de","@id":"https:\/\/luzdentalcare.com\/de\/product\/mundspuelung-und-aligner-reinigungsschaum-b2b\/#primaryimage","url":"https:\/\/luzdentalcare.com\/wp-content\/uploads\/2025\/05\/Mouth-Rinse-and-Aligner-Cleaning-Foam.webp","contentUrl":"https:\/\/luzdentalcare.com\/wp-content\/uploads\/2025\/05\/Mouth-Rinse-and-Aligner-Cleaning-Foam.webp","width":960,"height":960,"caption":"Mouth Rinse and Aligner Cleaning Foam"},{"@type":"BreadcrumbList","@id":"https:\/\/luzdentalcare.com\/de\/product\/mundspuelung-und-aligner-reinigungsschaum-b2b\/#breadcrumb","itemListElement":[{"@type":"ListItem","position":1,"name":"Home","item":"https:\/\/luzdentalcare.com\/de\/homepage\/"},{"@type":"ListItem","position":2,"name":"Produkte","item":"https:\/\/luzdentalcare.com\/produkte\/"},{"@type":"ListItem","position":3,"name":"Mundsp\u00fclung und Aligner-Reinigungsschaum"}]},{"@type":"WebSite","@id":"https:\/\/luzdentalcare.com\/de\/#website","url":"https:\/\/luzdentalcare.com\/de\/","name":"LUZ Dental Care","description":"Just another WordPress site","publisher":{"@id":"https:\/\/luzdentalcare.com\/de\/#organization"},"potentialAction":[{"@type":"SearchAction","target":{"@type":"EntryPoint","urlTemplate":"https:\/\/luzdentalcare.com\/de\/?s={search_term_string}"},"query-input":{"@type":"PropertyValueSpecification","valueRequired":true,"valueName":"search_term_string"}}],"inLanguage":"de"},{"@type":"Organization","@id":"https:\/\/luzdentalcare.com\/de\/#organization","name":"LUZ Dental Care","url":"https:\/\/luzdentalcare.com\/de\/","logo":{"@type":"ImageObject","inLanguage":"de","@id":"https:\/\/luzdentalcare.com\/de\/#\/schema\/logo\/image\/","url":"https:\/\/luzdentalcare.com\/wp-content\/uploads\/2025\/05\/Logos.webp","contentUrl":"https:\/\/luzdentalcare.com\/wp-content\/uploads\/2025\/05\/Logos.webp","width":184,"height":108,"caption":"LUZ Dental Care"},"image":{"@id":"https:\/\/luzdentalcare.com\/de\/#\/schema\/logo\/image\/"}}]}},"_links":{"self":[{"href":"https:\/\/luzdentalcare.com\/de\/wp-json\/wp\/v2\/product\/943","targetHints":{"allow":["GET"]}}],"collection":[{"href":"https:\/\/luzdentalcare.com\/de\/wp-json\/wp\/v2\/product"}],"about":[{"href":"https:\/\/luzdentalcare.com\/de\/wp-json\/wp\/v2\/types\/product"}],"replies":[{"embeddable":true,"href":"https:\/\/luzdentalcare.com\/de\/wp-json\/wp\/v2\/comments?post=943"}],"wp:featuredmedia":[{"embeddable":true,"href":"https:\/\/luzdentalcare.com\/de\/wp-json\/wp\/v2\/media\/673"}],"wp:attachment":[{"href":"https:\/\/luzdentalcare.com\/de\/wp-json\/wp\/v2\/media?parent=943"}],"wp:term":[{"taxonomy":"product_brand","embeddable":true,"href":"https:\/\/luzdentalcare.com\/de\/wp-json\/wp\/v2\/product_brand?post=943"},{"taxonomy":"product_cat","embeddable":true,"href":"https:\/\/luzdentalcare.com\/de\/wp-json\/wp\/v2\/product_cat?post=943"},{"taxonomy":"product_tag","embeddable":true,"href":"https:\/\/luzdentalcare.com\/de\/wp-json\/wp\/v2\/product_tag?post=943"}],"curies":[{"name":"wp","href":"https:\/\/api.w.org\/{rel}","templated":true}]}}