{"id":1129,"date":"2025-05-21T06:10:50","date_gmt":"2025-05-21T06:10:50","guid":{"rendered":"https:\/\/luzdentalcare.com\/product\/enjuague-bucal-y-espuma-limpiadora-de-alineadores\/"},"modified":"2026-04-07T09:19:02","modified_gmt":"2026-04-07T09:19:02","slug":"enjuague-bucal-y-espuma-limpiadora-de-alineadores-b2b","status":"publish","type":"product","link":"https:\/\/luzdentalcare.com\/es\/product\/enjuague-bucal-y-espuma-limpiadora-de-alineadores-b2b\/","title":{"rendered":"Enjuague bucal y espuma limpiadora de alineadores"},"content":{"rendered":"<p>Nuestra historia<\/p>\n<p>Los alineadores deben sentirse frescos y limpios, sin mal sabor ni irritaci\u00f3n. El enjuague bucal y la espuma L\u016aZ eliminan la placa, combaten las bacterias y mantienen el aliento fresco, para que te sientas seguro despu\u00e9s de cada comida.<\/p>\n","protected":false},"excerpt":{"rendered":"<p>Nuestra historia Los alineadores deben sentirse frescos y limpios, sin mal sabor ni irritaci\u00f3n. El enjuague bucal y la espuma L\u016aZ eliminan la placa, combaten las bacterias y mantienen el aliento fresco, para que te sientas seguro despu\u00e9s de cada comida.<\/p>\n","protected":false},"featured_media":677,"comment_status":"closed","ping_status":"closed","template":"","meta":{"_acf_changed":false},"product_brand":[],"product_cat":[126],"product_tag":[],"class_list":{"0":"post-1129","1":"product","2":"type-product","3":"status-publish","4":"has-post-thumbnail","6":"product_cat-b2b","8":"first","9":"instock","10":"shipping-taxable","11":"purchasable","12":"product-type-simple"},"acf":[],"yoast_head":"<!-- This site is optimized with the Yoast SEO plugin v27.3 - https:\/\/yoast.com\/product\/yoast-seo-wordpress\/ -->\n<title>Enjuague bucal y espuma limpiadora de alineadores - Luz Dental Care<\/title>\n<meta name=\"description\" content=\"Los alineadores deben sentirse frescos y limpios, sin mal sabor ni irritaci\u00f3n. El enjuague bucal y la espuma L\u016aZ eliminan la placa, combaten las bacterias y mantienen el aliento fresco.\" \/>\n<meta name=\"robots\" content=\"index, follow, max-snippet:-1, max-image-preview:large, max-video-preview:-1\" \/>\n<link rel=\"canonical\" href=\"https:\/\/luzdentalcare.com\/es\/product\/enjuague-bucal-y-espuma-limpiadora-de-alineadores-b2b\/\" \/>\n<meta property=\"og:locale\" content=\"es_ES\" \/>\n<meta property=\"og:type\" content=\"article\" \/>\n<meta property=\"og:title\" content=\"Enjuague bucal y espuma limpiadora de alineadores - Luz Dental Care\" \/>\n<meta property=\"og:description\" content=\"Los alineadores deben sentirse frescos y limpios, sin mal sabor ni irritaci\u00f3n. El enjuague bucal y la espuma L\u016aZ eliminan la placa, combaten las bacterias y mantienen el aliento fresco.\" \/>\n<meta property=\"og:url\" content=\"https:\/\/luzdentalcare.com\/es\/product\/enjuague-bucal-y-espuma-limpiadora-de-alineadores-b2b\/\" \/>\n<meta property=\"og:site_name\" content=\"Luz Dental Care\" \/>\n<meta property=\"article:modified_time\" content=\"2026-04-07T09:19:02+00:00\" \/>\n<meta property=\"og:image\" content=\"https:\/\/luzdentalcare.com\/wp-content\/uploads\/2025\/05\/Mouth-Rinse-and-Aligner-Cleaning-Foam.webp\" \/>\n\t<meta property=\"og:image:width\" content=\"960\" \/>\n\t<meta property=\"og:image:height\" content=\"960\" \/>\n\t<meta property=\"og:image:type\" content=\"image\/webp\" \/>\n<meta name=\"twitter:card\" content=\"summary_large_image\" \/>\n<meta name=\"twitter:label1\" content=\"Tiempo de lectura\" \/>\n\t<meta name=\"twitter:data1\" content=\"1 minuto\" \/>\n<script type=\"application\/ld+json\" class=\"yoast-schema-graph\">{\"@context\":\"https:\\\/\\\/schema.org\",\"@graph\":[{\"@type\":\"WebPage\",\"@id\":\"https:\\\/\\\/luzdentalcare.com\\\/es\\\/product\\\/enjuague-bucal-y-espuma-limpiadora-de-alineadores-b2b\\\/\",\"url\":\"https:\\\/\\\/luzdentalcare.com\\\/es\\\/product\\\/enjuague-bucal-y-espuma-limpiadora-de-alineadores-b2b\\\/\",\"name\":\"Enjuague bucal y espuma limpiadora de alineadores - Luz Dental Care\",\"isPartOf\":{\"@id\":\"https:\\\/\\\/luzdentalcare.com\\\/es\\\/#website\"},\"primaryImageOfPage\":{\"@id\":\"https:\\\/\\\/luzdentalcare.com\\\/es\\\/product\\\/enjuague-bucal-y-espuma-limpiadora-de-alineadores-b2b\\\/#primaryimage\"},\"image\":{\"@id\":\"https:\\\/\\\/luzdentalcare.com\\\/es\\\/product\\\/enjuague-bucal-y-espuma-limpiadora-de-alineadores-b2b\\\/#primaryimage\"},\"thumbnailUrl\":\"https:\\\/\\\/luzdentalcare.com\\\/wp-content\\\/uploads\\\/2025\\\/05\\\/Mouth-Rinse-and-Aligner-Cleaning-Foam.webp\",\"datePublished\":\"2025-05-21T06:10:50+00:00\",\"dateModified\":\"2026-04-07T09:19:02+00:00\",\"description\":\"Los alineadores deben sentirse frescos y limpios, sin mal sabor ni irritaci\u00f3n. El enjuague bucal y la espuma L\u016aZ eliminan la placa, combaten las bacterias y mantienen el aliento fresco.\",\"breadcrumb\":{\"@id\":\"https:\\\/\\\/luzdentalcare.com\\\/es\\\/product\\\/enjuague-bucal-y-espuma-limpiadora-de-alineadores-b2b\\\/#breadcrumb\"},\"inLanguage\":\"es\",\"potentialAction\":[{\"@type\":\"ReadAction\",\"target\":[\"https:\\\/\\\/luzdentalcare.com\\\/es\\\/product\\\/enjuague-bucal-y-espuma-limpiadora-de-alineadores-b2b\\\/\"]}]},{\"@type\":\"ImageObject\",\"inLanguage\":\"es\",\"@id\":\"https:\\\/\\\/luzdentalcare.com\\\/es\\\/product\\\/enjuague-bucal-y-espuma-limpiadora-de-alineadores-b2b\\\/#primaryimage\",\"url\":\"https:\\\/\\\/luzdentalcare.com\\\/wp-content\\\/uploads\\\/2025\\\/05\\\/Mouth-Rinse-and-Aligner-Cleaning-Foam.webp\",\"contentUrl\":\"https:\\\/\\\/luzdentalcare.com\\\/wp-content\\\/uploads\\\/2025\\\/05\\\/Mouth-Rinse-and-Aligner-Cleaning-Foam.webp\",\"width\":960,\"height\":960,\"caption\":\"Mouth Rinse and Aligner Cleaning Foam\"},{\"@type\":\"BreadcrumbList\",\"@id\":\"https:\\\/\\\/luzdentalcare.com\\\/es\\\/product\\\/enjuague-bucal-y-espuma-limpiadora-de-alineadores-b2b\\\/#breadcrumb\",\"itemListElement\":[{\"@type\":\"ListItem\",\"position\":1,\"name\":\"Home\",\"item\":\"https:\\\/\\\/luzdentalcare.com\\\/es\\\/pagina-de-inicio\\\/\"},{\"@type\":\"ListItem\",\"position\":2,\"name\":\"Productos\",\"item\":\"https:\\\/\\\/luzdentalcare.com\\\/productos\\\/\"},{\"@type\":\"ListItem\",\"position\":3,\"name\":\"Enjuague bucal y espuma limpiadora de alineadores\"}]},{\"@type\":\"WebSite\",\"@id\":\"https:\\\/\\\/luzdentalcare.com\\\/es\\\/#website\",\"url\":\"https:\\\/\\\/luzdentalcare.com\\\/es\\\/\",\"name\":\"LUZ Dental Care\",\"description\":\"Just another WordPress site\",\"publisher\":{\"@id\":\"https:\\\/\\\/luzdentalcare.com\\\/es\\\/#organization\"},\"potentialAction\":[{\"@type\":\"SearchAction\",\"target\":{\"@type\":\"EntryPoint\",\"urlTemplate\":\"https:\\\/\\\/luzdentalcare.com\\\/es\\\/?s={search_term_string}\"},\"query-input\":{\"@type\":\"PropertyValueSpecification\",\"valueRequired\":true,\"valueName\":\"search_term_string\"}}],\"inLanguage\":\"es\"},{\"@type\":\"Organization\",\"@id\":\"https:\\\/\\\/luzdentalcare.com\\\/es\\\/#organization\",\"name\":\"LUZ Dental Care\",\"url\":\"https:\\\/\\\/luzdentalcare.com\\\/es\\\/\",\"logo\":{\"@type\":\"ImageObject\",\"inLanguage\":\"es\",\"@id\":\"https:\\\/\\\/luzdentalcare.com\\\/es\\\/#\\\/schema\\\/logo\\\/image\\\/\",\"url\":\"https:\\\/\\\/luzdentalcare.com\\\/wp-content\\\/uploads\\\/2025\\\/05\\\/Logos.webp\",\"contentUrl\":\"https:\\\/\\\/luzdentalcare.com\\\/wp-content\\\/uploads\\\/2025\\\/05\\\/Logos.webp\",\"width\":184,\"height\":108,\"caption\":\"LUZ Dental Care\"},\"image\":{\"@id\":\"https:\\\/\\\/luzdentalcare.com\\\/es\\\/#\\\/schema\\\/logo\\\/image\\\/\"}}]}<\/script>\n<!-- \/ Yoast SEO plugin. -->","yoast_head_json":{"title":"Enjuague bucal y espuma limpiadora de alineadores - Luz Dental Care","description":"Los alineadores deben sentirse frescos y limpios, sin mal sabor ni irritaci\u00f3n. El enjuague bucal y la espuma L\u016aZ eliminan la placa, combaten las bacterias y mantienen el aliento fresco.","robots":{"index":"index","follow":"follow","max-snippet":"max-snippet:-1","max-image-preview":"max-image-preview:large","max-video-preview":"max-video-preview:-1"},"canonical":"https:\/\/luzdentalcare.com\/es\/product\/enjuague-bucal-y-espuma-limpiadora-de-alineadores-b2b\/","og_locale":"es_ES","og_type":"article","og_title":"Enjuague bucal y espuma limpiadora de alineadores - Luz Dental Care","og_description":"Los alineadores deben sentirse frescos y limpios, sin mal sabor ni irritaci\u00f3n. El enjuague bucal y la espuma L\u016aZ eliminan la placa, combaten las bacterias y mantienen el aliento fresco.","og_url":"https:\/\/luzdentalcare.com\/es\/product\/enjuague-bucal-y-espuma-limpiadora-de-alineadores-b2b\/","og_site_name":"Luz Dental Care","article_modified_time":"2026-04-07T09:19:02+00:00","og_image":[{"width":960,"height":960,"url":"https:\/\/luzdentalcare.com\/wp-content\/uploads\/2025\/05\/Mouth-Rinse-and-Aligner-Cleaning-Foam.webp","type":"image\/webp"}],"twitter_card":"summary_large_image","twitter_misc":{"Tiempo de lectura":"1 minuto"},"schema":{"@context":"https:\/\/schema.org","@graph":[{"@type":"WebPage","@id":"https:\/\/luzdentalcare.com\/es\/product\/enjuague-bucal-y-espuma-limpiadora-de-alineadores-b2b\/","url":"https:\/\/luzdentalcare.com\/es\/product\/enjuague-bucal-y-espuma-limpiadora-de-alineadores-b2b\/","name":"Enjuague bucal y espuma limpiadora de alineadores - Luz Dental Care","isPartOf":{"@id":"https:\/\/luzdentalcare.com\/es\/#website"},"primaryImageOfPage":{"@id":"https:\/\/luzdentalcare.com\/es\/product\/enjuague-bucal-y-espuma-limpiadora-de-alineadores-b2b\/#primaryimage"},"image":{"@id":"https:\/\/luzdentalcare.com\/es\/product\/enjuague-bucal-y-espuma-limpiadora-de-alineadores-b2b\/#primaryimage"},"thumbnailUrl":"https:\/\/luzdentalcare.com\/wp-content\/uploads\/2025\/05\/Mouth-Rinse-and-Aligner-Cleaning-Foam.webp","datePublished":"2025-05-21T06:10:50+00:00","dateModified":"2026-04-07T09:19:02+00:00","description":"Los alineadores deben sentirse frescos y limpios, sin mal sabor ni irritaci\u00f3n. El enjuague bucal y la espuma L\u016aZ eliminan la placa, combaten las bacterias y mantienen el aliento fresco.","breadcrumb":{"@id":"https:\/\/luzdentalcare.com\/es\/product\/enjuague-bucal-y-espuma-limpiadora-de-alineadores-b2b\/#breadcrumb"},"inLanguage":"es","potentialAction":[{"@type":"ReadAction","target":["https:\/\/luzdentalcare.com\/es\/product\/enjuague-bucal-y-espuma-limpiadora-de-alineadores-b2b\/"]}]},{"@type":"ImageObject","inLanguage":"es","@id":"https:\/\/luzdentalcare.com\/es\/product\/enjuague-bucal-y-espuma-limpiadora-de-alineadores-b2b\/#primaryimage","url":"https:\/\/luzdentalcare.com\/wp-content\/uploads\/2025\/05\/Mouth-Rinse-and-Aligner-Cleaning-Foam.webp","contentUrl":"https:\/\/luzdentalcare.com\/wp-content\/uploads\/2025\/05\/Mouth-Rinse-and-Aligner-Cleaning-Foam.webp","width":960,"height":960,"caption":"Mouth Rinse and Aligner Cleaning Foam"},{"@type":"BreadcrumbList","@id":"https:\/\/luzdentalcare.com\/es\/product\/enjuague-bucal-y-espuma-limpiadora-de-alineadores-b2b\/#breadcrumb","itemListElement":[{"@type":"ListItem","position":1,"name":"Home","item":"https:\/\/luzdentalcare.com\/es\/pagina-de-inicio\/"},{"@type":"ListItem","position":2,"name":"Productos","item":"https:\/\/luzdentalcare.com\/productos\/"},{"@type":"ListItem","position":3,"name":"Enjuague bucal y espuma limpiadora de alineadores"}]},{"@type":"WebSite","@id":"https:\/\/luzdentalcare.com\/es\/#website","url":"https:\/\/luzdentalcare.com\/es\/","name":"LUZ Dental Care","description":"Just another WordPress site","publisher":{"@id":"https:\/\/luzdentalcare.com\/es\/#organization"},"potentialAction":[{"@type":"SearchAction","target":{"@type":"EntryPoint","urlTemplate":"https:\/\/luzdentalcare.com\/es\/?s={search_term_string}"},"query-input":{"@type":"PropertyValueSpecification","valueRequired":true,"valueName":"search_term_string"}}],"inLanguage":"es"},{"@type":"Organization","@id":"https:\/\/luzdentalcare.com\/es\/#organization","name":"LUZ Dental Care","url":"https:\/\/luzdentalcare.com\/es\/","logo":{"@type":"ImageObject","inLanguage":"es","@id":"https:\/\/luzdentalcare.com\/es\/#\/schema\/logo\/image\/","url":"https:\/\/luzdentalcare.com\/wp-content\/uploads\/2025\/05\/Logos.webp","contentUrl":"https:\/\/luzdentalcare.com\/wp-content\/uploads\/2025\/05\/Logos.webp","width":184,"height":108,"caption":"LUZ Dental Care"},"image":{"@id":"https:\/\/luzdentalcare.com\/es\/#\/schema\/logo\/image\/"}}]}},"_links":{"self":[{"href":"https:\/\/luzdentalcare.com\/es\/wp-json\/wp\/v2\/product\/1129","targetHints":{"allow":["GET"]}}],"collection":[{"href":"https:\/\/luzdentalcare.com\/es\/wp-json\/wp\/v2\/product"}],"about":[{"href":"https:\/\/luzdentalcare.com\/es\/wp-json\/wp\/v2\/types\/product"}],"replies":[{"embeddable":true,"href":"https:\/\/luzdentalcare.com\/es\/wp-json\/wp\/v2\/comments?post=1129"}],"wp:featuredmedia":[{"embeddable":true,"href":"https:\/\/luzdentalcare.com\/es\/wp-json\/wp\/v2\/media\/677"}],"wp:attachment":[{"href":"https:\/\/luzdentalcare.com\/es\/wp-json\/wp\/v2\/media?parent=1129"}],"wp:term":[{"taxonomy":"product_brand","embeddable":true,"href":"https:\/\/luzdentalcare.com\/es\/wp-json\/wp\/v2\/product_brand?post=1129"},{"taxonomy":"product_cat","embeddable":true,"href":"https:\/\/luzdentalcare.com\/es\/wp-json\/wp\/v2\/product_cat?post=1129"},{"taxonomy":"product_tag","embeddable":true,"href":"https:\/\/luzdentalcare.com\/es\/wp-json\/wp\/v2\/product_tag?post=1129"}],"curies":[{"name":"wp","href":"https:\/\/api.w.org\/{rel}","templated":true}]}}