{"id":1906,"date":"2025-10-07T09:13:20","date_gmt":"2025-10-07T09:13:20","guid":{"rendered":"https:\/\/luzdentalcare.com\/?post_type=product&#038;p=1906"},"modified":"2026-04-07T09:20:44","modified_gmt":"2026-04-07T09:20:44","slug":"rince-bouche-et-mousse-nettoyante-pour-aligneurs","status":"publish","type":"product","link":"https:\/\/luzdentalcare.com\/fr\/product\/rince-bouche-et-mousse-nettoyante-pour-aligneurs\/","title":{"rendered":"Rince-bouche et mousse nettoyante pour aligneurs"},"content":{"rendered":"<p>Notre histoire<\/p>\n<p>Les aligneurs doivent \u00eatre frais et propres, sans mauvais go\u00fbt ni irritation. La mousse bain de bouche L\u016aZ \u00e9limine la plaque dentaire et, utilis\u00e9e avec une brosse sur les aligneurs, elle combat les bact\u00e9ries et garantit une haleine fra\u00eeche, pour que vous vous sentiez en confiance apr\u00e8s chaque repas.<\/p>\n","protected":false},"excerpt":{"rendered":"<p>Notre histoire Les aligneurs doivent \u00eatre frais et propres, sans mauvais go\u00fbt ni irritation. La mousse bain de bouche L\u016aZ \u00e9limine la plaque dentaire et, utilis\u00e9e avec une brosse sur les aligneurs, elle combat les bact\u00e9ries et garantit une haleine fra\u00eeche, pour que vous vous sentiez en confiance apr\u00e8s chaque repas.<\/p>\n","protected":false},"featured_media":672,"comment_status":"closed","ping_status":"closed","template":"","meta":{"_acf_changed":false},"product_brand":[],"product_cat":[132],"product_tag":[],"class_list":{"0":"post-1906","1":"product","2":"type-product","3":"status-publish","4":"has-post-thumbnail","6":"product_cat-b2c","8":"first","9":"instock","10":"shipping-taxable","11":"purchasable","12":"product-type-simple"},"acf":[],"yoast_head":"<!-- This site is optimized with the Yoast SEO plugin v27.3 - https:\/\/yoast.com\/product\/yoast-seo-wordpress\/ -->\n<title>Rince-bouche et mousse nettoyante pour aligneurs - Luz Dental Care<\/title>\n<meta name=\"description\" content=\"Les aligneurs doivent \u00eatre frais et propres, sans mauvais go\u00fbt ni irritation. Le rince-bouche et la mousse L\u016aZ \u00e9liminent la plaque dentaire, combattent les bact\u00e9ries et gardent une haleine fra\u00eeche.\" \/>\n<meta name=\"robots\" content=\"index, follow, max-snippet:-1, max-image-preview:large, max-video-preview:-1\" \/>\n<link rel=\"canonical\" href=\"https:\/\/luzdentalcare.com\/fr\/product\/rince-bouche-et-mousse-nettoyante-pour-aligneurs\/\" \/>\n<meta property=\"og:locale\" content=\"fr_FR\" \/>\n<meta property=\"og:type\" content=\"article\" \/>\n<meta property=\"og:title\" content=\"Rince-bouche et mousse nettoyante pour aligneurs - Luz Dental Care\" \/>\n<meta property=\"og:description\" content=\"Les aligneurs doivent \u00eatre frais et propres, sans mauvais go\u00fbt ni irritation. Le rince-bouche et la mousse L\u016aZ \u00e9liminent la plaque dentaire, combattent les bact\u00e9ries et gardent une haleine fra\u00eeche.\" \/>\n<meta property=\"og:url\" content=\"https:\/\/luzdentalcare.com\/fr\/product\/rince-bouche-et-mousse-nettoyante-pour-aligneurs\/\" \/>\n<meta property=\"og:site_name\" content=\"Luz Dental Care\" \/>\n<meta property=\"article:modified_time\" content=\"2026-04-07T09:20:44+00:00\" \/>\n<meta property=\"og:image\" content=\"https:\/\/luzdentalcare.com\/wp-content\/uploads\/2025\/05\/Mouth-Rinse-and-Aligner-Cleaning-Foam.webp\" \/>\n\t<meta property=\"og:image:width\" content=\"960\" \/>\n\t<meta property=\"og:image:height\" content=\"960\" \/>\n\t<meta property=\"og:image:type\" content=\"image\/webp\" \/>\n<meta name=\"twitter:card\" content=\"summary_large_image\" \/>\n<meta name=\"twitter:label1\" content=\"Dur\u00e9e de lecture estim\u00e9e\" \/>\n\t<meta name=\"twitter:data1\" content=\"1 minute\" \/>\n<script type=\"application\/ld+json\" class=\"yoast-schema-graph\">{\"@context\":\"https:\\\/\\\/schema.org\",\"@graph\":[{\"@type\":\"WebPage\",\"@id\":\"https:\\\/\\\/luzdentalcare.com\\\/fr\\\/product\\\/rince-bouche-et-mousse-nettoyante-pour-aligneurs\\\/\",\"url\":\"https:\\\/\\\/luzdentalcare.com\\\/fr\\\/product\\\/rince-bouche-et-mousse-nettoyante-pour-aligneurs\\\/\",\"name\":\"Rince-bouche et mousse nettoyante pour aligneurs - Luz Dental Care\",\"isPartOf\":{\"@id\":\"https:\\\/\\\/luzdentalcare.com\\\/fr\\\/#website\"},\"primaryImageOfPage\":{\"@id\":\"https:\\\/\\\/luzdentalcare.com\\\/fr\\\/product\\\/rince-bouche-et-mousse-nettoyante-pour-aligneurs\\\/#primaryimage\"},\"image\":{\"@id\":\"https:\\\/\\\/luzdentalcare.com\\\/fr\\\/product\\\/rince-bouche-et-mousse-nettoyante-pour-aligneurs\\\/#primaryimage\"},\"thumbnailUrl\":\"https:\\\/\\\/luzdentalcare.com\\\/wp-content\\\/uploads\\\/2025\\\/05\\\/Mouth-Rinse-and-Aligner-Cleaning-Foam.webp\",\"datePublished\":\"2025-10-07T09:13:20+00:00\",\"dateModified\":\"2026-04-07T09:20:44+00:00\",\"description\":\"Les aligneurs doivent \u00eatre frais et propres, sans mauvais go\u00fbt ni irritation. Le rince-bouche et la mousse L\u016aZ \u00e9liminent la plaque dentaire, combattent les bact\u00e9ries et gardent une haleine fra\u00eeche.\",\"breadcrumb\":{\"@id\":\"https:\\\/\\\/luzdentalcare.com\\\/fr\\\/product\\\/rince-bouche-et-mousse-nettoyante-pour-aligneurs\\\/#breadcrumb\"},\"inLanguage\":\"fr-FR\",\"potentialAction\":[{\"@type\":\"ReadAction\",\"target\":[\"https:\\\/\\\/luzdentalcare.com\\\/fr\\\/product\\\/rince-bouche-et-mousse-nettoyante-pour-aligneurs\\\/\"]}]},{\"@type\":\"ImageObject\",\"inLanguage\":\"fr-FR\",\"@id\":\"https:\\\/\\\/luzdentalcare.com\\\/fr\\\/product\\\/rince-bouche-et-mousse-nettoyante-pour-aligneurs\\\/#primaryimage\",\"url\":\"https:\\\/\\\/luzdentalcare.com\\\/wp-content\\\/uploads\\\/2025\\\/05\\\/Mouth-Rinse-and-Aligner-Cleaning-Foam.webp\",\"contentUrl\":\"https:\\\/\\\/luzdentalcare.com\\\/wp-content\\\/uploads\\\/2025\\\/05\\\/Mouth-Rinse-and-Aligner-Cleaning-Foam.webp\",\"width\":960,\"height\":960,\"caption\":\"Mouth Rinse and Aligner Cleaning Foam\"},{\"@type\":\"BreadcrumbList\",\"@id\":\"https:\\\/\\\/luzdentalcare.com\\\/fr\\\/product\\\/rince-bouche-et-mousse-nettoyante-pour-aligneurs\\\/#breadcrumb\",\"itemListElement\":[{\"@type\":\"ListItem\",\"position\":1,\"name\":\"Home\",\"item\":\"https:\\\/\\\/luzdentalcare.com\\\/fr\\\/page-daccueil\\\/\"},{\"@type\":\"ListItem\",\"position\":2,\"name\":\"Produits\",\"item\":\"https:\\\/\\\/luzdentalcare.com\\\/fr\\\/produits\\\/\"},{\"@type\":\"ListItem\",\"position\":3,\"name\":\"Rince-bouche et mousse nettoyante pour aligneurs\"}]},{\"@type\":\"WebSite\",\"@id\":\"https:\\\/\\\/luzdentalcare.com\\\/fr\\\/#website\",\"url\":\"https:\\\/\\\/luzdentalcare.com\\\/fr\\\/\",\"name\":\"LUZ Dental Care\",\"description\":\"Just another WordPress site\",\"publisher\":{\"@id\":\"https:\\\/\\\/luzdentalcare.com\\\/fr\\\/#organization\"},\"potentialAction\":[{\"@type\":\"SearchAction\",\"target\":{\"@type\":\"EntryPoint\",\"urlTemplate\":\"https:\\\/\\\/luzdentalcare.com\\\/fr\\\/?s={search_term_string}\"},\"query-input\":{\"@type\":\"PropertyValueSpecification\",\"valueRequired\":true,\"valueName\":\"search_term_string\"}}],\"inLanguage\":\"fr-FR\"},{\"@type\":\"Organization\",\"@id\":\"https:\\\/\\\/luzdentalcare.com\\\/fr\\\/#organization\",\"name\":\"LUZ Dental Care\",\"url\":\"https:\\\/\\\/luzdentalcare.com\\\/fr\\\/\",\"logo\":{\"@type\":\"ImageObject\",\"inLanguage\":\"fr-FR\",\"@id\":\"https:\\\/\\\/luzdentalcare.com\\\/fr\\\/#\\\/schema\\\/logo\\\/image\\\/\",\"url\":\"https:\\\/\\\/luzdentalcare.com\\\/wp-content\\\/uploads\\\/2025\\\/05\\\/Logos.webp\",\"contentUrl\":\"https:\\\/\\\/luzdentalcare.com\\\/wp-content\\\/uploads\\\/2025\\\/05\\\/Logos.webp\",\"width\":184,\"height\":108,\"caption\":\"LUZ Dental Care\"},\"image\":{\"@id\":\"https:\\\/\\\/luzdentalcare.com\\\/fr\\\/#\\\/schema\\\/logo\\\/image\\\/\"}}]}<\/script>\n<!-- \/ Yoast SEO plugin. -->","yoast_head_json":{"title":"Rince-bouche et mousse nettoyante pour aligneurs - Luz Dental Care","description":"Les aligneurs doivent \u00eatre frais et propres, sans mauvais go\u00fbt ni irritation. Le rince-bouche et la mousse L\u016aZ \u00e9liminent la plaque dentaire, combattent les bact\u00e9ries et gardent une haleine fra\u00eeche.","robots":{"index":"index","follow":"follow","max-snippet":"max-snippet:-1","max-image-preview":"max-image-preview:large","max-video-preview":"max-video-preview:-1"},"canonical":"https:\/\/luzdentalcare.com\/fr\/product\/rince-bouche-et-mousse-nettoyante-pour-aligneurs\/","og_locale":"fr_FR","og_type":"article","og_title":"Rince-bouche et mousse nettoyante pour aligneurs - Luz Dental Care","og_description":"Les aligneurs doivent \u00eatre frais et propres, sans mauvais go\u00fbt ni irritation. Le rince-bouche et la mousse L\u016aZ \u00e9liminent la plaque dentaire, combattent les bact\u00e9ries et gardent une haleine fra\u00eeche.","og_url":"https:\/\/luzdentalcare.com\/fr\/product\/rince-bouche-et-mousse-nettoyante-pour-aligneurs\/","og_site_name":"Luz Dental Care","article_modified_time":"2026-04-07T09:20:44+00:00","og_image":[{"width":960,"height":960,"url":"https:\/\/luzdentalcare.com\/wp-content\/uploads\/2025\/05\/Mouth-Rinse-and-Aligner-Cleaning-Foam.webp","type":"image\/webp"}],"twitter_card":"summary_large_image","twitter_misc":{"Dur\u00e9e de lecture estim\u00e9e":"1 minute"},"schema":{"@context":"https:\/\/schema.org","@graph":[{"@type":"WebPage","@id":"https:\/\/luzdentalcare.com\/fr\/product\/rince-bouche-et-mousse-nettoyante-pour-aligneurs\/","url":"https:\/\/luzdentalcare.com\/fr\/product\/rince-bouche-et-mousse-nettoyante-pour-aligneurs\/","name":"Rince-bouche et mousse nettoyante pour aligneurs - Luz Dental Care","isPartOf":{"@id":"https:\/\/luzdentalcare.com\/fr\/#website"},"primaryImageOfPage":{"@id":"https:\/\/luzdentalcare.com\/fr\/product\/rince-bouche-et-mousse-nettoyante-pour-aligneurs\/#primaryimage"},"image":{"@id":"https:\/\/luzdentalcare.com\/fr\/product\/rince-bouche-et-mousse-nettoyante-pour-aligneurs\/#primaryimage"},"thumbnailUrl":"https:\/\/luzdentalcare.com\/wp-content\/uploads\/2025\/05\/Mouth-Rinse-and-Aligner-Cleaning-Foam.webp","datePublished":"2025-10-07T09:13:20+00:00","dateModified":"2026-04-07T09:20:44+00:00","description":"Les aligneurs doivent \u00eatre frais et propres, sans mauvais go\u00fbt ni irritation. Le rince-bouche et la mousse L\u016aZ \u00e9liminent la plaque dentaire, combattent les bact\u00e9ries et gardent une haleine fra\u00eeche.","breadcrumb":{"@id":"https:\/\/luzdentalcare.com\/fr\/product\/rince-bouche-et-mousse-nettoyante-pour-aligneurs\/#breadcrumb"},"inLanguage":"fr-FR","potentialAction":[{"@type":"ReadAction","target":["https:\/\/luzdentalcare.com\/fr\/product\/rince-bouche-et-mousse-nettoyante-pour-aligneurs\/"]}]},{"@type":"ImageObject","inLanguage":"fr-FR","@id":"https:\/\/luzdentalcare.com\/fr\/product\/rince-bouche-et-mousse-nettoyante-pour-aligneurs\/#primaryimage","url":"https:\/\/luzdentalcare.com\/wp-content\/uploads\/2025\/05\/Mouth-Rinse-and-Aligner-Cleaning-Foam.webp","contentUrl":"https:\/\/luzdentalcare.com\/wp-content\/uploads\/2025\/05\/Mouth-Rinse-and-Aligner-Cleaning-Foam.webp","width":960,"height":960,"caption":"Mouth Rinse and Aligner Cleaning Foam"},{"@type":"BreadcrumbList","@id":"https:\/\/luzdentalcare.com\/fr\/product\/rince-bouche-et-mousse-nettoyante-pour-aligneurs\/#breadcrumb","itemListElement":[{"@type":"ListItem","position":1,"name":"Home","item":"https:\/\/luzdentalcare.com\/fr\/page-daccueil\/"},{"@type":"ListItem","position":2,"name":"Produits","item":"https:\/\/luzdentalcare.com\/fr\/produits\/"},{"@type":"ListItem","position":3,"name":"Rince-bouche et mousse nettoyante pour aligneurs"}]},{"@type":"WebSite","@id":"https:\/\/luzdentalcare.com\/fr\/#website","url":"https:\/\/luzdentalcare.com\/fr\/","name":"LUZ Dental Care","description":"Just another WordPress site","publisher":{"@id":"https:\/\/luzdentalcare.com\/fr\/#organization"},"potentialAction":[{"@type":"SearchAction","target":{"@type":"EntryPoint","urlTemplate":"https:\/\/luzdentalcare.com\/fr\/?s={search_term_string}"},"query-input":{"@type":"PropertyValueSpecification","valueRequired":true,"valueName":"search_term_string"}}],"inLanguage":"fr-FR"},{"@type":"Organization","@id":"https:\/\/luzdentalcare.com\/fr\/#organization","name":"LUZ Dental Care","url":"https:\/\/luzdentalcare.com\/fr\/","logo":{"@type":"ImageObject","inLanguage":"fr-FR","@id":"https:\/\/luzdentalcare.com\/fr\/#\/schema\/logo\/image\/","url":"https:\/\/luzdentalcare.com\/wp-content\/uploads\/2025\/05\/Logos.webp","contentUrl":"https:\/\/luzdentalcare.com\/wp-content\/uploads\/2025\/05\/Logos.webp","width":184,"height":108,"caption":"LUZ Dental Care"},"image":{"@id":"https:\/\/luzdentalcare.com\/fr\/#\/schema\/logo\/image\/"}}]}},"_links":{"self":[{"href":"https:\/\/luzdentalcare.com\/fr\/wp-json\/wp\/v2\/product\/1906","targetHints":{"allow":["GET"]}}],"collection":[{"href":"https:\/\/luzdentalcare.com\/fr\/wp-json\/wp\/v2\/product"}],"about":[{"href":"https:\/\/luzdentalcare.com\/fr\/wp-json\/wp\/v2\/types\/product"}],"replies":[{"embeddable":true,"href":"https:\/\/luzdentalcare.com\/fr\/wp-json\/wp\/v2\/comments?post=1906"}],"wp:featuredmedia":[{"embeddable":true,"href":"https:\/\/luzdentalcare.com\/fr\/wp-json\/wp\/v2\/media\/672"}],"wp:attachment":[{"href":"https:\/\/luzdentalcare.com\/fr\/wp-json\/wp\/v2\/media?parent=1906"}],"wp:term":[{"taxonomy":"product_brand","embeddable":true,"href":"https:\/\/luzdentalcare.com\/fr\/wp-json\/wp\/v2\/product_brand?post=1906"},{"taxonomy":"product_cat","embeddable":true,"href":"https:\/\/luzdentalcare.com\/fr\/wp-json\/wp\/v2\/product_cat?post=1906"},{"taxonomy":"product_tag","embeddable":true,"href":"https:\/\/luzdentalcare.com\/fr\/wp-json\/wp\/v2\/product_tag?post=1906"}],"curies":[{"name":"wp","href":"https:\/\/api.w.org\/{rel}","templated":true}]}}