{"id":1382,"date":"2025-05-21T04:46:45","date_gmt":"2025-05-21T04:46:45","guid":{"rendered":"https:\/\/luzdentalcare.com\/fiokom\/"},"modified":"2025-06-19T02:29:34","modified_gmt":"2025-06-19T02:29:34","slug":"fiokom","status":"publish","type":"page","link":"https:\/\/luzdentalcare.com\/hu\/fiokom\/","title":{"rendered":"Fi\u00f3kom"},"content":{"rendered":"\t\t<div data-elementor-type=\"wp-page\" data-elementor-id=\"1382\" class=\"elementor elementor-1382 elementor-16\" data-elementor-post-type=\"page\">\n\t\t\t\t<div class=\"elementor-element elementor-element-0da77b6 e-flex e-con-boxed e-con e-parent\" data-id=\"0da77b6\" data-element_type=\"container\" data-e-type=\"container\">\n\t\t\t\t\t<div class=\"e-con-inner\">\n\t\t\t\t<div class=\"elementor-element elementor-element-bba14cb mi-my-account e-my-account-tabs-vertical elementor-widget elementor-widget-woocommerce-my-account\" data-id=\"bba14cb\" data-element_type=\"widget\" data-e-type=\"widget\" data-widget_type=\"woocommerce-my-account.default\">\n\t\t\t\t<div class=\"elementor-widget-container\">\n\t\t\t\t\t<div class=\"e-my-account-tab e-my-account-tab__ \">\t\t\t<div class=\"woocommerce\"><div class=\"woocommerce-notices-wrapper\"><\/div>\n\n  <div class=\"customer-auth-form-container\">\n    <div class=\"u-columns col2-set\" id=\"customer_login\">\n\n      <div class=\"u-column1 col-1\">\n\n      \n      <div class=\"login-form-container\">\n        <form class=\"woocommerce-form woocommerce-form-login login\" method=\"post\">\n          <h1>Login to Your Account<\/h1>\n\n          \n          <p class=\"woocommerce-form-row woocommerce-form-row--wide form-row form-row-wide\">\n            <label for=\"username\">E-mail c\u00edm&nbsp;<span class=\"required\">*<\/span><\/label>\n            <input type=\"text\" class=\"woocommerce-Input woocommerce-Input--text input-text\" name=\"username\" id=\"username\" placeholder=\"user@mail.com\" autocomplete=\"username\" value=\"\" \/>          <\/p>\n          <p class=\"woocommerce-form-row woocommerce-form-row--wide form-row form-row-wide\">\n            <label for=\"password\">Jelsz\u00f3&nbsp;<span class=\"required\">*<\/span><\/label>\n            <input class=\"woocommerce-Input woocommerce-Input--text input-text\" type=\"password\" name=\"password\" id=\"password\" placeholder=\"**************\" autocomplete=\"current-password\" \/>\n          <\/p>\n\n          <div class=\"cf-turnstile-wrap\" style=\"padding:10px 0 10px 0\"><div id=\"woo_recaptcha_1\" class=\"cf-turnstile aios-wc-captcha\" data-sitekey=\"0x4AAAAAABADL6FMub2mc-IQ\" data-theme=\"auto\"><\/div><\/div>\n          <div class=\"form-row form-row-remember\">\n            <div class=\"form-row-remember-item\">\n              <label class=\"woocommerce-form__label woocommerce-form__label-for-checkbox woocommerce-form-login__rememberme\">\n                <input class=\"woocommerce-form__input woocommerce-form__input-checkbox\" name=\"rememberme\" type=\"checkbox\" id=\"rememberme\" value=\"forever\" \/>\n                <span>Eml\u00e9kezz r\u00e1m<\/span>\n              <\/label>\n            <\/div>\n            <input type=\"hidden\" id=\"woocommerce-login-nonce\" name=\"woocommerce-login-nonce\" value=\"15c60899f5\" \/><input type=\"hidden\" name=\"_wp_http_referer\" value=\"\/hu\/wp-json\/wp\/v2\/pages\/1382\" \/>            <div class=\"form-row-remember-item\">\n              <p class=\"woocommerce-LostPassword lost_password\">\n                <a href=\"https:\/\/luzdentalcare.com\/hu\/fiokom\/lost-password\/\">Forgot password?<\/a>\n              <\/p>\n            <\/div>\n          <\/div>\n          <div class=\"form-submit-btn\">\n            <button type=\"submit\" class=\"woocommerce-button button woocommerce-form-login__submit\" name=\"login\" value=\"Bel\u00e9p\u00e9s\">Bel\u00e9p\u00e9s<\/button>\n          <\/div>\n          <div class=\"wrapper-link-register\">\n            <p>Don't have an account? <a href=\"https:\/\/luzdentalcare.com\/hu\/register\/\">Register now<\/a><\/p>\n          <\/div>\n\n\n          \n        <\/form>\n      <\/div>\n\n      \n      <\/div>\n\n      <div class=\"u-column2 col-2\">\n\n        <div class=\"register-form-container\">\n          <form method=\"post\" class=\"woocommerce-form woocommerce-form-register register\" >\n\n            <h2>Registration<\/h2>\n\n            \n            \n            <p class=\"woocommerce-form-row woocommerce-form-row--wide form-row form-row-wide\">\n              <label for=\"reg_email\">E-mail c\u00edm&nbsp;<span class=\"required\">*<\/span><\/label>\n              <input type=\"email\" class=\"woocommerce-Input woocommerce-Input--text input-text\" name=\"email\" id=\"reg_email\" placeholder=\"user@mail.com\" autocomplete=\"email\" value=\"\" \/>            <\/p>\n\n            \n              <p>Regisztr\u00e1ci\u00f3val a fi\u00f3k l\u00e9trej\u00f6n \u00e9s email-ben elk\u00fcldj\u00fck a linket, amivel be\u00e1ll\u00edthat\u00f3 a jelsz\u00f3.              <\/p>\n\n            \n            <div class=\"cf-turnstile-wrap\" style=\"padding:10px 0 10px 0\"><div id=\"woo_recaptcha_2\" class=\"cf-turnstile aios-wc-captcha\" data-sitekey=\"0x4AAAAAABADL6FMub2mc-IQ\" data-theme=\"auto\"><\/div><\/div><wc-order-attribution-inputs><\/wc-order-attribution-inputs><div class=\"woocommerce-privacy-policy-text\"><p>Your personal data will be used to support your experience throughout this website, to manage access to your account, and for other purposes described in our <a href=\"https:\/\/luzdentalcare.com\/privacy-policy\/\" class=\"woocommerce-privacy-policy-link\" target=\"_blank\">Adatkezel\u00e9si t\u00e1j\u00e9koztat\u00f3<\/a>.<\/p>\n<\/div>\n            <p class=\"woocommerce-form-row form-row\">\n              <input type=\"hidden\" id=\"woocommerce-register-nonce\" name=\"woocommerce-register-nonce\" value=\"b4aa995645\" \/><input type=\"hidden\" name=\"_wp_http_referer\" value=\"\/hu\/wp-json\/wp\/v2\/pages\/1382\" \/>              <button type=\"submit\" class=\"woocommerce-Button woocommerce-button button woocommerce-form-register__submit\" name=\"register\" value=\"Regisztr\u00e1ci\u00f3\">Regisztr\u00e1ci\u00f3<\/button>\n            <\/p>\n\n            <div class=\"wrapper-link-login\">\n              <p>Already have an account? <a href=\"https:\/\/luzdentalcare.com\/hu\/fiokom\/\">Login now<\/a><\/p>\n            <\/div>\n\n            \n          <\/form>\n        <\/div>\n\n      <\/div>\n\n    <\/div>\n  <\/div>\n\n<\/div>\t\t<\/div>\n\t\t\t\t\t\t<\/div>\n\t\t\t\t<\/div>\n\t\t\t\t\t<\/div>\n\t\t\t\t<\/div>\n\t\t\t\t<\/div>\n\t\t","protected":false},"excerpt":{"rendered":"","protected":false},"author":1,"featured_media":0,"parent":0,"menu_order":0,"comment_status":"closed","ping_status":"closed","template":"elementor_header_footer","meta":{"_acf_changed":false,"footnotes":""},"class_list":["post-1382","page","type-page","status-publish","hentry"],"acf":[],"yoast_head":"<!-- This site is optimized with the Yoast SEO plugin v27.3 - https:\/\/yoast.com\/product\/yoast-seo-wordpress\/ -->\n<title>Fi\u00f3kom - Luz Dental Care<\/title>\n<meta name=\"robots\" content=\"index, follow, max-snippet:-1, max-image-preview:large, max-video-preview:-1\" \/>\n<link rel=\"canonical\" href=\"https:\/\/luzdentalcare.com\/hu\/fiokom\/\" \/>\n<meta property=\"og:locale\" content=\"hu_HU\" \/>\n<meta property=\"og:type\" content=\"article\" \/>\n<meta property=\"og:title\" content=\"Fi\u00f3kom - Luz Dental Care\" \/>\n<meta property=\"og:url\" content=\"https:\/\/luzdentalcare.com\/hu\/fiokom\/\" \/>\n<meta property=\"og:site_name\" content=\"Luz Dental Care\" \/>\n<meta property=\"article:modified_time\" content=\"2025-06-19T02:29:34+00:00\" \/>\n<meta name=\"twitter:card\" content=\"summary_large_image\" \/>\n<script type=\"application\/ld+json\" class=\"yoast-schema-graph\">{\"@context\":\"https:\\\/\\\/schema.org\",\"@graph\":[{\"@type\":\"WebPage\",\"@id\":\"https:\\\/\\\/luzdentalcare.com\\\/hu\\\/fiokom\\\/\",\"url\":\"https:\\\/\\\/luzdentalcare.com\\\/hu\\\/fiokom\\\/\",\"name\":\"Fi\u00f3kom - Luz Dental Care\",\"isPartOf\":{\"@id\":\"https:\\\/\\\/luzdentalcare.com\\\/hu\\\/#website\"},\"datePublished\":\"2025-05-21T04:46:45+00:00\",\"dateModified\":\"2025-06-19T02:29:34+00:00\",\"breadcrumb\":{\"@id\":\"https:\\\/\\\/luzdentalcare.com\\\/hu\\\/fiokom\\\/#breadcrumb\"},\"inLanguage\":\"hu\",\"potentialAction\":[{\"@type\":\"ReadAction\",\"target\":[\"https:\\\/\\\/luzdentalcare.com\\\/hu\\\/fiokom\\\/\"]}]},{\"@type\":\"BreadcrumbList\",\"@id\":\"https:\\\/\\\/luzdentalcare.com\\\/hu\\\/fiokom\\\/#breadcrumb\",\"itemListElement\":[{\"@type\":\"ListItem\",\"position\":1,\"name\":\"Home\",\"item\":\"https:\\\/\\\/luzdentalcare.com\\\/hu\\\/fooldal\\\/\"},{\"@type\":\"ListItem\",\"position\":2,\"name\":\"Fi\u00f3kom\"}]},{\"@type\":\"WebSite\",\"@id\":\"https:\\\/\\\/luzdentalcare.com\\\/hu\\\/#website\",\"url\":\"https:\\\/\\\/luzdentalcare.com\\\/hu\\\/\",\"name\":\"LUZ Dental Care\",\"description\":\"Just another WordPress site\",\"publisher\":{\"@id\":\"https:\\\/\\\/luzdentalcare.com\\\/hu\\\/#organization\"},\"potentialAction\":[{\"@type\":\"SearchAction\",\"target\":{\"@type\":\"EntryPoint\",\"urlTemplate\":\"https:\\\/\\\/luzdentalcare.com\\\/hu\\\/?s={search_term_string}\"},\"query-input\":{\"@type\":\"PropertyValueSpecification\",\"valueRequired\":true,\"valueName\":\"search_term_string\"}}],\"inLanguage\":\"hu\"},{\"@type\":\"Organization\",\"@id\":\"https:\\\/\\\/luzdentalcare.com\\\/hu\\\/#organization\",\"name\":\"LUZ Dental Care\",\"url\":\"https:\\\/\\\/luzdentalcare.com\\\/hu\\\/\",\"logo\":{\"@type\":\"ImageObject\",\"inLanguage\":\"hu\",\"@id\":\"https:\\\/\\\/luzdentalcare.com\\\/hu\\\/#\\\/schema\\\/logo\\\/image\\\/\",\"url\":\"https:\\\/\\\/luzdentalcare.com\\\/wp-content\\\/uploads\\\/2025\\\/05\\\/Logos.webp\",\"contentUrl\":\"https:\\\/\\\/luzdentalcare.com\\\/wp-content\\\/uploads\\\/2025\\\/05\\\/Logos.webp\",\"width\":184,\"height\":108,\"caption\":\"LUZ Dental Care\"},\"image\":{\"@id\":\"https:\\\/\\\/luzdentalcare.com\\\/hu\\\/#\\\/schema\\\/logo\\\/image\\\/\"}}]}<\/script>\n<!-- \/ Yoast SEO plugin. -->","yoast_head_json":{"title":"Fi\u00f3kom - Luz Dental Care","robots":{"index":"index","follow":"follow","max-snippet":"max-snippet:-1","max-image-preview":"max-image-preview:large","max-video-preview":"max-video-preview:-1"},"canonical":"https:\/\/luzdentalcare.com\/hu\/fiokom\/","og_locale":"hu_HU","og_type":"article","og_title":"Fi\u00f3kom - Luz Dental Care","og_url":"https:\/\/luzdentalcare.com\/hu\/fiokom\/","og_site_name":"Luz Dental Care","article_modified_time":"2025-06-19T02:29:34+00:00","twitter_card":"summary_large_image","schema":{"@context":"https:\/\/schema.org","@graph":[{"@type":"WebPage","@id":"https:\/\/luzdentalcare.com\/hu\/fiokom\/","url":"https:\/\/luzdentalcare.com\/hu\/fiokom\/","name":"Fi\u00f3kom - Luz Dental Care","isPartOf":{"@id":"https:\/\/luzdentalcare.com\/hu\/#website"},"datePublished":"2025-05-21T04:46:45+00:00","dateModified":"2025-06-19T02:29:34+00:00","breadcrumb":{"@id":"https:\/\/luzdentalcare.com\/hu\/fiokom\/#breadcrumb"},"inLanguage":"hu","potentialAction":[{"@type":"ReadAction","target":["https:\/\/luzdentalcare.com\/hu\/fiokom\/"]}]},{"@type":"BreadcrumbList","@id":"https:\/\/luzdentalcare.com\/hu\/fiokom\/#breadcrumb","itemListElement":[{"@type":"ListItem","position":1,"name":"Home","item":"https:\/\/luzdentalcare.com\/hu\/fooldal\/"},{"@type":"ListItem","position":2,"name":"Fi\u00f3kom"}]},{"@type":"WebSite","@id":"https:\/\/luzdentalcare.com\/hu\/#website","url":"https:\/\/luzdentalcare.com\/hu\/","name":"LUZ Dental Care","description":"Just another WordPress site","publisher":{"@id":"https:\/\/luzdentalcare.com\/hu\/#organization"},"potentialAction":[{"@type":"SearchAction","target":{"@type":"EntryPoint","urlTemplate":"https:\/\/luzdentalcare.com\/hu\/?s={search_term_string}"},"query-input":{"@type":"PropertyValueSpecification","valueRequired":true,"valueName":"search_term_string"}}],"inLanguage":"hu"},{"@type":"Organization","@id":"https:\/\/luzdentalcare.com\/hu\/#organization","name":"LUZ Dental Care","url":"https:\/\/luzdentalcare.com\/hu\/","logo":{"@type":"ImageObject","inLanguage":"hu","@id":"https:\/\/luzdentalcare.com\/hu\/#\/schema\/logo\/image\/","url":"https:\/\/luzdentalcare.com\/wp-content\/uploads\/2025\/05\/Logos.webp","contentUrl":"https:\/\/luzdentalcare.com\/wp-content\/uploads\/2025\/05\/Logos.webp","width":184,"height":108,"caption":"LUZ Dental Care"},"image":{"@id":"https:\/\/luzdentalcare.com\/hu\/#\/schema\/logo\/image\/"}}]}},"_links":{"self":[{"href":"https:\/\/luzdentalcare.com\/hu\/wp-json\/wp\/v2\/pages\/1382","targetHints":{"allow":["GET"]}}],"collection":[{"href":"https:\/\/luzdentalcare.com\/hu\/wp-json\/wp\/v2\/pages"}],"about":[{"href":"https:\/\/luzdentalcare.com\/hu\/wp-json\/wp\/v2\/types\/page"}],"author":[{"embeddable":true,"href":"https:\/\/luzdentalcare.com\/hu\/wp-json\/wp\/v2\/users\/1"}],"replies":[{"embeddable":true,"href":"https:\/\/luzdentalcare.com\/hu\/wp-json\/wp\/v2\/comments?post=1382"}],"version-history":[{"count":1,"href":"https:\/\/luzdentalcare.com\/hu\/wp-json\/wp\/v2\/pages\/1382\/revisions"}],"predecessor-version":[{"id":1383,"href":"https:\/\/luzdentalcare.com\/hu\/wp-json\/wp\/v2\/pages\/1382\/revisions\/1383"}],"wp:attachment":[{"href":"https:\/\/luzdentalcare.com\/hu\/wp-json\/wp\/v2\/media?parent=1382"}],"curies":[{"name":"wp","href":"https:\/\/api.w.org\/{rel}","templated":true}]}}