{"id":1386,"date":"2025-05-21T05:52:35","date_gmt":"2025-05-21T05:52:35","guid":{"rendered":"https:\/\/luzdentalcare.com\/altalanos-szerzodesi-feltetelek\/"},"modified":"2025-10-21T03:24:19","modified_gmt":"2025-10-21T03:24:19","slug":"altalanos-szerzodesi-feltetelek","status":"publish","type":"page","link":"https:\/\/luzdentalcare.com\/hu\/altalanos-szerzodesi-feltetelek\/","title":{"rendered":"Jogi Nyilatkozat"},"content":{"rendered":"\t\t<div data-elementor-type=\"wp-page\" data-elementor-id=\"1386\" class=\"elementor elementor-1386 elementor-75\" data-elementor-post-type=\"page\">\n\t\t\t\t<div class=\"elementor-element elementor-element-e7301aa e-con-full e-flex e-con e-parent\" data-id=\"e7301aa\" data-element_type=\"container\" data-e-type=\"container\" data-settings=\"{&quot;background_background&quot;:&quot;classic&quot;}\">\n\t\t<div class=\"elementor-element elementor-element-5295301 e-con-full e-flex e-con e-child\" data-id=\"5295301\" data-element_type=\"container\" data-e-type=\"container\" data-settings=\"{&quot;background_background&quot;:&quot;classic&quot;}\">\n\t\t\t\t<div class=\"elementor-element elementor-element-95cb004 elementor-hidden-desktop elementor-hidden-tablet elementor-widget elementor-widget-spacer\" data-id=\"95cb004\" data-element_type=\"widget\" data-e-type=\"widget\" data-widget_type=\"spacer.default\">\n\t\t\t\t<div class=\"elementor-widget-container\">\n\t\t\t\t\t\t\t<div class=\"elementor-spacer\">\n\t\t\t<div class=\"elementor-spacer-inner\"><\/div>\n\t\t<\/div>\n\t\t\t\t\t\t<\/div>\n\t\t\t\t<\/div>\n\t\t\t\t<\/div>\n\t\t<div class=\"elementor-element elementor-element-e379de4 e-con-full mi-container-right e-flex e-con e-child\" data-id=\"e379de4\" data-element_type=\"container\" data-e-type=\"container\" id=\"mi-container-right\">\n\t\t<div class=\"elementor-element elementor-element-d7a6f94 e-con-full e-flex e-con e-child\" data-id=\"d7a6f94\" data-element_type=\"container\" data-e-type=\"container\">\n\t\t\t\t<div class=\"elementor-element elementor-element-d332a7c elementor-widget elementor-widget-heading\" data-id=\"d332a7c\" data-element_type=\"widget\" data-e-type=\"widget\" data-widget_type=\"heading.default\">\n\t\t\t\t<div class=\"elementor-widget-container\">\n\t\t\t\t\t<h1 class=\"elementor-heading-title elementor-size-default\">Jogi Nyilatkozat \/ Impresszum <\/h1>\t\t\t\t<\/div>\n\t\t\t\t<\/div>\n\t\t\t\t<\/div>\n\t\t\t\t<\/div>\n\t\t\t\t<\/div>\n\t\t<div class=\"elementor-element elementor-element-2c87cf6 e-flex e-con-boxed e-con e-parent\" data-id=\"2c87cf6\" data-element_type=\"container\" data-e-type=\"container\">\n\t\t\t\t\t<div class=\"e-con-inner\">\n\t\t<div class=\"elementor-element elementor-element-6e8f6fc e-con-full e-flex e-con e-child\" data-id=\"6e8f6fc\" data-element_type=\"container\" data-e-type=\"container\">\n\t\t\t\t<div class=\"elementor-element elementor-element-d488572 elementor-toc--content-ellipsis mi-table-of-content elementor-widget elementor-widget-table-of-contents\" data-id=\"d488572\" data-element_type=\"widget\" data-e-type=\"widget\" data-settings=\"{&quot;container&quot;:&quot;#table-of-content&quot;,&quot;exclude_headings_by_selector&quot;:[],&quot;no_headings_message&quot;:&quot;No headings were found on this page.&quot;,&quot;marker_view&quot;:&quot;bullets&quot;,&quot;icon&quot;:{&quot;value&quot;:&quot;&quot;,&quot;library&quot;:&quot;&quot;},&quot;sticky&quot;:&quot;top&quot;,&quot;sticky_offset&quot;:80,&quot;sticky_parent&quot;:&quot;yes&quot;,&quot;headings_by_tags&quot;:[&quot;h2&quot;,&quot;h3&quot;,&quot;h4&quot;,&quot;h5&quot;,&quot;h6&quot;],&quot;hierarchical_view&quot;:&quot;yes&quot;,&quot;min_height&quot;:{&quot;unit&quot;:&quot;px&quot;,&quot;size&quot;:&quot;&quot;,&quot;sizes&quot;:[]},&quot;min_height_tablet&quot;:{&quot;unit&quot;:&quot;px&quot;,&quot;size&quot;:&quot;&quot;,&quot;sizes&quot;:[]},&quot;min_height_mobile&quot;:{&quot;unit&quot;:&quot;px&quot;,&quot;size&quot;:&quot;&quot;,&quot;sizes&quot;:[]},&quot;sticky_on&quot;:[&quot;desktop&quot;,&quot;tablet&quot;,&quot;mobile&quot;],&quot;sticky_effects_offset&quot;:0,&quot;sticky_anchor_link_offset&quot;:0}\" data-widget_type=\"table-of-contents.default\">\n\t\t\t\t<div class=\"elementor-widget-container\">\n\t\t\t\t\t\t\t\t\t<div id=\"elementor-toc__d488572\" class=\"elementor-toc__body\">\n\t\t\t<div class=\"elementor-toc__spinner-container\">\n\t\t\t\t<svg class=\"elementor-toc__spinner eicon-animation-spin e-font-icon-svg e-eicon-loading\" aria-hidden=\"true\" viewBox=\"0 0 1000 1000\" xmlns=\"http:\/\/www.w3.org\/2000\/svg\"><path d=\"M500 975V858C696 858 858 696 858 500S696 142 500 142 142 304 142 500H25C25 237 238 25 500 25S975 237 975 500 763 975 500 975Z\"><\/path><\/svg>\t\t\t<\/div>\n\t\t<\/div>\n\t\t\t\t\t\t<\/div>\n\t\t\t\t<\/div>\n\t\t\t\t<\/div>\n\t\t<div class=\"elementor-element elementor-element-a081943 e-con-full mi-table-of-content e-flex e-con e-child\" data-id=\"a081943\" data-element_type=\"container\" data-e-type=\"container\" id=\"table-of-content\">\n\t\t<div class=\"elementor-element elementor-element-8ed061f e-con-full e-flex e-con e-child\" data-id=\"8ed061f\" data-element_type=\"container\" data-e-type=\"container\">\n\t\t\t\t<div class=\"elementor-element elementor-element-bc8eb52 elementor-widget elementor-widget-heading\" data-id=\"bc8eb52\" data-element_type=\"widget\" data-e-type=\"widget\" data-widget_type=\"heading.default\">\n\t\t\t\t<div class=\"elementor-widget-container\">\n\t\t\t\t\t<h2 class=\"elementor-heading-title elementor-size-default\"> Weboldal tulajdonosa \/ Tartalom\u00e9rt felel\u0151s:<\/h2>\t\t\t\t<\/div>\n\t\t\t\t<\/div>\n\t\t\t\t<div class=\"elementor-element elementor-element-16a9604 elementor-widget elementor-widget-text-editor\" data-id=\"16a9604\" data-element_type=\"widget\" data-e-type=\"widget\" data-widget_type=\"text-editor.default\">\n\t\t\t\t<div class=\"elementor-widget-container\">\n\t\t\t\t\t\t\t\t\t<p><strong>Weboldal tulajdonosa \/ Tartalom\u00e9rt felel\u0151s:<\/strong><br>Zivile Neverauskiene<br><strong>C\u00e9g neve:<\/strong> MB &#8222;ProOrtho&#8221;<br><strong>C\u00e9gjegyz\u00e9ksz\u00e1m:<\/strong> 307090971<br><strong>Sz\u00e9khely:<\/strong><br>K. Vanag\u0117lio g. 3<br>LT-02102 Vilnius<br>Litv\u00e1nia<br><strong>E-mail:<\/strong> <a href=\"mailto:info@luzdentalcare.com\">info@luzdentalcare.com<\/a><\/p>\t\t\t\t\t\t\t\t<\/div>\n\t\t\t\t<\/div>\n\t\t\t\t<\/div>\n\t\t<div class=\"elementor-element elementor-element-ef27c88 e-con-full e-flex e-con e-child\" data-id=\"ef27c88\" data-element_type=\"container\" data-e-type=\"container\">\n\t\t\t\t<div class=\"elementor-element elementor-element-33c2479 elementor-widget elementor-widget-heading\" data-id=\"33c2479\" data-element_type=\"widget\" data-e-type=\"widget\" data-widget_type=\"heading.default\">\n\t\t\t\t<div class=\"elementor-widget-container\">\n\t\t\t\t\t<h2 class=\"elementor-heading-title elementor-size-default\">Jogi k\u00f6zlem\u00e9ny:<\/h2>\t\t\t\t<\/div>\n\t\t\t\t<\/div>\n\t\t\t\t<div class=\"elementor-element elementor-element-ab256ae elementor-widget elementor-widget-text-editor\" data-id=\"ab256ae\" data-element_type=\"widget\" data-e-type=\"widget\" data-widget_type=\"text-editor.default\">\n\t\t\t\t<div class=\"elementor-widget-container\">\n\t\t\t\t\t\t\t\t\t<p><span style=\"font-weight: 400;\">A LuzDentalCare.com egy online \u00e1ruh\u00e1z, amelyet az MB &#8222;ProOrtho&#8221; \u00fczemeltet. K\u00f6zvetlen \u00e9rt\u00e9kes\u00edt\u00e9st k\u00edn\u00e1lunk Litv\u00e1ni\u00e1ban ezen a weboldalon kereszt\u00fcl. M\u00e1s eur\u00f3pai orsz\u00e1gok v\u00e1s\u00e1rl\u00f3i sz\u00e1m\u00e1ra inform\u00e1ci\u00f3t \u00e9s hivatalos partnereinkhez ir\u00e1ny\u00edt\u00e1st biztos\u00edtunk.<\/span><\/p><p><span style=\"font-weight: 400;\">Felel\u0151s a \u00a7 5 TMG \/ EU e-kereskedelmi ir\u00e1nyelvek szerint: Zivile Neverauskiene<\/span><\/p>\t\t\t\t\t\t\t\t<\/div>\n\t\t\t\t<\/div>\n\t\t\t\t<\/div>\n\t\t<div class=\"elementor-element elementor-element-b0111b1 e-con-full e-flex e-con e-child\" data-id=\"b0111b1\" data-element_type=\"container\" data-e-type=\"container\">\n\t\t\t\t<div class=\"elementor-element elementor-element-7bcc2c2 elementor-widget elementor-widget-heading\" data-id=\"7bcc2c2\" data-element_type=\"widget\" data-e-type=\"widget\" data-widget_type=\"heading.default\">\n\t\t\t\t<div class=\"elementor-widget-container\">\n\t\t\t\t\t<h2 class=\"elementor-heading-title elementor-size-default\">M\u00e1rkatulajdon:<\/h2>\t\t\t\t<\/div>\n\t\t\t\t<\/div>\n\t\t\t\t<div class=\"elementor-element elementor-element-0dc2498 elementor-widget elementor-widget-text-editor\" data-id=\"0dc2498\" data-element_type=\"widget\" data-e-type=\"widget\" data-widget_type=\"text-editor.default\">\n\t\t\t\t<div class=\"elementor-widget-container\">\n\t\t\t\t\t\t\t\t\t<p>A L\u016aZ az Eur\u00f3pai Uni\u00f3 bejegyzett v\u00e9djegye (019141518. sz.).<br>Tulajdonos: \u017divil\u0117 Neverauskien\u0117, Papil\u0117n\u0173 2, 06224 Vilnius, Litv\u00e1nia.<\/p>\t\t\t\t\t\t\t\t<\/div>\n\t\t\t\t<\/div>\n\t\t\t\t<\/div>\n\t\t\t\t<\/div>\n\t\t\t\t\t<\/div>\n\t\t\t\t<\/div>\n\t\t<div class=\"elementor-element elementor-element-82ae458 e-con-full e-flex e-con e-parent\" data-id=\"82ae458\" data-element_type=\"container\" data-e-type=\"container\">\n\t\t\t\t<div class=\"elementor-element elementor-element-234dc75 elementor-widget elementor-widget-template\" data-id=\"234dc75\" data-element_type=\"widget\" data-e-type=\"widget\" data-widget_type=\"template.default\">\n\t\t\t\t<div class=\"elementor-widget-container\">\n\t\t\t\t\t\t\t<div class=\"elementor-template\">\n\t\t\t\t\t<div data-elementor-type=\"container\" data-elementor-id=\"1390\" class=\"elementor elementor-1390 elementor-434 elementor-434\" data-elementor-post-type=\"elementor_library\">\n\t\t\t\t<div class=\"elementor-element elementor-element-7e20149e e-flex e-con-boxed e-con e-parent\" data-id=\"7e20149e\" data-element_type=\"container\" data-e-type=\"container\" data-settings=\"{&quot;background_background&quot;:&quot;classic&quot;}\">\n\t\t\t\t\t<div class=\"e-con-inner\">\n\t\t<div class=\"elementor-element elementor-element-73e89a06 e-con-full e-flex e-con e-child\" data-id=\"73e89a06\" data-element_type=\"container\" data-e-type=\"container\">\n\t\t\t\t<div class=\"elementor-element elementor-element-9b0c39e elementor-headline--style-highlight elementor-widget elementor-widget-animated-headline\" data-id=\"9b0c39e\" data-element_type=\"widget\" data-e-type=\"widget\" data-settings=\"{&quot;marker&quot;:&quot;underline&quot;,&quot;highlighted_text&quot;:&quot;Az \\u00d6n rutinja?&quot;,&quot;headline_style&quot;:&quot;highlight&quot;,&quot;highlight_animation_duration&quot;:1200}\" data-widget_type=\"animated-headline.default\">\n\t\t\t\t<div class=\"elementor-widget-container\">\n\t\t\t\t\t\t\t<h2 class=\"elementor-headline\">\n\t\t\t\t\t<span class=\"elementor-headline-plain-text elementor-headline-text-wrapper\">K\u00e9szen \u00e1ll a felfriss\u00fcl\u00e9sre <\/span>\n\t\t\t\t<span class=\"elementor-headline-dynamic-wrapper elementor-headline-text-wrapper\">\n\t\t\t\t\t<span class=\"elementor-headline-dynamic-text elementor-headline-text-active\">Az \u00d6n rutinja?<\/span>\n\t\t\t\t<\/span>\n\t\t\t\t<\/h2>\n\t\t\t\t\t\t<\/div>\n\t\t\t\t<\/div>\n\t\t\t\t<div class=\"elementor-element elementor-element-4cf744d elementor-widget elementor-widget-text-editor\" data-id=\"4cf744d\" data-element_type=\"widget\" data-e-type=\"widget\" data-widget_type=\"text-editor.default\">\n\t\t\t\t<div class=\"elementor-widget-container\">\n\t\t\t\t\t\t\t\t\t<p>A L\u016aZ Dental Care t\u00f6bb mint egy fogkr\u00e9m \u00e9s tiszt\u00edt\u00f3hab \u2013 ez egy napi rutin a tiszt\u00e1bb sz\u00e1j\u00e9rt, ragyog\u00f3bb mosoly\u00e9rt \u00e9s eg\u00e9szs\u00e9gesebb \u00d6n\u00e9rt. Ak\u00e1r otthon mos fogat, ak\u00e1r \u00fatk\u00f6zben friss\u00edt, tudom\u00e1nyosan megalapozott, egyszer\u0171 megold\u00e1saink megk\u00f6nny\u00edtik, hat\u00e9konyabb\u00e1 \u00e9s \u00e9lvezetesebb\u00e9 teszik a sz\u00e1j\u00e1pol\u00e1st. <\/p>\t\t\t\t\t\t\t\t<\/div>\n\t\t\t\t<\/div>\n\t\t\t\t<div class=\"elementor-element elementor-element-61a3775f elementor-widget elementor-widget-button\" data-id=\"61a3775f\" data-element_type=\"widget\" data-e-type=\"widget\" data-widget_type=\"button.default\">\n\t\t\t\t<div class=\"elementor-widget-container\">\n\t\t\t\t\t\t\t\t\t<div class=\"elementor-button-wrapper\">\n\t\t\t\t\t<a class=\"elementor-button elementor-button-link elementor-size-sm\" href=\"#elementor-action%3Aaction%3Dpopup%3Aopen%26settings%3DeyJpZCI6MTM5OCwidG9nZ2xlIjpmYWxzZX0%3D\">\n\t\t\t\t\t\t<span class=\"elementor-button-content-wrapper\">\n\t\t\t\t\t\t<span class=\"elementor-button-icon\">\n\t\t\t\t<svg xmlns=\"http:\/\/www.w3.org\/2000\/svg\" width=\"20\" height=\"20\" viewBox=\"0 0 20 20\" fill=\"none\"><path d=\"M3.125 10H16.875\" stroke=\"currentColor\" stroke-width=\"1.2\" stroke-linecap=\"round\" stroke-linejoin=\"round\"><\/path><path d=\"M11.25 4.375L16.875 10L11.25 15.625\" stroke=\"currentColor\" stroke-width=\"1.2\" stroke-linecap=\"round\" stroke-linejoin=\"round\"><\/path><\/svg>\t\t\t<\/span>\n\t\t\t\t\t\t\t\t\t<span class=\"elementor-button-text\">L\u00e9pjen kapcsolatba vel\u00fcnk<\/span>\n\t\t\t\t\t<\/span>\n\t\t\t\t\t<\/a>\n\t\t\t\t<\/div>\n\t\t\t\t\t\t\t\t<\/div>\n\t\t\t\t<\/div>\n\t\t\t\t<\/div>\n\t\t\t\t<div class=\"elementor-element elementor-element-28c8ea71 elementor-widget elementor-widget-image\" data-id=\"28c8ea71\" data-element_type=\"widget\" data-e-type=\"widget\" data-widget_type=\"image.default\">\n\t\t\t\t<div class=\"elementor-widget-container\">\n\t\t\t\t\t\t\t\t\t\t\t\t\t\t\t<img fetchpriority=\"high\" decoding=\"async\" width=\"800\" height=\"997\" src=\"https:\/\/luzdentalcare.com\/wp-content\/uploads\/2025\/05\/CTA-822x1024.webp\" class=\"attachment-large size-large wp-image-88\" alt=\"CTA\" srcset=\"https:\/\/luzdentalcare.com\/wp-content\/uploads\/2025\/05\/CTA-822x1024.webp 822w, https:\/\/luzdentalcare.com\/wp-content\/uploads\/2025\/05\/CTA-241x300.webp 241w, https:\/\/luzdentalcare.com\/wp-content\/uploads\/2025\/05\/CTA-768x957.webp 768w, https:\/\/luzdentalcare.com\/wp-content\/uploads\/2025\/05\/CTA-600x747.webp 600w, https:\/\/luzdentalcare.com\/wp-content\/uploads\/2025\/05\/CTA.webp 880w\" sizes=\"(max-width: 800px) 100vw, 800px\" \/>\t\t\t\t\t\t\t\t\t\t\t\t\t\t\t<\/div>\n\t\t\t\t<\/div>\n\t\t\t\t\t<\/div>\n\t\t\t\t<\/div>\n\t\t\t\t<\/div>\n\t\t\t\t<\/div>\n\t\t\t\t\t\t<\/div>\n\t\t\t\t<\/div>\n\t\t\t\t<\/div>\n\t\t\t\t<\/div>\n\t\t","protected":false},"excerpt":{"rendered":"<p>Jogi Nyilatkozat \/ Impresszum Weboldal tulajdonosa \/ Tartalom\u00e9rt felel\u0151s: Weboldal tulajdonosa \/ Tartalom\u00e9rt felel\u0151s:Zivile NeverauskieneC\u00e9g neve: MB &#8222;ProOrtho&#8221;C\u00e9gjegyz\u00e9ksz\u00e1m: 307090971Sz\u00e9khely:K. Vanag\u0117lio g. 3LT-02102 VilniusLitv\u00e1niaE-mail: info@luzdentalcare.com Jogi k\u00f6zlem\u00e9ny: A LuzDentalCare.com egy online \u00e1ruh\u00e1z, amelyet az MB &#8222;ProOrtho&#8221; \u00fczemeltet. K\u00f6zvetlen \u00e9rt\u00e9kes\u00edt\u00e9st k\u00edn\u00e1lunk Litv\u00e1ni\u00e1ban ezen a weboldalon kereszt\u00fcl. M\u00e1s eur\u00f3pai orsz\u00e1gok v\u00e1s\u00e1rl\u00f3i sz\u00e1m\u00e1ra inform\u00e1ci\u00f3t \u00e9s hivatalos partnereinkhez ir\u00e1ny\u00edt\u00e1st biztos\u00edtunk. [&hellip;]<\/p>\n","protected":false},"author":1,"featured_media":0,"parent":0,"menu_order":0,"comment_status":"closed","ping_status":"closed","template":"elementor_header_footer","meta":{"_acf_changed":false,"footnotes":""},"class_list":["post-1386","page","type-page","status-publish","hentry"],"acf":[],"yoast_head":"<!-- This site is optimized with the Yoast SEO plugin v27.3 - https:\/\/yoast.com\/product\/yoast-seo-wordpress\/ -->\n<title>Jogi Nyilatkozat - Luz Dental Care<\/title>\n<meta name=\"robots\" content=\"index, follow, max-snippet:-1, max-image-preview:large, max-video-preview:-1\" \/>\n<link rel=\"canonical\" href=\"https:\/\/luzdentalcare.com\/hu\/altalanos-szerzodesi-feltetelek\/\" \/>\n<meta property=\"og:locale\" content=\"hu_HU\" \/>\n<meta property=\"og:type\" content=\"article\" \/>\n<meta property=\"og:title\" content=\"Jogi Nyilatkozat - Luz Dental Care\" \/>\n<meta property=\"og:description\" content=\"Jogi Nyilatkozat \/ Impresszum Weboldal tulajdonosa \/ Tartalom\u00e9rt felel\u0151s: Weboldal tulajdonosa \/ Tartalom\u00e9rt felel\u0151s:Zivile NeverauskieneC\u00e9g neve: MB &#8222;ProOrtho&#8221;C\u00e9gjegyz\u00e9ksz\u00e1m: 307090971Sz\u00e9khely:K. Vanag\u0117lio g. 3LT-02102 VilniusLitv\u00e1niaE-mail: info@luzdentalcare.com Jogi k\u00f6zlem\u00e9ny: A LuzDentalCare.com egy online \u00e1ruh\u00e1z, amelyet az MB &#8222;ProOrtho&#8221; \u00fczemeltet. K\u00f6zvetlen \u00e9rt\u00e9kes\u00edt\u00e9st k\u00edn\u00e1lunk Litv\u00e1ni\u00e1ban ezen a weboldalon kereszt\u00fcl. M\u00e1s eur\u00f3pai orsz\u00e1gok v\u00e1s\u00e1rl\u00f3i sz\u00e1m\u00e1ra inform\u00e1ci\u00f3t \u00e9s hivatalos partnereinkhez ir\u00e1ny\u00edt\u00e1st biztos\u00edtunk. [&hellip;]\" \/>\n<meta property=\"og:url\" content=\"https:\/\/luzdentalcare.com\/hu\/altalanos-szerzodesi-feltetelek\/\" \/>\n<meta property=\"og:site_name\" content=\"Luz Dental Care\" \/>\n<meta property=\"article:modified_time\" content=\"2025-10-21T03:24:19+00:00\" \/>\n<meta name=\"twitter:card\" content=\"summary_large_image\" \/>\n<meta name=\"twitter:label1\" content=\"Becs\u00fclt olvas\u00e1si id\u0151\" \/>\n\t<meta name=\"twitter:data1\" content=\"1 perc\" \/>\n<script type=\"application\/ld+json\" class=\"yoast-schema-graph\">{\"@context\":\"https:\\\/\\\/schema.org\",\"@graph\":[{\"@type\":\"WebPage\",\"@id\":\"https:\\\/\\\/luzdentalcare.com\\\/hu\\\/altalanos-szerzodesi-feltetelek\\\/\",\"url\":\"https:\\\/\\\/luzdentalcare.com\\\/hu\\\/altalanos-szerzodesi-feltetelek\\\/\",\"name\":\"Jogi Nyilatkozat - Luz Dental Care\",\"isPartOf\":{\"@id\":\"https:\\\/\\\/luzdentalcare.com\\\/hu\\\/#website\"},\"datePublished\":\"2025-05-21T05:52:35+00:00\",\"dateModified\":\"2025-10-21T03:24:19+00:00\",\"breadcrumb\":{\"@id\":\"https:\\\/\\\/luzdentalcare.com\\\/hu\\\/altalanos-szerzodesi-feltetelek\\\/#breadcrumb\"},\"inLanguage\":\"hu\",\"potentialAction\":[{\"@type\":\"ReadAction\",\"target\":[\"https:\\\/\\\/luzdentalcare.com\\\/hu\\\/altalanos-szerzodesi-feltetelek\\\/\"]}]},{\"@type\":\"BreadcrumbList\",\"@id\":\"https:\\\/\\\/luzdentalcare.com\\\/hu\\\/altalanos-szerzodesi-feltetelek\\\/#breadcrumb\",\"itemListElement\":[{\"@type\":\"ListItem\",\"position\":1,\"name\":\"Home\",\"item\":\"https:\\\/\\\/luzdentalcare.com\\\/hu\\\/fooldal\\\/\"},{\"@type\":\"ListItem\",\"position\":2,\"name\":\"Jogi Nyilatkozat\"}]},{\"@type\":\"WebSite\",\"@id\":\"https:\\\/\\\/luzdentalcare.com\\\/hu\\\/#website\",\"url\":\"https:\\\/\\\/luzdentalcare.com\\\/hu\\\/\",\"name\":\"LUZ Dental Care\",\"description\":\"Just another WordPress site\",\"publisher\":{\"@id\":\"https:\\\/\\\/luzdentalcare.com\\\/hu\\\/#organization\"},\"potentialAction\":[{\"@type\":\"SearchAction\",\"target\":{\"@type\":\"EntryPoint\",\"urlTemplate\":\"https:\\\/\\\/luzdentalcare.com\\\/hu\\\/?s={search_term_string}\"},\"query-input\":{\"@type\":\"PropertyValueSpecification\",\"valueRequired\":true,\"valueName\":\"search_term_string\"}}],\"inLanguage\":\"hu\"},{\"@type\":\"Organization\",\"@id\":\"https:\\\/\\\/luzdentalcare.com\\\/hu\\\/#organization\",\"name\":\"LUZ Dental Care\",\"url\":\"https:\\\/\\\/luzdentalcare.com\\\/hu\\\/\",\"logo\":{\"@type\":\"ImageObject\",\"inLanguage\":\"hu\",\"@id\":\"https:\\\/\\\/luzdentalcare.com\\\/hu\\\/#\\\/schema\\\/logo\\\/image\\\/\",\"url\":\"https:\\\/\\\/luzdentalcare.com\\\/wp-content\\\/uploads\\\/2025\\\/05\\\/Logos.webp\",\"contentUrl\":\"https:\\\/\\\/luzdentalcare.com\\\/wp-content\\\/uploads\\\/2025\\\/05\\\/Logos.webp\",\"width\":184,\"height\":108,\"caption\":\"LUZ Dental Care\"},\"image\":{\"@id\":\"https:\\\/\\\/luzdentalcare.com\\\/hu\\\/#\\\/schema\\\/logo\\\/image\\\/\"}}]}<\/script>\n<!-- \/ Yoast SEO plugin. -->","yoast_head_json":{"title":"Jogi Nyilatkozat - Luz Dental Care","robots":{"index":"index","follow":"follow","max-snippet":"max-snippet:-1","max-image-preview":"max-image-preview:large","max-video-preview":"max-video-preview:-1"},"canonical":"https:\/\/luzdentalcare.com\/hu\/altalanos-szerzodesi-feltetelek\/","og_locale":"hu_HU","og_type":"article","og_title":"Jogi Nyilatkozat - Luz Dental Care","og_description":"Jogi Nyilatkozat \/ Impresszum Weboldal tulajdonosa \/ Tartalom\u00e9rt felel\u0151s: Weboldal tulajdonosa \/ Tartalom\u00e9rt felel\u0151s:Zivile NeverauskieneC\u00e9g neve: MB &#8222;ProOrtho&#8221;C\u00e9gjegyz\u00e9ksz\u00e1m: 307090971Sz\u00e9khely:K. Vanag\u0117lio g. 3LT-02102 VilniusLitv\u00e1niaE-mail: info@luzdentalcare.com Jogi k\u00f6zlem\u00e9ny: A LuzDentalCare.com egy online \u00e1ruh\u00e1z, amelyet az MB &#8222;ProOrtho&#8221; \u00fczemeltet. K\u00f6zvetlen \u00e9rt\u00e9kes\u00edt\u00e9st k\u00edn\u00e1lunk Litv\u00e1ni\u00e1ban ezen a weboldalon kereszt\u00fcl. M\u00e1s eur\u00f3pai orsz\u00e1gok v\u00e1s\u00e1rl\u00f3i sz\u00e1m\u00e1ra inform\u00e1ci\u00f3t \u00e9s hivatalos partnereinkhez ir\u00e1ny\u00edt\u00e1st biztos\u00edtunk. [&hellip;]","og_url":"https:\/\/luzdentalcare.com\/hu\/altalanos-szerzodesi-feltetelek\/","og_site_name":"Luz Dental Care","article_modified_time":"2025-10-21T03:24:19+00:00","twitter_card":"summary_large_image","twitter_misc":{"Becs\u00fclt olvas\u00e1si id\u0151":"1 perc"},"schema":{"@context":"https:\/\/schema.org","@graph":[{"@type":"WebPage","@id":"https:\/\/luzdentalcare.com\/hu\/altalanos-szerzodesi-feltetelek\/","url":"https:\/\/luzdentalcare.com\/hu\/altalanos-szerzodesi-feltetelek\/","name":"Jogi Nyilatkozat - Luz Dental Care","isPartOf":{"@id":"https:\/\/luzdentalcare.com\/hu\/#website"},"datePublished":"2025-05-21T05:52:35+00:00","dateModified":"2025-10-21T03:24:19+00:00","breadcrumb":{"@id":"https:\/\/luzdentalcare.com\/hu\/altalanos-szerzodesi-feltetelek\/#breadcrumb"},"inLanguage":"hu","potentialAction":[{"@type":"ReadAction","target":["https:\/\/luzdentalcare.com\/hu\/altalanos-szerzodesi-feltetelek\/"]}]},{"@type":"BreadcrumbList","@id":"https:\/\/luzdentalcare.com\/hu\/altalanos-szerzodesi-feltetelek\/#breadcrumb","itemListElement":[{"@type":"ListItem","position":1,"name":"Home","item":"https:\/\/luzdentalcare.com\/hu\/fooldal\/"},{"@type":"ListItem","position":2,"name":"Jogi Nyilatkozat"}]},{"@type":"WebSite","@id":"https:\/\/luzdentalcare.com\/hu\/#website","url":"https:\/\/luzdentalcare.com\/hu\/","name":"LUZ Dental Care","description":"Just another WordPress site","publisher":{"@id":"https:\/\/luzdentalcare.com\/hu\/#organization"},"potentialAction":[{"@type":"SearchAction","target":{"@type":"EntryPoint","urlTemplate":"https:\/\/luzdentalcare.com\/hu\/?s={search_term_string}"},"query-input":{"@type":"PropertyValueSpecification","valueRequired":true,"valueName":"search_term_string"}}],"inLanguage":"hu"},{"@type":"Organization","@id":"https:\/\/luzdentalcare.com\/hu\/#organization","name":"LUZ Dental Care","url":"https:\/\/luzdentalcare.com\/hu\/","logo":{"@type":"ImageObject","inLanguage":"hu","@id":"https:\/\/luzdentalcare.com\/hu\/#\/schema\/logo\/image\/","url":"https:\/\/luzdentalcare.com\/wp-content\/uploads\/2025\/05\/Logos.webp","contentUrl":"https:\/\/luzdentalcare.com\/wp-content\/uploads\/2025\/05\/Logos.webp","width":184,"height":108,"caption":"LUZ Dental Care"},"image":{"@id":"https:\/\/luzdentalcare.com\/hu\/#\/schema\/logo\/image\/"}}]}},"_links":{"self":[{"href":"https:\/\/luzdentalcare.com\/hu\/wp-json\/wp\/v2\/pages\/1386","targetHints":{"allow":["GET"]}}],"collection":[{"href":"https:\/\/luzdentalcare.com\/hu\/wp-json\/wp\/v2\/pages"}],"about":[{"href":"https:\/\/luzdentalcare.com\/hu\/wp-json\/wp\/v2\/types\/page"}],"author":[{"embeddable":true,"href":"https:\/\/luzdentalcare.com\/hu\/wp-json\/wp\/v2\/users\/1"}],"replies":[{"embeddable":true,"href":"https:\/\/luzdentalcare.com\/hu\/wp-json\/wp\/v2\/comments?post=1386"}],"version-history":[{"count":4,"href":"https:\/\/luzdentalcare.com\/hu\/wp-json\/wp\/v2\/pages\/1386\/revisions"}],"predecessor-version":[{"id":1937,"href":"https:\/\/luzdentalcare.com\/hu\/wp-json\/wp\/v2\/pages\/1386\/revisions\/1937"}],"wp:attachment":[{"href":"https:\/\/luzdentalcare.com\/hu\/wp-json\/wp\/v2\/media?parent=1386"}],"curies":[{"name":"wp","href":"https:\/\/api.w.org\/{rel}","templated":true}]}}