{"id":1586,"date":"2025-05-22T03:06:28","date_gmt":"2025-05-22T03:06:28","guid":{"rendered":"https:\/\/luzdentalcare.com\/product\/fogszabalyzos-fogkrem\/"},"modified":"2026-04-07T09:21:21","modified_gmt":"2026-04-07T09:21:21","slug":"fogszabalyzos-fogkrem-b2b","status":"publish","type":"product","link":"https:\/\/luzdentalcare.com\/hu\/product\/fogszabalyzos-fogkrem-b2b\/","title":{"rendered":"Fogszab\u00e1lyz\u00f3s fogkr\u00e9m"},"content":{"rendered":"<p>A mi t\u00f6rt\u00e9net\u00fcnk<\/p>\n<p>A fogszab\u00e1lyz\u00f3k, alignerek \u00e9s r\u00f6gz\u00edt\u00e9sek n\u00f6velik a fogszuvasod\u00e1s, leped\u00e9k \u00e9s irrit\u00e1ci\u00f3 kock\u00e1zat\u00e1t. A L\u016aZ fogkr\u00e9met kifejezetten fogszab\u00e1lyz\u00f3t visel\u0151k sz\u00e1m\u00e1ra fejlesztett\u00e9k ki \u2013 1448 ppm fluoridot, hidroxiapatitot \u00e9s xilitolt tartalmaz a zom\u00e1nc er\u0151s\u00edt\u00e9s\u00e9re, a szuvasod\u00e1s elleni v\u00e9delemre \u00e9s a friss, tiszta sz\u00e1j\u00e9rzet \u00e9rdek\u00e9ben.<\/p>\n","protected":false},"excerpt":{"rendered":"<p>A mi t\u00f6rt\u00e9net\u00fcnk A fogszab\u00e1lyz\u00f3k, alignerek \u00e9s r\u00f6gz\u00edt\u00e9sek n\u00f6velik a fogszuvasod\u00e1s, leped\u00e9k \u00e9s irrit\u00e1ci\u00f3 kock\u00e1zat\u00e1t. A L\u016aZ fogkr\u00e9met kifejezetten fogszab\u00e1lyz\u00f3t visel\u0151k sz\u00e1m\u00e1ra fejlesztett\u00e9k ki \u2013 1448 ppm fluoridot, hidroxiapatitot \u00e9s xilitolt tartalmaz a zom\u00e1nc er\u0151s\u00edt\u00e9s\u00e9re, a szuvasod\u00e1s elleni v\u00e9delemre \u00e9s a friss, tiszta sz\u00e1j\u00e9rzet \u00e9rdek\u00e9ben.<\/p>\n","protected":false},"featured_media":1587,"comment_status":"closed","ping_status":"closed","template":"","meta":{"_acf_changed":false},"product_brand":[],"product_cat":[128],"product_tag":[],"class_list":{"0":"post-1586","1":"product","2":"type-product","3":"status-publish","4":"has-post-thumbnail","6":"product_cat-b2b","8":"first","9":"instock","10":"shipping-taxable","11":"purchasable","12":"product-type-simple"},"acf":[],"yoast_head":"<!-- This site is optimized with the Yoast SEO plugin v27.3 - https:\/\/yoast.com\/product\/yoast-seo-wordpress\/ -->\n<title>Fogszab\u00e1lyz\u00f3s fogkr\u00e9m - Luz Dental Care<\/title>\n<meta name=\"description\" content=\"A L\u016aZ fogkr\u00e9m 1448 ppm fluoriddal, hidroxiapatittal \u00e9s xilitollal v\u00e9di a fogszab\u00e1lyz\u00f3t visel\u0151ket \u2013 seg\u00edt megel\u0151zni a szuvasod\u00e1st, er\u0151s\u00edti a fogzom\u00e1ncot \u00e9s friss leheletet biztos\u00edt.\" \/>\n<meta name=\"robots\" content=\"index, follow, max-snippet:-1, max-image-preview:large, max-video-preview:-1\" \/>\n<link rel=\"canonical\" href=\"https:\/\/luzdentalcare.com\/hu\/product\/fogszabalyzos-fogkrem-b2b\/\" \/>\n<meta property=\"og:locale\" content=\"hu_HU\" \/>\n<meta property=\"og:type\" content=\"article\" \/>\n<meta property=\"og:title\" content=\"Fogszab\u00e1lyz\u00f3s fogkr\u00e9m - Luz Dental Care\" \/>\n<meta property=\"og:description\" content=\"A L\u016aZ fogkr\u00e9m 1448 ppm fluoriddal, hidroxiapatittal \u00e9s xilitollal v\u00e9di a fogszab\u00e1lyz\u00f3t visel\u0151ket \u2013 seg\u00edt megel\u0151zni a szuvasod\u00e1st, er\u0151s\u00edti a fogzom\u00e1ncot \u00e9s friss leheletet biztos\u00edt.\" \/>\n<meta property=\"og:url\" content=\"https:\/\/luzdentalcare.com\/hu\/product\/fogszabalyzos-fogkrem-b2b\/\" \/>\n<meta property=\"og:site_name\" content=\"Luz Dental Care\" \/>\n<meta property=\"article:modified_time\" content=\"2026-04-07T09:21:21+00:00\" \/>\n<meta property=\"og:image\" content=\"https:\/\/luzdentalcare.com\/wp-content\/uploads\/2025\/05\/Orthodontic-Toothpaste.webp\" \/>\n\t<meta property=\"og:image:width\" content=\"960\" \/>\n\t<meta property=\"og:image:height\" content=\"960\" \/>\n\t<meta property=\"og:image:type\" content=\"image\/webp\" \/>\n<meta name=\"twitter:card\" content=\"summary_large_image\" \/>\n<meta name=\"twitter:label1\" content=\"Becs\u00fclt olvas\u00e1si id\u0151\" \/>\n\t<meta name=\"twitter:data1\" content=\"1 perc\" \/>\n<script type=\"application\/ld+json\" class=\"yoast-schema-graph\">{\"@context\":\"https:\\\/\\\/schema.org\",\"@graph\":[{\"@type\":\"WebPage\",\"@id\":\"https:\\\/\\\/luzdentalcare.com\\\/hu\\\/product\\\/fogszabalyzos-fogkrem-b2b\\\/\",\"url\":\"https:\\\/\\\/luzdentalcare.com\\\/hu\\\/product\\\/fogszabalyzos-fogkrem-b2b\\\/\",\"name\":\"Fogszab\u00e1lyz\u00f3s fogkr\u00e9m - Luz Dental Care\",\"isPartOf\":{\"@id\":\"https:\\\/\\\/luzdentalcare.com\\\/hu\\\/#website\"},\"primaryImageOfPage\":{\"@id\":\"https:\\\/\\\/luzdentalcare.com\\\/hu\\\/product\\\/fogszabalyzos-fogkrem-b2b\\\/#primaryimage\"},\"image\":{\"@id\":\"https:\\\/\\\/luzdentalcare.com\\\/hu\\\/product\\\/fogszabalyzos-fogkrem-b2b\\\/#primaryimage\"},\"thumbnailUrl\":\"https:\\\/\\\/luzdentalcare.com\\\/wp-content\\\/uploads\\\/2025\\\/05\\\/Orthodontic-Toothpaste.webp\",\"datePublished\":\"2025-05-22T03:06:28+00:00\",\"dateModified\":\"2026-04-07T09:21:21+00:00\",\"description\":\"A L\u016aZ fogkr\u00e9m 1448 ppm fluoriddal, hidroxiapatittal \u00e9s xilitollal v\u00e9di a fogszab\u00e1lyz\u00f3t visel\u0151ket \u2013 seg\u00edt megel\u0151zni a szuvasod\u00e1st, er\u0151s\u00edti a fogzom\u00e1ncot \u00e9s friss leheletet biztos\u00edt.\",\"breadcrumb\":{\"@id\":\"https:\\\/\\\/luzdentalcare.com\\\/hu\\\/product\\\/fogszabalyzos-fogkrem-b2b\\\/#breadcrumb\"},\"inLanguage\":\"hu\",\"potentialAction\":[{\"@type\":\"ReadAction\",\"target\":[\"https:\\\/\\\/luzdentalcare.com\\\/hu\\\/product\\\/fogszabalyzos-fogkrem-b2b\\\/\"]}]},{\"@type\":\"ImageObject\",\"inLanguage\":\"hu\",\"@id\":\"https:\\\/\\\/luzdentalcare.com\\\/hu\\\/product\\\/fogszabalyzos-fogkrem-b2b\\\/#primaryimage\",\"url\":\"https:\\\/\\\/luzdentalcare.com\\\/wp-content\\\/uploads\\\/2025\\\/05\\\/Orthodontic-Toothpaste.webp\",\"contentUrl\":\"https:\\\/\\\/luzdentalcare.com\\\/wp-content\\\/uploads\\\/2025\\\/05\\\/Orthodontic-Toothpaste.webp\",\"width\":960,\"height\":960,\"caption\":\"Orthodontic Toothpaste\"},{\"@type\":\"BreadcrumbList\",\"@id\":\"https:\\\/\\\/luzdentalcare.com\\\/hu\\\/product\\\/fogszabalyzos-fogkrem-b2b\\\/#breadcrumb\",\"itemListElement\":[{\"@type\":\"ListItem\",\"position\":1,\"name\":\"Home\",\"item\":\"https:\\\/\\\/luzdentalcare.com\\\/hu\\\/fooldal\\\/\"},{\"@type\":\"ListItem\",\"position\":2,\"name\":\"Term\u00e9kek\",\"item\":\"https:\\\/\\\/luzdentalcare.com\\\/hu\\\/termekek\\\/\"},{\"@type\":\"ListItem\",\"position\":3,\"name\":\"Fogszab\u00e1lyz\u00f3s fogkr\u00e9m\"}]},{\"@type\":\"WebSite\",\"@id\":\"https:\\\/\\\/luzdentalcare.com\\\/hu\\\/#website\",\"url\":\"https:\\\/\\\/luzdentalcare.com\\\/hu\\\/\",\"name\":\"LUZ Dental Care\",\"description\":\"Just another WordPress site\",\"publisher\":{\"@id\":\"https:\\\/\\\/luzdentalcare.com\\\/hu\\\/#organization\"},\"potentialAction\":[{\"@type\":\"SearchAction\",\"target\":{\"@type\":\"EntryPoint\",\"urlTemplate\":\"https:\\\/\\\/luzdentalcare.com\\\/hu\\\/?s={search_term_string}\"},\"query-input\":{\"@type\":\"PropertyValueSpecification\",\"valueRequired\":true,\"valueName\":\"search_term_string\"}}],\"inLanguage\":\"hu\"},{\"@type\":\"Organization\",\"@id\":\"https:\\\/\\\/luzdentalcare.com\\\/hu\\\/#organization\",\"name\":\"LUZ Dental Care\",\"url\":\"https:\\\/\\\/luzdentalcare.com\\\/hu\\\/\",\"logo\":{\"@type\":\"ImageObject\",\"inLanguage\":\"hu\",\"@id\":\"https:\\\/\\\/luzdentalcare.com\\\/hu\\\/#\\\/schema\\\/logo\\\/image\\\/\",\"url\":\"https:\\\/\\\/luzdentalcare.com\\\/wp-content\\\/uploads\\\/2025\\\/05\\\/Logos.webp\",\"contentUrl\":\"https:\\\/\\\/luzdentalcare.com\\\/wp-content\\\/uploads\\\/2025\\\/05\\\/Logos.webp\",\"width\":184,\"height\":108,\"caption\":\"LUZ Dental Care\"},\"image\":{\"@id\":\"https:\\\/\\\/luzdentalcare.com\\\/hu\\\/#\\\/schema\\\/logo\\\/image\\\/\"}}]}<\/script>\n<!-- \/ Yoast SEO plugin. -->","yoast_head_json":{"title":"Fogszab\u00e1lyz\u00f3s fogkr\u00e9m - Luz Dental Care","description":"A L\u016aZ fogkr\u00e9m 1448 ppm fluoriddal, hidroxiapatittal \u00e9s xilitollal v\u00e9di a fogszab\u00e1lyz\u00f3t visel\u0151ket \u2013 seg\u00edt megel\u0151zni a szuvasod\u00e1st, er\u0151s\u00edti a fogzom\u00e1ncot \u00e9s friss leheletet biztos\u00edt.","robots":{"index":"index","follow":"follow","max-snippet":"max-snippet:-1","max-image-preview":"max-image-preview:large","max-video-preview":"max-video-preview:-1"},"canonical":"https:\/\/luzdentalcare.com\/hu\/product\/fogszabalyzos-fogkrem-b2b\/","og_locale":"hu_HU","og_type":"article","og_title":"Fogszab\u00e1lyz\u00f3s fogkr\u00e9m - Luz Dental Care","og_description":"A L\u016aZ fogkr\u00e9m 1448 ppm fluoriddal, hidroxiapatittal \u00e9s xilitollal v\u00e9di a fogszab\u00e1lyz\u00f3t visel\u0151ket \u2013 seg\u00edt megel\u0151zni a szuvasod\u00e1st, er\u0151s\u00edti a fogzom\u00e1ncot \u00e9s friss leheletet biztos\u00edt.","og_url":"https:\/\/luzdentalcare.com\/hu\/product\/fogszabalyzos-fogkrem-b2b\/","og_site_name":"Luz Dental Care","article_modified_time":"2026-04-07T09:21:21+00:00","og_image":[{"width":960,"height":960,"url":"https:\/\/luzdentalcare.com\/wp-content\/uploads\/2025\/05\/Orthodontic-Toothpaste.webp","type":"image\/webp"}],"twitter_card":"summary_large_image","twitter_misc":{"Becs\u00fclt olvas\u00e1si id\u0151":"1 perc"},"schema":{"@context":"https:\/\/schema.org","@graph":[{"@type":"WebPage","@id":"https:\/\/luzdentalcare.com\/hu\/product\/fogszabalyzos-fogkrem-b2b\/","url":"https:\/\/luzdentalcare.com\/hu\/product\/fogszabalyzos-fogkrem-b2b\/","name":"Fogszab\u00e1lyz\u00f3s fogkr\u00e9m - Luz Dental Care","isPartOf":{"@id":"https:\/\/luzdentalcare.com\/hu\/#website"},"primaryImageOfPage":{"@id":"https:\/\/luzdentalcare.com\/hu\/product\/fogszabalyzos-fogkrem-b2b\/#primaryimage"},"image":{"@id":"https:\/\/luzdentalcare.com\/hu\/product\/fogszabalyzos-fogkrem-b2b\/#primaryimage"},"thumbnailUrl":"https:\/\/luzdentalcare.com\/wp-content\/uploads\/2025\/05\/Orthodontic-Toothpaste.webp","datePublished":"2025-05-22T03:06:28+00:00","dateModified":"2026-04-07T09:21:21+00:00","description":"A L\u016aZ fogkr\u00e9m 1448 ppm fluoriddal, hidroxiapatittal \u00e9s xilitollal v\u00e9di a fogszab\u00e1lyz\u00f3t visel\u0151ket \u2013 seg\u00edt megel\u0151zni a szuvasod\u00e1st, er\u0151s\u00edti a fogzom\u00e1ncot \u00e9s friss leheletet biztos\u00edt.","breadcrumb":{"@id":"https:\/\/luzdentalcare.com\/hu\/product\/fogszabalyzos-fogkrem-b2b\/#breadcrumb"},"inLanguage":"hu","potentialAction":[{"@type":"ReadAction","target":["https:\/\/luzdentalcare.com\/hu\/product\/fogszabalyzos-fogkrem-b2b\/"]}]},{"@type":"ImageObject","inLanguage":"hu","@id":"https:\/\/luzdentalcare.com\/hu\/product\/fogszabalyzos-fogkrem-b2b\/#primaryimage","url":"https:\/\/luzdentalcare.com\/wp-content\/uploads\/2025\/05\/Orthodontic-Toothpaste.webp","contentUrl":"https:\/\/luzdentalcare.com\/wp-content\/uploads\/2025\/05\/Orthodontic-Toothpaste.webp","width":960,"height":960,"caption":"Orthodontic Toothpaste"},{"@type":"BreadcrumbList","@id":"https:\/\/luzdentalcare.com\/hu\/product\/fogszabalyzos-fogkrem-b2b\/#breadcrumb","itemListElement":[{"@type":"ListItem","position":1,"name":"Home","item":"https:\/\/luzdentalcare.com\/hu\/fooldal\/"},{"@type":"ListItem","position":2,"name":"Term\u00e9kek","item":"https:\/\/luzdentalcare.com\/hu\/termekek\/"},{"@type":"ListItem","position":3,"name":"Fogszab\u00e1lyz\u00f3s fogkr\u00e9m"}]},{"@type":"WebSite","@id":"https:\/\/luzdentalcare.com\/hu\/#website","url":"https:\/\/luzdentalcare.com\/hu\/","name":"LUZ Dental Care","description":"Just another WordPress site","publisher":{"@id":"https:\/\/luzdentalcare.com\/hu\/#organization"},"potentialAction":[{"@type":"SearchAction","target":{"@type":"EntryPoint","urlTemplate":"https:\/\/luzdentalcare.com\/hu\/?s={search_term_string}"},"query-input":{"@type":"PropertyValueSpecification","valueRequired":true,"valueName":"search_term_string"}}],"inLanguage":"hu"},{"@type":"Organization","@id":"https:\/\/luzdentalcare.com\/hu\/#organization","name":"LUZ Dental Care","url":"https:\/\/luzdentalcare.com\/hu\/","logo":{"@type":"ImageObject","inLanguage":"hu","@id":"https:\/\/luzdentalcare.com\/hu\/#\/schema\/logo\/image\/","url":"https:\/\/luzdentalcare.com\/wp-content\/uploads\/2025\/05\/Logos.webp","contentUrl":"https:\/\/luzdentalcare.com\/wp-content\/uploads\/2025\/05\/Logos.webp","width":184,"height":108,"caption":"LUZ Dental Care"},"image":{"@id":"https:\/\/luzdentalcare.com\/hu\/#\/schema\/logo\/image\/"}}]}},"_links":{"self":[{"href":"https:\/\/luzdentalcare.com\/hu\/wp-json\/wp\/v2\/product\/1586","targetHints":{"allow":["GET"]}}],"collection":[{"href":"https:\/\/luzdentalcare.com\/hu\/wp-json\/wp\/v2\/product"}],"about":[{"href":"https:\/\/luzdentalcare.com\/hu\/wp-json\/wp\/v2\/types\/product"}],"replies":[{"embeddable":true,"href":"https:\/\/luzdentalcare.com\/hu\/wp-json\/wp\/v2\/comments?post=1586"}],"wp:featuredmedia":[{"embeddable":true,"href":"https:\/\/luzdentalcare.com\/hu\/wp-json\/wp\/v2\/media\/1587"}],"wp:attachment":[{"href":"https:\/\/luzdentalcare.com\/hu\/wp-json\/wp\/v2\/media?parent=1586"}],"wp:term":[{"taxonomy":"product_brand","embeddable":true,"href":"https:\/\/luzdentalcare.com\/hu\/wp-json\/wp\/v2\/product_brand?post=1586"},{"taxonomy":"product_cat","embeddable":true,"href":"https:\/\/luzdentalcare.com\/hu\/wp-json\/wp\/v2\/product_cat?post=1586"},{"taxonomy":"product_tag","embeddable":true,"href":"https:\/\/luzdentalcare.com\/hu\/wp-json\/wp\/v2\/product_tag?post=1586"}],"curies":[{"name":"wp","href":"https:\/\/api.w.org\/{rel}","templated":true}]}}