{"id":1907,"date":"2025-10-07T09:13:20","date_gmt":"2025-10-07T09:13:20","guid":{"rendered":"https:\/\/luzdentalcare.com\/?post_type=product&#038;p=1907"},"modified":"2026-04-07T09:22:24","modified_gmt":"2026-04-07T09:22:24","slug":"szajviz-es-aligner-tisztitohab","status":"publish","type":"product","link":"https:\/\/luzdentalcare.com\/hu\/product\/szajviz-es-aligner-tisztitohab\/","title":{"rendered":"Sz\u00e1jv\u00edz \u00e9s aligner tiszt\u00edt\u00f3hab"},"content":{"rendered":"<p>A mi t\u00f6rt\u00e9net\u00fcnk<\/p>\n<p>Az alignereknek frissnek \u00e9s tiszt\u00e1nak kell lenni\u00fck \u2013 kellemetlen \u00edz vagy irrit\u00e1ci\u00f3 n\u00e9lk\u00fcl. A L\u016aZ sz\u00e1jv\u00edz \u00e9s tiszt\u00edt\u00f3hab elt\u00e1vol\u00edtja a leped\u00e9ket, harcol a bakt\u00e9riumok ellen, \u00e9s friss leheletet biztos\u00edt \u2013 \u00edgy minden \u00e9tkez\u00e9s ut\u00e1n magabiztosnak \u00e9rezheted magad.<\/p>\n","protected":false},"excerpt":{"rendered":"<p>A mi t\u00f6rt\u00e9net\u00fcnk Az alignereknek frissnek \u00e9s tiszt\u00e1nak kell lenni\u00fck \u2013 kellemetlen \u00edz vagy irrit\u00e1ci\u00f3 n\u00e9lk\u00fcl. A L\u016aZ sz\u00e1jv\u00edz \u00e9s tiszt\u00edt\u00f3hab elt\u00e1vol\u00edtja a leped\u00e9ket, harcol a bakt\u00e9riumok ellen, \u00e9s friss leheletet biztos\u00edt \u2013 \u00edgy minden \u00e9tkez\u00e9s ut\u00e1n magabiztosnak \u00e9rezheted magad.<\/p>\n","protected":false},"featured_media":1589,"comment_status":"closed","ping_status":"closed","template":"","meta":{"_acf_changed":false},"product_brand":[],"product_cat":[134],"product_tag":[],"class_list":{"0":"post-1907","1":"product","2":"type-product","3":"status-publish","4":"has-post-thumbnail","6":"product_cat-b2c","8":"first","9":"instock","10":"shipping-taxable","11":"purchasable","12":"product-type-simple"},"acf":[],"yoast_head":"<!-- This site is optimized with the Yoast SEO plugin v27.3 - https:\/\/yoast.com\/product\/yoast-seo-wordpress\/ -->\n<title>Sz\u00e1jv\u00edz \u00e9s aligner tiszt\u00edt\u00f3hab - Luz Dental Care<\/title>\n<meta name=\"description\" content=\"Az alignereknek frissnek \u00e9s tiszt\u00e1nak kell lenni\u00fck \u2013 kellemetlen \u00edz vagy irrit\u00e1ci\u00f3 n\u00e9lk\u00fcl. A L\u016aZ sz\u00e1jv\u00edz \u00e9s hab elt\u00e1vol\u00edtja a leped\u00e9ket, elpuszt\u00edtja a bakt\u00e9riumokat, \u00e9s friss leheletet biztos\u00edt.\" \/>\n<meta name=\"robots\" content=\"index, follow, max-snippet:-1, max-image-preview:large, max-video-preview:-1\" \/>\n<link rel=\"canonical\" href=\"https:\/\/luzdentalcare.com\/hu\/product\/szajviz-es-aligner-tisztitohab\/\" \/>\n<meta property=\"og:locale\" content=\"hu_HU\" \/>\n<meta property=\"og:type\" content=\"article\" \/>\n<meta property=\"og:title\" content=\"Sz\u00e1jv\u00edz \u00e9s aligner tiszt\u00edt\u00f3hab - Luz Dental Care\" \/>\n<meta property=\"og:description\" content=\"Az alignereknek frissnek \u00e9s tiszt\u00e1nak kell lenni\u00fck \u2013 kellemetlen \u00edz vagy irrit\u00e1ci\u00f3 n\u00e9lk\u00fcl. A L\u016aZ sz\u00e1jv\u00edz \u00e9s hab elt\u00e1vol\u00edtja a leped\u00e9ket, elpuszt\u00edtja a bakt\u00e9riumokat, \u00e9s friss leheletet biztos\u00edt.\" \/>\n<meta property=\"og:url\" content=\"https:\/\/luzdentalcare.com\/hu\/product\/szajviz-es-aligner-tisztitohab\/\" \/>\n<meta property=\"og:site_name\" content=\"Luz Dental Care\" \/>\n<meta property=\"article:modified_time\" content=\"2026-04-07T09:22:24+00:00\" \/>\n<meta property=\"og:image\" content=\"https:\/\/luzdentalcare.com\/wp-content\/uploads\/2025\/05\/Mouth-Rinse-and-Aligner-Cleaning-Foam.webp\" \/>\n\t<meta property=\"og:image:width\" content=\"960\" \/>\n\t<meta property=\"og:image:height\" content=\"960\" \/>\n\t<meta property=\"og:image:type\" content=\"image\/webp\" \/>\n<meta name=\"twitter:card\" content=\"summary_large_image\" \/>\n<meta name=\"twitter:label1\" content=\"Becs\u00fclt olvas\u00e1si id\u0151\" \/>\n\t<meta name=\"twitter:data1\" content=\"1 perc\" \/>\n<script type=\"application\/ld+json\" class=\"yoast-schema-graph\">{\"@context\":\"https:\\\/\\\/schema.org\",\"@graph\":[{\"@type\":\"WebPage\",\"@id\":\"https:\\\/\\\/luzdentalcare.com\\\/hu\\\/product\\\/szajviz-es-aligner-tisztitohab\\\/\",\"url\":\"https:\\\/\\\/luzdentalcare.com\\\/hu\\\/product\\\/szajviz-es-aligner-tisztitohab\\\/\",\"name\":\"Sz\u00e1jv\u00edz \u00e9s aligner tiszt\u00edt\u00f3hab - Luz Dental Care\",\"isPartOf\":{\"@id\":\"https:\\\/\\\/luzdentalcare.com\\\/hu\\\/#website\"},\"primaryImageOfPage\":{\"@id\":\"https:\\\/\\\/luzdentalcare.com\\\/hu\\\/product\\\/szajviz-es-aligner-tisztitohab\\\/#primaryimage\"},\"image\":{\"@id\":\"https:\\\/\\\/luzdentalcare.com\\\/hu\\\/product\\\/szajviz-es-aligner-tisztitohab\\\/#primaryimage\"},\"thumbnailUrl\":\"https:\\\/\\\/luzdentalcare.com\\\/wp-content\\\/uploads\\\/2025\\\/05\\\/Mouth-Rinse-and-Aligner-Cleaning-Foam.webp\",\"datePublished\":\"2025-10-07T09:13:20+00:00\",\"dateModified\":\"2026-04-07T09:22:24+00:00\",\"description\":\"Az alignereknek frissnek \u00e9s tiszt\u00e1nak kell lenni\u00fck \u2013 kellemetlen \u00edz vagy irrit\u00e1ci\u00f3 n\u00e9lk\u00fcl. A L\u016aZ sz\u00e1jv\u00edz \u00e9s hab elt\u00e1vol\u00edtja a leped\u00e9ket, elpuszt\u00edtja a bakt\u00e9riumokat, \u00e9s friss leheletet biztos\u00edt.\",\"breadcrumb\":{\"@id\":\"https:\\\/\\\/luzdentalcare.com\\\/hu\\\/product\\\/szajviz-es-aligner-tisztitohab\\\/#breadcrumb\"},\"inLanguage\":\"hu\",\"potentialAction\":[{\"@type\":\"ReadAction\",\"target\":[\"https:\\\/\\\/luzdentalcare.com\\\/hu\\\/product\\\/szajviz-es-aligner-tisztitohab\\\/\"]}]},{\"@type\":\"ImageObject\",\"inLanguage\":\"hu\",\"@id\":\"https:\\\/\\\/luzdentalcare.com\\\/hu\\\/product\\\/szajviz-es-aligner-tisztitohab\\\/#primaryimage\",\"url\":\"https:\\\/\\\/luzdentalcare.com\\\/wp-content\\\/uploads\\\/2025\\\/05\\\/Mouth-Rinse-and-Aligner-Cleaning-Foam.webp\",\"contentUrl\":\"https:\\\/\\\/luzdentalcare.com\\\/wp-content\\\/uploads\\\/2025\\\/05\\\/Mouth-Rinse-and-Aligner-Cleaning-Foam.webp\",\"width\":960,\"height\":960,\"caption\":\"Mouth Rinse and Aligner Cleaning Foam\"},{\"@type\":\"BreadcrumbList\",\"@id\":\"https:\\\/\\\/luzdentalcare.com\\\/hu\\\/product\\\/szajviz-es-aligner-tisztitohab\\\/#breadcrumb\",\"itemListElement\":[{\"@type\":\"ListItem\",\"position\":1,\"name\":\"Home\",\"item\":\"https:\\\/\\\/luzdentalcare.com\\\/hu\\\/fooldal\\\/\"},{\"@type\":\"ListItem\",\"position\":2,\"name\":\"Term\u00e9kek\",\"item\":\"https:\\\/\\\/luzdentalcare.com\\\/hu\\\/termekek\\\/\"},{\"@type\":\"ListItem\",\"position\":3,\"name\":\"Sz\u00e1jv\u00edz \u00e9s aligner tiszt\u00edt\u00f3hab\"}]},{\"@type\":\"WebSite\",\"@id\":\"https:\\\/\\\/luzdentalcare.com\\\/hu\\\/#website\",\"url\":\"https:\\\/\\\/luzdentalcare.com\\\/hu\\\/\",\"name\":\"LUZ Dental Care\",\"description\":\"Just another WordPress site\",\"publisher\":{\"@id\":\"https:\\\/\\\/luzdentalcare.com\\\/hu\\\/#organization\"},\"potentialAction\":[{\"@type\":\"SearchAction\",\"target\":{\"@type\":\"EntryPoint\",\"urlTemplate\":\"https:\\\/\\\/luzdentalcare.com\\\/hu\\\/?s={search_term_string}\"},\"query-input\":{\"@type\":\"PropertyValueSpecification\",\"valueRequired\":true,\"valueName\":\"search_term_string\"}}],\"inLanguage\":\"hu\"},{\"@type\":\"Organization\",\"@id\":\"https:\\\/\\\/luzdentalcare.com\\\/hu\\\/#organization\",\"name\":\"LUZ Dental Care\",\"url\":\"https:\\\/\\\/luzdentalcare.com\\\/hu\\\/\",\"logo\":{\"@type\":\"ImageObject\",\"inLanguage\":\"hu\",\"@id\":\"https:\\\/\\\/luzdentalcare.com\\\/hu\\\/#\\\/schema\\\/logo\\\/image\\\/\",\"url\":\"https:\\\/\\\/luzdentalcare.com\\\/wp-content\\\/uploads\\\/2025\\\/05\\\/Logos.webp\",\"contentUrl\":\"https:\\\/\\\/luzdentalcare.com\\\/wp-content\\\/uploads\\\/2025\\\/05\\\/Logos.webp\",\"width\":184,\"height\":108,\"caption\":\"LUZ Dental Care\"},\"image\":{\"@id\":\"https:\\\/\\\/luzdentalcare.com\\\/hu\\\/#\\\/schema\\\/logo\\\/image\\\/\"}}]}<\/script>\n<!-- \/ Yoast SEO plugin. -->","yoast_head_json":{"title":"Sz\u00e1jv\u00edz \u00e9s aligner tiszt\u00edt\u00f3hab - Luz Dental Care","description":"Az alignereknek frissnek \u00e9s tiszt\u00e1nak kell lenni\u00fck \u2013 kellemetlen \u00edz vagy irrit\u00e1ci\u00f3 n\u00e9lk\u00fcl. A L\u016aZ sz\u00e1jv\u00edz \u00e9s hab elt\u00e1vol\u00edtja a leped\u00e9ket, elpuszt\u00edtja a bakt\u00e9riumokat, \u00e9s friss leheletet biztos\u00edt.","robots":{"index":"index","follow":"follow","max-snippet":"max-snippet:-1","max-image-preview":"max-image-preview:large","max-video-preview":"max-video-preview:-1"},"canonical":"https:\/\/luzdentalcare.com\/hu\/product\/szajviz-es-aligner-tisztitohab\/","og_locale":"hu_HU","og_type":"article","og_title":"Sz\u00e1jv\u00edz \u00e9s aligner tiszt\u00edt\u00f3hab - Luz Dental Care","og_description":"Az alignereknek frissnek \u00e9s tiszt\u00e1nak kell lenni\u00fck \u2013 kellemetlen \u00edz vagy irrit\u00e1ci\u00f3 n\u00e9lk\u00fcl. A L\u016aZ sz\u00e1jv\u00edz \u00e9s hab elt\u00e1vol\u00edtja a leped\u00e9ket, elpuszt\u00edtja a bakt\u00e9riumokat, \u00e9s friss leheletet biztos\u00edt.","og_url":"https:\/\/luzdentalcare.com\/hu\/product\/szajviz-es-aligner-tisztitohab\/","og_site_name":"Luz Dental Care","article_modified_time":"2026-04-07T09:22:24+00:00","og_image":[{"width":960,"height":960,"url":"https:\/\/luzdentalcare.com\/wp-content\/uploads\/2025\/05\/Mouth-Rinse-and-Aligner-Cleaning-Foam.webp","type":"image\/webp"}],"twitter_card":"summary_large_image","twitter_misc":{"Becs\u00fclt olvas\u00e1si id\u0151":"1 perc"},"schema":{"@context":"https:\/\/schema.org","@graph":[{"@type":"WebPage","@id":"https:\/\/luzdentalcare.com\/hu\/product\/szajviz-es-aligner-tisztitohab\/","url":"https:\/\/luzdentalcare.com\/hu\/product\/szajviz-es-aligner-tisztitohab\/","name":"Sz\u00e1jv\u00edz \u00e9s aligner tiszt\u00edt\u00f3hab - Luz Dental Care","isPartOf":{"@id":"https:\/\/luzdentalcare.com\/hu\/#website"},"primaryImageOfPage":{"@id":"https:\/\/luzdentalcare.com\/hu\/product\/szajviz-es-aligner-tisztitohab\/#primaryimage"},"image":{"@id":"https:\/\/luzdentalcare.com\/hu\/product\/szajviz-es-aligner-tisztitohab\/#primaryimage"},"thumbnailUrl":"https:\/\/luzdentalcare.com\/wp-content\/uploads\/2025\/05\/Mouth-Rinse-and-Aligner-Cleaning-Foam.webp","datePublished":"2025-10-07T09:13:20+00:00","dateModified":"2026-04-07T09:22:24+00:00","description":"Az alignereknek frissnek \u00e9s tiszt\u00e1nak kell lenni\u00fck \u2013 kellemetlen \u00edz vagy irrit\u00e1ci\u00f3 n\u00e9lk\u00fcl. A L\u016aZ sz\u00e1jv\u00edz \u00e9s hab elt\u00e1vol\u00edtja a leped\u00e9ket, elpuszt\u00edtja a bakt\u00e9riumokat, \u00e9s friss leheletet biztos\u00edt.","breadcrumb":{"@id":"https:\/\/luzdentalcare.com\/hu\/product\/szajviz-es-aligner-tisztitohab\/#breadcrumb"},"inLanguage":"hu","potentialAction":[{"@type":"ReadAction","target":["https:\/\/luzdentalcare.com\/hu\/product\/szajviz-es-aligner-tisztitohab\/"]}]},{"@type":"ImageObject","inLanguage":"hu","@id":"https:\/\/luzdentalcare.com\/hu\/product\/szajviz-es-aligner-tisztitohab\/#primaryimage","url":"https:\/\/luzdentalcare.com\/wp-content\/uploads\/2025\/05\/Mouth-Rinse-and-Aligner-Cleaning-Foam.webp","contentUrl":"https:\/\/luzdentalcare.com\/wp-content\/uploads\/2025\/05\/Mouth-Rinse-and-Aligner-Cleaning-Foam.webp","width":960,"height":960,"caption":"Mouth Rinse and Aligner Cleaning Foam"},{"@type":"BreadcrumbList","@id":"https:\/\/luzdentalcare.com\/hu\/product\/szajviz-es-aligner-tisztitohab\/#breadcrumb","itemListElement":[{"@type":"ListItem","position":1,"name":"Home","item":"https:\/\/luzdentalcare.com\/hu\/fooldal\/"},{"@type":"ListItem","position":2,"name":"Term\u00e9kek","item":"https:\/\/luzdentalcare.com\/hu\/termekek\/"},{"@type":"ListItem","position":3,"name":"Sz\u00e1jv\u00edz \u00e9s aligner tiszt\u00edt\u00f3hab"}]},{"@type":"WebSite","@id":"https:\/\/luzdentalcare.com\/hu\/#website","url":"https:\/\/luzdentalcare.com\/hu\/","name":"LUZ Dental Care","description":"Just another WordPress site","publisher":{"@id":"https:\/\/luzdentalcare.com\/hu\/#organization"},"potentialAction":[{"@type":"SearchAction","target":{"@type":"EntryPoint","urlTemplate":"https:\/\/luzdentalcare.com\/hu\/?s={search_term_string}"},"query-input":{"@type":"PropertyValueSpecification","valueRequired":true,"valueName":"search_term_string"}}],"inLanguage":"hu"},{"@type":"Organization","@id":"https:\/\/luzdentalcare.com\/hu\/#organization","name":"LUZ Dental Care","url":"https:\/\/luzdentalcare.com\/hu\/","logo":{"@type":"ImageObject","inLanguage":"hu","@id":"https:\/\/luzdentalcare.com\/hu\/#\/schema\/logo\/image\/","url":"https:\/\/luzdentalcare.com\/wp-content\/uploads\/2025\/05\/Logos.webp","contentUrl":"https:\/\/luzdentalcare.com\/wp-content\/uploads\/2025\/05\/Logos.webp","width":184,"height":108,"caption":"LUZ Dental Care"},"image":{"@id":"https:\/\/luzdentalcare.com\/hu\/#\/schema\/logo\/image\/"}}]}},"_links":{"self":[{"href":"https:\/\/luzdentalcare.com\/hu\/wp-json\/wp\/v2\/product\/1907","targetHints":{"allow":["GET"]}}],"collection":[{"href":"https:\/\/luzdentalcare.com\/hu\/wp-json\/wp\/v2\/product"}],"about":[{"href":"https:\/\/luzdentalcare.com\/hu\/wp-json\/wp\/v2\/types\/product"}],"replies":[{"embeddable":true,"href":"https:\/\/luzdentalcare.com\/hu\/wp-json\/wp\/v2\/comments?post=1907"}],"wp:featuredmedia":[{"embeddable":true,"href":"https:\/\/luzdentalcare.com\/hu\/wp-json\/wp\/v2\/media\/1589"}],"wp:attachment":[{"href":"https:\/\/luzdentalcare.com\/hu\/wp-json\/wp\/v2\/media?parent=1907"}],"wp:term":[{"taxonomy":"product_brand","embeddable":true,"href":"https:\/\/luzdentalcare.com\/hu\/wp-json\/wp\/v2\/product_brand?post=1907"},{"taxonomy":"product_cat","embeddable":true,"href":"https:\/\/luzdentalcare.com\/hu\/wp-json\/wp\/v2\/product_cat?post=1907"},{"taxonomy":"product_tag","embeddable":true,"href":"https:\/\/luzdentalcare.com\/hu\/wp-json\/wp\/v2\/product_tag?post=1907"}],"curies":[{"name":"wp","href":"https:\/\/api.w.org\/{rel}","templated":true}]}}