{"id":1040,"date":"2025-05-21T05:52:35","date_gmt":"2025-05-21T05:52:35","guid":{"rendered":"https:\/\/luzdentalcare.com\/terminas-ir-salygos\/"},"modified":"2025-10-21T04:05:04","modified_gmt":"2025-10-21T04:05:04","slug":"impresumas","status":"publish","type":"page","link":"https:\/\/luzdentalcare.com\/lt\/impresumas\/","title":{"rendered":"Impresumas"},"content":{"rendered":"\t\t<div data-elementor-type=\"wp-page\" data-elementor-id=\"1040\" class=\"elementor elementor-1040 elementor-75\" data-elementor-post-type=\"page\">\n\t\t\t\t<div class=\"elementor-element elementor-element-e7301aa e-con-full e-flex e-con e-parent\" data-id=\"e7301aa\" data-element_type=\"container\" data-e-type=\"container\" data-settings=\"{&quot;background_background&quot;:&quot;classic&quot;}\">\n\t\t<div class=\"elementor-element elementor-element-5295301 e-con-full e-flex e-con e-child\" data-id=\"5295301\" data-element_type=\"container\" data-e-type=\"container\" data-settings=\"{&quot;background_background&quot;:&quot;classic&quot;}\">\n\t\t\t\t<div class=\"elementor-element elementor-element-95cb004 elementor-hidden-desktop elementor-hidden-tablet elementor-widget elementor-widget-spacer\" data-id=\"95cb004\" data-element_type=\"widget\" data-e-type=\"widget\" data-widget_type=\"spacer.default\">\n\t\t\t\t<div class=\"elementor-widget-container\">\n\t\t\t\t\t\t\t<div class=\"elementor-spacer\">\n\t\t\t<div class=\"elementor-spacer-inner\"><\/div>\n\t\t<\/div>\n\t\t\t\t\t\t<\/div>\n\t\t\t\t<\/div>\n\t\t\t\t<\/div>\n\t\t<div class=\"elementor-element elementor-element-e379de4 e-con-full mi-container-right e-flex e-con e-child\" data-id=\"e379de4\" data-element_type=\"container\" data-e-type=\"container\" id=\"mi-container-right\">\n\t\t<div class=\"elementor-element elementor-element-d7a6f94 e-con-full e-flex e-con e-child\" data-id=\"d7a6f94\" data-element_type=\"container\" data-e-type=\"container\">\n\t\t\t\t<div class=\"elementor-element elementor-element-d332a7c elementor-widget elementor-widget-heading\" data-id=\"d332a7c\" data-element_type=\"widget\" data-e-type=\"widget\" data-widget_type=\"heading.default\">\n\t\t\t\t<div class=\"elementor-widget-container\">\n\t\t\t\t\t<h1 class=\"elementor-heading-title elementor-size-default\">Pirkimo-pardavimo taisykl\u0117s<\/h1>\t\t\t\t<\/div>\n\t\t\t\t<\/div>\n\t\t\t\t<div class=\"elementor-element elementor-element-39b4b27 elementor-widget elementor-widget-text-editor\" data-id=\"39b4b27\" data-element_type=\"widget\" data-e-type=\"widget\" data-widget_type=\"text-editor.default\">\n\t\t\t\t<div class=\"elementor-widget-container\">\n\t\t\t\t\t\t\t\t\t<p><b>\u012esigaliojimo data: 2025-07-15<\/b><\/p><p><span style=\"font-weight: 400;\">Sveiki atvyk\u0119 \u012f <\/span><b>luzdentalcare.com<\/b><span style=\"font-weight: 400;\">. Pateikdami u\u017esakym\u0105 \u0161ioje svetain\u0117je, J\u016bs sutinkate su toliau pateiktomis pirkimo-pardavimo taisykl\u0117mis. Pra\u0161ome jas atid\u017eiai perskaityti prie\u0161 atliekant pirkim\u0105.<\/span><\/p>\t\t\t\t\t\t\t\t<\/div>\n\t\t\t\t<\/div>\n\t\t\t\t<\/div>\n\t\t\t\t<\/div>\n\t\t\t\t<\/div>\n\t\t<div class=\"elementor-element elementor-element-2c87cf6 e-flex e-con-boxed e-con e-parent\" data-id=\"2c87cf6\" data-element_type=\"container\" data-e-type=\"container\">\n\t\t\t\t\t<div class=\"e-con-inner\">\n\t\t<div class=\"elementor-element elementor-element-6e8f6fc e-con-full e-flex e-con e-child\" data-id=\"6e8f6fc\" data-element_type=\"container\" data-e-type=\"container\">\n\t\t\t\t<div class=\"elementor-element elementor-element-d488572 elementor-toc--content-ellipsis mi-table-of-content elementor-widget elementor-widget-table-of-contents\" data-id=\"d488572\" data-element_type=\"widget\" data-e-type=\"widget\" data-settings=\"{&quot;container&quot;:&quot;#table-of-content&quot;,&quot;exclude_headings_by_selector&quot;:[],&quot;no_headings_message&quot;:&quot;No headings were found on this page.&quot;,&quot;marker_view&quot;:&quot;bullets&quot;,&quot;icon&quot;:{&quot;value&quot;:&quot;&quot;,&quot;library&quot;:&quot;&quot;},&quot;sticky&quot;:&quot;top&quot;,&quot;sticky_offset&quot;:80,&quot;sticky_parent&quot;:&quot;yes&quot;,&quot;headings_by_tags&quot;:[&quot;h2&quot;,&quot;h3&quot;,&quot;h4&quot;,&quot;h5&quot;,&quot;h6&quot;],&quot;hierarchical_view&quot;:&quot;yes&quot;,&quot;min_height&quot;:{&quot;unit&quot;:&quot;px&quot;,&quot;size&quot;:&quot;&quot;,&quot;sizes&quot;:[]},&quot;min_height_tablet&quot;:{&quot;unit&quot;:&quot;px&quot;,&quot;size&quot;:&quot;&quot;,&quot;sizes&quot;:[]},&quot;min_height_mobile&quot;:{&quot;unit&quot;:&quot;px&quot;,&quot;size&quot;:&quot;&quot;,&quot;sizes&quot;:[]},&quot;sticky_on&quot;:[&quot;desktop&quot;,&quot;tablet&quot;,&quot;mobile&quot;],&quot;sticky_effects_offset&quot;:0,&quot;sticky_anchor_link_offset&quot;:0}\" data-widget_type=\"table-of-contents.default\">\n\t\t\t\t<div class=\"elementor-widget-container\">\n\t\t\t\t\t\t\t\t\t<div id=\"elementor-toc__d488572\" class=\"elementor-toc__body\">\n\t\t\t<div class=\"elementor-toc__spinner-container\">\n\t\t\t\t<svg class=\"elementor-toc__spinner eicon-animation-spin e-font-icon-svg e-eicon-loading\" aria-hidden=\"true\" viewBox=\"0 0 1000 1000\" xmlns=\"http:\/\/www.w3.org\/2000\/svg\"><path d=\"M500 975V858C696 858 858 696 858 500S696 142 500 142 142 304 142 500H25C25 237 238 25 500 25S975 237 975 500 763 975 500 975Z\"><\/path><\/svg>\t\t\t<\/div>\n\t\t<\/div>\n\t\t\t\t\t\t<\/div>\n\t\t\t\t<\/div>\n\t\t\t\t<\/div>\n\t\t<div class=\"elementor-element elementor-element-a081943 e-con-full mi-table-of-content e-flex e-con e-child\" data-id=\"a081943\" data-element_type=\"container\" data-e-type=\"container\" id=\"table-of-content\">\n\t\t<div class=\"elementor-element elementor-element-8ed061f e-con-full e-flex e-con e-child\" data-id=\"8ed061f\" data-element_type=\"container\" data-e-type=\"container\">\n\t\t\t\t<div class=\"elementor-element elementor-element-bc8eb52 elementor-widget elementor-widget-heading\" data-id=\"bc8eb52\" data-element_type=\"widget\" data-e-type=\"widget\" data-widget_type=\"heading.default\">\n\t\t\t\t<div class=\"elementor-widget-container\">\n\t\t\t\t\t<h2 class=\"elementor-heading-title elementor-size-default\">Svetain\u0117s savininkas \/ Atsakingas u\u017e turin\u012f:<\/h2>\t\t\t\t<\/div>\n\t\t\t\t<\/div>\n\t\t\t\t<div class=\"elementor-element elementor-element-16a9604 elementor-widget elementor-widget-text-editor\" data-id=\"16a9604\" data-element_type=\"widget\" data-e-type=\"widget\" data-widget_type=\"text-editor.default\">\n\t\t\t\t<div class=\"elementor-widget-container\">\n\t\t\t\t\t\t\t\t\t<p><strong>Svetain\u0117s savininkas \/ Atsakingas u\u017e turin\u012f:<\/strong><br \/>\u017divil\u0117 Neverauskien\u0117<br data-start=\"226\" data-end=\"229\" \/><strong>\u012emon\u0117s pavadinimas:<\/strong> MB \u201eProOrtho\u201c<br data-start=\"266\" data-end=\"269\" \/><strong>\u012emon\u0117s kodas:<\/strong> 307090971<br data-start=\"296\" data-end=\"299\" \/><strong>Registruotos buvein\u0117s adresas:<\/strong><br data-start=\"329\" data-end=\"332\" \/>K. Vanag\u0117lio g. 3<br data-start=\"349\" data-end=\"352\" \/>LT-02102 Vilnius, Lietuva<br data-start=\"377\" data-end=\"380\" \/><strong>El. pa\u0161tas:<\/strong> <a class=\"decorated-link cursor-pointer\" href=\"mailto:info@luzdentalcare.com\" rel=\"noopener\" data-start=\"394\" data-end=\"416\">info@luzdentalcare.com<\/a><\/p>\t\t\t\t\t\t\t\t<\/div>\n\t\t\t\t<\/div>\n\t\t\t\t<\/div>\n\t\t<div class=\"elementor-element elementor-element-ef27c88 e-con-full e-flex e-con e-child\" data-id=\"ef27c88\" data-element_type=\"container\" data-e-type=\"container\">\n\t\t\t\t<div class=\"elementor-element elementor-element-33c2479 elementor-widget elementor-widget-heading\" data-id=\"33c2479\" data-element_type=\"widget\" data-e-type=\"widget\" data-widget_type=\"heading.default\">\n\t\t\t\t<div class=\"elementor-widget-container\">\n\t\t\t\t\t<h2 class=\"elementor-heading-title elementor-size-default\">Teisin\u0117 informacija:<\/h2>\t\t\t\t<\/div>\n\t\t\t\t<\/div>\n\t\t\t\t<div class=\"elementor-element elementor-element-ab256ae elementor-widget elementor-widget-text-editor\" data-id=\"ab256ae\" data-element_type=\"widget\" data-e-type=\"widget\" data-widget_type=\"text-editor.default\">\n\t\t\t\t<div class=\"elementor-widget-container\">\n\t\t\t\t\t\t\t\t\t<p data-start=\"450\" data-end=\"712\">LuzDentalCare.com yra MB \u201eProOrtho\u201c valdoma internetin\u0117 parduotuv\u0117. Mes si\u016blome tiesiogin\u0119 prekyb\u0105 per \u0161i\u0105 svetain\u0119 Lietuvoje.<br data-start=\"582\" data-end=\"585\" \/>Klientams i\u0161 kit\u0173 Europos \u0161ali\u0173 \u0161i svetain\u0117 pateikia informacij\u0105 ir nukreipia \u012f m\u016bs\u0173 oficialius ma\u017emenin\u0117s prekybos partnerius.<\/p><p data-start=\"714\" data-end=\"803\">Atsakingas pagal \u00a7 5 TMG \/ ES elektronin\u0117s prekybos reglamentus: \u017divil\u0117 Neverauskien\u0117<\/p>\t\t\t\t\t\t\t\t<\/div>\n\t\t\t\t<\/div>\n\t\t\t\t<\/div>\n\t\t<div class=\"elementor-element elementor-element-170818b e-con-full e-flex e-con e-child\" data-id=\"170818b\" data-element_type=\"container\" data-e-type=\"container\">\n\t\t\t\t<div class=\"elementor-element elementor-element-41bd98b elementor-widget elementor-widget-heading\" data-id=\"41bd98b\" data-element_type=\"widget\" data-e-type=\"widget\" data-widget_type=\"heading.default\">\n\t\t\t\t<div class=\"elementor-widget-container\">\n\t\t\t\t\t<h2 class=\"elementor-heading-title elementor-size-default\">Prek\u0117s \u017eenklo savininkas:\n<\/h2>\t\t\t\t<\/div>\n\t\t\t\t<\/div>\n\t\t\t\t<div class=\"elementor-element elementor-element-77f37a4 elementor-widget elementor-widget-text-editor\" data-id=\"77f37a4\" data-element_type=\"widget\" data-e-type=\"widget\" data-widget_type=\"text-editor.default\">\n\t\t\t\t<div class=\"elementor-widget-container\">\n\t\t\t\t\t\t\t\t\t<p>L\u016aZ yra registruotas Europos S\u0105jungos preki\u0173 \u017eenklas (Nr. 019141518).<br data-start=\"417\" data-end=\"420\" \/>Savinink\u0117: \u017divil\u0117 Neverauskien\u0117, Papil\u0117n\u0173 2, 06224 Vilnius, Lietuva.<\/p>\t\t\t\t\t\t\t\t<\/div>\n\t\t\t\t<\/div>\n\t\t\t\t<\/div>\n\t\t\t\t<\/div>\n\t\t\t\t\t<\/div>\n\t\t\t\t<\/div>\n\t\t<div class=\"elementor-element elementor-element-82ae458 e-con-full e-flex e-con e-parent\" data-id=\"82ae458\" data-element_type=\"container\" data-e-type=\"container\">\n\t\t\t\t<div class=\"elementor-element elementor-element-234dc75 elementor-widget elementor-widget-template\" data-id=\"234dc75\" data-element_type=\"widget\" data-e-type=\"widget\" data-widget_type=\"template.default\">\n\t\t\t\t<div class=\"elementor-widget-container\">\n\t\t\t\t\t\t\t<div class=\"elementor-template\">\n\t\t\t\t\t<div data-elementor-type=\"container\" data-elementor-id=\"1112\" class=\"elementor elementor-1112 elementor-434 elementor-434\" data-elementor-post-type=\"elementor_library\">\n\t\t\t\t<div class=\"elementor-element elementor-element-7e20149e e-flex e-con-boxed e-con e-parent\" data-id=\"7e20149e\" data-element_type=\"container\" data-e-type=\"container\" data-settings=\"{&quot;background_background&quot;:&quot;classic&quot;}\">\n\t\t\t\t\t<div class=\"e-con-inner\">\n\t\t<div class=\"elementor-element elementor-element-73e89a06 e-con-full e-flex e-con e-child\" data-id=\"73e89a06\" data-element_type=\"container\" data-e-type=\"container\">\n\t\t\t\t<div class=\"elementor-element elementor-element-9b0c39e elementor-headline--style-highlight elementor-widget elementor-widget-animated-headline\" data-id=\"9b0c39e\" data-element_type=\"widget\" data-e-type=\"widget\" data-settings=\"{&quot;marker&quot;:&quot;underline&quot;,&quot;highlighted_text&quot;:&quot;J\\u016bs\\u0173 rutin\\u0105?&quot;,&quot;headline_style&quot;:&quot;highlight&quot;,&quot;highlight_animation_duration&quot;:1200}\" data-widget_type=\"animated-headline.default\">\n\t\t\t\t<div class=\"elementor-widget-container\">\n\t\t\t\t\t\t\t<h2 class=\"elementor-headline\">\n\t\t\t\t\t<span class=\"elementor-headline-plain-text elementor-headline-text-wrapper\">Pasiruo\u0161\u0119 atnaujinti <\/span>\n\t\t\t\t<span class=\"elementor-headline-dynamic-wrapper elementor-headline-text-wrapper\">\n\t\t\t\t\t<span class=\"elementor-headline-dynamic-text elementor-headline-text-active\">J\u016bs\u0173 rutin\u0105?<\/span>\n\t\t\t\t<\/span>\n\t\t\t\t<\/h2>\n\t\t\t\t\t\t<\/div>\n\t\t\t\t<\/div>\n\t\t\t\t<div class=\"elementor-element elementor-element-4cf744d elementor-widget elementor-widget-text-editor\" data-id=\"4cf744d\" data-element_type=\"widget\" data-e-type=\"widget\" data-widget_type=\"text-editor.default\">\n\t\t\t\t<div class=\"elementor-widget-container\">\n\t\t\t\t\t\t\t\t\t<p>\u201eL\u016aZ Dental Care\u201c &#8211; tai daugiau nei dant\u0173 pasta ir putos &#8211; tai kasdienis ritualas, kad burna b\u016bt\u0173 \u0161varesn\u0117, \u0161ypsena ry\u0161kesn\u0117 ir j\u016bs sveikesni. Nesvarbu, ar valot\u0117s dantis namuose, ar r\u016bpinat\u0117s savo dant\u0173 ir aparat\u0173 prie\u017ei\u016bra keliaudami, m\u016bs\u0173 paprasti, moksli\u0161kai pagr\u012fsti sprendimai sukurti taip, kad burnos ertm\u0117s prie\u017ei\u016bra b\u016bt\u0173 paprasta, veiksminga ir maloni. <\/p>\t\t\t\t\t\t\t\t<\/div>\n\t\t\t\t<\/div>\n\t\t\t\t<div class=\"elementor-element elementor-element-61a3775f elementor-widget elementor-widget-button\" data-id=\"61a3775f\" data-element_type=\"widget\" data-e-type=\"widget\" data-widget_type=\"button.default\">\n\t\t\t\t<div class=\"elementor-widget-container\">\n\t\t\t\t\t\t\t\t\t<div class=\"elementor-button-wrapper\">\n\t\t\t\t\t<a class=\"elementor-button elementor-button-link elementor-size-sm\" href=\"#elementor-action%3Aaction%3Dpopup%3Aopen%26settings%3DeyJpZCI6MTEyNSwidG9nZ2xlIjpmYWxzZX0%3D\">\n\t\t\t\t\t\t<span class=\"elementor-button-content-wrapper\">\n\t\t\t\t\t\t<span class=\"elementor-button-icon\">\n\t\t\t\t<svg xmlns=\"http:\/\/www.w3.org\/2000\/svg\" width=\"20\" height=\"20\" viewBox=\"0 0 20 20\" fill=\"none\"><path d=\"M3.125 10H16.875\" stroke=\"currentColor\" stroke-width=\"1.2\" stroke-linecap=\"round\" stroke-linejoin=\"round\"><\/path><path d=\"M11.25 4.375L16.875 10L11.25 15.625\" stroke=\"currentColor\" stroke-width=\"1.2\" stroke-linecap=\"round\" stroke-linejoin=\"round\"><\/path><\/svg>\t\t\t<\/span>\n\t\t\t\t\t\t\t\t\t<span class=\"elementor-button-text\">Susisiekite su mumis<\/span>\n\t\t\t\t\t<\/span>\n\t\t\t\t\t<\/a>\n\t\t\t\t<\/div>\n\t\t\t\t\t\t\t\t<\/div>\n\t\t\t\t<\/div>\n\t\t\t\t<\/div>\n\t\t\t\t<div class=\"elementor-element elementor-element-28c8ea71 elementor-widget elementor-widget-image\" data-id=\"28c8ea71\" data-element_type=\"widget\" data-e-type=\"widget\" data-widget_type=\"image.default\">\n\t\t\t\t<div class=\"elementor-widget-container\">\n\t\t\t\t\t\t\t\t\t\t\t\t\t\t\t<img fetchpriority=\"high\" decoding=\"async\" width=\"800\" height=\"997\" src=\"https:\/\/luzdentalcare.com\/wp-content\/uploads\/2025\/05\/CTA-822x1024.webp\" class=\"attachment-large size-large wp-image-651\" alt=\"CTA\" srcset=\"https:\/\/luzdentalcare.com\/wp-content\/uploads\/2025\/05\/CTA-822x1024.webp 822w, https:\/\/luzdentalcare.com\/wp-content\/uploads\/2025\/05\/CTA-241x300.webp 241w, https:\/\/luzdentalcare.com\/wp-content\/uploads\/2025\/05\/CTA-768x957.webp 768w, https:\/\/luzdentalcare.com\/wp-content\/uploads\/2025\/05\/CTA-600x747.webp 600w, https:\/\/luzdentalcare.com\/wp-content\/uploads\/2025\/05\/CTA.webp 880w\" sizes=\"(max-width: 800px) 100vw, 800px\" \/>\t\t\t\t\t\t\t\t\t\t\t\t\t\t\t<\/div>\n\t\t\t\t<\/div>\n\t\t\t\t\t<\/div>\n\t\t\t\t<\/div>\n\t\t\t\t<\/div>\n\t\t\t\t<\/div>\n\t\t\t\t\t\t<\/div>\n\t\t\t\t<\/div>\n\t\t\t\t<\/div>\n\t\t\t\t<\/div>\n\t\t","protected":false},"excerpt":{"rendered":"<p>Pirkimo-pardavimo taisykl\u0117s \u012esigaliojimo data: 2025-07-15 Sveiki atvyk\u0119 \u012f luzdentalcare.com. Pateikdami u\u017esakym\u0105 \u0161ioje svetain\u0117je, J\u016bs sutinkate su toliau pateiktomis pirkimo-pardavimo taisykl\u0117mis. Pra\u0161ome jas atid\u017eiai perskaityti prie\u0161 atliekant pirkim\u0105. Svetain\u0117s savininkas \/ Atsakingas u\u017e turin\u012f: Svetain\u0117s savininkas \/ Atsakingas u\u017e turin\u012f:\u017divil\u0117 Neverauskien\u0117\u012emon\u0117s pavadinimas: MB \u201eProOrtho\u201c\u012emon\u0117s kodas: 307090971Registruotos buvein\u0117s adresas:K. Vanag\u0117lio g. 3LT-02102 Vilnius, LietuvaEl. pa\u0161tas: info@luzdentalcare.com Teisin\u0117 [&hellip;]<\/p>\n","protected":false},"author":1,"featured_media":0,"parent":0,"menu_order":0,"comment_status":"closed","ping_status":"closed","template":"elementor_header_footer","meta":{"_acf_changed":false,"footnotes":""},"class_list":["post-1040","page","type-page","status-publish","hentry"],"acf":[],"yoast_head":"<!-- This site is optimized with the Yoast SEO plugin v27.3 - https:\/\/yoast.com\/product\/yoast-seo-wordpress\/ -->\n<title>Impresumas - Luz Dental Care<\/title>\n<meta name=\"robots\" content=\"index, follow, max-snippet:-1, max-image-preview:large, max-video-preview:-1\" \/>\n<link rel=\"canonical\" href=\"https:\/\/luzdentalcare.com\/lt\/impresumas\/\" \/>\n<meta property=\"og:locale\" content=\"lt_LT\" \/>\n<meta property=\"og:type\" content=\"article\" \/>\n<meta property=\"og:title\" content=\"Impresumas - Luz Dental Care\" \/>\n<meta property=\"og:description\" content=\"Pirkimo-pardavimo taisykl\u0117s \u012esigaliojimo data: 2025-07-15 Sveiki atvyk\u0119 \u012f luzdentalcare.com. Pateikdami u\u017esakym\u0105 \u0161ioje svetain\u0117je, J\u016bs sutinkate su toliau pateiktomis pirkimo-pardavimo taisykl\u0117mis. Pra\u0161ome jas atid\u017eiai perskaityti prie\u0161 atliekant pirkim\u0105. Svetain\u0117s savininkas \/ Atsakingas u\u017e turin\u012f: Svetain\u0117s savininkas \/ Atsakingas u\u017e turin\u012f:\u017divil\u0117 Neverauskien\u0117\u012emon\u0117s pavadinimas: MB \u201eProOrtho\u201c\u012emon\u0117s kodas: 307090971Registruotos buvein\u0117s adresas:K. Vanag\u0117lio g. 3LT-02102 Vilnius, LietuvaEl. pa\u0161tas: info@luzdentalcare.com Teisin\u0117 [&hellip;]\" \/>\n<meta property=\"og:url\" content=\"https:\/\/luzdentalcare.com\/lt\/impresumas\/\" \/>\n<meta property=\"og:site_name\" content=\"Luz Dental Care\" \/>\n<meta property=\"article:modified_time\" content=\"2025-10-21T04:05:04+00:00\" \/>\n<meta name=\"twitter:card\" content=\"summary_large_image\" \/>\n<meta name=\"twitter:label1\" content=\"Est. reading time\" \/>\n\t<meta name=\"twitter:data1\" content=\"2 minut\u0117\" \/>\n<script type=\"application\/ld+json\" class=\"yoast-schema-graph\">{\"@context\":\"https:\\\/\\\/schema.org\",\"@graph\":[{\"@type\":\"WebPage\",\"@id\":\"https:\\\/\\\/luzdentalcare.com\\\/lt\\\/impresumas\\\/\",\"url\":\"https:\\\/\\\/luzdentalcare.com\\\/lt\\\/impresumas\\\/\",\"name\":\"Impresumas - Luz Dental Care\",\"isPartOf\":{\"@id\":\"https:\\\/\\\/luzdentalcare.com\\\/lt\\\/#website\"},\"datePublished\":\"2025-05-21T05:52:35+00:00\",\"dateModified\":\"2025-10-21T04:05:04+00:00\",\"breadcrumb\":{\"@id\":\"https:\\\/\\\/luzdentalcare.com\\\/lt\\\/impresumas\\\/#breadcrumb\"},\"inLanguage\":\"lt-LT\",\"potentialAction\":[{\"@type\":\"ReadAction\",\"target\":[\"https:\\\/\\\/luzdentalcare.com\\\/lt\\\/impresumas\\\/\"]}]},{\"@type\":\"BreadcrumbList\",\"@id\":\"https:\\\/\\\/luzdentalcare.com\\\/lt\\\/impresumas\\\/#breadcrumb\",\"itemListElement\":[{\"@type\":\"ListItem\",\"position\":1,\"name\":\"Home\",\"item\":\"https:\\\/\\\/luzdentalcare.com\\\/lt\\\/pradzia\\\/\"},{\"@type\":\"ListItem\",\"position\":2,\"name\":\"Impresumas\"}]},{\"@type\":\"WebSite\",\"@id\":\"https:\\\/\\\/luzdentalcare.com\\\/lt\\\/#website\",\"url\":\"https:\\\/\\\/luzdentalcare.com\\\/lt\\\/\",\"name\":\"LUZ Dental Care\",\"description\":\"Just another WordPress site\",\"publisher\":{\"@id\":\"https:\\\/\\\/luzdentalcare.com\\\/lt\\\/#organization\"},\"potentialAction\":[{\"@type\":\"SearchAction\",\"target\":{\"@type\":\"EntryPoint\",\"urlTemplate\":\"https:\\\/\\\/luzdentalcare.com\\\/lt\\\/?s={search_term_string}\"},\"query-input\":{\"@type\":\"PropertyValueSpecification\",\"valueRequired\":true,\"valueName\":\"search_term_string\"}}],\"inLanguage\":\"lt-LT\"},{\"@type\":\"Organization\",\"@id\":\"https:\\\/\\\/luzdentalcare.com\\\/lt\\\/#organization\",\"name\":\"LUZ Dental Care\",\"url\":\"https:\\\/\\\/luzdentalcare.com\\\/lt\\\/\",\"logo\":{\"@type\":\"ImageObject\",\"inLanguage\":\"lt-LT\",\"@id\":\"https:\\\/\\\/luzdentalcare.com\\\/lt\\\/#\\\/schema\\\/logo\\\/image\\\/\",\"url\":\"https:\\\/\\\/luzdentalcare.com\\\/wp-content\\\/uploads\\\/2025\\\/05\\\/Logos.webp\",\"contentUrl\":\"https:\\\/\\\/luzdentalcare.com\\\/wp-content\\\/uploads\\\/2025\\\/05\\\/Logos.webp\",\"width\":184,\"height\":108,\"caption\":\"LUZ Dental Care\"},\"image\":{\"@id\":\"https:\\\/\\\/luzdentalcare.com\\\/lt\\\/#\\\/schema\\\/logo\\\/image\\\/\"}}]}<\/script>\n<!-- \/ Yoast SEO plugin. -->","yoast_head_json":{"title":"Impresumas - Luz Dental Care","robots":{"index":"index","follow":"follow","max-snippet":"max-snippet:-1","max-image-preview":"max-image-preview:large","max-video-preview":"max-video-preview:-1"},"canonical":"https:\/\/luzdentalcare.com\/lt\/impresumas\/","og_locale":"lt_LT","og_type":"article","og_title":"Impresumas - Luz Dental Care","og_description":"Pirkimo-pardavimo taisykl\u0117s \u012esigaliojimo data: 2025-07-15 Sveiki atvyk\u0119 \u012f luzdentalcare.com. Pateikdami u\u017esakym\u0105 \u0161ioje svetain\u0117je, J\u016bs sutinkate su toliau pateiktomis pirkimo-pardavimo taisykl\u0117mis. Pra\u0161ome jas atid\u017eiai perskaityti prie\u0161 atliekant pirkim\u0105. Svetain\u0117s savininkas \/ Atsakingas u\u017e turin\u012f: Svetain\u0117s savininkas \/ Atsakingas u\u017e turin\u012f:\u017divil\u0117 Neverauskien\u0117\u012emon\u0117s pavadinimas: MB \u201eProOrtho\u201c\u012emon\u0117s kodas: 307090971Registruotos buvein\u0117s adresas:K. Vanag\u0117lio g. 3LT-02102 Vilnius, LietuvaEl. pa\u0161tas: info@luzdentalcare.com Teisin\u0117 [&hellip;]","og_url":"https:\/\/luzdentalcare.com\/lt\/impresumas\/","og_site_name":"Luz Dental Care","article_modified_time":"2025-10-21T04:05:04+00:00","twitter_card":"summary_large_image","twitter_misc":{"Est. reading time":"2 minut\u0117"},"schema":{"@context":"https:\/\/schema.org","@graph":[{"@type":"WebPage","@id":"https:\/\/luzdentalcare.com\/lt\/impresumas\/","url":"https:\/\/luzdentalcare.com\/lt\/impresumas\/","name":"Impresumas - Luz Dental Care","isPartOf":{"@id":"https:\/\/luzdentalcare.com\/lt\/#website"},"datePublished":"2025-05-21T05:52:35+00:00","dateModified":"2025-10-21T04:05:04+00:00","breadcrumb":{"@id":"https:\/\/luzdentalcare.com\/lt\/impresumas\/#breadcrumb"},"inLanguage":"lt-LT","potentialAction":[{"@type":"ReadAction","target":["https:\/\/luzdentalcare.com\/lt\/impresumas\/"]}]},{"@type":"BreadcrumbList","@id":"https:\/\/luzdentalcare.com\/lt\/impresumas\/#breadcrumb","itemListElement":[{"@type":"ListItem","position":1,"name":"Home","item":"https:\/\/luzdentalcare.com\/lt\/pradzia\/"},{"@type":"ListItem","position":2,"name":"Impresumas"}]},{"@type":"WebSite","@id":"https:\/\/luzdentalcare.com\/lt\/#website","url":"https:\/\/luzdentalcare.com\/lt\/","name":"LUZ Dental Care","description":"Just another WordPress site","publisher":{"@id":"https:\/\/luzdentalcare.com\/lt\/#organization"},"potentialAction":[{"@type":"SearchAction","target":{"@type":"EntryPoint","urlTemplate":"https:\/\/luzdentalcare.com\/lt\/?s={search_term_string}"},"query-input":{"@type":"PropertyValueSpecification","valueRequired":true,"valueName":"search_term_string"}}],"inLanguage":"lt-LT"},{"@type":"Organization","@id":"https:\/\/luzdentalcare.com\/lt\/#organization","name":"LUZ Dental Care","url":"https:\/\/luzdentalcare.com\/lt\/","logo":{"@type":"ImageObject","inLanguage":"lt-LT","@id":"https:\/\/luzdentalcare.com\/lt\/#\/schema\/logo\/image\/","url":"https:\/\/luzdentalcare.com\/wp-content\/uploads\/2025\/05\/Logos.webp","contentUrl":"https:\/\/luzdentalcare.com\/wp-content\/uploads\/2025\/05\/Logos.webp","width":184,"height":108,"caption":"LUZ Dental Care"},"image":{"@id":"https:\/\/luzdentalcare.com\/lt\/#\/schema\/logo\/image\/"}}]}},"_links":{"self":[{"href":"https:\/\/luzdentalcare.com\/lt\/wp-json\/wp\/v2\/pages\/1040","targetHints":{"allow":["GET"]}}],"collection":[{"href":"https:\/\/luzdentalcare.com\/lt\/wp-json\/wp\/v2\/pages"}],"about":[{"href":"https:\/\/luzdentalcare.com\/lt\/wp-json\/wp\/v2\/types\/page"}],"author":[{"embeddable":true,"href":"https:\/\/luzdentalcare.com\/lt\/wp-json\/wp\/v2\/users\/1"}],"replies":[{"embeddable":true,"href":"https:\/\/luzdentalcare.com\/lt\/wp-json\/wp\/v2\/comments?post=1040"}],"version-history":[{"count":18,"href":"https:\/\/luzdentalcare.com\/lt\/wp-json\/wp\/v2\/pages\/1040\/revisions"}],"predecessor-version":[{"id":1976,"href":"https:\/\/luzdentalcare.com\/lt\/wp-json\/wp\/v2\/pages\/1040\/revisions\/1976"}],"wp:attachment":[{"href":"https:\/\/luzdentalcare.com\/lt\/wp-json\/wp\/v2\/media?parent=1040"}],"curies":[{"name":"wp","href":"https:\/\/api.w.org\/{rel}","templated":true}]}}