{"id":1121,"date":"2025-05-21T06:10:50","date_gmt":"2025-05-21T06:10:50","guid":{"rendered":"https:\/\/luzdentalcare.com\/product\/burnos-skalavimo-skystis-ir-lygintuvu-valymo-putos\/"},"modified":"2026-04-07T09:27:37","modified_gmt":"2026-04-07T09:27:37","slug":"burnos-skalavimo-ir-dantis-tiesinanciu-kapu-putos-b2b","status":"publish","type":"product","link":"https:\/\/luzdentalcare.com\/lt\/product\/burnos-skalavimo-ir-dantis-tiesinanciu-kapu-putos-b2b\/","title":{"rendered":"Burnos skalavimo ir dantis tiesinan\u010di\u0173 kap\u0173 putos"},"content":{"rendered":"<p>M\u016bs\u0173 produktai<\/p>\n<p>Dantis tiesinan\u010dios kapos b\u016bti \u0161varios &#8211; be blogo skonio ar dirginimo. L\u016aZ burnos skalavimo putos pa\u0161alina apna\u0161as, kapas nuvalant putomis ir \u0161epet\u0117liu, kovoja su bakterijomis, u\u017etikrina gaiv\u0173 burnos kvap\u0105, kad po kiekvieno valgio jaustum\u0117t\u0117s u\u017etikrintai.<\/p>\n<p>Produkto informacija<\/p>\n<p data-start=\"431\" data-end=\"563\">\u0160is produktas parduodamas <strong data-start=\"457\" data-end=\"469\">d\u0117\u017eut\u0117je<\/strong>, kurioje yra <strong data-start=\"483\" data-end=\"497\">9 vienetai<\/strong>. \u012e krep\u0161el\u012f \u012fd\u0117jus vien\u0105 prek\u0119, j\u016bs gaunate vis\u0105 d\u0117\u017eut\u0119 (9 vnt.).<\/p>\n<p data-start=\"565\" data-end=\"595\">Kain\u0173 ir nuolaid\u0173 sistema:<\/p>\n<ul data-start=\"617\" data-end=\"738\">\n<li data-start=\"617\" data-end=\"659\"><strong>9 vnt. (1 d\u0117\u017eut\u0117):<\/strong> 4 \u20ac u\u017e vienet\u0105<\/li>\n<\/ul>\n<p>Speciali kaina perkant didesn\u012f kiek\u012f!<\/p>\n","protected":false},"excerpt":{"rendered":"<p>M\u016bs\u0173 produktai Dantis tiesinan\u010dios kapos b\u016bti \u0161varios &#8211; be blogo skonio ar dirginimo. L\u016aZ burnos skalavimo putos pa\u0161alina apna\u0161as, kapas nuvalant putomis ir \u0161epet\u0117liu, kovoja su bakterijomis, u\u017etikrina gaiv\u0173 burnos kvap\u0105, kad po kiekvieno valgio jaustum\u0117t\u0117s u\u017etikrintai. Produkto informacija \u0160is produktas parduodamas d\u0117\u017eut\u0117je, kurioje yra 9 vienetai. \u012e krep\u0161el\u012f \u012fd\u0117jus vien\u0105 prek\u0119, j\u016bs gaunate vis\u0105 [&hellip;]<\/p>\n","protected":false},"featured_media":675,"comment_status":"closed","ping_status":"closed","template":"","meta":{"_acf_changed":false},"product_brand":[],"product_cat":[129],"product_tag":[],"class_list":{"0":"post-1121","1":"product","2":"type-product","3":"status-publish","4":"has-post-thumbnail","6":"product_cat-b2b","8":"first","9":"instock","10":"shipping-taxable","11":"purchasable","12":"product-type-simple"},"acf":[],"yoast_head":"<!-- This site is optimized with the Yoast SEO plugin v27.3 - https:\/\/yoast.com\/product\/yoast-seo-wordpress\/ -->\n<title>Burnos skalavimo ir dantis tiesinan\u010di\u0173 kap\u0173 putos - Luz Dental Care<\/title>\n<meta name=\"description\" content=\"Aligneriai turi jaustis \u0161vie\u017ei ir \u0161var\u016bs - be blogo skonio ar dirginimo. L\u016aZ burnos skalavimo skystis ir putos pa\u0161alina apna\u0161as, kovoja su bakterijomis ir u\u017etikrina gaiv\u0173 burnos kvap\u0105.\" \/>\n<meta name=\"robots\" content=\"index, follow, max-snippet:-1, max-image-preview:large, max-video-preview:-1\" \/>\n<link rel=\"canonical\" href=\"https:\/\/luzdentalcare.com\/lt\/product\/burnos-skalavimo-ir-dantis-tiesinanciu-kapu-putos-b2b\/\" \/>\n<meta property=\"og:locale\" content=\"lt_LT\" \/>\n<meta property=\"og:type\" content=\"article\" \/>\n<meta property=\"og:title\" content=\"Burnos skalavimo ir dantis tiesinan\u010di\u0173 kap\u0173 putos - Luz Dental Care\" \/>\n<meta property=\"og:description\" content=\"Aligneriai turi jaustis \u0161vie\u017ei ir \u0161var\u016bs - be blogo skonio ar dirginimo. L\u016aZ burnos skalavimo skystis ir putos pa\u0161alina apna\u0161as, kovoja su bakterijomis ir u\u017etikrina gaiv\u0173 burnos kvap\u0105.\" \/>\n<meta property=\"og:url\" content=\"https:\/\/luzdentalcare.com\/lt\/product\/burnos-skalavimo-ir-dantis-tiesinanciu-kapu-putos-b2b\/\" \/>\n<meta property=\"og:site_name\" content=\"Luz Dental Care\" \/>\n<meta property=\"article:modified_time\" content=\"2026-04-07T09:27:37+00:00\" \/>\n<meta property=\"og:image\" content=\"https:\/\/luzdentalcare.com\/wp-content\/uploads\/2025\/05\/Mouth-Rinse-and-Aligner-Cleaning-Foam.webp\" \/>\n\t<meta property=\"og:image:width\" content=\"960\" \/>\n\t<meta property=\"og:image:height\" content=\"960\" \/>\n\t<meta property=\"og:image:type\" content=\"image\/webp\" \/>\n<meta name=\"twitter:card\" content=\"summary_large_image\" \/>\n<meta name=\"twitter:label1\" content=\"Est. reading time\" \/>\n\t<meta name=\"twitter:data1\" content=\"1 minut\u0117\" \/>\n<script type=\"application\/ld+json\" class=\"yoast-schema-graph\">{\"@context\":\"https:\\\/\\\/schema.org\",\"@graph\":[{\"@type\":\"WebPage\",\"@id\":\"https:\\\/\\\/luzdentalcare.com\\\/lt\\\/product\\\/burnos-skalavimo-ir-dantis-tiesinanciu-kapu-putos-b2b\\\/\",\"url\":\"https:\\\/\\\/luzdentalcare.com\\\/lt\\\/product\\\/burnos-skalavimo-ir-dantis-tiesinanciu-kapu-putos-b2b\\\/\",\"name\":\"Burnos skalavimo ir dantis tiesinan\u010di\u0173 kap\u0173 putos - Luz Dental Care\",\"isPartOf\":{\"@id\":\"https:\\\/\\\/luzdentalcare.com\\\/lt\\\/#website\"},\"primaryImageOfPage\":{\"@id\":\"https:\\\/\\\/luzdentalcare.com\\\/lt\\\/product\\\/burnos-skalavimo-ir-dantis-tiesinanciu-kapu-putos-b2b\\\/#primaryimage\"},\"image\":{\"@id\":\"https:\\\/\\\/luzdentalcare.com\\\/lt\\\/product\\\/burnos-skalavimo-ir-dantis-tiesinanciu-kapu-putos-b2b\\\/#primaryimage\"},\"thumbnailUrl\":\"https:\\\/\\\/luzdentalcare.com\\\/wp-content\\\/uploads\\\/2025\\\/05\\\/Mouth-Rinse-and-Aligner-Cleaning-Foam.webp\",\"datePublished\":\"2025-05-21T06:10:50+00:00\",\"dateModified\":\"2026-04-07T09:27:37+00:00\",\"description\":\"Aligneriai turi jaustis \u0161vie\u017ei ir \u0161var\u016bs - be blogo skonio ar dirginimo. L\u016aZ burnos skalavimo skystis ir putos pa\u0161alina apna\u0161as, kovoja su bakterijomis ir u\u017etikrina gaiv\u0173 burnos kvap\u0105.\",\"breadcrumb\":{\"@id\":\"https:\\\/\\\/luzdentalcare.com\\\/lt\\\/product\\\/burnos-skalavimo-ir-dantis-tiesinanciu-kapu-putos-b2b\\\/#breadcrumb\"},\"inLanguage\":\"lt-LT\",\"potentialAction\":[{\"@type\":\"ReadAction\",\"target\":[\"https:\\\/\\\/luzdentalcare.com\\\/lt\\\/product\\\/burnos-skalavimo-ir-dantis-tiesinanciu-kapu-putos-b2b\\\/\"]}]},{\"@type\":\"ImageObject\",\"inLanguage\":\"lt-LT\",\"@id\":\"https:\\\/\\\/luzdentalcare.com\\\/lt\\\/product\\\/burnos-skalavimo-ir-dantis-tiesinanciu-kapu-putos-b2b\\\/#primaryimage\",\"url\":\"https:\\\/\\\/luzdentalcare.com\\\/wp-content\\\/uploads\\\/2025\\\/05\\\/Mouth-Rinse-and-Aligner-Cleaning-Foam.webp\",\"contentUrl\":\"https:\\\/\\\/luzdentalcare.com\\\/wp-content\\\/uploads\\\/2025\\\/05\\\/Mouth-Rinse-and-Aligner-Cleaning-Foam.webp\",\"width\":960,\"height\":960,\"caption\":\"Mouth Rinse and Aligner Cleaning Foam\"},{\"@type\":\"BreadcrumbList\",\"@id\":\"https:\\\/\\\/luzdentalcare.com\\\/lt\\\/product\\\/burnos-skalavimo-ir-dantis-tiesinanciu-kapu-putos-b2b\\\/#breadcrumb\",\"itemListElement\":[{\"@type\":\"ListItem\",\"position\":1,\"name\":\"Home\",\"item\":\"https:\\\/\\\/luzdentalcare.com\\\/lt\\\/pradzia\\\/\"},{\"@type\":\"ListItem\",\"position\":2,\"name\":\"Produktai\",\"item\":\"https:\\\/\\\/luzdentalcare.com\\\/produktai\\\/\"},{\"@type\":\"ListItem\",\"position\":3,\"name\":\"Burnos skalavimo ir dantis tiesinan\u010di\u0173 kap\u0173 putos\"}]},{\"@type\":\"WebSite\",\"@id\":\"https:\\\/\\\/luzdentalcare.com\\\/lt\\\/#website\",\"url\":\"https:\\\/\\\/luzdentalcare.com\\\/lt\\\/\",\"name\":\"LUZ Dental Care\",\"description\":\"Just another WordPress site\",\"publisher\":{\"@id\":\"https:\\\/\\\/luzdentalcare.com\\\/lt\\\/#organization\"},\"potentialAction\":[{\"@type\":\"SearchAction\",\"target\":{\"@type\":\"EntryPoint\",\"urlTemplate\":\"https:\\\/\\\/luzdentalcare.com\\\/lt\\\/?s={search_term_string}\"},\"query-input\":{\"@type\":\"PropertyValueSpecification\",\"valueRequired\":true,\"valueName\":\"search_term_string\"}}],\"inLanguage\":\"lt-LT\"},{\"@type\":\"Organization\",\"@id\":\"https:\\\/\\\/luzdentalcare.com\\\/lt\\\/#organization\",\"name\":\"LUZ Dental Care\",\"url\":\"https:\\\/\\\/luzdentalcare.com\\\/lt\\\/\",\"logo\":{\"@type\":\"ImageObject\",\"inLanguage\":\"lt-LT\",\"@id\":\"https:\\\/\\\/luzdentalcare.com\\\/lt\\\/#\\\/schema\\\/logo\\\/image\\\/\",\"url\":\"https:\\\/\\\/luzdentalcare.com\\\/wp-content\\\/uploads\\\/2025\\\/05\\\/Logos.webp\",\"contentUrl\":\"https:\\\/\\\/luzdentalcare.com\\\/wp-content\\\/uploads\\\/2025\\\/05\\\/Logos.webp\",\"width\":184,\"height\":108,\"caption\":\"LUZ Dental Care\"},\"image\":{\"@id\":\"https:\\\/\\\/luzdentalcare.com\\\/lt\\\/#\\\/schema\\\/logo\\\/image\\\/\"}}]}<\/script>\n<!-- \/ Yoast SEO plugin. -->","yoast_head_json":{"title":"Burnos skalavimo ir dantis tiesinan\u010di\u0173 kap\u0173 putos - Luz Dental Care","description":"Aligneriai turi jaustis \u0161vie\u017ei ir \u0161var\u016bs - be blogo skonio ar dirginimo. L\u016aZ burnos skalavimo skystis ir putos pa\u0161alina apna\u0161as, kovoja su bakterijomis ir u\u017etikrina gaiv\u0173 burnos kvap\u0105.","robots":{"index":"index","follow":"follow","max-snippet":"max-snippet:-1","max-image-preview":"max-image-preview:large","max-video-preview":"max-video-preview:-1"},"canonical":"https:\/\/luzdentalcare.com\/lt\/product\/burnos-skalavimo-ir-dantis-tiesinanciu-kapu-putos-b2b\/","og_locale":"lt_LT","og_type":"article","og_title":"Burnos skalavimo ir dantis tiesinan\u010di\u0173 kap\u0173 putos - Luz Dental Care","og_description":"Aligneriai turi jaustis \u0161vie\u017ei ir \u0161var\u016bs - be blogo skonio ar dirginimo. L\u016aZ burnos skalavimo skystis ir putos pa\u0161alina apna\u0161as, kovoja su bakterijomis ir u\u017etikrina gaiv\u0173 burnos kvap\u0105.","og_url":"https:\/\/luzdentalcare.com\/lt\/product\/burnos-skalavimo-ir-dantis-tiesinanciu-kapu-putos-b2b\/","og_site_name":"Luz Dental Care","article_modified_time":"2026-04-07T09:27:37+00:00","og_image":[{"width":960,"height":960,"url":"https:\/\/luzdentalcare.com\/wp-content\/uploads\/2025\/05\/Mouth-Rinse-and-Aligner-Cleaning-Foam.webp","type":"image\/webp"}],"twitter_card":"summary_large_image","twitter_misc":{"Est. reading time":"1 minut\u0117"},"schema":{"@context":"https:\/\/schema.org","@graph":[{"@type":"WebPage","@id":"https:\/\/luzdentalcare.com\/lt\/product\/burnos-skalavimo-ir-dantis-tiesinanciu-kapu-putos-b2b\/","url":"https:\/\/luzdentalcare.com\/lt\/product\/burnos-skalavimo-ir-dantis-tiesinanciu-kapu-putos-b2b\/","name":"Burnos skalavimo ir dantis tiesinan\u010di\u0173 kap\u0173 putos - Luz Dental Care","isPartOf":{"@id":"https:\/\/luzdentalcare.com\/lt\/#website"},"primaryImageOfPage":{"@id":"https:\/\/luzdentalcare.com\/lt\/product\/burnos-skalavimo-ir-dantis-tiesinanciu-kapu-putos-b2b\/#primaryimage"},"image":{"@id":"https:\/\/luzdentalcare.com\/lt\/product\/burnos-skalavimo-ir-dantis-tiesinanciu-kapu-putos-b2b\/#primaryimage"},"thumbnailUrl":"https:\/\/luzdentalcare.com\/wp-content\/uploads\/2025\/05\/Mouth-Rinse-and-Aligner-Cleaning-Foam.webp","datePublished":"2025-05-21T06:10:50+00:00","dateModified":"2026-04-07T09:27:37+00:00","description":"Aligneriai turi jaustis \u0161vie\u017ei ir \u0161var\u016bs - be blogo skonio ar dirginimo. L\u016aZ burnos skalavimo skystis ir putos pa\u0161alina apna\u0161as, kovoja su bakterijomis ir u\u017etikrina gaiv\u0173 burnos kvap\u0105.","breadcrumb":{"@id":"https:\/\/luzdentalcare.com\/lt\/product\/burnos-skalavimo-ir-dantis-tiesinanciu-kapu-putos-b2b\/#breadcrumb"},"inLanguage":"lt-LT","potentialAction":[{"@type":"ReadAction","target":["https:\/\/luzdentalcare.com\/lt\/product\/burnos-skalavimo-ir-dantis-tiesinanciu-kapu-putos-b2b\/"]}]},{"@type":"ImageObject","inLanguage":"lt-LT","@id":"https:\/\/luzdentalcare.com\/lt\/product\/burnos-skalavimo-ir-dantis-tiesinanciu-kapu-putos-b2b\/#primaryimage","url":"https:\/\/luzdentalcare.com\/wp-content\/uploads\/2025\/05\/Mouth-Rinse-and-Aligner-Cleaning-Foam.webp","contentUrl":"https:\/\/luzdentalcare.com\/wp-content\/uploads\/2025\/05\/Mouth-Rinse-and-Aligner-Cleaning-Foam.webp","width":960,"height":960,"caption":"Mouth Rinse and Aligner Cleaning Foam"},{"@type":"BreadcrumbList","@id":"https:\/\/luzdentalcare.com\/lt\/product\/burnos-skalavimo-ir-dantis-tiesinanciu-kapu-putos-b2b\/#breadcrumb","itemListElement":[{"@type":"ListItem","position":1,"name":"Home","item":"https:\/\/luzdentalcare.com\/lt\/pradzia\/"},{"@type":"ListItem","position":2,"name":"Produktai","item":"https:\/\/luzdentalcare.com\/produktai\/"},{"@type":"ListItem","position":3,"name":"Burnos skalavimo ir dantis tiesinan\u010di\u0173 kap\u0173 putos"}]},{"@type":"WebSite","@id":"https:\/\/luzdentalcare.com\/lt\/#website","url":"https:\/\/luzdentalcare.com\/lt\/","name":"LUZ Dental Care","description":"Just another WordPress site","publisher":{"@id":"https:\/\/luzdentalcare.com\/lt\/#organization"},"potentialAction":[{"@type":"SearchAction","target":{"@type":"EntryPoint","urlTemplate":"https:\/\/luzdentalcare.com\/lt\/?s={search_term_string}"},"query-input":{"@type":"PropertyValueSpecification","valueRequired":true,"valueName":"search_term_string"}}],"inLanguage":"lt-LT"},{"@type":"Organization","@id":"https:\/\/luzdentalcare.com\/lt\/#organization","name":"LUZ Dental Care","url":"https:\/\/luzdentalcare.com\/lt\/","logo":{"@type":"ImageObject","inLanguage":"lt-LT","@id":"https:\/\/luzdentalcare.com\/lt\/#\/schema\/logo\/image\/","url":"https:\/\/luzdentalcare.com\/wp-content\/uploads\/2025\/05\/Logos.webp","contentUrl":"https:\/\/luzdentalcare.com\/wp-content\/uploads\/2025\/05\/Logos.webp","width":184,"height":108,"caption":"LUZ Dental Care"},"image":{"@id":"https:\/\/luzdentalcare.com\/lt\/#\/schema\/logo\/image\/"}}]}},"_links":{"self":[{"href":"https:\/\/luzdentalcare.com\/lt\/wp-json\/wp\/v2\/product\/1121","targetHints":{"allow":["GET"]}}],"collection":[{"href":"https:\/\/luzdentalcare.com\/lt\/wp-json\/wp\/v2\/product"}],"about":[{"href":"https:\/\/luzdentalcare.com\/lt\/wp-json\/wp\/v2\/types\/product"}],"replies":[{"embeddable":true,"href":"https:\/\/luzdentalcare.com\/lt\/wp-json\/wp\/v2\/comments?post=1121"}],"wp:featuredmedia":[{"embeddable":true,"href":"https:\/\/luzdentalcare.com\/lt\/wp-json\/wp\/v2\/media\/675"}],"wp:attachment":[{"href":"https:\/\/luzdentalcare.com\/lt\/wp-json\/wp\/v2\/media?parent=1121"}],"wp:term":[{"taxonomy":"product_brand","embeddable":true,"href":"https:\/\/luzdentalcare.com\/lt\/wp-json\/wp\/v2\/product_brand?post=1121"},{"taxonomy":"product_cat","embeddable":true,"href":"https:\/\/luzdentalcare.com\/lt\/wp-json\/wp\/v2\/product_cat?post=1121"},{"taxonomy":"product_tag","embeddable":true,"href":"https:\/\/luzdentalcare.com\/lt\/wp-json\/wp\/v2\/product_tag?post=1121"}],"curies":[{"name":"wp","href":"https:\/\/api.w.org\/{rel}","templated":true}]}}