{"id":2256,"date":"2025-10-07T09:13:20","date_gmt":"2025-10-07T09:13:20","guid":{"rendered":"https:\/\/luzdentalcare.com\/?post_type=product&#038;p=2256"},"modified":"2026-04-07T09:28:09","modified_gmt":"2026-04-07T09:28:09","slug":"burnos-skalavimo-ir-dantis-tiesinanciu-kapu-putos","status":"publish","type":"product","link":"https:\/\/luzdentalcare.com\/lt\/product\/burnos-skalavimo-ir-dantis-tiesinanciu-kapu-putos\/","title":{"rendered":"Burnos skalavimo ir dantis tiesinan\u010di\u0173 kap\u0173 putos"},"content":{"rendered":"<p>M\u016bs\u0173 produktai<\/p>\n<p>Aligneriai turi b\u016bti gaiv\u016bs ir \u0161var\u016bs \u2013 be blogo skonio ar dirginimo. L\u016aZ burnos skalavimo putos pa\u0161alina apna\u0161as, nuvalant putomis ir \u0161epet\u0117liu kapas kovoja su bakterijomis, u\u017etikrina gaiv\u0173 burnos kvap\u0105, kad po kiekvieno valgio jaustum\u0117t\u0117s u\u017etikrintai.<\/p>\n","protected":false},"excerpt":{"rendered":"<p>M\u016bs\u0173 produktai Aligneriai turi b\u016bti gaiv\u016bs ir \u0161var\u016bs \u2013 be blogo skonio ar dirginimo. L\u016aZ burnos skalavimo putos pa\u0161alina apna\u0161as, nuvalant putomis ir \u0161epet\u0117liu kapas kovoja su bakterijomis, u\u017etikrina gaiv\u0173 burnos kvap\u0105, kad po kiekvieno valgio jaustum\u0117t\u0117s u\u017etikrintai.<\/p>\n","protected":false},"featured_media":675,"comment_status":"closed","ping_status":"closed","template":"","meta":{"_acf_changed":false},"product_brand":[],"product_cat":[136],"product_tag":[],"class_list":{"0":"post-2256","1":"product","2":"type-product","3":"status-publish","4":"has-post-thumbnail","6":"product_cat-b2c","8":"first","9":"instock","10":"shipping-taxable","11":"purchasable","12":"product-type-simple"},"acf":[],"yoast_head":"<!-- This site is optimized with the Yoast SEO plugin v27.3 - https:\/\/yoast.com\/product\/yoast-seo-wordpress\/ -->\n<title>Burnos skalavimo ir dantis tiesinan\u010di\u0173 kap\u0173 putos - Luz Dental Care<\/title>\n<meta name=\"robots\" content=\"index, follow, max-snippet:-1, max-image-preview:large, max-video-preview:-1\" \/>\n<link rel=\"canonical\" href=\"https:\/\/luzdentalcare.com\/lt\/product\/burnos-skalavimo-ir-dantis-tiesinanciu-kapu-putos\/\" \/>\n<meta property=\"og:locale\" content=\"lt_LT\" \/>\n<meta property=\"og:type\" content=\"article\" \/>\n<meta property=\"og:title\" content=\"Burnos skalavimo ir dantis tiesinan\u010di\u0173 kap\u0173 putos - Luz Dental Care\" \/>\n<meta property=\"og:description\" content=\"M\u016bs\u0173 produktai Aligneriai turi b\u016bti gaiv\u016bs ir \u0161var\u016bs \u2013 be blogo skonio ar dirginimo. L\u016aZ burnos skalavimo putos pa\u0161alina apna\u0161as, nuvalant putomis ir \u0161epet\u0117liu kapas kovoja su bakterijomis, u\u017etikrina gaiv\u0173 burnos kvap\u0105, kad po kiekvieno valgio jaustum\u0117t\u0117s u\u017etikrintai.\" \/>\n<meta property=\"og:url\" content=\"https:\/\/luzdentalcare.com\/lt\/product\/burnos-skalavimo-ir-dantis-tiesinanciu-kapu-putos\/\" \/>\n<meta property=\"og:site_name\" content=\"Luz Dental Care\" \/>\n<meta property=\"article:modified_time\" content=\"2026-04-07T09:28:09+00:00\" \/>\n<meta property=\"og:image\" content=\"https:\/\/luzdentalcare.com\/wp-content\/uploads\/2025\/05\/Mouth-Rinse-and-Aligner-Cleaning-Foam.webp\" \/>\n\t<meta property=\"og:image:width\" content=\"960\" \/>\n\t<meta property=\"og:image:height\" content=\"960\" \/>\n\t<meta property=\"og:image:type\" content=\"image\/webp\" \/>\n<meta name=\"twitter:card\" content=\"summary_large_image\" \/>\n<meta name=\"twitter:label1\" content=\"Est. reading time\" \/>\n\t<meta name=\"twitter:data1\" content=\"1 minut\u0117\" \/>\n<script type=\"application\/ld+json\" class=\"yoast-schema-graph\">{\"@context\":\"https:\\\/\\\/schema.org\",\"@graph\":[{\"@type\":\"WebPage\",\"@id\":\"https:\\\/\\\/luzdentalcare.com\\\/lt\\\/product\\\/burnos-skalavimo-ir-dantis-tiesinanciu-kapu-putos\\\/\",\"url\":\"https:\\\/\\\/luzdentalcare.com\\\/lt\\\/product\\\/burnos-skalavimo-ir-dantis-tiesinanciu-kapu-putos\\\/\",\"name\":\"Burnos skalavimo ir dantis tiesinan\u010di\u0173 kap\u0173 putos - Luz Dental Care\",\"isPartOf\":{\"@id\":\"https:\\\/\\\/luzdentalcare.com\\\/lt\\\/#website\"},\"primaryImageOfPage\":{\"@id\":\"https:\\\/\\\/luzdentalcare.com\\\/lt\\\/product\\\/burnos-skalavimo-ir-dantis-tiesinanciu-kapu-putos\\\/#primaryimage\"},\"image\":{\"@id\":\"https:\\\/\\\/luzdentalcare.com\\\/lt\\\/product\\\/burnos-skalavimo-ir-dantis-tiesinanciu-kapu-putos\\\/#primaryimage\"},\"thumbnailUrl\":\"https:\\\/\\\/luzdentalcare.com\\\/wp-content\\\/uploads\\\/2025\\\/05\\\/Mouth-Rinse-and-Aligner-Cleaning-Foam.webp\",\"datePublished\":\"2025-10-07T09:13:20+00:00\",\"dateModified\":\"2026-04-07T09:28:09+00:00\",\"breadcrumb\":{\"@id\":\"https:\\\/\\\/luzdentalcare.com\\\/lt\\\/product\\\/burnos-skalavimo-ir-dantis-tiesinanciu-kapu-putos\\\/#breadcrumb\"},\"inLanguage\":\"lt-LT\",\"potentialAction\":[{\"@type\":\"ReadAction\",\"target\":[\"https:\\\/\\\/luzdentalcare.com\\\/lt\\\/product\\\/burnos-skalavimo-ir-dantis-tiesinanciu-kapu-putos\\\/\"]}]},{\"@type\":\"ImageObject\",\"inLanguage\":\"lt-LT\",\"@id\":\"https:\\\/\\\/luzdentalcare.com\\\/lt\\\/product\\\/burnos-skalavimo-ir-dantis-tiesinanciu-kapu-putos\\\/#primaryimage\",\"url\":\"https:\\\/\\\/luzdentalcare.com\\\/wp-content\\\/uploads\\\/2025\\\/05\\\/Mouth-Rinse-and-Aligner-Cleaning-Foam.webp\",\"contentUrl\":\"https:\\\/\\\/luzdentalcare.com\\\/wp-content\\\/uploads\\\/2025\\\/05\\\/Mouth-Rinse-and-Aligner-Cleaning-Foam.webp\",\"width\":960,\"height\":960,\"caption\":\"Mouth Rinse and Aligner Cleaning Foam\"},{\"@type\":\"BreadcrumbList\",\"@id\":\"https:\\\/\\\/luzdentalcare.com\\\/lt\\\/product\\\/burnos-skalavimo-ir-dantis-tiesinanciu-kapu-putos\\\/#breadcrumb\",\"itemListElement\":[{\"@type\":\"ListItem\",\"position\":1,\"name\":\"Home\",\"item\":\"https:\\\/\\\/luzdentalcare.com\\\/lt\\\/pradzia\\\/\"},{\"@type\":\"ListItem\",\"position\":2,\"name\":\"Produktai\",\"item\":\"https:\\\/\\\/luzdentalcare.com\\\/produktai\\\/\"},{\"@type\":\"ListItem\",\"position\":3,\"name\":\"Burnos skalavimo ir dantis tiesinan\u010di\u0173 kap\u0173 putos\"}]},{\"@type\":\"WebSite\",\"@id\":\"https:\\\/\\\/luzdentalcare.com\\\/lt\\\/#website\",\"url\":\"https:\\\/\\\/luzdentalcare.com\\\/lt\\\/\",\"name\":\"LUZ Dental Care\",\"description\":\"Just another WordPress site\",\"publisher\":{\"@id\":\"https:\\\/\\\/luzdentalcare.com\\\/lt\\\/#organization\"},\"potentialAction\":[{\"@type\":\"SearchAction\",\"target\":{\"@type\":\"EntryPoint\",\"urlTemplate\":\"https:\\\/\\\/luzdentalcare.com\\\/lt\\\/?s={search_term_string}\"},\"query-input\":{\"@type\":\"PropertyValueSpecification\",\"valueRequired\":true,\"valueName\":\"search_term_string\"}}],\"inLanguage\":\"lt-LT\"},{\"@type\":\"Organization\",\"@id\":\"https:\\\/\\\/luzdentalcare.com\\\/lt\\\/#organization\",\"name\":\"LUZ Dental Care\",\"url\":\"https:\\\/\\\/luzdentalcare.com\\\/lt\\\/\",\"logo\":{\"@type\":\"ImageObject\",\"inLanguage\":\"lt-LT\",\"@id\":\"https:\\\/\\\/luzdentalcare.com\\\/lt\\\/#\\\/schema\\\/logo\\\/image\\\/\",\"url\":\"https:\\\/\\\/luzdentalcare.com\\\/wp-content\\\/uploads\\\/2025\\\/05\\\/Logos.webp\",\"contentUrl\":\"https:\\\/\\\/luzdentalcare.com\\\/wp-content\\\/uploads\\\/2025\\\/05\\\/Logos.webp\",\"width\":184,\"height\":108,\"caption\":\"LUZ Dental Care\"},\"image\":{\"@id\":\"https:\\\/\\\/luzdentalcare.com\\\/lt\\\/#\\\/schema\\\/logo\\\/image\\\/\"}}]}<\/script>\n<!-- \/ Yoast SEO plugin. -->","yoast_head_json":{"title":"Burnos skalavimo ir dantis tiesinan\u010di\u0173 kap\u0173 putos - Luz Dental Care","robots":{"index":"index","follow":"follow","max-snippet":"max-snippet:-1","max-image-preview":"max-image-preview:large","max-video-preview":"max-video-preview:-1"},"canonical":"https:\/\/luzdentalcare.com\/lt\/product\/burnos-skalavimo-ir-dantis-tiesinanciu-kapu-putos\/","og_locale":"lt_LT","og_type":"article","og_title":"Burnos skalavimo ir dantis tiesinan\u010di\u0173 kap\u0173 putos - Luz Dental Care","og_description":"M\u016bs\u0173 produktai Aligneriai turi b\u016bti gaiv\u016bs ir \u0161var\u016bs \u2013 be blogo skonio ar dirginimo. L\u016aZ burnos skalavimo putos pa\u0161alina apna\u0161as, nuvalant putomis ir \u0161epet\u0117liu kapas kovoja su bakterijomis, u\u017etikrina gaiv\u0173 burnos kvap\u0105, kad po kiekvieno valgio jaustum\u0117t\u0117s u\u017etikrintai.","og_url":"https:\/\/luzdentalcare.com\/lt\/product\/burnos-skalavimo-ir-dantis-tiesinanciu-kapu-putos\/","og_site_name":"Luz Dental Care","article_modified_time":"2026-04-07T09:28:09+00:00","og_image":[{"width":960,"height":960,"url":"https:\/\/luzdentalcare.com\/wp-content\/uploads\/2025\/05\/Mouth-Rinse-and-Aligner-Cleaning-Foam.webp","type":"image\/webp"}],"twitter_card":"summary_large_image","twitter_misc":{"Est. reading time":"1 minut\u0117"},"schema":{"@context":"https:\/\/schema.org","@graph":[{"@type":"WebPage","@id":"https:\/\/luzdentalcare.com\/lt\/product\/burnos-skalavimo-ir-dantis-tiesinanciu-kapu-putos\/","url":"https:\/\/luzdentalcare.com\/lt\/product\/burnos-skalavimo-ir-dantis-tiesinanciu-kapu-putos\/","name":"Burnos skalavimo ir dantis tiesinan\u010di\u0173 kap\u0173 putos - Luz Dental Care","isPartOf":{"@id":"https:\/\/luzdentalcare.com\/lt\/#website"},"primaryImageOfPage":{"@id":"https:\/\/luzdentalcare.com\/lt\/product\/burnos-skalavimo-ir-dantis-tiesinanciu-kapu-putos\/#primaryimage"},"image":{"@id":"https:\/\/luzdentalcare.com\/lt\/product\/burnos-skalavimo-ir-dantis-tiesinanciu-kapu-putos\/#primaryimage"},"thumbnailUrl":"https:\/\/luzdentalcare.com\/wp-content\/uploads\/2025\/05\/Mouth-Rinse-and-Aligner-Cleaning-Foam.webp","datePublished":"2025-10-07T09:13:20+00:00","dateModified":"2026-04-07T09:28:09+00:00","breadcrumb":{"@id":"https:\/\/luzdentalcare.com\/lt\/product\/burnos-skalavimo-ir-dantis-tiesinanciu-kapu-putos\/#breadcrumb"},"inLanguage":"lt-LT","potentialAction":[{"@type":"ReadAction","target":["https:\/\/luzdentalcare.com\/lt\/product\/burnos-skalavimo-ir-dantis-tiesinanciu-kapu-putos\/"]}]},{"@type":"ImageObject","inLanguage":"lt-LT","@id":"https:\/\/luzdentalcare.com\/lt\/product\/burnos-skalavimo-ir-dantis-tiesinanciu-kapu-putos\/#primaryimage","url":"https:\/\/luzdentalcare.com\/wp-content\/uploads\/2025\/05\/Mouth-Rinse-and-Aligner-Cleaning-Foam.webp","contentUrl":"https:\/\/luzdentalcare.com\/wp-content\/uploads\/2025\/05\/Mouth-Rinse-and-Aligner-Cleaning-Foam.webp","width":960,"height":960,"caption":"Mouth Rinse and Aligner Cleaning Foam"},{"@type":"BreadcrumbList","@id":"https:\/\/luzdentalcare.com\/lt\/product\/burnos-skalavimo-ir-dantis-tiesinanciu-kapu-putos\/#breadcrumb","itemListElement":[{"@type":"ListItem","position":1,"name":"Home","item":"https:\/\/luzdentalcare.com\/lt\/pradzia\/"},{"@type":"ListItem","position":2,"name":"Produktai","item":"https:\/\/luzdentalcare.com\/produktai\/"},{"@type":"ListItem","position":3,"name":"Burnos skalavimo ir dantis tiesinan\u010di\u0173 kap\u0173 putos"}]},{"@type":"WebSite","@id":"https:\/\/luzdentalcare.com\/lt\/#website","url":"https:\/\/luzdentalcare.com\/lt\/","name":"LUZ Dental Care","description":"Just another WordPress site","publisher":{"@id":"https:\/\/luzdentalcare.com\/lt\/#organization"},"potentialAction":[{"@type":"SearchAction","target":{"@type":"EntryPoint","urlTemplate":"https:\/\/luzdentalcare.com\/lt\/?s={search_term_string}"},"query-input":{"@type":"PropertyValueSpecification","valueRequired":true,"valueName":"search_term_string"}}],"inLanguage":"lt-LT"},{"@type":"Organization","@id":"https:\/\/luzdentalcare.com\/lt\/#organization","name":"LUZ Dental Care","url":"https:\/\/luzdentalcare.com\/lt\/","logo":{"@type":"ImageObject","inLanguage":"lt-LT","@id":"https:\/\/luzdentalcare.com\/lt\/#\/schema\/logo\/image\/","url":"https:\/\/luzdentalcare.com\/wp-content\/uploads\/2025\/05\/Logos.webp","contentUrl":"https:\/\/luzdentalcare.com\/wp-content\/uploads\/2025\/05\/Logos.webp","width":184,"height":108,"caption":"LUZ Dental Care"},"image":{"@id":"https:\/\/luzdentalcare.com\/lt\/#\/schema\/logo\/image\/"}}]}},"_links":{"self":[{"href":"https:\/\/luzdentalcare.com\/lt\/wp-json\/wp\/v2\/product\/2256","targetHints":{"allow":["GET"]}}],"collection":[{"href":"https:\/\/luzdentalcare.com\/lt\/wp-json\/wp\/v2\/product"}],"about":[{"href":"https:\/\/luzdentalcare.com\/lt\/wp-json\/wp\/v2\/types\/product"}],"replies":[{"embeddable":true,"href":"https:\/\/luzdentalcare.com\/lt\/wp-json\/wp\/v2\/comments?post=2256"}],"wp:featuredmedia":[{"embeddable":true,"href":"https:\/\/luzdentalcare.com\/lt\/wp-json\/wp\/v2\/media\/675"}],"wp:attachment":[{"href":"https:\/\/luzdentalcare.com\/lt\/wp-json\/wp\/v2\/media?parent=2256"}],"wp:term":[{"taxonomy":"product_brand","embeddable":true,"href":"https:\/\/luzdentalcare.com\/lt\/wp-json\/wp\/v2\/product_brand?post=2256"},{"taxonomy":"product_cat","embeddable":true,"href":"https:\/\/luzdentalcare.com\/lt\/wp-json\/wp\/v2\/product_cat?post=2256"},{"taxonomy":"product_tag","embeddable":true,"href":"https:\/\/luzdentalcare.com\/lt\/wp-json\/wp\/v2\/product_tag?post=2256"}],"curies":[{"name":"wp","href":"https:\/\/api.w.org\/{rel}","templated":true}]}}