{"id":2257,"date":"2025-10-07T09:13:15","date_gmt":"2025-10-07T09:13:15","guid":{"rendered":"https:\/\/luzdentalcare.com\/?post_type=product&#038;p=2257"},"modified":"2026-04-07T09:27:46","modified_gmt":"2026-04-07T09:27:46","slug":"ortodontine-dantu-pasta","status":"publish","type":"product","link":"https:\/\/luzdentalcare.com\/lt\/product\/ortodontine-dantu-pasta\/","title":{"rendered":"Ortodontin\u0117 dant\u0173 pasta"},"content":{"rendered":"<p>M\u016bs\u0173 produktai<\/p>\n<p>Breketai, dantis tiesinan\u010dios kapos ir plombiniai voleliai didina apna\u0161\u0173 ir \u0117duonies rizik\u0105.<\/p>\n<p>L\u016aZ dant\u0173 pasta skirta ortodontiniams pacientams, joje yra 1448 ppm fluorido, hidroksiapatito ir ksilitolio, kurie stiprina emal\u012f, kovoja su \u0117duonimi ir suteikia burnai gaivumo bei \u0161varumo.<\/p>\n<p>Naudoti \u017eirnio dyd\u017eio kiek\u012f ant dant\u0173 \u0161epet\u0117lio. Vaikams 6 met\u0173 ir jaunesniems su t\u0117v\u0173 prie\u017ei\u016bra.<\/p>\n","protected":false},"excerpt":{"rendered":"<p>M\u016bs\u0173 produktai Breketai, dantis tiesinan\u010dios kapos ir plombiniai voleliai didina apna\u0161\u0173 ir \u0117duonies rizik\u0105. L\u016aZ dant\u0173 pasta skirta ortodontiniams pacientams, joje yra 1448 ppm fluorido, hidroksiapatito ir ksilitolio, kurie stiprina emal\u012f, kovoja su \u0117duonimi ir suteikia burnai gaivumo bei \u0161varumo. Naudoti \u017eirnio dyd\u017eio kiek\u012f ant dant\u0173 \u0161epet\u0117lio. Vaikams 6 met\u0173 ir jaunesniems su t\u0117v\u0173 prie\u017ei\u016bra.<\/p>\n","protected":false},"featured_media":687,"comment_status":"closed","ping_status":"closed","template":"","meta":{"_acf_changed":false},"product_brand":[],"product_cat":[136],"product_tag":[],"class_list":{"0":"post-2257","1":"product","2":"type-product","3":"status-publish","4":"has-post-thumbnail","6":"product_cat-b2c","8":"first","9":"instock","10":"shipping-taxable","11":"purchasable","12":"product-type-simple"},"acf":[],"yoast_head":"<!-- This site is optimized with the Yoast SEO plugin v27.3 - https:\/\/yoast.com\/product\/yoast-seo-wordpress\/ -->\n<title>Ortodontin\u0117 dant\u0173 pasta - Luz Dental Care<\/title>\n<meta name=\"robots\" content=\"index, follow, max-snippet:-1, max-image-preview:large, max-video-preview:-1\" \/>\n<link rel=\"canonical\" href=\"https:\/\/luzdentalcare.com\/lt\/product\/ortodontine-dantu-pasta\/\" \/>\n<meta property=\"og:locale\" content=\"lt_LT\" \/>\n<meta property=\"og:type\" content=\"article\" \/>\n<meta property=\"og:title\" content=\"Ortodontin\u0117 dant\u0173 pasta - Luz Dental Care\" \/>\n<meta property=\"og:description\" content=\"M\u016bs\u0173 produktai Breketai, dantis tiesinan\u010dios kapos ir plombiniai voleliai didina apna\u0161\u0173 ir \u0117duonies rizik\u0105. L\u016aZ dant\u0173 pasta skirta ortodontiniams pacientams, joje yra 1448 ppm fluorido, hidroksiapatito ir ksilitolio, kurie stiprina emal\u012f, kovoja su \u0117duonimi ir suteikia burnai gaivumo bei \u0161varumo. Naudoti \u017eirnio dyd\u017eio kiek\u012f ant dant\u0173 \u0161epet\u0117lio. Vaikams 6 met\u0173 ir jaunesniems su t\u0117v\u0173 prie\u017ei\u016bra.\" \/>\n<meta property=\"og:url\" content=\"https:\/\/luzdentalcare.com\/lt\/product\/ortodontine-dantu-pasta\/\" \/>\n<meta property=\"og:site_name\" content=\"Luz Dental Care\" \/>\n<meta property=\"article:modified_time\" content=\"2026-04-07T09:27:46+00:00\" \/>\n<meta property=\"og:image\" content=\"https:\/\/luzdentalcare.com\/wp-content\/uploads\/2025\/05\/Orthodontic-Toothpaste.webp\" \/>\n\t<meta property=\"og:image:width\" content=\"960\" \/>\n\t<meta property=\"og:image:height\" content=\"960\" \/>\n\t<meta property=\"og:image:type\" content=\"image\/webp\" \/>\n<meta name=\"twitter:card\" content=\"summary_large_image\" \/>\n<meta name=\"twitter:label1\" content=\"Est. reading time\" \/>\n\t<meta name=\"twitter:data1\" content=\"1 minut\u0117\" \/>\n<script type=\"application\/ld+json\" class=\"yoast-schema-graph\">{\"@context\":\"https:\\\/\\\/schema.org\",\"@graph\":[{\"@type\":\"WebPage\",\"@id\":\"https:\\\/\\\/luzdentalcare.com\\\/lt\\\/product\\\/ortodontine-dantu-pasta\\\/\",\"url\":\"https:\\\/\\\/luzdentalcare.com\\\/lt\\\/product\\\/ortodontine-dantu-pasta\\\/\",\"name\":\"Ortodontin\u0117 dant\u0173 pasta - Luz Dental Care\",\"isPartOf\":{\"@id\":\"https:\\\/\\\/luzdentalcare.com\\\/lt\\\/#website\"},\"primaryImageOfPage\":{\"@id\":\"https:\\\/\\\/luzdentalcare.com\\\/lt\\\/product\\\/ortodontine-dantu-pasta\\\/#primaryimage\"},\"image\":{\"@id\":\"https:\\\/\\\/luzdentalcare.com\\\/lt\\\/product\\\/ortodontine-dantu-pasta\\\/#primaryimage\"},\"thumbnailUrl\":\"https:\\\/\\\/luzdentalcare.com\\\/wp-content\\\/uploads\\\/2025\\\/05\\\/Orthodontic-Toothpaste.webp\",\"datePublished\":\"2025-10-07T09:13:15+00:00\",\"dateModified\":\"2026-04-07T09:27:46+00:00\",\"breadcrumb\":{\"@id\":\"https:\\\/\\\/luzdentalcare.com\\\/lt\\\/product\\\/ortodontine-dantu-pasta\\\/#breadcrumb\"},\"inLanguage\":\"lt-LT\",\"potentialAction\":[{\"@type\":\"ReadAction\",\"target\":[\"https:\\\/\\\/luzdentalcare.com\\\/lt\\\/product\\\/ortodontine-dantu-pasta\\\/\"]}]},{\"@type\":\"ImageObject\",\"inLanguage\":\"lt-LT\",\"@id\":\"https:\\\/\\\/luzdentalcare.com\\\/lt\\\/product\\\/ortodontine-dantu-pasta\\\/#primaryimage\",\"url\":\"https:\\\/\\\/luzdentalcare.com\\\/wp-content\\\/uploads\\\/2025\\\/05\\\/Orthodontic-Toothpaste.webp\",\"contentUrl\":\"https:\\\/\\\/luzdentalcare.com\\\/wp-content\\\/uploads\\\/2025\\\/05\\\/Orthodontic-Toothpaste.webp\",\"width\":960,\"height\":960,\"caption\":\"Orthodontic Toothpaste\"},{\"@type\":\"BreadcrumbList\",\"@id\":\"https:\\\/\\\/luzdentalcare.com\\\/lt\\\/product\\\/ortodontine-dantu-pasta\\\/#breadcrumb\",\"itemListElement\":[{\"@type\":\"ListItem\",\"position\":1,\"name\":\"Home\",\"item\":\"https:\\\/\\\/luzdentalcare.com\\\/lt\\\/pradzia\\\/\"},{\"@type\":\"ListItem\",\"position\":2,\"name\":\"Produktai\",\"item\":\"https:\\\/\\\/luzdentalcare.com\\\/produktai\\\/\"},{\"@type\":\"ListItem\",\"position\":3,\"name\":\"Ortodontin\u0117 dant\u0173 pasta\"}]},{\"@type\":\"WebSite\",\"@id\":\"https:\\\/\\\/luzdentalcare.com\\\/lt\\\/#website\",\"url\":\"https:\\\/\\\/luzdentalcare.com\\\/lt\\\/\",\"name\":\"LUZ Dental Care\",\"description\":\"Just another WordPress site\",\"publisher\":{\"@id\":\"https:\\\/\\\/luzdentalcare.com\\\/lt\\\/#organization\"},\"potentialAction\":[{\"@type\":\"SearchAction\",\"target\":{\"@type\":\"EntryPoint\",\"urlTemplate\":\"https:\\\/\\\/luzdentalcare.com\\\/lt\\\/?s={search_term_string}\"},\"query-input\":{\"@type\":\"PropertyValueSpecification\",\"valueRequired\":true,\"valueName\":\"search_term_string\"}}],\"inLanguage\":\"lt-LT\"},{\"@type\":\"Organization\",\"@id\":\"https:\\\/\\\/luzdentalcare.com\\\/lt\\\/#organization\",\"name\":\"LUZ Dental Care\",\"url\":\"https:\\\/\\\/luzdentalcare.com\\\/lt\\\/\",\"logo\":{\"@type\":\"ImageObject\",\"inLanguage\":\"lt-LT\",\"@id\":\"https:\\\/\\\/luzdentalcare.com\\\/lt\\\/#\\\/schema\\\/logo\\\/image\\\/\",\"url\":\"https:\\\/\\\/luzdentalcare.com\\\/wp-content\\\/uploads\\\/2025\\\/05\\\/Logos.webp\",\"contentUrl\":\"https:\\\/\\\/luzdentalcare.com\\\/wp-content\\\/uploads\\\/2025\\\/05\\\/Logos.webp\",\"width\":184,\"height\":108,\"caption\":\"LUZ Dental Care\"},\"image\":{\"@id\":\"https:\\\/\\\/luzdentalcare.com\\\/lt\\\/#\\\/schema\\\/logo\\\/image\\\/\"}}]}<\/script>\n<!-- \/ Yoast SEO plugin. -->","yoast_head_json":{"title":"Ortodontin\u0117 dant\u0173 pasta - Luz Dental Care","robots":{"index":"index","follow":"follow","max-snippet":"max-snippet:-1","max-image-preview":"max-image-preview:large","max-video-preview":"max-video-preview:-1"},"canonical":"https:\/\/luzdentalcare.com\/lt\/product\/ortodontine-dantu-pasta\/","og_locale":"lt_LT","og_type":"article","og_title":"Ortodontin\u0117 dant\u0173 pasta - Luz Dental Care","og_description":"M\u016bs\u0173 produktai Breketai, dantis tiesinan\u010dios kapos ir plombiniai voleliai didina apna\u0161\u0173 ir \u0117duonies rizik\u0105. L\u016aZ dant\u0173 pasta skirta ortodontiniams pacientams, joje yra 1448 ppm fluorido, hidroksiapatito ir ksilitolio, kurie stiprina emal\u012f, kovoja su \u0117duonimi ir suteikia burnai gaivumo bei \u0161varumo. Naudoti \u017eirnio dyd\u017eio kiek\u012f ant dant\u0173 \u0161epet\u0117lio. Vaikams 6 met\u0173 ir jaunesniems su t\u0117v\u0173 prie\u017ei\u016bra.","og_url":"https:\/\/luzdentalcare.com\/lt\/product\/ortodontine-dantu-pasta\/","og_site_name":"Luz Dental Care","article_modified_time":"2026-04-07T09:27:46+00:00","og_image":[{"width":960,"height":960,"url":"https:\/\/luzdentalcare.com\/wp-content\/uploads\/2025\/05\/Orthodontic-Toothpaste.webp","type":"image\/webp"}],"twitter_card":"summary_large_image","twitter_misc":{"Est. reading time":"1 minut\u0117"},"schema":{"@context":"https:\/\/schema.org","@graph":[{"@type":"WebPage","@id":"https:\/\/luzdentalcare.com\/lt\/product\/ortodontine-dantu-pasta\/","url":"https:\/\/luzdentalcare.com\/lt\/product\/ortodontine-dantu-pasta\/","name":"Ortodontin\u0117 dant\u0173 pasta - Luz Dental Care","isPartOf":{"@id":"https:\/\/luzdentalcare.com\/lt\/#website"},"primaryImageOfPage":{"@id":"https:\/\/luzdentalcare.com\/lt\/product\/ortodontine-dantu-pasta\/#primaryimage"},"image":{"@id":"https:\/\/luzdentalcare.com\/lt\/product\/ortodontine-dantu-pasta\/#primaryimage"},"thumbnailUrl":"https:\/\/luzdentalcare.com\/wp-content\/uploads\/2025\/05\/Orthodontic-Toothpaste.webp","datePublished":"2025-10-07T09:13:15+00:00","dateModified":"2026-04-07T09:27:46+00:00","breadcrumb":{"@id":"https:\/\/luzdentalcare.com\/lt\/product\/ortodontine-dantu-pasta\/#breadcrumb"},"inLanguage":"lt-LT","potentialAction":[{"@type":"ReadAction","target":["https:\/\/luzdentalcare.com\/lt\/product\/ortodontine-dantu-pasta\/"]}]},{"@type":"ImageObject","inLanguage":"lt-LT","@id":"https:\/\/luzdentalcare.com\/lt\/product\/ortodontine-dantu-pasta\/#primaryimage","url":"https:\/\/luzdentalcare.com\/wp-content\/uploads\/2025\/05\/Orthodontic-Toothpaste.webp","contentUrl":"https:\/\/luzdentalcare.com\/wp-content\/uploads\/2025\/05\/Orthodontic-Toothpaste.webp","width":960,"height":960,"caption":"Orthodontic Toothpaste"},{"@type":"BreadcrumbList","@id":"https:\/\/luzdentalcare.com\/lt\/product\/ortodontine-dantu-pasta\/#breadcrumb","itemListElement":[{"@type":"ListItem","position":1,"name":"Home","item":"https:\/\/luzdentalcare.com\/lt\/pradzia\/"},{"@type":"ListItem","position":2,"name":"Produktai","item":"https:\/\/luzdentalcare.com\/produktai\/"},{"@type":"ListItem","position":3,"name":"Ortodontin\u0117 dant\u0173 pasta"}]},{"@type":"WebSite","@id":"https:\/\/luzdentalcare.com\/lt\/#website","url":"https:\/\/luzdentalcare.com\/lt\/","name":"LUZ Dental Care","description":"Just another WordPress site","publisher":{"@id":"https:\/\/luzdentalcare.com\/lt\/#organization"},"potentialAction":[{"@type":"SearchAction","target":{"@type":"EntryPoint","urlTemplate":"https:\/\/luzdentalcare.com\/lt\/?s={search_term_string}"},"query-input":{"@type":"PropertyValueSpecification","valueRequired":true,"valueName":"search_term_string"}}],"inLanguage":"lt-LT"},{"@type":"Organization","@id":"https:\/\/luzdentalcare.com\/lt\/#organization","name":"LUZ Dental Care","url":"https:\/\/luzdentalcare.com\/lt\/","logo":{"@type":"ImageObject","inLanguage":"lt-LT","@id":"https:\/\/luzdentalcare.com\/lt\/#\/schema\/logo\/image\/","url":"https:\/\/luzdentalcare.com\/wp-content\/uploads\/2025\/05\/Logos.webp","contentUrl":"https:\/\/luzdentalcare.com\/wp-content\/uploads\/2025\/05\/Logos.webp","width":184,"height":108,"caption":"LUZ Dental Care"},"image":{"@id":"https:\/\/luzdentalcare.com\/lt\/#\/schema\/logo\/image\/"}}]}},"_links":{"self":[{"href":"https:\/\/luzdentalcare.com\/lt\/wp-json\/wp\/v2\/product\/2257","targetHints":{"allow":["GET"]}}],"collection":[{"href":"https:\/\/luzdentalcare.com\/lt\/wp-json\/wp\/v2\/product"}],"about":[{"href":"https:\/\/luzdentalcare.com\/lt\/wp-json\/wp\/v2\/types\/product"}],"replies":[{"embeddable":true,"href":"https:\/\/luzdentalcare.com\/lt\/wp-json\/wp\/v2\/comments?post=2257"}],"wp:featuredmedia":[{"embeddable":true,"href":"https:\/\/luzdentalcare.com\/lt\/wp-json\/wp\/v2\/media\/687"}],"wp:attachment":[{"href":"https:\/\/luzdentalcare.com\/lt\/wp-json\/wp\/v2\/media?parent=2257"}],"wp:term":[{"taxonomy":"product_brand","embeddable":true,"href":"https:\/\/luzdentalcare.com\/lt\/wp-json\/wp\/v2\/product_brand?post=2257"},{"taxonomy":"product_cat","embeddable":true,"href":"https:\/\/luzdentalcare.com\/lt\/wp-json\/wp\/v2\/product_cat?post=2257"},{"taxonomy":"product_tag","embeddable":true,"href":"https:\/\/luzdentalcare.com\/lt\/wp-json\/wp\/v2\/product_tag?post=2257"}],"curies":[{"name":"wp","href":"https:\/\/api.w.org\/{rel}","templated":true}]}}