{"id":1282,"date":"2025-05-21T05:51:17","date_gmt":"2025-05-21T05:51:17","guid":{"rendered":"https:\/\/luzdentalcare.com\/homepage\/"},"modified":"2026-04-07T06:45:17","modified_gmt":"2026-04-07T06:45:17","slug":"homepage","status":"publish","type":"page","link":"https:\/\/luzdentalcare.com\/nl\/","title":{"rendered":"Startpagina"},"content":{"rendered":"\t\t<div data-elementor-type=\"wp-page\" data-elementor-id=\"1282\" class=\"elementor elementor-1282 elementor-67\" data-elementor-post-type=\"page\">\n\t\t\t\t<div class=\"elementor-element elementor-element-b474943 e-con-full e-flex e-con e-parent\" data-id=\"b474943\" data-element_type=\"container\" data-e-type=\"container\" data-settings=\"{&quot;background_background&quot;:&quot;classic&quot;}\">\n\t\t\t\t<div class=\"elementor-element elementor-element-38b02d1 elementor-absolute e-transform elementor-icon-list--layout-traditional elementor-list-item-link-full_width elementor-widget elementor-widget-icon-list\" data-id=\"38b02d1\" data-element_type=\"widget\" data-e-type=\"widget\" data-settings=\"{&quot;_position&quot;:&quot;absolute&quot;,&quot;_transform_translateX_effect&quot;:{&quot;unit&quot;:&quot;%&quot;,&quot;size&quot;:-50,&quot;sizes&quot;:[]},&quot;_transform_translateX_effect_tablet&quot;:{&quot;unit&quot;:&quot;%&quot;,&quot;size&quot;:&quot;&quot;,&quot;sizes&quot;:[]},&quot;_transform_translateX_effect_mobile&quot;:{&quot;unit&quot;:&quot;%&quot;,&quot;size&quot;:&quot;&quot;,&quot;sizes&quot;:[]},&quot;_transform_translateY_effect&quot;:{&quot;unit&quot;:&quot;px&quot;,&quot;size&quot;:&quot;&quot;,&quot;sizes&quot;:[]},&quot;_transform_translateY_effect_tablet&quot;:{&quot;unit&quot;:&quot;px&quot;,&quot;size&quot;:&quot;&quot;,&quot;sizes&quot;:[]},&quot;_transform_translateY_effect_mobile&quot;:{&quot;unit&quot;:&quot;px&quot;,&quot;size&quot;:&quot;&quot;,&quot;sizes&quot;:[]}}\" data-widget_type=\"icon-list.default\">\n\t\t\t\t<div class=\"elementor-widget-container\">\n\t\t\t\t\t\t\t<ul class=\"elementor-icon-list-items\">\n\t\t\t\t\t\t\t<li class=\"elementor-icon-list-item\">\n\t\t\t\t\t\t\t\t\t\t\t<a href=\"#elementor-action%3Aaction%3Dpopup%3Aopen%26settings%3DeyJpZCI6MTU1OCwidG9nZ2xlIjpmYWxzZX0%3D\">\n\n\t\t\t\t\t\t\t\t\t\t\t\t<span class=\"elementor-icon-list-icon\">\n\t\t\t\t\t\t\t<svg xmlns=\"http:\/\/www.w3.org\/2000\/svg\" width=\"20\" height=\"20\" viewBox=\"0 0 20 20\" fill=\"none\"><path d=\"M10 10.625C11.3807 10.625 12.5 9.50571 12.5 8.125C12.5 6.74429 11.3807 5.625 10 5.625C8.61929 5.625 7.5 6.74429 7.5 8.125C7.5 9.50571 8.61929 10.625 10 10.625Z\" stroke=\"white\" stroke-width=\"1.5\" stroke-linecap=\"round\" stroke-linejoin=\"round\"><\/path><path d=\"M16.25 8.125C16.25 13.75 10 18.125 10 18.125C10 18.125 3.75 13.75 3.75 8.125C3.75 6.4674 4.40848 4.87769 5.58058 3.70558C6.75269 2.53348 8.3424 1.875 10 1.875C11.6576 1.875 13.2473 2.53348 14.4194 3.70558C15.5915 4.87769 16.25 6.4674 16.25 8.125V8.125Z\" stroke=\"white\" stroke-width=\"1.5\" stroke-linecap=\"round\" stroke-linejoin=\"round\"><\/path><\/svg>\t\t\t\t\t\t<\/span>\n\t\t\t\t\t\t\t\t\t\t<span class=\"elementor-icon-list-text\"><span>Nederlands<\/span><\/span>\n\t\t\t\t\t\t\t\t\t\t\t<\/a>\n\t\t\t\t\t\t\t\t\t<\/li>\n\t\t\t\t\t\t<\/ul>\n\t\t\t\t\t\t<\/div>\n\t\t\t\t<\/div>\n\t\t\t\t<div class=\"elementor-element elementor-element-4653299 elementor-absolute elementor-widget elementor-widget-image\" data-id=\"4653299\" data-element_type=\"widget\" data-e-type=\"widget\" data-settings=\"{&quot;_position&quot;:&quot;absolute&quot;}\" data-widget_type=\"image.default\">\n\t\t\t\t<div class=\"elementor-widget-container\">\n\t\t\t\t\t\t\t\t\t\t\t\t\t\t\t<img fetchpriority=\"high\" decoding=\"async\" width=\"2048\" height=\"1152\" src=\"https:\/\/luzdentalcare.com\/wp-content\/uploads\/2026\/04\/Homepage-scaled-1-scaled.webp\" class=\"attachment-full size-full wp-image-2131\" alt=\"\" srcset=\"https:\/\/luzdentalcare.com\/wp-content\/uploads\/2026\/04\/Homepage-scaled-1-scaled.webp 2048w, https:\/\/luzdentalcare.com\/wp-content\/uploads\/2026\/04\/Homepage-scaled-1-300x169.webp 300w, https:\/\/luzdentalcare.com\/wp-content\/uploads\/2026\/04\/Homepage-scaled-1-1024x576.webp 1024w, https:\/\/luzdentalcare.com\/wp-content\/uploads\/2026\/04\/Homepage-scaled-1-768x432.webp 768w, https:\/\/luzdentalcare.com\/wp-content\/uploads\/2026\/04\/Homepage-scaled-1-1536x864.webp 1536w, https:\/\/luzdentalcare.com\/wp-content\/uploads\/2026\/04\/Homepage-scaled-1-600x338.webp 600w\" sizes=\"(max-width: 2048px) 100vw, 2048px\" \/>\t\t\t\t\t\t\t\t\t\t\t\t\t\t\t<\/div>\n\t\t\t\t<\/div>\n\t\t<div class=\"elementor-element elementor-element-48b05cb e-flex e-con-boxed e-con e-child\" data-id=\"48b05cb\" data-element_type=\"container\" data-e-type=\"container\">\n\t\t\t\t\t<div class=\"e-con-inner\">\n\t\t\t\t<div class=\"elementor-element elementor-element-ead4035 animated-slow elementor-invisible elementor-widget elementor-widget-image\" data-id=\"ead4035\" data-element_type=\"widget\" data-e-type=\"widget\" data-settings=\"{&quot;_animation&quot;:&quot;fadeInUp&quot;}\" data-widget_type=\"image.default\">\n\t\t\t\t<div class=\"elementor-widget-container\">\n\t\t\t\t\t\t\t\t\t\t\t\t\t\t\t<img decoding=\"async\" width=\"266\" height=\"156\" src=\"https:\/\/luzdentalcare.com\/wp-content\/uploads\/2026\/04\/Logo.webp\" class=\"attachment-large size-large wp-image-2142\" alt=\"\" \/>\t\t\t\t\t\t\t\t\t\t\t\t\t\t\t<\/div>\n\t\t\t\t<\/div>\n\t\t\t\t\t<\/div>\n\t\t\t\t<\/div>\n\t\t<div class=\"elementor-element elementor-element-3d17d54 e-flex e-con-boxed e-con e-child\" data-id=\"3d17d54\" data-element_type=\"container\" data-e-type=\"container\">\n\t\t\t\t\t<div class=\"e-con-inner\">\n\t\t<div class=\"elementor-element elementor-element-9fd41e7 e-con-full e-flex e-con e-child\" data-id=\"9fd41e7\" data-element_type=\"container\" data-e-type=\"container\">\n\t\t\t\t<\/div>\n\t\t<div class=\"elementor-element elementor-element-52dd059 e-con-full e-flex e-con e-child\" data-id=\"52dd059\" data-element_type=\"container\" data-e-type=\"container\">\n\t\t\t\t<div class=\"elementor-element elementor-element-bd626c9 animated-slow img-homepage elementor-invisible elementor-widget elementor-widget-image\" data-id=\"bd626c9\" data-element_type=\"widget\" data-e-type=\"widget\" data-settings=\"{&quot;_animation&quot;:&quot;fadeInUp&quot;,&quot;_animation_delay&quot;:1000}\" data-widget_type=\"image.default\">\n\t\t\t\t<div class=\"elementor-widget-container\">\n\t\t\t\t\t\t\t\t\t\t\t\t\t\t\t<img decoding=\"async\" width=\"305\" height=\"992\" src=\"https:\/\/luzdentalcare.com\/wp-content\/uploads\/2026\/04\/Home-product-1.webp\" class=\"attachment-large size-large wp-image-2153\" alt=\"\" srcset=\"https:\/\/luzdentalcare.com\/wp-content\/uploads\/2026\/04\/Home-product-1.webp 305w, https:\/\/luzdentalcare.com\/wp-content\/uploads\/2026\/04\/Home-product-1-92x300.webp 92w\" sizes=\"(max-width: 305px) 100vw, 305px\" \/>\t\t\t\t\t\t\t\t\t\t\t\t\t\t\t<\/div>\n\t\t\t\t<\/div>\n\t\t\t\t<div class=\"elementor-element elementor-element-c451845 animated-slow img-homepage elementor-invisible elementor-widget elementor-widget-image\" data-id=\"c451845\" data-element_type=\"widget\" data-e-type=\"widget\" data-settings=\"{&quot;_animation&quot;:&quot;fadeInUp&quot;,&quot;_animation_delay&quot;:1300}\" data-widget_type=\"image.default\">\n\t\t\t\t<div class=\"elementor-widget-container\">\n\t\t\t\t\t\t\t\t\t\t\t\t\t\t\t<img loading=\"lazy\" decoding=\"async\" width=\"252\" height=\"992\" src=\"https:\/\/luzdentalcare.com\/wp-content\/uploads\/2026\/04\/Home-product-2.webp\" class=\"attachment-large size-large wp-image-2164\" alt=\"\" srcset=\"https:\/\/luzdentalcare.com\/wp-content\/uploads\/2026\/04\/Home-product-2.webp 252w, https:\/\/luzdentalcare.com\/wp-content\/uploads\/2026\/04\/Home-product-2-76x300.webp 76w\" sizes=\"(max-width: 252px) 100vw, 252px\" \/>\t\t\t\t\t\t\t\t\t\t\t\t\t\t\t<\/div>\n\t\t\t\t<\/div>\n\t\t\t\t<\/div>\n\t\t<div class=\"elementor-element elementor-element-27058bb e-con-full e-flex e-con e-child\" data-id=\"27058bb\" data-element_type=\"container\" data-e-type=\"container\">\n\t\t<div class=\"elementor-element elementor-element-b32544d e-con-full e-flex e-con e-child\" data-id=\"b32544d\" data-element_type=\"container\" data-e-type=\"container\">\n\t\t\t\t<div class=\"elementor-element elementor-element-e984fc4 animated-slow elementor-invisible elementor-widget elementor-widget-heading\" data-id=\"e984fc4\" data-element_type=\"widget\" data-e-type=\"widget\" data-settings=\"{&quot;_animation&quot;:&quot;fadeInLeft&quot;,&quot;_animation_delay&quot;:1000}\" data-widget_type=\"heading.default\">\n\t\t\t\t<div class=\"elementor-widget-container\">\n\t\t\t\t\t<h1 class=\"elementor-heading-title elementor-size-default\">L\u016aZ: Meer dan een merk <\/h1>\t\t\t\t<\/div>\n\t\t\t\t<\/div>\n\t\t\t\t<div class=\"elementor-element elementor-element-b39fd70 animated-slow elementor-invisible elementor-widget elementor-widget-text-editor\" data-id=\"b39fd70\" data-element_type=\"widget\" data-e-type=\"widget\" data-settings=\"{&quot;_animation&quot;:&quot;fadeInLeft&quot;,&quot;_animation_delay&quot;:1000}\" data-widget_type=\"text-editor.default\">\n\t\t\t\t<div class=\"elementor-widget-container\">\n\t\t\t\t\t\t\t\t\t<p>L\u016aZ is een visie om orthodontische zorg voor<br>iedereen toegankelijker te maken.<\/p>\t\t\t\t\t\t\t\t<\/div>\n\t\t\t\t<\/div>\n\t\t\t\t<div class=\"elementor-element elementor-element-27d5c93 js-button-splash animated-slow elementor-mobile-align-center elementor-invisible elementor-widget elementor-widget-button\" data-id=\"27d5c93\" data-element_type=\"widget\" data-e-type=\"widget\" data-settings=\"{&quot;_animation&quot;:&quot;fadeInLeft&quot;,&quot;_animation_delay&quot;:1000}\" data-widget_type=\"button.default\">\n\t\t\t\t<div class=\"elementor-widget-container\">\n\t\t\t\t\t\t\t\t\t<div class=\"elementor-button-wrapper\">\n\t\t\t\t\t<a class=\"elementor-button elementor-button-link elementor-size-sm\" href=\"#elementor-action%3Aaction%3Dpopup%3Aopen%26settings%3DeyJpZCI6MjkwNywidG9nZ2xlIjpmYWxzZX0%3D\">\n\t\t\t\t\t\t<span class=\"elementor-button-content-wrapper\">\n\t\t\t\t\t\t\t\t\t<span class=\"elementor-button-text\">Zakelijke klanten<\/span>\n\t\t\t\t\t<\/span>\n\t\t\t\t\t<\/a>\n\t\t\t\t<\/div>\n\t\t\t\t\t\t\t\t<\/div>\n\t\t\t\t<\/div>\n\t\t\t\t<div class=\"elementor-element elementor-element-42804da js-button-splash animated-slow elementor-mobile-align-center elementor-invisible elementor-widget elementor-widget-button\" data-id=\"42804da\" data-element_type=\"widget\" data-e-type=\"widget\" data-settings=\"{&quot;_animation&quot;:&quot;fadeInLeft&quot;,&quot;_animation_delay&quot;:1000}\" data-widget_type=\"button.default\">\n\t\t\t\t<div class=\"elementor-widget-container\">\n\t\t\t\t\t\t\t\t\t<div class=\"elementor-button-wrapper\">\n\t\t\t\t\t<a class=\"elementor-button elementor-button-link elementor-size-sm\" href=\"#elementor-action%3Aaction%3Dpopup%3Aopen%26settings%3DeyJpZCI6Mjg4NSwidG9nZ2xlIjpmYWxzZX0%3D\">\n\t\t\t\t\t\t<span class=\"elementor-button-content-wrapper\">\n\t\t\t\t\t\t\t\t\t<span class=\"elementor-button-text\">Particuliere klanten<\/span>\n\t\t\t\t\t<\/span>\n\t\t\t\t\t<\/a>\n\t\t\t\t<\/div>\n\t\t\t\t\t\t\t\t<\/div>\n\t\t\t\t<\/div>\n\t\t\t\t<\/div>\n\t\t\t\t<\/div>\n\t\t\t\t\t<\/div>\n\t\t\t\t<\/div>\n\t\t\t\t<\/div>\n\t\t<div class=\"elementor-element elementor-element-11043ca e-flex e-con-boxed e-con e-parent\" data-id=\"11043ca\" data-element_type=\"container\" data-e-type=\"container\">\n\t\t\t\t\t<div class=\"e-con-inner\">\n\t\t\t\t<div class=\"elementor-element elementor-element-cd4b659 elementor-widget elementor-widget-shortcode\" data-id=\"cd4b659\" data-element_type=\"widget\" data-e-type=\"widget\" data-widget_type=\"shortcode.default\">\n\t\t\t\t<div class=\"elementor-widget-container\">\n\t\t\t\t\t\t\t<div class=\"elementor-shortcode\"><div id=\"mi-cart-empty-modal\" class=\"mi-cart-empty-modal is-hidden\">\r\n  <div class=\"mi-cart-empty-modal__overlay\"><\/div>\r\n  <div class=\"mi-cart-empty-modal__content\">\r\n    <p class=\"mi-cart-empty-modal__message\">Patvirtinkite pasikeitim\u0105<\/p>\r\n    <p class=\"mi-cart-empty-modal__subtitle\">J\u016bs\u0173 krep\u0161elis bus i\u0161tu\u0161tintas. T\u0119sti?<\/p>\r\n    <div class=\"mi-cart-empty-modal__buttons\">\r\n      <button class=\"mi-cart-empty-modal__btn mi-cart-empty-modal__btn--confirm\">Taip, t\u0119sti<\/button>\r\n      <button class=\"mi-cart-empty-modal__btn mi-cart-empty-modal__btn--cancel\">At\u0161aukti<\/button>\r\n    <\/div>\r\n  <\/div>\r\n<\/div>\r\n<\/div>\n\t\t\t\t\t\t<\/div>\n\t\t\t\t<\/div>\n\t\t\t\t\t<\/div>\n\t\t\t\t<\/div>\n\t\t\t\t<\/div>\n\t\t","protected":false},"excerpt":{"rendered":"<p>L\u016aZ: Meer dan een merk L\u016aZ is een visie om orthodontische zorg vooriedereen toegankelijker te maken. Zakelijke klanten Particuliere klanten<\/p>\n","protected":false},"author":1,"featured_media":0,"parent":0,"menu_order":0,"comment_status":"closed","ping_status":"closed","template":"elementor_canvas","meta":{"_acf_changed":false,"footnotes":""},"class_list":["post-1282","page","type-page","status-publish","hentry"],"acf":[],"yoast_head":"<!-- This site is optimized with the Yoast SEO plugin v27.3 - https:\/\/yoast.com\/product\/yoast-seo-wordpress\/ -->\n<title>Startpagina - Luz Dental Care<\/title>\n<meta name=\"robots\" content=\"index, follow, max-snippet:-1, max-image-preview:large, max-video-preview:-1\" \/>\n<link rel=\"canonical\" href=\"https:\/\/luzdentalcare.com\/nl\/\" \/>\n<meta property=\"og:locale\" content=\"nl_NL\" \/>\n<meta property=\"og:type\" content=\"article\" \/>\n<meta property=\"og:title\" content=\"Startpagina - Luz Dental Care\" \/>\n<meta property=\"og:description\" content=\"L\u016aZ: Meer dan een merk L\u016aZ is een visie om orthodontische zorg vooriedereen toegankelijker te maken. Zakelijke klanten Particuliere klanten\" \/>\n<meta property=\"og:url\" content=\"https:\/\/luzdentalcare.com\/nl\/\" \/>\n<meta property=\"og:site_name\" content=\"Luz Dental Care\" \/>\n<meta property=\"article:modified_time\" content=\"2026-04-07T06:45:17+00:00\" \/>\n<meta property=\"og:image\" content=\"https:\/\/luzdentalcare.com\/wp-content\/uploads\/2026\/04\/Homepage-scaled-1-scaled.webp\" \/>\n\t<meta property=\"og:image:width\" content=\"2048\" \/>\n\t<meta property=\"og:image:height\" content=\"1152\" \/>\n\t<meta property=\"og:image:type\" content=\"image\/webp\" \/>\n<meta name=\"twitter:card\" content=\"summary_large_image\" \/>\n<script type=\"application\/ld+json\" class=\"yoast-schema-graph\">{\"@context\":\"https:\\\/\\\/schema.org\",\"@graph\":[{\"@type\":\"WebPage\",\"@id\":\"https:\\\/\\\/luzdentalcare.com\\\/nl\\\/\",\"url\":\"https:\\\/\\\/luzdentalcare.com\\\/nl\\\/\",\"name\":\"Startpagina - Luz Dental Care\",\"isPartOf\":{\"@id\":\"https:\\\/\\\/luzdentalcare.com\\\/nl\\\/#website\"},\"primaryImageOfPage\":{\"@id\":\"https:\\\/\\\/luzdentalcare.com\\\/nl\\\/#primaryimage\"},\"image\":{\"@id\":\"https:\\\/\\\/luzdentalcare.com\\\/nl\\\/#primaryimage\"},\"thumbnailUrl\":\"https:\\\/\\\/luzdentalcare.com\\\/wp-content\\\/uploads\\\/2026\\\/04\\\/Homepage-scaled-1-scaled.webp\",\"datePublished\":\"2025-05-21T05:51:17+00:00\",\"dateModified\":\"2026-04-07T06:45:17+00:00\",\"breadcrumb\":{\"@id\":\"https:\\\/\\\/luzdentalcare.com\\\/nl\\\/#breadcrumb\"},\"inLanguage\":\"nl-NL\",\"potentialAction\":[{\"@type\":\"ReadAction\",\"target\":[\"https:\\\/\\\/luzdentalcare.com\\\/nl\\\/\"]}]},{\"@type\":\"ImageObject\",\"inLanguage\":\"nl-NL\",\"@id\":\"https:\\\/\\\/luzdentalcare.com\\\/nl\\\/#primaryimage\",\"url\":\"https:\\\/\\\/luzdentalcare.com\\\/wp-content\\\/uploads\\\/2026\\\/04\\\/Homepage-scaled-1-scaled.webp\",\"contentUrl\":\"https:\\\/\\\/luzdentalcare.com\\\/wp-content\\\/uploads\\\/2026\\\/04\\\/Homepage-scaled-1-scaled.webp\"},{\"@type\":\"BreadcrumbList\",\"@id\":\"https:\\\/\\\/luzdentalcare.com\\\/nl\\\/#breadcrumb\",\"itemListElement\":[{\"@type\":\"ListItem\",\"position\":1,\"name\":\"Home\",\"item\":\"https:\\\/\\\/luzdentalcare.com\\\/nl\\\/homepage\\\/\"},{\"@type\":\"ListItem\",\"position\":2,\"name\":\"Startpagina\"}]},{\"@type\":\"WebSite\",\"@id\":\"https:\\\/\\\/luzdentalcare.com\\\/nl\\\/#website\",\"url\":\"https:\\\/\\\/luzdentalcare.com\\\/nl\\\/\",\"name\":\"LUZ Dental Care\",\"description\":\"Just another WordPress site\",\"publisher\":{\"@id\":\"https:\\\/\\\/luzdentalcare.com\\\/nl\\\/#organization\"},\"potentialAction\":[{\"@type\":\"SearchAction\",\"target\":{\"@type\":\"EntryPoint\",\"urlTemplate\":\"https:\\\/\\\/luzdentalcare.com\\\/nl\\\/?s={search_term_string}\"},\"query-input\":{\"@type\":\"PropertyValueSpecification\",\"valueRequired\":true,\"valueName\":\"search_term_string\"}}],\"inLanguage\":\"nl-NL\"},{\"@type\":\"Organization\",\"@id\":\"https:\\\/\\\/luzdentalcare.com\\\/nl\\\/#organization\",\"name\":\"LUZ Dental Care\",\"url\":\"https:\\\/\\\/luzdentalcare.com\\\/nl\\\/\",\"logo\":{\"@type\":\"ImageObject\",\"inLanguage\":\"nl-NL\",\"@id\":\"https:\\\/\\\/luzdentalcare.com\\\/nl\\\/#\\\/schema\\\/logo\\\/image\\\/\",\"url\":\"https:\\\/\\\/luzdentalcare.com\\\/wp-content\\\/uploads\\\/2025\\\/05\\\/Logos.webp\",\"contentUrl\":\"https:\\\/\\\/luzdentalcare.com\\\/wp-content\\\/uploads\\\/2025\\\/05\\\/Logos.webp\",\"width\":184,\"height\":108,\"caption\":\"LUZ Dental Care\"},\"image\":{\"@id\":\"https:\\\/\\\/luzdentalcare.com\\\/nl\\\/#\\\/schema\\\/logo\\\/image\\\/\"}}]}<\/script>\n<!-- \/ Yoast SEO plugin. -->","yoast_head_json":{"title":"Startpagina - Luz Dental Care","robots":{"index":"index","follow":"follow","max-snippet":"max-snippet:-1","max-image-preview":"max-image-preview:large","max-video-preview":"max-video-preview:-1"},"canonical":"https:\/\/luzdentalcare.com\/nl\/","og_locale":"nl_NL","og_type":"article","og_title":"Startpagina - Luz Dental Care","og_description":"L\u016aZ: Meer dan een merk L\u016aZ is een visie om orthodontische zorg vooriedereen toegankelijker te maken. Zakelijke klanten Particuliere klanten","og_url":"https:\/\/luzdentalcare.com\/nl\/","og_site_name":"Luz Dental Care","article_modified_time":"2026-04-07T06:45:17+00:00","og_image":[{"width":2048,"height":1152,"url":"https:\/\/luzdentalcare.com\/wp-content\/uploads\/2026\/04\/Homepage-scaled-1-scaled.webp","type":"image\/webp"}],"twitter_card":"summary_large_image","schema":{"@context":"https:\/\/schema.org","@graph":[{"@type":"WebPage","@id":"https:\/\/luzdentalcare.com\/nl\/","url":"https:\/\/luzdentalcare.com\/nl\/","name":"Startpagina - Luz Dental Care","isPartOf":{"@id":"https:\/\/luzdentalcare.com\/nl\/#website"},"primaryImageOfPage":{"@id":"https:\/\/luzdentalcare.com\/nl\/#primaryimage"},"image":{"@id":"https:\/\/luzdentalcare.com\/nl\/#primaryimage"},"thumbnailUrl":"https:\/\/luzdentalcare.com\/wp-content\/uploads\/2026\/04\/Homepage-scaled-1-scaled.webp","datePublished":"2025-05-21T05:51:17+00:00","dateModified":"2026-04-07T06:45:17+00:00","breadcrumb":{"@id":"https:\/\/luzdentalcare.com\/nl\/#breadcrumb"},"inLanguage":"nl-NL","potentialAction":[{"@type":"ReadAction","target":["https:\/\/luzdentalcare.com\/nl\/"]}]},{"@type":"ImageObject","inLanguage":"nl-NL","@id":"https:\/\/luzdentalcare.com\/nl\/#primaryimage","url":"https:\/\/luzdentalcare.com\/wp-content\/uploads\/2026\/04\/Homepage-scaled-1-scaled.webp","contentUrl":"https:\/\/luzdentalcare.com\/wp-content\/uploads\/2026\/04\/Homepage-scaled-1-scaled.webp"},{"@type":"BreadcrumbList","@id":"https:\/\/luzdentalcare.com\/nl\/#breadcrumb","itemListElement":[{"@type":"ListItem","position":1,"name":"Home","item":"https:\/\/luzdentalcare.com\/nl\/homepage\/"},{"@type":"ListItem","position":2,"name":"Startpagina"}]},{"@type":"WebSite","@id":"https:\/\/luzdentalcare.com\/nl\/#website","url":"https:\/\/luzdentalcare.com\/nl\/","name":"LUZ Dental Care","description":"Just another WordPress site","publisher":{"@id":"https:\/\/luzdentalcare.com\/nl\/#organization"},"potentialAction":[{"@type":"SearchAction","target":{"@type":"EntryPoint","urlTemplate":"https:\/\/luzdentalcare.com\/nl\/?s={search_term_string}"},"query-input":{"@type":"PropertyValueSpecification","valueRequired":true,"valueName":"search_term_string"}}],"inLanguage":"nl-NL"},{"@type":"Organization","@id":"https:\/\/luzdentalcare.com\/nl\/#organization","name":"LUZ Dental Care","url":"https:\/\/luzdentalcare.com\/nl\/","logo":{"@type":"ImageObject","inLanguage":"nl-NL","@id":"https:\/\/luzdentalcare.com\/nl\/#\/schema\/logo\/image\/","url":"https:\/\/luzdentalcare.com\/wp-content\/uploads\/2025\/05\/Logos.webp","contentUrl":"https:\/\/luzdentalcare.com\/wp-content\/uploads\/2025\/05\/Logos.webp","width":184,"height":108,"caption":"LUZ Dental Care"},"image":{"@id":"https:\/\/luzdentalcare.com\/nl\/#\/schema\/logo\/image\/"}}]}},"_links":{"self":[{"href":"https:\/\/luzdentalcare.com\/nl\/wp-json\/wp\/v2\/pages\/1282","targetHints":{"allow":["GET"]}}],"collection":[{"href":"https:\/\/luzdentalcare.com\/nl\/wp-json\/wp\/v2\/pages"}],"about":[{"href":"https:\/\/luzdentalcare.com\/nl\/wp-json\/wp\/v2\/types\/page"}],"author":[{"embeddable":true,"href":"https:\/\/luzdentalcare.com\/nl\/wp-json\/wp\/v2\/users\/1"}],"replies":[{"embeddable":true,"href":"https:\/\/luzdentalcare.com\/nl\/wp-json\/wp\/v2\/comments?post=1282"}],"version-history":[{"count":8,"href":"https:\/\/luzdentalcare.com\/nl\/wp-json\/wp\/v2\/pages\/1282\/revisions"}],"predecessor-version":[{"id":2924,"href":"https:\/\/luzdentalcare.com\/nl\/wp-json\/wp\/v2\/pages\/1282\/revisions\/2924"}],"wp:attachment":[{"href":"https:\/\/luzdentalcare.com\/nl\/wp-json\/wp\/v2\/media?parent=1282"}],"curies":[{"name":"wp","href":"https:\/\/api.w.org\/{rel}","templated":true}]}}