{"id":1901,"date":"2025-10-07T09:13:15","date_gmt":"2025-10-07T09:13:15","guid":{"rendered":"https:\/\/luzdentalcare.com\/?post_type=product&#038;p=1901"},"modified":"2026-04-07T09:07:41","modified_gmt":"2026-04-07T09:07:41","slug":"ortodontyczna-pasta-do-zebow","status":"publish","type":"product","link":"https:\/\/luzdentalcare.com\/pl\/product\/ortodontyczna-pasta-do-zebow\/","title":{"rendered":"Ortodontyczna pasta do z\u0119b\u00f3w"},"content":{"rendered":"<p>Nasza historia<\/p>\n<p>Aparaty ortodontyczne, alignery i nak\u0142adki zwi\u0119kszaj\u0105 ryzyko powstawania ubytk\u00f3w, p\u0142ytki naz\u0119bnej i podra\u017cnie\u0144. Pasta do z\u0119b\u00f3w L\u016aZ jest przeznaczona dla pacjent\u00f3w ortodontycznych i zawiera 1448 ppm fluoru, hydroksyapatyt i ksylitol, kt\u00f3re wzmacniaj\u0105 szkliwo, zwalczaj\u0105 pr\u00f3chnic\u0119 i pozostawiaj\u0105 jam\u0119 ustn\u0105 \u015bwie\u017c\u0105 i czyst\u0105.<\/p>\n","protected":false},"excerpt":{"rendered":"<p>Nasza historia Aparaty ortodontyczne, alignery i nak\u0142adki zwi\u0119kszaj\u0105 ryzyko powstawania ubytk\u00f3w, p\u0142ytki naz\u0119bnej i podra\u017cnie\u0144. Pasta do z\u0119b\u00f3w L\u016aZ jest przeznaczona dla pacjent\u00f3w ortodontycznych i zawiera 1448 ppm fluoru, hydroksyapatyt i ksylitol, kt\u00f3re wzmacniaj\u0105 szkliwo, zwalczaj\u0105 pr\u00f3chnic\u0119 i pozostawiaj\u0105 jam\u0119 ustn\u0105 \u015bwie\u017c\u0105 i czyst\u0105.<\/p>\n","protected":false},"featured_media":688,"comment_status":"closed","ping_status":"closed","template":"","meta":{"_acf_changed":false},"product_brand":[],"product_cat":[138],"product_tag":[],"class_list":{"0":"post-1901","1":"product","2":"type-product","3":"status-publish","4":"has-post-thumbnail","6":"product_cat-b2c","8":"first","9":"instock","10":"shipping-taxable","11":"purchasable","12":"product-type-simple"},"acf":[],"yoast_head":"<!-- This site is optimized with the Yoast SEO plugin v27.3 - https:\/\/yoast.com\/product\/yoast-seo-wordpress\/ -->\n<title>Ortodontyczna pasta do z\u0119b\u00f3w - Luz Dental Care<\/title>\n<meta name=\"description\" content=\"Pasta do z\u0119b\u00f3w L\u016aZ chroni osoby nosz\u0105ce aparaty ortodontyczne dzi\u0119ki zawarto\u015bci 1448 ppm fluoru, hydroksyapatytu i ksylitolu, kt\u00f3re zwalczaj\u0105 pr\u00f3chnic\u0119, wzmacniaj\u0105 szkliwo i zapewniaj\u0105 \u015bwie\u017co\u015b\u0107.\" \/>\n<meta name=\"robots\" content=\"index, follow, max-snippet:-1, max-image-preview:large, max-video-preview:-1\" \/>\n<link rel=\"canonical\" href=\"https:\/\/luzdentalcare.com\/pl\/product\/ortodontyczna-pasta-do-zebow\/\" \/>\n<meta property=\"og:locale\" content=\"pl_PL\" \/>\n<meta property=\"og:type\" content=\"article\" \/>\n<meta property=\"og:title\" content=\"Ortodontyczna pasta do z\u0119b\u00f3w - Luz Dental Care\" \/>\n<meta property=\"og:description\" content=\"Pasta do z\u0119b\u00f3w L\u016aZ chroni osoby nosz\u0105ce aparaty ortodontyczne dzi\u0119ki zawarto\u015bci 1448 ppm fluoru, hydroksyapatytu i ksylitolu, kt\u00f3re zwalczaj\u0105 pr\u00f3chnic\u0119, wzmacniaj\u0105 szkliwo i zapewniaj\u0105 \u015bwie\u017co\u015b\u0107.\" \/>\n<meta property=\"og:url\" content=\"https:\/\/luzdentalcare.com\/pl\/product\/ortodontyczna-pasta-do-zebow\/\" \/>\n<meta property=\"og:site_name\" content=\"Luz Dental Care\" \/>\n<meta property=\"article:modified_time\" content=\"2026-04-07T09:07:41+00:00\" \/>\n<meta property=\"og:image\" content=\"https:\/\/luzdentalcare.com\/wp-content\/uploads\/2025\/05\/Orthodontic-Toothpaste.webp\" \/>\n\t<meta property=\"og:image:width\" content=\"960\" \/>\n\t<meta property=\"og:image:height\" content=\"960\" \/>\n\t<meta property=\"og:image:type\" content=\"image\/webp\" \/>\n<meta name=\"twitter:card\" content=\"summary_large_image\" \/>\n<meta name=\"twitter:label1\" content=\"Szacowany czas czytania\" \/>\n\t<meta name=\"twitter:data1\" content=\"1 minuta\" \/>\n<script type=\"application\/ld+json\" class=\"yoast-schema-graph\">{\"@context\":\"https:\\\/\\\/schema.org\",\"@graph\":[{\"@type\":\"WebPage\",\"@id\":\"https:\\\/\\\/luzdentalcare.com\\\/pl\\\/product\\\/ortodontyczna-pasta-do-zebow\\\/\",\"url\":\"https:\\\/\\\/luzdentalcare.com\\\/pl\\\/product\\\/ortodontyczna-pasta-do-zebow\\\/\",\"name\":\"Ortodontyczna pasta do z\u0119b\u00f3w - Luz Dental Care\",\"isPartOf\":{\"@id\":\"https:\\\/\\\/luzdentalcare.com\\\/pl\\\/#website\"},\"primaryImageOfPage\":{\"@id\":\"https:\\\/\\\/luzdentalcare.com\\\/pl\\\/product\\\/ortodontyczna-pasta-do-zebow\\\/#primaryimage\"},\"image\":{\"@id\":\"https:\\\/\\\/luzdentalcare.com\\\/pl\\\/product\\\/ortodontyczna-pasta-do-zebow\\\/#primaryimage\"},\"thumbnailUrl\":\"https:\\\/\\\/luzdentalcare.com\\\/wp-content\\\/uploads\\\/2025\\\/05\\\/Orthodontic-Toothpaste.webp\",\"datePublished\":\"2025-10-07T09:13:15+00:00\",\"dateModified\":\"2026-04-07T09:07:41+00:00\",\"description\":\"Pasta do z\u0119b\u00f3w L\u016aZ chroni osoby nosz\u0105ce aparaty ortodontyczne dzi\u0119ki zawarto\u015bci 1448 ppm fluoru, hydroksyapatytu i ksylitolu, kt\u00f3re zwalczaj\u0105 pr\u00f3chnic\u0119, wzmacniaj\u0105 szkliwo i zapewniaj\u0105 \u015bwie\u017co\u015b\u0107.\",\"breadcrumb\":{\"@id\":\"https:\\\/\\\/luzdentalcare.com\\\/pl\\\/product\\\/ortodontyczna-pasta-do-zebow\\\/#breadcrumb\"},\"inLanguage\":\"pl-PL\",\"potentialAction\":[{\"@type\":\"ReadAction\",\"target\":[\"https:\\\/\\\/luzdentalcare.com\\\/pl\\\/product\\\/ortodontyczna-pasta-do-zebow\\\/\"]}]},{\"@type\":\"ImageObject\",\"inLanguage\":\"pl-PL\",\"@id\":\"https:\\\/\\\/luzdentalcare.com\\\/pl\\\/product\\\/ortodontyczna-pasta-do-zebow\\\/#primaryimage\",\"url\":\"https:\\\/\\\/luzdentalcare.com\\\/wp-content\\\/uploads\\\/2025\\\/05\\\/Orthodontic-Toothpaste.webp\",\"contentUrl\":\"https:\\\/\\\/luzdentalcare.com\\\/wp-content\\\/uploads\\\/2025\\\/05\\\/Orthodontic-Toothpaste.webp\",\"width\":960,\"height\":960,\"caption\":\"Orthodontic Toothpaste\"},{\"@type\":\"BreadcrumbList\",\"@id\":\"https:\\\/\\\/luzdentalcare.com\\\/pl\\\/product\\\/ortodontyczna-pasta-do-zebow\\\/#breadcrumb\",\"itemListElement\":[{\"@type\":\"ListItem\",\"position\":1,\"name\":\"Home\",\"item\":\"https:\\\/\\\/luzdentalcare.com\\\/pl\\\/strona-glowna\\\/\"},{\"@type\":\"ListItem\",\"position\":2,\"name\":\"Produkty\",\"item\":\"https:\\\/\\\/luzdentalcare.com\\\/produkty\\\/\"},{\"@type\":\"ListItem\",\"position\":3,\"name\":\"Ortodontyczna pasta do z\u0119b\u00f3w\"}]},{\"@type\":\"WebSite\",\"@id\":\"https:\\\/\\\/luzdentalcare.com\\\/pl\\\/#website\",\"url\":\"https:\\\/\\\/luzdentalcare.com\\\/pl\\\/\",\"name\":\"LUZ Dental Care\",\"description\":\"Just another WordPress site\",\"publisher\":{\"@id\":\"https:\\\/\\\/luzdentalcare.com\\\/pl\\\/#organization\"},\"potentialAction\":[{\"@type\":\"SearchAction\",\"target\":{\"@type\":\"EntryPoint\",\"urlTemplate\":\"https:\\\/\\\/luzdentalcare.com\\\/pl\\\/?s={search_term_string}\"},\"query-input\":{\"@type\":\"PropertyValueSpecification\",\"valueRequired\":true,\"valueName\":\"search_term_string\"}}],\"inLanguage\":\"pl-PL\"},{\"@type\":\"Organization\",\"@id\":\"https:\\\/\\\/luzdentalcare.com\\\/pl\\\/#organization\",\"name\":\"LUZ Dental Care\",\"url\":\"https:\\\/\\\/luzdentalcare.com\\\/pl\\\/\",\"logo\":{\"@type\":\"ImageObject\",\"inLanguage\":\"pl-PL\",\"@id\":\"https:\\\/\\\/luzdentalcare.com\\\/pl\\\/#\\\/schema\\\/logo\\\/image\\\/\",\"url\":\"https:\\\/\\\/luzdentalcare.com\\\/wp-content\\\/uploads\\\/2025\\\/05\\\/Logos.webp\",\"contentUrl\":\"https:\\\/\\\/luzdentalcare.com\\\/wp-content\\\/uploads\\\/2025\\\/05\\\/Logos.webp\",\"width\":184,\"height\":108,\"caption\":\"LUZ Dental Care\"},\"image\":{\"@id\":\"https:\\\/\\\/luzdentalcare.com\\\/pl\\\/#\\\/schema\\\/logo\\\/image\\\/\"}}]}<\/script>\n<!-- \/ Yoast SEO plugin. -->","yoast_head_json":{"title":"Ortodontyczna pasta do z\u0119b\u00f3w - Luz Dental Care","description":"Pasta do z\u0119b\u00f3w L\u016aZ chroni osoby nosz\u0105ce aparaty ortodontyczne dzi\u0119ki zawarto\u015bci 1448 ppm fluoru, hydroksyapatytu i ksylitolu, kt\u00f3re zwalczaj\u0105 pr\u00f3chnic\u0119, wzmacniaj\u0105 szkliwo i zapewniaj\u0105 \u015bwie\u017co\u015b\u0107.","robots":{"index":"index","follow":"follow","max-snippet":"max-snippet:-1","max-image-preview":"max-image-preview:large","max-video-preview":"max-video-preview:-1"},"canonical":"https:\/\/luzdentalcare.com\/pl\/product\/ortodontyczna-pasta-do-zebow\/","og_locale":"pl_PL","og_type":"article","og_title":"Ortodontyczna pasta do z\u0119b\u00f3w - Luz Dental Care","og_description":"Pasta do z\u0119b\u00f3w L\u016aZ chroni osoby nosz\u0105ce aparaty ortodontyczne dzi\u0119ki zawarto\u015bci 1448 ppm fluoru, hydroksyapatytu i ksylitolu, kt\u00f3re zwalczaj\u0105 pr\u00f3chnic\u0119, wzmacniaj\u0105 szkliwo i zapewniaj\u0105 \u015bwie\u017co\u015b\u0107.","og_url":"https:\/\/luzdentalcare.com\/pl\/product\/ortodontyczna-pasta-do-zebow\/","og_site_name":"Luz Dental Care","article_modified_time":"2026-04-07T09:07:41+00:00","og_image":[{"width":960,"height":960,"url":"https:\/\/luzdentalcare.com\/wp-content\/uploads\/2025\/05\/Orthodontic-Toothpaste.webp","type":"image\/webp"}],"twitter_card":"summary_large_image","twitter_misc":{"Szacowany czas czytania":"1 minuta"},"schema":{"@context":"https:\/\/schema.org","@graph":[{"@type":"WebPage","@id":"https:\/\/luzdentalcare.com\/pl\/product\/ortodontyczna-pasta-do-zebow\/","url":"https:\/\/luzdentalcare.com\/pl\/product\/ortodontyczna-pasta-do-zebow\/","name":"Ortodontyczna pasta do z\u0119b\u00f3w - Luz Dental Care","isPartOf":{"@id":"https:\/\/luzdentalcare.com\/pl\/#website"},"primaryImageOfPage":{"@id":"https:\/\/luzdentalcare.com\/pl\/product\/ortodontyczna-pasta-do-zebow\/#primaryimage"},"image":{"@id":"https:\/\/luzdentalcare.com\/pl\/product\/ortodontyczna-pasta-do-zebow\/#primaryimage"},"thumbnailUrl":"https:\/\/luzdentalcare.com\/wp-content\/uploads\/2025\/05\/Orthodontic-Toothpaste.webp","datePublished":"2025-10-07T09:13:15+00:00","dateModified":"2026-04-07T09:07:41+00:00","description":"Pasta do z\u0119b\u00f3w L\u016aZ chroni osoby nosz\u0105ce aparaty ortodontyczne dzi\u0119ki zawarto\u015bci 1448 ppm fluoru, hydroksyapatytu i ksylitolu, kt\u00f3re zwalczaj\u0105 pr\u00f3chnic\u0119, wzmacniaj\u0105 szkliwo i zapewniaj\u0105 \u015bwie\u017co\u015b\u0107.","breadcrumb":{"@id":"https:\/\/luzdentalcare.com\/pl\/product\/ortodontyczna-pasta-do-zebow\/#breadcrumb"},"inLanguage":"pl-PL","potentialAction":[{"@type":"ReadAction","target":["https:\/\/luzdentalcare.com\/pl\/product\/ortodontyczna-pasta-do-zebow\/"]}]},{"@type":"ImageObject","inLanguage":"pl-PL","@id":"https:\/\/luzdentalcare.com\/pl\/product\/ortodontyczna-pasta-do-zebow\/#primaryimage","url":"https:\/\/luzdentalcare.com\/wp-content\/uploads\/2025\/05\/Orthodontic-Toothpaste.webp","contentUrl":"https:\/\/luzdentalcare.com\/wp-content\/uploads\/2025\/05\/Orthodontic-Toothpaste.webp","width":960,"height":960,"caption":"Orthodontic Toothpaste"},{"@type":"BreadcrumbList","@id":"https:\/\/luzdentalcare.com\/pl\/product\/ortodontyczna-pasta-do-zebow\/#breadcrumb","itemListElement":[{"@type":"ListItem","position":1,"name":"Home","item":"https:\/\/luzdentalcare.com\/pl\/strona-glowna\/"},{"@type":"ListItem","position":2,"name":"Produkty","item":"https:\/\/luzdentalcare.com\/produkty\/"},{"@type":"ListItem","position":3,"name":"Ortodontyczna pasta do z\u0119b\u00f3w"}]},{"@type":"WebSite","@id":"https:\/\/luzdentalcare.com\/pl\/#website","url":"https:\/\/luzdentalcare.com\/pl\/","name":"LUZ Dental Care","description":"Just another WordPress site","publisher":{"@id":"https:\/\/luzdentalcare.com\/pl\/#organization"},"potentialAction":[{"@type":"SearchAction","target":{"@type":"EntryPoint","urlTemplate":"https:\/\/luzdentalcare.com\/pl\/?s={search_term_string}"},"query-input":{"@type":"PropertyValueSpecification","valueRequired":true,"valueName":"search_term_string"}}],"inLanguage":"pl-PL"},{"@type":"Organization","@id":"https:\/\/luzdentalcare.com\/pl\/#organization","name":"LUZ Dental Care","url":"https:\/\/luzdentalcare.com\/pl\/","logo":{"@type":"ImageObject","inLanguage":"pl-PL","@id":"https:\/\/luzdentalcare.com\/pl\/#\/schema\/logo\/image\/","url":"https:\/\/luzdentalcare.com\/wp-content\/uploads\/2025\/05\/Logos.webp","contentUrl":"https:\/\/luzdentalcare.com\/wp-content\/uploads\/2025\/05\/Logos.webp","width":184,"height":108,"caption":"LUZ Dental Care"},"image":{"@id":"https:\/\/luzdentalcare.com\/pl\/#\/schema\/logo\/image\/"}}]}},"_links":{"self":[{"href":"https:\/\/luzdentalcare.com\/pl\/wp-json\/wp\/v2\/product\/1901","targetHints":{"allow":["GET"]}}],"collection":[{"href":"https:\/\/luzdentalcare.com\/pl\/wp-json\/wp\/v2\/product"}],"about":[{"href":"https:\/\/luzdentalcare.com\/pl\/wp-json\/wp\/v2\/types\/product"}],"replies":[{"embeddable":true,"href":"https:\/\/luzdentalcare.com\/pl\/wp-json\/wp\/v2\/comments?post=1901"}],"wp:featuredmedia":[{"embeddable":true,"href":"https:\/\/luzdentalcare.com\/pl\/wp-json\/wp\/v2\/media\/688"}],"wp:attachment":[{"href":"https:\/\/luzdentalcare.com\/pl\/wp-json\/wp\/v2\/media?parent=1901"}],"wp:term":[{"taxonomy":"product_brand","embeddable":true,"href":"https:\/\/luzdentalcare.com\/pl\/wp-json\/wp\/v2\/product_brand?post=1901"},{"taxonomy":"product_cat","embeddable":true,"href":"https:\/\/luzdentalcare.com\/pl\/wp-json\/wp\/v2\/product_cat?post=1901"},{"taxonomy":"product_tag","embeddable":true,"href":"https:\/\/luzdentalcare.com\/pl\/wp-json\/wp\/v2\/product_tag?post=1901"}],"curies":[{"name":"wp","href":"https:\/\/api.w.org\/{rel}","templated":true}]}}