{"id":1910,"date":"2025-10-07T09:13:20","date_gmt":"2025-10-07T09:13:20","guid":{"rendered":"https:\/\/luzdentalcare.com\/?post_type=product&#038;p=1910"},"modified":"2026-04-07T09:18:14","modified_gmt":"2026-04-07T09:18:14","slug":"plyn-do-plukania-ust-i-pianka-do-czyszczenia-alignerow","status":"publish","type":"product","link":"https:\/\/luzdentalcare.com\/pl\/product\/plyn-do-plukania-ust-i-pianka-do-czyszczenia-alignerow\/","title":{"rendered":"P\u0142yn do p\u0142ukania ust i pianka do czyszczenia aligner\u00f3w"},"content":{"rendered":"<p>Nasza historia<\/p>\n<p>Gli allineatori devono essere freschi e puliti, senza sapori sgradevoli o irritazioni. P\u0142yn do p\u0142ukania jamy ustnej i pianka L\u016aZ usuwaj\u0105 p\u0142ytk\u0119 naz\u0119bn\u0105, zwalczaj\u0105 bakterie i zapewniaj\u0105 \u015bwie\u017cy oddech &#8211; dzi\u0119ki czemu czujesz si\u0119 pewnie po ka\u017cdym posi\u0142ku.<\/p>\n","protected":false},"excerpt":{"rendered":"<p>Nasza historia Gli allineatori devono essere freschi e puliti, senza sapori sgradevoli o irritazioni. P\u0142yn do p\u0142ukania jamy ustnej i pianka L\u016aZ usuwaj\u0105 p\u0142ytk\u0119 naz\u0119bn\u0105, zwalczaj\u0105 bakterie i zapewniaj\u0105 \u015bwie\u017cy oddech &#8211; dzi\u0119ki czemu czujesz si\u0119 pewnie po ka\u017cdym posi\u0142ku.<\/p>\n","protected":false},"featured_media":676,"comment_status":"closed","ping_status":"closed","template":"","meta":{"_acf_changed":false},"product_brand":[],"product_cat":[138],"product_tag":[],"class_list":{"0":"post-1910","1":"product","2":"type-product","3":"status-publish","4":"has-post-thumbnail","6":"product_cat-b2c","8":"first","9":"instock","10":"shipping-taxable","11":"purchasable","12":"product-type-simple"},"acf":[],"yoast_head":"<!-- This site is optimized with the Yoast SEO plugin v27.3 - https:\/\/yoast.com\/product\/yoast-seo-wordpress\/ -->\n<title>P\u0142yn do p\u0142ukania ust i pianka do czyszczenia aligner\u00f3w - Luz Dental Care<\/title>\n<meta name=\"description\" content=\"Gli allineatori devono essere freschi e puliti, senza sapori sgradevoli o irritazioni. Il collutorio e la schiuma L\u016aZ rimuovono la placca, combattono i batteri e mantengono l&#039;alito fresco.\" \/>\n<meta name=\"robots\" content=\"index, follow, max-snippet:-1, max-image-preview:large, max-video-preview:-1\" \/>\n<link rel=\"canonical\" href=\"https:\/\/luzdentalcare.com\/pl\/product\/plyn-do-plukania-ust-i-pianka-do-czyszczenia-alignerow\/\" \/>\n<meta property=\"og:locale\" content=\"pl_PL\" \/>\n<meta property=\"og:type\" content=\"article\" \/>\n<meta property=\"og:title\" content=\"P\u0142yn do p\u0142ukania ust i pianka do czyszczenia aligner\u00f3w - Luz Dental Care\" \/>\n<meta property=\"og:description\" content=\"Gli allineatori devono essere freschi e puliti, senza sapori sgradevoli o irritazioni. Il collutorio e la schiuma L\u016aZ rimuovono la placca, combattono i batteri e mantengono l&#039;alito fresco.\" \/>\n<meta property=\"og:url\" content=\"https:\/\/luzdentalcare.com\/pl\/product\/plyn-do-plukania-ust-i-pianka-do-czyszczenia-alignerow\/\" \/>\n<meta property=\"og:site_name\" content=\"Luz Dental Care\" \/>\n<meta property=\"article:modified_time\" content=\"2026-04-07T09:18:14+00:00\" \/>\n<meta property=\"og:image\" content=\"https:\/\/luzdentalcare.com\/wp-content\/uploads\/2025\/05\/Mouth-Rinse-and-Aligner-Cleaning-Foam.webp\" \/>\n\t<meta property=\"og:image:width\" content=\"960\" \/>\n\t<meta property=\"og:image:height\" content=\"960\" \/>\n\t<meta property=\"og:image:type\" content=\"image\/webp\" \/>\n<meta name=\"twitter:card\" content=\"summary_large_image\" \/>\n<meta name=\"twitter:label1\" content=\"Szacowany czas czytania\" \/>\n\t<meta name=\"twitter:data1\" content=\"1 minuta\" \/>\n<script type=\"application\/ld+json\" class=\"yoast-schema-graph\">{\"@context\":\"https:\\\/\\\/schema.org\",\"@graph\":[{\"@type\":\"WebPage\",\"@id\":\"https:\\\/\\\/luzdentalcare.com\\\/pl\\\/product\\\/plyn-do-plukania-ust-i-pianka-do-czyszczenia-alignerow\\\/\",\"url\":\"https:\\\/\\\/luzdentalcare.com\\\/pl\\\/product\\\/plyn-do-plukania-ust-i-pianka-do-czyszczenia-alignerow\\\/\",\"name\":\"P\u0142yn do p\u0142ukania ust i pianka do czyszczenia aligner\u00f3w - Luz Dental Care\",\"isPartOf\":{\"@id\":\"https:\\\/\\\/luzdentalcare.com\\\/pl\\\/#website\"},\"primaryImageOfPage\":{\"@id\":\"https:\\\/\\\/luzdentalcare.com\\\/pl\\\/product\\\/plyn-do-plukania-ust-i-pianka-do-czyszczenia-alignerow\\\/#primaryimage\"},\"image\":{\"@id\":\"https:\\\/\\\/luzdentalcare.com\\\/pl\\\/product\\\/plyn-do-plukania-ust-i-pianka-do-czyszczenia-alignerow\\\/#primaryimage\"},\"thumbnailUrl\":\"https:\\\/\\\/luzdentalcare.com\\\/wp-content\\\/uploads\\\/2025\\\/05\\\/Mouth-Rinse-and-Aligner-Cleaning-Foam.webp\",\"datePublished\":\"2025-10-07T09:13:20+00:00\",\"dateModified\":\"2026-04-07T09:18:14+00:00\",\"description\":\"Gli allineatori devono essere freschi e puliti, senza sapori sgradevoli o irritazioni. Il collutorio e la schiuma L\u016aZ rimuovono la placca, combattono i batteri e mantengono l'alito fresco.\",\"breadcrumb\":{\"@id\":\"https:\\\/\\\/luzdentalcare.com\\\/pl\\\/product\\\/plyn-do-plukania-ust-i-pianka-do-czyszczenia-alignerow\\\/#breadcrumb\"},\"inLanguage\":\"pl-PL\",\"potentialAction\":[{\"@type\":\"ReadAction\",\"target\":[\"https:\\\/\\\/luzdentalcare.com\\\/pl\\\/product\\\/plyn-do-plukania-ust-i-pianka-do-czyszczenia-alignerow\\\/\"]}]},{\"@type\":\"ImageObject\",\"inLanguage\":\"pl-PL\",\"@id\":\"https:\\\/\\\/luzdentalcare.com\\\/pl\\\/product\\\/plyn-do-plukania-ust-i-pianka-do-czyszczenia-alignerow\\\/#primaryimage\",\"url\":\"https:\\\/\\\/luzdentalcare.com\\\/wp-content\\\/uploads\\\/2025\\\/05\\\/Mouth-Rinse-and-Aligner-Cleaning-Foam.webp\",\"contentUrl\":\"https:\\\/\\\/luzdentalcare.com\\\/wp-content\\\/uploads\\\/2025\\\/05\\\/Mouth-Rinse-and-Aligner-Cleaning-Foam.webp\",\"width\":960,\"height\":960,\"caption\":\"Mouth Rinse and Aligner Cleaning Foam\"},{\"@type\":\"BreadcrumbList\",\"@id\":\"https:\\\/\\\/luzdentalcare.com\\\/pl\\\/product\\\/plyn-do-plukania-ust-i-pianka-do-czyszczenia-alignerow\\\/#breadcrumb\",\"itemListElement\":[{\"@type\":\"ListItem\",\"position\":1,\"name\":\"Home\",\"item\":\"https:\\\/\\\/luzdentalcare.com\\\/pl\\\/strona-glowna\\\/\"},{\"@type\":\"ListItem\",\"position\":2,\"name\":\"Produkty\",\"item\":\"https:\\\/\\\/luzdentalcare.com\\\/produkty\\\/\"},{\"@type\":\"ListItem\",\"position\":3,\"name\":\"P\u0142yn do p\u0142ukania ust i pianka do czyszczenia aligner\u00f3w\"}]},{\"@type\":\"WebSite\",\"@id\":\"https:\\\/\\\/luzdentalcare.com\\\/pl\\\/#website\",\"url\":\"https:\\\/\\\/luzdentalcare.com\\\/pl\\\/\",\"name\":\"LUZ Dental Care\",\"description\":\"Just another WordPress site\",\"publisher\":{\"@id\":\"https:\\\/\\\/luzdentalcare.com\\\/pl\\\/#organization\"},\"potentialAction\":[{\"@type\":\"SearchAction\",\"target\":{\"@type\":\"EntryPoint\",\"urlTemplate\":\"https:\\\/\\\/luzdentalcare.com\\\/pl\\\/?s={search_term_string}\"},\"query-input\":{\"@type\":\"PropertyValueSpecification\",\"valueRequired\":true,\"valueName\":\"search_term_string\"}}],\"inLanguage\":\"pl-PL\"},{\"@type\":\"Organization\",\"@id\":\"https:\\\/\\\/luzdentalcare.com\\\/pl\\\/#organization\",\"name\":\"LUZ Dental Care\",\"url\":\"https:\\\/\\\/luzdentalcare.com\\\/pl\\\/\",\"logo\":{\"@type\":\"ImageObject\",\"inLanguage\":\"pl-PL\",\"@id\":\"https:\\\/\\\/luzdentalcare.com\\\/pl\\\/#\\\/schema\\\/logo\\\/image\\\/\",\"url\":\"https:\\\/\\\/luzdentalcare.com\\\/wp-content\\\/uploads\\\/2025\\\/05\\\/Logos.webp\",\"contentUrl\":\"https:\\\/\\\/luzdentalcare.com\\\/wp-content\\\/uploads\\\/2025\\\/05\\\/Logos.webp\",\"width\":184,\"height\":108,\"caption\":\"LUZ Dental Care\"},\"image\":{\"@id\":\"https:\\\/\\\/luzdentalcare.com\\\/pl\\\/#\\\/schema\\\/logo\\\/image\\\/\"}}]}<\/script>\n<!-- \/ Yoast SEO plugin. -->","yoast_head_json":{"title":"P\u0142yn do p\u0142ukania ust i pianka do czyszczenia aligner\u00f3w - Luz Dental Care","description":"Gli allineatori devono essere freschi e puliti, senza sapori sgradevoli o irritazioni. Il collutorio e la schiuma L\u016aZ rimuovono la placca, combattono i batteri e mantengono l'alito fresco.","robots":{"index":"index","follow":"follow","max-snippet":"max-snippet:-1","max-image-preview":"max-image-preview:large","max-video-preview":"max-video-preview:-1"},"canonical":"https:\/\/luzdentalcare.com\/pl\/product\/plyn-do-plukania-ust-i-pianka-do-czyszczenia-alignerow\/","og_locale":"pl_PL","og_type":"article","og_title":"P\u0142yn do p\u0142ukania ust i pianka do czyszczenia aligner\u00f3w - Luz Dental Care","og_description":"Gli allineatori devono essere freschi e puliti, senza sapori sgradevoli o irritazioni. Il collutorio e la schiuma L\u016aZ rimuovono la placca, combattono i batteri e mantengono l'alito fresco.","og_url":"https:\/\/luzdentalcare.com\/pl\/product\/plyn-do-plukania-ust-i-pianka-do-czyszczenia-alignerow\/","og_site_name":"Luz Dental Care","article_modified_time":"2026-04-07T09:18:14+00:00","og_image":[{"width":960,"height":960,"url":"https:\/\/luzdentalcare.com\/wp-content\/uploads\/2025\/05\/Mouth-Rinse-and-Aligner-Cleaning-Foam.webp","type":"image\/webp"}],"twitter_card":"summary_large_image","twitter_misc":{"Szacowany czas czytania":"1 minuta"},"schema":{"@context":"https:\/\/schema.org","@graph":[{"@type":"WebPage","@id":"https:\/\/luzdentalcare.com\/pl\/product\/plyn-do-plukania-ust-i-pianka-do-czyszczenia-alignerow\/","url":"https:\/\/luzdentalcare.com\/pl\/product\/plyn-do-plukania-ust-i-pianka-do-czyszczenia-alignerow\/","name":"P\u0142yn do p\u0142ukania ust i pianka do czyszczenia aligner\u00f3w - Luz Dental Care","isPartOf":{"@id":"https:\/\/luzdentalcare.com\/pl\/#website"},"primaryImageOfPage":{"@id":"https:\/\/luzdentalcare.com\/pl\/product\/plyn-do-plukania-ust-i-pianka-do-czyszczenia-alignerow\/#primaryimage"},"image":{"@id":"https:\/\/luzdentalcare.com\/pl\/product\/plyn-do-plukania-ust-i-pianka-do-czyszczenia-alignerow\/#primaryimage"},"thumbnailUrl":"https:\/\/luzdentalcare.com\/wp-content\/uploads\/2025\/05\/Mouth-Rinse-and-Aligner-Cleaning-Foam.webp","datePublished":"2025-10-07T09:13:20+00:00","dateModified":"2026-04-07T09:18:14+00:00","description":"Gli allineatori devono essere freschi e puliti, senza sapori sgradevoli o irritazioni. Il collutorio e la schiuma L\u016aZ rimuovono la placca, combattono i batteri e mantengono l'alito fresco.","breadcrumb":{"@id":"https:\/\/luzdentalcare.com\/pl\/product\/plyn-do-plukania-ust-i-pianka-do-czyszczenia-alignerow\/#breadcrumb"},"inLanguage":"pl-PL","potentialAction":[{"@type":"ReadAction","target":["https:\/\/luzdentalcare.com\/pl\/product\/plyn-do-plukania-ust-i-pianka-do-czyszczenia-alignerow\/"]}]},{"@type":"ImageObject","inLanguage":"pl-PL","@id":"https:\/\/luzdentalcare.com\/pl\/product\/plyn-do-plukania-ust-i-pianka-do-czyszczenia-alignerow\/#primaryimage","url":"https:\/\/luzdentalcare.com\/wp-content\/uploads\/2025\/05\/Mouth-Rinse-and-Aligner-Cleaning-Foam.webp","contentUrl":"https:\/\/luzdentalcare.com\/wp-content\/uploads\/2025\/05\/Mouth-Rinse-and-Aligner-Cleaning-Foam.webp","width":960,"height":960,"caption":"Mouth Rinse and Aligner Cleaning Foam"},{"@type":"BreadcrumbList","@id":"https:\/\/luzdentalcare.com\/pl\/product\/plyn-do-plukania-ust-i-pianka-do-czyszczenia-alignerow\/#breadcrumb","itemListElement":[{"@type":"ListItem","position":1,"name":"Home","item":"https:\/\/luzdentalcare.com\/pl\/strona-glowna\/"},{"@type":"ListItem","position":2,"name":"Produkty","item":"https:\/\/luzdentalcare.com\/produkty\/"},{"@type":"ListItem","position":3,"name":"P\u0142yn do p\u0142ukania ust i pianka do czyszczenia aligner\u00f3w"}]},{"@type":"WebSite","@id":"https:\/\/luzdentalcare.com\/pl\/#website","url":"https:\/\/luzdentalcare.com\/pl\/","name":"LUZ Dental Care","description":"Just another WordPress site","publisher":{"@id":"https:\/\/luzdentalcare.com\/pl\/#organization"},"potentialAction":[{"@type":"SearchAction","target":{"@type":"EntryPoint","urlTemplate":"https:\/\/luzdentalcare.com\/pl\/?s={search_term_string}"},"query-input":{"@type":"PropertyValueSpecification","valueRequired":true,"valueName":"search_term_string"}}],"inLanguage":"pl-PL"},{"@type":"Organization","@id":"https:\/\/luzdentalcare.com\/pl\/#organization","name":"LUZ Dental Care","url":"https:\/\/luzdentalcare.com\/pl\/","logo":{"@type":"ImageObject","inLanguage":"pl-PL","@id":"https:\/\/luzdentalcare.com\/pl\/#\/schema\/logo\/image\/","url":"https:\/\/luzdentalcare.com\/wp-content\/uploads\/2025\/05\/Logos.webp","contentUrl":"https:\/\/luzdentalcare.com\/wp-content\/uploads\/2025\/05\/Logos.webp","width":184,"height":108,"caption":"LUZ Dental Care"},"image":{"@id":"https:\/\/luzdentalcare.com\/pl\/#\/schema\/logo\/image\/"}}]}},"_links":{"self":[{"href":"https:\/\/luzdentalcare.com\/pl\/wp-json\/wp\/v2\/product\/1910","targetHints":{"allow":["GET"]}}],"collection":[{"href":"https:\/\/luzdentalcare.com\/pl\/wp-json\/wp\/v2\/product"}],"about":[{"href":"https:\/\/luzdentalcare.com\/pl\/wp-json\/wp\/v2\/types\/product"}],"replies":[{"embeddable":true,"href":"https:\/\/luzdentalcare.com\/pl\/wp-json\/wp\/v2\/comments?post=1910"}],"wp:featuredmedia":[{"embeddable":true,"href":"https:\/\/luzdentalcare.com\/pl\/wp-json\/wp\/v2\/media\/676"}],"wp:attachment":[{"href":"https:\/\/luzdentalcare.com\/pl\/wp-json\/wp\/v2\/media?parent=1910"}],"wp:term":[{"taxonomy":"product_brand","embeddable":true,"href":"https:\/\/luzdentalcare.com\/pl\/wp-json\/wp\/v2\/product_brand?post=1910"},{"taxonomy":"product_cat","embeddable":true,"href":"https:\/\/luzdentalcare.com\/pl\/wp-json\/wp\/v2\/product_cat?post=1910"},{"taxonomy":"product_tag","embeddable":true,"href":"https:\/\/luzdentalcare.com\/pl\/wp-json\/wp\/v2\/product_tag?post=1910"}],"curies":[{"name":"wp","href":"https:\/\/api.w.org\/{rel}","templated":true}]}}