{"id":1590,"date":"2025-05-21T06:10:50","date_gmt":"2025-05-21T06:10:50","guid":{"rendered":"https:\/\/luzdentalcare.com\/product\/apa-de-gura-si-spuma-de-curatare-pentru-alignere\/"},"modified":"2026-04-07T09:18:52","modified_gmt":"2026-04-07T09:18:52","slug":"apa-de-gura-si-spuma-de-curatare-pentru-alignere-b2b","status":"publish","type":"product","link":"https:\/\/luzdentalcare.com\/ro\/product\/apa-de-gura-si-spuma-de-curatare-pentru-alignere-b2b\/","title":{"rendered":"Ap\u0103 de gur\u0103 \u0219i spum\u0103 de cur\u0103\u021bare pentru alignere"},"content":{"rendered":"<p>Povestea noastr\u0103<\/p>\n<p>Alignerele ar trebui s\u0103 fie proaspete \u0219i curate \u2013 f\u0103r\u0103 gust nepl\u0103cut sau irita\u021bii. Apa de gur\u0103 \u0219i spuma L\u016aZ \u00eendep\u0103rteaz\u0103 placa bacterian\u0103, combat bacteriile \u0219i men\u021bin respira\u021bia proasp\u0103t\u0103\u2014pentru ca tu s\u0103 te sim\u021bi \u00eencrez\u0103tor dup\u0103 fiecare mas\u0103.<\/p>\n","protected":false},"excerpt":{"rendered":"<p>Povestea noastr\u0103 Alignerele ar trebui s\u0103 fie proaspete \u0219i curate \u2013 f\u0103r\u0103 gust nepl\u0103cut sau irita\u021bii. Apa de gur\u0103 \u0219i spuma L\u016aZ \u00eendep\u0103rteaz\u0103 placa bacterian\u0103, combat bacteriile \u0219i men\u021bin respira\u021bia proasp\u0103t\u0103\u2014pentru ca tu s\u0103 te sim\u021bi \u00eencrez\u0103tor dup\u0103 fiecare mas\u0103.<\/p>\n","protected":false},"featured_media":1591,"comment_status":"closed","ping_status":"closed","template":"","meta":{"_acf_changed":false},"product_brand":[],"product_cat":[125],"product_tag":[],"class_list":{"0":"post-1590","1":"product","2":"type-product","3":"status-publish","4":"has-post-thumbnail","6":"product_cat-b2b","8":"first","9":"instock","10":"shipping-taxable","11":"purchasable","12":"product-type-simple"},"acf":[],"yoast_head":"<!-- This site is optimized with the Yoast SEO plugin v27.3 - https:\/\/yoast.com\/product\/yoast-seo-wordpress\/ -->\n<title>Ap\u0103 de gur\u0103 \u0219i spum\u0103 de cur\u0103\u021bare pentru alignere - Luz Dental Care<\/title>\n<meta name=\"description\" content=\"Alignerele ar trebui s\u0103 fie proaspete \u0219i curate \u2013 f\u0103r\u0103 gust nepl\u0103cut sau irita\u021bii. Apa de gur\u0103 \u0219i spuma L\u016aZ \u00eendep\u0103rteaz\u0103 placa bacterian\u0103, combat bacteriile \u0219i men\u021bin respira\u021bia proasp\u0103t\u0103.\" \/>\n<meta name=\"robots\" content=\"index, follow, max-snippet:-1, max-image-preview:large, max-video-preview:-1\" \/>\n<link rel=\"canonical\" href=\"https:\/\/luzdentalcare.com\/ro\/product\/apa-de-gura-si-spuma-de-curatare-pentru-alignere-b2b\/\" \/>\n<meta property=\"og:locale\" content=\"ro_RO\" \/>\n<meta property=\"og:type\" content=\"article\" \/>\n<meta property=\"og:title\" content=\"Ap\u0103 de gur\u0103 \u0219i spum\u0103 de cur\u0103\u021bare pentru alignere - Luz Dental Care\" \/>\n<meta property=\"og:description\" content=\"Alignerele ar trebui s\u0103 fie proaspete \u0219i curate \u2013 f\u0103r\u0103 gust nepl\u0103cut sau irita\u021bii. Apa de gur\u0103 \u0219i spuma L\u016aZ \u00eendep\u0103rteaz\u0103 placa bacterian\u0103, combat bacteriile \u0219i men\u021bin respira\u021bia proasp\u0103t\u0103.\" \/>\n<meta property=\"og:url\" content=\"https:\/\/luzdentalcare.com\/ro\/product\/apa-de-gura-si-spuma-de-curatare-pentru-alignere-b2b\/\" \/>\n<meta property=\"og:site_name\" content=\"Luz Dental Care\" \/>\n<meta property=\"article:modified_time\" content=\"2026-04-07T09:18:52+00:00\" \/>\n<meta property=\"og:image\" content=\"https:\/\/luzdentalcare.com\/wp-content\/uploads\/2025\/05\/Mouth-Rinse-and-Aligner-Cleaning-Foam.webp\" \/>\n\t<meta property=\"og:image:width\" content=\"960\" \/>\n\t<meta property=\"og:image:height\" content=\"960\" \/>\n\t<meta property=\"og:image:type\" content=\"image\/webp\" \/>\n<meta name=\"twitter:card\" content=\"summary_large_image\" \/>\n<meta name=\"twitter:label1\" content=\"Timp estimat pentru citire\" \/>\n\t<meta name=\"twitter:data1\" content=\"1 minut\" \/>\n<script type=\"application\/ld+json\" class=\"yoast-schema-graph\">{\"@context\":\"https:\\\/\\\/schema.org\",\"@graph\":[{\"@type\":\"WebPage\",\"@id\":\"https:\\\/\\\/luzdentalcare.com\\\/ro\\\/product\\\/apa-de-gura-si-spuma-de-curatare-pentru-alignere-b2b\\\/\",\"url\":\"https:\\\/\\\/luzdentalcare.com\\\/ro\\\/product\\\/apa-de-gura-si-spuma-de-curatare-pentru-alignere-b2b\\\/\",\"name\":\"Ap\u0103 de gur\u0103 \u0219i spum\u0103 de cur\u0103\u021bare pentru alignere - Luz Dental Care\",\"isPartOf\":{\"@id\":\"https:\\\/\\\/luzdentalcare.com\\\/ro\\\/#website\"},\"primaryImageOfPage\":{\"@id\":\"https:\\\/\\\/luzdentalcare.com\\\/ro\\\/product\\\/apa-de-gura-si-spuma-de-curatare-pentru-alignere-b2b\\\/#primaryimage\"},\"image\":{\"@id\":\"https:\\\/\\\/luzdentalcare.com\\\/ro\\\/product\\\/apa-de-gura-si-spuma-de-curatare-pentru-alignere-b2b\\\/#primaryimage\"},\"thumbnailUrl\":\"https:\\\/\\\/luzdentalcare.com\\\/wp-content\\\/uploads\\\/2025\\\/05\\\/Mouth-Rinse-and-Aligner-Cleaning-Foam.webp\",\"datePublished\":\"2025-05-21T06:10:50+00:00\",\"dateModified\":\"2026-04-07T09:18:52+00:00\",\"description\":\"Alignerele ar trebui s\u0103 fie proaspete \u0219i curate \u2013 f\u0103r\u0103 gust nepl\u0103cut sau irita\u021bii. Apa de gur\u0103 \u0219i spuma L\u016aZ \u00eendep\u0103rteaz\u0103 placa bacterian\u0103, combat bacteriile \u0219i men\u021bin respira\u021bia proasp\u0103t\u0103.\",\"breadcrumb\":{\"@id\":\"https:\\\/\\\/luzdentalcare.com\\\/ro\\\/product\\\/apa-de-gura-si-spuma-de-curatare-pentru-alignere-b2b\\\/#breadcrumb\"},\"inLanguage\":\"ro-RO\",\"potentialAction\":[{\"@type\":\"ReadAction\",\"target\":[\"https:\\\/\\\/luzdentalcare.com\\\/ro\\\/product\\\/apa-de-gura-si-spuma-de-curatare-pentru-alignere-b2b\\\/\"]}]},{\"@type\":\"ImageObject\",\"inLanguage\":\"ro-RO\",\"@id\":\"https:\\\/\\\/luzdentalcare.com\\\/ro\\\/product\\\/apa-de-gura-si-spuma-de-curatare-pentru-alignere-b2b\\\/#primaryimage\",\"url\":\"https:\\\/\\\/luzdentalcare.com\\\/wp-content\\\/uploads\\\/2025\\\/05\\\/Mouth-Rinse-and-Aligner-Cleaning-Foam.webp\",\"contentUrl\":\"https:\\\/\\\/luzdentalcare.com\\\/wp-content\\\/uploads\\\/2025\\\/05\\\/Mouth-Rinse-and-Aligner-Cleaning-Foam.webp\",\"width\":960,\"height\":960,\"caption\":\"Mouth Rinse and Aligner Cleaning Foam\"},{\"@type\":\"BreadcrumbList\",\"@id\":\"https:\\\/\\\/luzdentalcare.com\\\/ro\\\/product\\\/apa-de-gura-si-spuma-de-curatare-pentru-alignere-b2b\\\/#breadcrumb\",\"itemListElement\":[{\"@type\":\"ListItem\",\"position\":1,\"name\":\"Home\",\"item\":\"https:\\\/\\\/luzdentalcare.com\\\/ro\\\/pagina-principala\\\/\"},{\"@type\":\"ListItem\",\"position\":2,\"name\":\"Produse\",\"item\":\"https:\\\/\\\/luzdentalcare.com\\\/ro\\\/produse\\\/\"},{\"@type\":\"ListItem\",\"position\":3,\"name\":\"Ap\u0103 de gur\u0103 \u0219i spum\u0103 de cur\u0103\u021bare pentru alignere\"}]},{\"@type\":\"WebSite\",\"@id\":\"https:\\\/\\\/luzdentalcare.com\\\/ro\\\/#website\",\"url\":\"https:\\\/\\\/luzdentalcare.com\\\/ro\\\/\",\"name\":\"LUZ Dental Care\",\"description\":\"Just another WordPress site\",\"publisher\":{\"@id\":\"https:\\\/\\\/luzdentalcare.com\\\/ro\\\/#organization\"},\"potentialAction\":[{\"@type\":\"SearchAction\",\"target\":{\"@type\":\"EntryPoint\",\"urlTemplate\":\"https:\\\/\\\/luzdentalcare.com\\\/ro\\\/?s={search_term_string}\"},\"query-input\":{\"@type\":\"PropertyValueSpecification\",\"valueRequired\":true,\"valueName\":\"search_term_string\"}}],\"inLanguage\":\"ro-RO\"},{\"@type\":\"Organization\",\"@id\":\"https:\\\/\\\/luzdentalcare.com\\\/ro\\\/#organization\",\"name\":\"LUZ Dental Care\",\"url\":\"https:\\\/\\\/luzdentalcare.com\\\/ro\\\/\",\"logo\":{\"@type\":\"ImageObject\",\"inLanguage\":\"ro-RO\",\"@id\":\"https:\\\/\\\/luzdentalcare.com\\\/ro\\\/#\\\/schema\\\/logo\\\/image\\\/\",\"url\":\"https:\\\/\\\/luzdentalcare.com\\\/wp-content\\\/uploads\\\/2025\\\/05\\\/Logos.webp\",\"contentUrl\":\"https:\\\/\\\/luzdentalcare.com\\\/wp-content\\\/uploads\\\/2025\\\/05\\\/Logos.webp\",\"width\":184,\"height\":108,\"caption\":\"LUZ Dental Care\"},\"image\":{\"@id\":\"https:\\\/\\\/luzdentalcare.com\\\/ro\\\/#\\\/schema\\\/logo\\\/image\\\/\"}}]}<\/script>\n<!-- \/ Yoast SEO plugin. -->","yoast_head_json":{"title":"Ap\u0103 de gur\u0103 \u0219i spum\u0103 de cur\u0103\u021bare pentru alignere - Luz Dental Care","description":"Alignerele ar trebui s\u0103 fie proaspete \u0219i curate \u2013 f\u0103r\u0103 gust nepl\u0103cut sau irita\u021bii. Apa de gur\u0103 \u0219i spuma L\u016aZ \u00eendep\u0103rteaz\u0103 placa bacterian\u0103, combat bacteriile \u0219i men\u021bin respira\u021bia proasp\u0103t\u0103.","robots":{"index":"index","follow":"follow","max-snippet":"max-snippet:-1","max-image-preview":"max-image-preview:large","max-video-preview":"max-video-preview:-1"},"canonical":"https:\/\/luzdentalcare.com\/ro\/product\/apa-de-gura-si-spuma-de-curatare-pentru-alignere-b2b\/","og_locale":"ro_RO","og_type":"article","og_title":"Ap\u0103 de gur\u0103 \u0219i spum\u0103 de cur\u0103\u021bare pentru alignere - Luz Dental Care","og_description":"Alignerele ar trebui s\u0103 fie proaspete \u0219i curate \u2013 f\u0103r\u0103 gust nepl\u0103cut sau irita\u021bii. Apa de gur\u0103 \u0219i spuma L\u016aZ \u00eendep\u0103rteaz\u0103 placa bacterian\u0103, combat bacteriile \u0219i men\u021bin respira\u021bia proasp\u0103t\u0103.","og_url":"https:\/\/luzdentalcare.com\/ro\/product\/apa-de-gura-si-spuma-de-curatare-pentru-alignere-b2b\/","og_site_name":"Luz Dental Care","article_modified_time":"2026-04-07T09:18:52+00:00","og_image":[{"width":960,"height":960,"url":"https:\/\/luzdentalcare.com\/wp-content\/uploads\/2025\/05\/Mouth-Rinse-and-Aligner-Cleaning-Foam.webp","type":"image\/webp"}],"twitter_card":"summary_large_image","twitter_misc":{"Timp estimat pentru citire":"1 minut"},"schema":{"@context":"https:\/\/schema.org","@graph":[{"@type":"WebPage","@id":"https:\/\/luzdentalcare.com\/ro\/product\/apa-de-gura-si-spuma-de-curatare-pentru-alignere-b2b\/","url":"https:\/\/luzdentalcare.com\/ro\/product\/apa-de-gura-si-spuma-de-curatare-pentru-alignere-b2b\/","name":"Ap\u0103 de gur\u0103 \u0219i spum\u0103 de cur\u0103\u021bare pentru alignere - Luz Dental Care","isPartOf":{"@id":"https:\/\/luzdentalcare.com\/ro\/#website"},"primaryImageOfPage":{"@id":"https:\/\/luzdentalcare.com\/ro\/product\/apa-de-gura-si-spuma-de-curatare-pentru-alignere-b2b\/#primaryimage"},"image":{"@id":"https:\/\/luzdentalcare.com\/ro\/product\/apa-de-gura-si-spuma-de-curatare-pentru-alignere-b2b\/#primaryimage"},"thumbnailUrl":"https:\/\/luzdentalcare.com\/wp-content\/uploads\/2025\/05\/Mouth-Rinse-and-Aligner-Cleaning-Foam.webp","datePublished":"2025-05-21T06:10:50+00:00","dateModified":"2026-04-07T09:18:52+00:00","description":"Alignerele ar trebui s\u0103 fie proaspete \u0219i curate \u2013 f\u0103r\u0103 gust nepl\u0103cut sau irita\u021bii. Apa de gur\u0103 \u0219i spuma L\u016aZ \u00eendep\u0103rteaz\u0103 placa bacterian\u0103, combat bacteriile \u0219i men\u021bin respira\u021bia proasp\u0103t\u0103.","breadcrumb":{"@id":"https:\/\/luzdentalcare.com\/ro\/product\/apa-de-gura-si-spuma-de-curatare-pentru-alignere-b2b\/#breadcrumb"},"inLanguage":"ro-RO","potentialAction":[{"@type":"ReadAction","target":["https:\/\/luzdentalcare.com\/ro\/product\/apa-de-gura-si-spuma-de-curatare-pentru-alignere-b2b\/"]}]},{"@type":"ImageObject","inLanguage":"ro-RO","@id":"https:\/\/luzdentalcare.com\/ro\/product\/apa-de-gura-si-spuma-de-curatare-pentru-alignere-b2b\/#primaryimage","url":"https:\/\/luzdentalcare.com\/wp-content\/uploads\/2025\/05\/Mouth-Rinse-and-Aligner-Cleaning-Foam.webp","contentUrl":"https:\/\/luzdentalcare.com\/wp-content\/uploads\/2025\/05\/Mouth-Rinse-and-Aligner-Cleaning-Foam.webp","width":960,"height":960,"caption":"Mouth Rinse and Aligner Cleaning Foam"},{"@type":"BreadcrumbList","@id":"https:\/\/luzdentalcare.com\/ro\/product\/apa-de-gura-si-spuma-de-curatare-pentru-alignere-b2b\/#breadcrumb","itemListElement":[{"@type":"ListItem","position":1,"name":"Home","item":"https:\/\/luzdentalcare.com\/ro\/pagina-principala\/"},{"@type":"ListItem","position":2,"name":"Produse","item":"https:\/\/luzdentalcare.com\/ro\/produse\/"},{"@type":"ListItem","position":3,"name":"Ap\u0103 de gur\u0103 \u0219i spum\u0103 de cur\u0103\u021bare pentru alignere"}]},{"@type":"WebSite","@id":"https:\/\/luzdentalcare.com\/ro\/#website","url":"https:\/\/luzdentalcare.com\/ro\/","name":"LUZ Dental Care","description":"Just another WordPress site","publisher":{"@id":"https:\/\/luzdentalcare.com\/ro\/#organization"},"potentialAction":[{"@type":"SearchAction","target":{"@type":"EntryPoint","urlTemplate":"https:\/\/luzdentalcare.com\/ro\/?s={search_term_string}"},"query-input":{"@type":"PropertyValueSpecification","valueRequired":true,"valueName":"search_term_string"}}],"inLanguage":"ro-RO"},{"@type":"Organization","@id":"https:\/\/luzdentalcare.com\/ro\/#organization","name":"LUZ Dental Care","url":"https:\/\/luzdentalcare.com\/ro\/","logo":{"@type":"ImageObject","inLanguage":"ro-RO","@id":"https:\/\/luzdentalcare.com\/ro\/#\/schema\/logo\/image\/","url":"https:\/\/luzdentalcare.com\/wp-content\/uploads\/2025\/05\/Logos.webp","contentUrl":"https:\/\/luzdentalcare.com\/wp-content\/uploads\/2025\/05\/Logos.webp","width":184,"height":108,"caption":"LUZ Dental Care"},"image":{"@id":"https:\/\/luzdentalcare.com\/ro\/#\/schema\/logo\/image\/"}}]}},"_links":{"self":[{"href":"https:\/\/luzdentalcare.com\/ro\/wp-json\/wp\/v2\/product\/1590","targetHints":{"allow":["GET"]}}],"collection":[{"href":"https:\/\/luzdentalcare.com\/ro\/wp-json\/wp\/v2\/product"}],"about":[{"href":"https:\/\/luzdentalcare.com\/ro\/wp-json\/wp\/v2\/types\/product"}],"replies":[{"embeddable":true,"href":"https:\/\/luzdentalcare.com\/ro\/wp-json\/wp\/v2\/comments?post=1590"}],"wp:featuredmedia":[{"embeddable":true,"href":"https:\/\/luzdentalcare.com\/ro\/wp-json\/wp\/v2\/media\/1591"}],"wp:attachment":[{"href":"https:\/\/luzdentalcare.com\/ro\/wp-json\/wp\/v2\/media?parent=1590"}],"wp:term":[{"taxonomy":"product_brand","embeddable":true,"href":"https:\/\/luzdentalcare.com\/ro\/wp-json\/wp\/v2\/product_brand?post=1590"},{"taxonomy":"product_cat","embeddable":true,"href":"https:\/\/luzdentalcare.com\/ro\/wp-json\/wp\/v2\/product_cat?post=1590"},{"taxonomy":"product_tag","embeddable":true,"href":"https:\/\/luzdentalcare.com\/ro\/wp-json\/wp\/v2\/product_tag?post=1590"}],"curies":[{"name":"wp","href":"https:\/\/api.w.org\/{rel}","templated":true}]}}