{"id":1592,"date":"2025-05-22T03:06:28","date_gmt":"2025-05-22T03:06:28","guid":{"rendered":"https:\/\/luzdentalcare.com\/product\/pasta-de-dinti-ortodontica\/"},"modified":"2026-04-07T09:27:42","modified_gmt":"2026-04-07T09:27:42","slug":"pasta-de-dinti-ortodontica-b2b","status":"publish","type":"product","link":"https:\/\/luzdentalcare.com\/ro\/product\/pasta-de-dinti-ortodontica-b2b\/","title":{"rendered":"Past\u0103 de din\u021bi ortodontic\u0103"},"content":{"rendered":"<p>Povestea noastr\u0103<\/p>\n<p>Aparatele dentare, alignerele \u0219i ata\u0219amentele cresc riscul de carii, plac\u0103 bacterian\u0103 \u0219i irita\u021bii. Pasta de din\u021bi L\u016aZ este conceput\u0103 pentru pacien\u021bii ortodontici, cu 1448 ppm fluor, hidroxiapatit\u0103 \u0219i xilitol pentru a \u00eent\u0103ri smal\u021bul, a combate cariile \u0219i a l\u0103sa gura proasp\u0103t\u0103 \u0219i curat\u0103.<\/p>\n","protected":false},"excerpt":{"rendered":"<p>Povestea noastr\u0103 Aparatele dentare, alignerele \u0219i ata\u0219amentele cresc riscul de carii, plac\u0103 bacterian\u0103 \u0219i irita\u021bii. Pasta de din\u021bi L\u016aZ este conceput\u0103 pentru pacien\u021bii ortodontici, cu 1448 ppm fluor, hidroxiapatit\u0103 \u0219i xilitol pentru a \u00eent\u0103ri smal\u021bul, a combate cariile \u0219i a l\u0103sa gura proasp\u0103t\u0103 \u0219i curat\u0103.<\/p>\n","protected":false},"featured_media":1593,"comment_status":"closed","ping_status":"closed","template":"","meta":{"_acf_changed":false},"product_brand":[],"product_cat":[125],"product_tag":[],"class_list":{"0":"post-1592","1":"product","2":"type-product","3":"status-publish","4":"has-post-thumbnail","6":"product_cat-b2b","8":"first","9":"instock","10":"shipping-taxable","11":"purchasable","12":"product-type-simple"},"acf":[],"yoast_head":"<!-- This site is optimized with the Yoast SEO plugin v27.3 - https:\/\/yoast.com\/product\/yoast-seo-wordpress\/ -->\n<title>Past\u0103 de din\u021bi ortodontic\u0103 - Luz Dental Care<\/title>\n<meta name=\"description\" content=\"Pasta de din\u021bi L\u016aZ protejeaz\u0103 persoanele care poart\u0103 aparat dentar cu 1448 ppm fluor, hidroxiapatit\u0103 \u0219i xilitol \u2013 pentru a combate cariile, a \u00eent\u0103ri smal\u021bul \u0219i a men\u021bine prospe\u021bimea.\" \/>\n<meta name=\"robots\" content=\"index, follow, max-snippet:-1, max-image-preview:large, max-video-preview:-1\" \/>\n<link rel=\"canonical\" href=\"https:\/\/luzdentalcare.com\/ro\/product\/pasta-de-dinti-ortodontica-b2b\/\" \/>\n<meta property=\"og:locale\" content=\"ro_RO\" \/>\n<meta property=\"og:type\" content=\"article\" \/>\n<meta property=\"og:title\" content=\"Past\u0103 de din\u021bi ortodontic\u0103 - Luz Dental Care\" \/>\n<meta property=\"og:description\" content=\"Pasta de din\u021bi L\u016aZ protejeaz\u0103 persoanele care poart\u0103 aparat dentar cu 1448 ppm fluor, hidroxiapatit\u0103 \u0219i xilitol \u2013 pentru a combate cariile, a \u00eent\u0103ri smal\u021bul \u0219i a men\u021bine prospe\u021bimea.\" \/>\n<meta property=\"og:url\" content=\"https:\/\/luzdentalcare.com\/ro\/product\/pasta-de-dinti-ortodontica-b2b\/\" \/>\n<meta property=\"og:site_name\" content=\"Luz Dental Care\" \/>\n<meta property=\"article:modified_time\" content=\"2026-04-07T09:27:42+00:00\" \/>\n<meta property=\"og:image\" content=\"https:\/\/luzdentalcare.com\/wp-content\/uploads\/2025\/05\/Orthodontic-Toothpaste.webp\" \/>\n\t<meta property=\"og:image:width\" content=\"960\" \/>\n\t<meta property=\"og:image:height\" content=\"960\" \/>\n\t<meta property=\"og:image:type\" content=\"image\/webp\" \/>\n<meta name=\"twitter:card\" content=\"summary_large_image\" \/>\n<meta name=\"twitter:label1\" content=\"Timp estimat pentru citire\" \/>\n\t<meta name=\"twitter:data1\" content=\"1 minut\" \/>\n<script type=\"application\/ld+json\" class=\"yoast-schema-graph\">{\"@context\":\"https:\\\/\\\/schema.org\",\"@graph\":[{\"@type\":\"WebPage\",\"@id\":\"https:\\\/\\\/luzdentalcare.com\\\/ro\\\/product\\\/pasta-de-dinti-ortodontica-b2b\\\/\",\"url\":\"https:\\\/\\\/luzdentalcare.com\\\/ro\\\/product\\\/pasta-de-dinti-ortodontica-b2b\\\/\",\"name\":\"Past\u0103 de din\u021bi ortodontic\u0103 - Luz Dental Care\",\"isPartOf\":{\"@id\":\"https:\\\/\\\/luzdentalcare.com\\\/ro\\\/#website\"},\"primaryImageOfPage\":{\"@id\":\"https:\\\/\\\/luzdentalcare.com\\\/ro\\\/product\\\/pasta-de-dinti-ortodontica-b2b\\\/#primaryimage\"},\"image\":{\"@id\":\"https:\\\/\\\/luzdentalcare.com\\\/ro\\\/product\\\/pasta-de-dinti-ortodontica-b2b\\\/#primaryimage\"},\"thumbnailUrl\":\"https:\\\/\\\/luzdentalcare.com\\\/wp-content\\\/uploads\\\/2025\\\/05\\\/Orthodontic-Toothpaste.webp\",\"datePublished\":\"2025-05-22T03:06:28+00:00\",\"dateModified\":\"2026-04-07T09:27:42+00:00\",\"description\":\"Pasta de din\u021bi L\u016aZ protejeaz\u0103 persoanele care poart\u0103 aparat dentar cu 1448 ppm fluor, hidroxiapatit\u0103 \u0219i xilitol \u2013 pentru a combate cariile, a \u00eent\u0103ri smal\u021bul \u0219i a men\u021bine prospe\u021bimea.\",\"breadcrumb\":{\"@id\":\"https:\\\/\\\/luzdentalcare.com\\\/ro\\\/product\\\/pasta-de-dinti-ortodontica-b2b\\\/#breadcrumb\"},\"inLanguage\":\"ro-RO\",\"potentialAction\":[{\"@type\":\"ReadAction\",\"target\":[\"https:\\\/\\\/luzdentalcare.com\\\/ro\\\/product\\\/pasta-de-dinti-ortodontica-b2b\\\/\"]}]},{\"@type\":\"ImageObject\",\"inLanguage\":\"ro-RO\",\"@id\":\"https:\\\/\\\/luzdentalcare.com\\\/ro\\\/product\\\/pasta-de-dinti-ortodontica-b2b\\\/#primaryimage\",\"url\":\"https:\\\/\\\/luzdentalcare.com\\\/wp-content\\\/uploads\\\/2025\\\/05\\\/Orthodontic-Toothpaste.webp\",\"contentUrl\":\"https:\\\/\\\/luzdentalcare.com\\\/wp-content\\\/uploads\\\/2025\\\/05\\\/Orthodontic-Toothpaste.webp\",\"width\":960,\"height\":960,\"caption\":\"Orthodontic Toothpaste\"},{\"@type\":\"BreadcrumbList\",\"@id\":\"https:\\\/\\\/luzdentalcare.com\\\/ro\\\/product\\\/pasta-de-dinti-ortodontica-b2b\\\/#breadcrumb\",\"itemListElement\":[{\"@type\":\"ListItem\",\"position\":1,\"name\":\"Home\",\"item\":\"https:\\\/\\\/luzdentalcare.com\\\/ro\\\/pagina-principala\\\/\"},{\"@type\":\"ListItem\",\"position\":2,\"name\":\"Produse\",\"item\":\"https:\\\/\\\/luzdentalcare.com\\\/ro\\\/produse\\\/\"},{\"@type\":\"ListItem\",\"position\":3,\"name\":\"Past\u0103 de din\u021bi ortodontic\u0103\"}]},{\"@type\":\"WebSite\",\"@id\":\"https:\\\/\\\/luzdentalcare.com\\\/ro\\\/#website\",\"url\":\"https:\\\/\\\/luzdentalcare.com\\\/ro\\\/\",\"name\":\"LUZ Dental Care\",\"description\":\"Just another WordPress site\",\"publisher\":{\"@id\":\"https:\\\/\\\/luzdentalcare.com\\\/ro\\\/#organization\"},\"potentialAction\":[{\"@type\":\"SearchAction\",\"target\":{\"@type\":\"EntryPoint\",\"urlTemplate\":\"https:\\\/\\\/luzdentalcare.com\\\/ro\\\/?s={search_term_string}\"},\"query-input\":{\"@type\":\"PropertyValueSpecification\",\"valueRequired\":true,\"valueName\":\"search_term_string\"}}],\"inLanguage\":\"ro-RO\"},{\"@type\":\"Organization\",\"@id\":\"https:\\\/\\\/luzdentalcare.com\\\/ro\\\/#organization\",\"name\":\"LUZ Dental Care\",\"url\":\"https:\\\/\\\/luzdentalcare.com\\\/ro\\\/\",\"logo\":{\"@type\":\"ImageObject\",\"inLanguage\":\"ro-RO\",\"@id\":\"https:\\\/\\\/luzdentalcare.com\\\/ro\\\/#\\\/schema\\\/logo\\\/image\\\/\",\"url\":\"https:\\\/\\\/luzdentalcare.com\\\/wp-content\\\/uploads\\\/2025\\\/05\\\/Logos.webp\",\"contentUrl\":\"https:\\\/\\\/luzdentalcare.com\\\/wp-content\\\/uploads\\\/2025\\\/05\\\/Logos.webp\",\"width\":184,\"height\":108,\"caption\":\"LUZ Dental Care\"},\"image\":{\"@id\":\"https:\\\/\\\/luzdentalcare.com\\\/ro\\\/#\\\/schema\\\/logo\\\/image\\\/\"}}]}<\/script>\n<!-- \/ Yoast SEO plugin. -->","yoast_head_json":{"title":"Past\u0103 de din\u021bi ortodontic\u0103 - Luz Dental Care","description":"Pasta de din\u021bi L\u016aZ protejeaz\u0103 persoanele care poart\u0103 aparat dentar cu 1448 ppm fluor, hidroxiapatit\u0103 \u0219i xilitol \u2013 pentru a combate cariile, a \u00eent\u0103ri smal\u021bul \u0219i a men\u021bine prospe\u021bimea.","robots":{"index":"index","follow":"follow","max-snippet":"max-snippet:-1","max-image-preview":"max-image-preview:large","max-video-preview":"max-video-preview:-1"},"canonical":"https:\/\/luzdentalcare.com\/ro\/product\/pasta-de-dinti-ortodontica-b2b\/","og_locale":"ro_RO","og_type":"article","og_title":"Past\u0103 de din\u021bi ortodontic\u0103 - Luz Dental Care","og_description":"Pasta de din\u021bi L\u016aZ protejeaz\u0103 persoanele care poart\u0103 aparat dentar cu 1448 ppm fluor, hidroxiapatit\u0103 \u0219i xilitol \u2013 pentru a combate cariile, a \u00eent\u0103ri smal\u021bul \u0219i a men\u021bine prospe\u021bimea.","og_url":"https:\/\/luzdentalcare.com\/ro\/product\/pasta-de-dinti-ortodontica-b2b\/","og_site_name":"Luz Dental Care","article_modified_time":"2026-04-07T09:27:42+00:00","og_image":[{"width":960,"height":960,"url":"https:\/\/luzdentalcare.com\/wp-content\/uploads\/2025\/05\/Orthodontic-Toothpaste.webp","type":"image\/webp"}],"twitter_card":"summary_large_image","twitter_misc":{"Timp estimat pentru citire":"1 minut"},"schema":{"@context":"https:\/\/schema.org","@graph":[{"@type":"WebPage","@id":"https:\/\/luzdentalcare.com\/ro\/product\/pasta-de-dinti-ortodontica-b2b\/","url":"https:\/\/luzdentalcare.com\/ro\/product\/pasta-de-dinti-ortodontica-b2b\/","name":"Past\u0103 de din\u021bi ortodontic\u0103 - Luz Dental Care","isPartOf":{"@id":"https:\/\/luzdentalcare.com\/ro\/#website"},"primaryImageOfPage":{"@id":"https:\/\/luzdentalcare.com\/ro\/product\/pasta-de-dinti-ortodontica-b2b\/#primaryimage"},"image":{"@id":"https:\/\/luzdentalcare.com\/ro\/product\/pasta-de-dinti-ortodontica-b2b\/#primaryimage"},"thumbnailUrl":"https:\/\/luzdentalcare.com\/wp-content\/uploads\/2025\/05\/Orthodontic-Toothpaste.webp","datePublished":"2025-05-22T03:06:28+00:00","dateModified":"2026-04-07T09:27:42+00:00","description":"Pasta de din\u021bi L\u016aZ protejeaz\u0103 persoanele care poart\u0103 aparat dentar cu 1448 ppm fluor, hidroxiapatit\u0103 \u0219i xilitol \u2013 pentru a combate cariile, a \u00eent\u0103ri smal\u021bul \u0219i a men\u021bine prospe\u021bimea.","breadcrumb":{"@id":"https:\/\/luzdentalcare.com\/ro\/product\/pasta-de-dinti-ortodontica-b2b\/#breadcrumb"},"inLanguage":"ro-RO","potentialAction":[{"@type":"ReadAction","target":["https:\/\/luzdentalcare.com\/ro\/product\/pasta-de-dinti-ortodontica-b2b\/"]}]},{"@type":"ImageObject","inLanguage":"ro-RO","@id":"https:\/\/luzdentalcare.com\/ro\/product\/pasta-de-dinti-ortodontica-b2b\/#primaryimage","url":"https:\/\/luzdentalcare.com\/wp-content\/uploads\/2025\/05\/Orthodontic-Toothpaste.webp","contentUrl":"https:\/\/luzdentalcare.com\/wp-content\/uploads\/2025\/05\/Orthodontic-Toothpaste.webp","width":960,"height":960,"caption":"Orthodontic Toothpaste"},{"@type":"BreadcrumbList","@id":"https:\/\/luzdentalcare.com\/ro\/product\/pasta-de-dinti-ortodontica-b2b\/#breadcrumb","itemListElement":[{"@type":"ListItem","position":1,"name":"Home","item":"https:\/\/luzdentalcare.com\/ro\/pagina-principala\/"},{"@type":"ListItem","position":2,"name":"Produse","item":"https:\/\/luzdentalcare.com\/ro\/produse\/"},{"@type":"ListItem","position":3,"name":"Past\u0103 de din\u021bi ortodontic\u0103"}]},{"@type":"WebSite","@id":"https:\/\/luzdentalcare.com\/ro\/#website","url":"https:\/\/luzdentalcare.com\/ro\/","name":"LUZ Dental Care","description":"Just another WordPress site","publisher":{"@id":"https:\/\/luzdentalcare.com\/ro\/#organization"},"potentialAction":[{"@type":"SearchAction","target":{"@type":"EntryPoint","urlTemplate":"https:\/\/luzdentalcare.com\/ro\/?s={search_term_string}"},"query-input":{"@type":"PropertyValueSpecification","valueRequired":true,"valueName":"search_term_string"}}],"inLanguage":"ro-RO"},{"@type":"Organization","@id":"https:\/\/luzdentalcare.com\/ro\/#organization","name":"LUZ Dental Care","url":"https:\/\/luzdentalcare.com\/ro\/","logo":{"@type":"ImageObject","inLanguage":"ro-RO","@id":"https:\/\/luzdentalcare.com\/ro\/#\/schema\/logo\/image\/","url":"https:\/\/luzdentalcare.com\/wp-content\/uploads\/2025\/05\/Logos.webp","contentUrl":"https:\/\/luzdentalcare.com\/wp-content\/uploads\/2025\/05\/Logos.webp","width":184,"height":108,"caption":"LUZ Dental Care"},"image":{"@id":"https:\/\/luzdentalcare.com\/ro\/#\/schema\/logo\/image\/"}}]}},"_links":{"self":[{"href":"https:\/\/luzdentalcare.com\/ro\/wp-json\/wp\/v2\/product\/1592","targetHints":{"allow":["GET"]}}],"collection":[{"href":"https:\/\/luzdentalcare.com\/ro\/wp-json\/wp\/v2\/product"}],"about":[{"href":"https:\/\/luzdentalcare.com\/ro\/wp-json\/wp\/v2\/types\/product"}],"replies":[{"embeddable":true,"href":"https:\/\/luzdentalcare.com\/ro\/wp-json\/wp\/v2\/comments?post=1592"}],"wp:featuredmedia":[{"embeddable":true,"href":"https:\/\/luzdentalcare.com\/ro\/wp-json\/wp\/v2\/media\/1593"}],"wp:attachment":[{"href":"https:\/\/luzdentalcare.com\/ro\/wp-json\/wp\/v2\/media?parent=1592"}],"wp:term":[{"taxonomy":"product_brand","embeddable":true,"href":"https:\/\/luzdentalcare.com\/ro\/wp-json\/wp\/v2\/product_brand?post=1592"},{"taxonomy":"product_cat","embeddable":true,"href":"https:\/\/luzdentalcare.com\/ro\/wp-json\/wp\/v2\/product_cat?post=1592"},{"taxonomy":"product_tag","embeddable":true,"href":"https:\/\/luzdentalcare.com\/ro\/wp-json\/wp\/v2\/product_tag?post=1592"}],"curies":[{"name":"wp","href":"https:\/\/api.w.org\/{rel}","templated":true}]}}